{"id":96274,"date":"2025-01-08T11:36:32","date_gmt":"2025-01-08T10:36:32","guid":{"rendered":"https:\/\/nmbiking.de\/wp\/?page_id=96274"},"modified":"2025-02-08T07:49:41","modified_gmt":"2025-02-08T06:49:41","slug":"radreisebuecher","status":"publish","type":"page","link":"https:\/\/nmbiking.de\/wp\/?page_id=96274","title":{"rendered":"Radreiseb\u00fccher"},"content":{"rendered":"<p>Es kann eine wunderbare Erfahrung sein: mit dem Buch in der Hand im Sessel sitzend unterwegs zu sein. Nicht alle Wunschziele sind in diesem Leben noch realisierbar, aber viele Ziele sind auf anderem Weg &#8222;erfahrbar&#8220; &#8211; per Lekt\u00fcre&#8230;<!--more--><\/p>\n<p>So werde ich auf Seite dieser Seite B\u00fccher sammeln und vorstellen, die mich begeistert, ber\u00fchrt und geholfen haben. <\/p>\n<p>Gleich das erste hat auch Elisabeth so gut gefallen, dass wir \u00fcberlegt haben, diese Tour selbst im Sommer abzufahren:<br \/>\n<a href=\"https:\/\/www.amazon.de\/Am-stillen-Fluss-Begegnungen-entlang\/dp\/3949983317\/ref=sr_1_1?crid=XL3FS9MTZNQU&#038;dib=eyJ2IjoiMSJ9.uwVPUluDOanzsPAjNKU0dvythX8drnvBNGEXAMdWGcg65p93lhUWYtHcK9prO5mmyaSyki5Zi9SdCfaGpo2DvewdUfySluIGvcShGARV7eKemqXdizX52ZOIjnR-vnc01IiSCO-_4gXnJEFSfb3PgwXAzjzPSDouPnHiKCMHBnMhrFe8rmsM1D43FzATuuHG4uQ9CsN-1T0g8jn_RcFyw_W98J4NUgN4TbfAyt2l1I0.ULwTN4kXL5CO2WequGMrDmtTykbb5P25AFvRNirGMiM&#038;dib_tag=se&#038;keywords=am+stillen+fluss&#038;nsdOptOutParam=true&#038;qid=1736083580&#038;sprefix=am+stillen+fluss%2Caps%2C115&#038;sr=8-1\">Boch, Malessa, Am stillen Fluss<\/a><br \/>\nBewertung:<br \/>\nEin wegen des unhandlichen Formats schwer zu handhabendes Buch, wobei der Inhalt dies wett macht: gute, einfache Fotos in Schwarzwei\u00df, poetische Beschreibung von Landschaften und Begegnungen, wenig sachlich Infos (8\/10 Punkten)<\/p>\n<hr \/>\n<p><a href=\"https:\/\/www.amazon.de\/Tour-Nippon-Josie-Dew\/dp\/3442711746\/ref=sr_1_1?__mk_de_DE=%C3%85M%C3%85%C5%BD%C3%95%C3%91&#038;crid=2DATVZ9ZJRS6A&#038;dib=eyJ2IjoiMSJ9.DrzcQngPMdTvzDizq8MchTNRXrBmuBVa9zE-eJ-dboxHBpEaeVbpxy-oDuzz5rcuL1wOkhAP7qW1-WX8GueBXMmeJ1tX_P6sOiCyiar0bXuhNItT86o3OUD-DgytEWGvyxXroEViy7Hnf9vfhLfxhM6mDtgghwn9PCC4ip9gSELU8oLq0iF2voK7yqnHoKdqeyhlOWcdRjpWTob83TQukh8k80UK_cq4D6bXlQ-CQgk.-PVTtwU3r23rYy1Ci-KZEO36_ppZHQL370PjF_f7eM4&#038;dib_tag=se&#038;keywords=tour+de+nippon&#038;nsdOptOutParam=true&#038;qid=1736083516&#038;sprefix=tour+de+nippon%2Caps%2C128&#038;sr=8-1\">Josie Dew, Tour de Nippon<\/a><br \/>\nBewertung:<br \/>\nNicht immer gut zu lesen, weil viele , zusammen gesuchte historische Details zu Japan, interessante Beschreibung von Begegnungen, keine Tour bzw. auch kein Land, was ich nach dieser Lekt\u00fcre noch zu besuchen w\u00fcnschte.. (6\/10 Punkten)<\/p>\n<hr \/>\n<p><a href=\"https:\/\/www.amazon.de\/dp\/3958894828?psc=1&#038;smid=A3STWK74PAVF1F&#038;ref_=chk_typ_imgToDp\">Weber, Coffee to go in Togo<\/a><br \/>\nBewertung:<br \/>\n&#8230; ein Buch , das ich gerne gelesen habe, sowohl Stil als auch die Infos waren ansprechend. Was mich besonders interessiert hat, waren die Erfahrungen des Autors in Afrika. Denn Afrika und besonders das Altasgebirge mit angrenzender W\u00fcste steht eigentlich in diesem Leben noch auf meiner Wunschliste. Und das was er beschrieben hat, war recht ansprechend, sowohl was die Gegend betrifft als auch die sozialen Kontakte (9\/10)<\/p>\n<hr \/>\n<p><a href=\"https:\/\/www.amazon.de\/Unter-Strom-Donau-Abenteuer-Discounter-Bike\/dp\/3846409944?pd_rd_w=tUg1C&#038;content-id=amzn1.sym.d9e55447-0883-4e0e-a59e-778644a6cd53&#038;pf_rd_p=d9e55447-0883-4e0e-a59e-778644a6cd53&#038;pf_rd_r=WXNVA14TCQHN9734WEPK&#038;pd_rd_wg=jopYF&#038;pd_rd_r=25243984-fc0e-484c-86d8-d73b93b45226&#038;pd_rd_i=3846409944&#038;psc=1&#038;ref_=pd_bap_d_grid_rp_0_1_ec_ppx_yo2ov_dt_b_bia_item_t\">Fl\u00fcgel-Anhalt, Unter Strom<\/a><br \/>\nBewertung:<br \/>\nInteressant und unterhaltsam zu lesen. Manchmal nervt die Unbedarftheit und Naivit\u00e4t der Autorin, die auf eine sehr lange Reise allein aufbricht, ohne die einfachsten Reparaturen am Rad, z.B. defekten Schlauch wechseln, ausf\u00fchren zu k\u00f6nnen. Gro\u00dfes Selbstvertrauen in ihre Flexibilit\u00e4t und das Schicksal l\u00e4sst sie sich oft Hilfe angedeihen&#8230; Aber ihre Erfahrungen und die Infos zur Route machen das Buch lesenswert (8\/10 Pkte)<\/p>\n<hr \/>\n<p><a href=\"https:\/\/www.amazon.de\/Flussradwege-Deutschland-Bike-geeignet-kostenlosem-GPS-Download\/dp\/3969901227\/ref=sr_1_19?crid=2T11K22YC8VCX&#038;dib=eyJ2IjoiMSJ9.usztVwkLaV73BTcT55J2tl2pnhoaZM5theyOu1xE7HzWG0Q2s6zHnlxiYWsdMoyS9MF71ygdlg9ZQcDdA8gdm5dm1_IRMxEdHb4jTiKE3MSdNptnzRz3fly6fykk3JjyYyR_ISo1ipdAycGgWvjyq0BCUubsr9Ik-rH6I2mJ-OMFsNIzTzHAZjXGq6DtOCth-xFq1TA8kruP6nDBkghlkDvbDboYyFfCiGIb3NrC0R0.3XlCFkc4cOfih__UwkGvOlszBTQ7TTAor8psTIPm4vw&#038;dib_tag=se&#038;keywords=radtouren+europa&#038;nsdOptOutParam=true&#038;qid=1736419311&#038;sprefix=radtouren%2Caps%2C131&#038;sr=8-19\">Flussradwege<\/a>&#8230; geplant<\/p>\n<p><a href=\"https:\/\/www.amazon.de\/dp\/3943528138?ref=ppx_yo2ov_dt_b_fed_asin_title\"\u00a7>Allein zwischen Fjorden<\/a> Mit Fahrrad und Zelt unterwegs in Norwegen<br \/>\nGelesen, um eigene Erfahrungen mit anderen zu vergleichen<br \/>\nBewertung:<br \/>\nWenig erbaulich, zu sehr Selbstbeweihr\u00e4ucherung (5\/10)<\/p>\n","protected":false},"excerpt":{"rendered":"<p>Es kann eine wunderbare Erfahrung sein: mit dem Buch in der Hand im Sessel sitzend unterwegs zu sein. Nicht alle Wunschziele sind in diesem Leben noch realisierbar, aber viele Ziele sind auf anderem Weg &#8222;erfahrbar&#8220; &#8211; per Lekt\u00fcre&#8230;<\/p>\n","protected":false},"author":65,"featured_media":0,"parent":0,"menu_order":0,"comment_status":"closed","ping_status":"closed","template":"","meta":{"footnotes":""},"class_list":["post-96274","page","type-page","status-publish","hentry"],"_links":{"self":[{"href":"https:\/\/nmbiking.de\/wp\/index.php?rest_route=\/wp\/v2\/pages\/96274","targetHints":{"allow":["GET"]}}],"collection":[{"href":"https:\/\/nmbiking.de\/wp\/index.php?rest_route=\/wp\/v2\/pages"}],"about":[{"href":"https:\/\/nmbiking.de\/wp\/index.php?rest_route=\/wp\/v2\/types\/page"}],"author":[{"embeddable":true,"href":"https:\/\/nmbiking.de\/wp\/index.php?rest_route=\/wp\/v2\/users\/65"}],"replies":[{"embeddable":true,"href":"https:\/\/nmbiking.de\/wp\/index.php?rest_route=%2Fwp%2Fv2%2Fcomments&post=96274"}],"version-history":[{"count":11,"href":"https:\/\/nmbiking.de\/wp\/index.php?rest_route=\/wp\/v2\/pages\/96274\/revisions"}],"predecessor-version":[{"id":96816,"href":"https:\/\/nmbiking.de\/wp\/index.php?rest_route=\/wp\/v2\/pages\/96274\/revisions\/96816"}],"wp:attachment":[{"href":"https:\/\/nmbiking.de\/wp\/index.php?rest_route=%2Fwp%2Fv2%2Fmedia&parent=96274"}],"curies":[{"name":"wp","href":"https:\/\/api.w.org\/{rel}","templated":true}]}}