{"id":94447,"date":"2024-10-12T11:28:42","date_gmt":"2024-10-12T10:28:42","guid":{"rendered":"https:\/\/nmbiking.de\/wp\/?page_id=94447"},"modified":"2024-10-12T11:35:20","modified_gmt":"2024-10-12T10:35:20","slug":"bretagne-2024","status":"publish","type":"page","link":"https:\/\/nmbiking.de\/wp\/?page_id=94447","title":{"rendered":"Bretagne 2024"},"content":{"rendered":"<p>Immer wieder zieht uns der Atlantik an. \u00c4hnlich wie vor Jahren, reisen wir zuerst in die Normandie (ca 600 km Entfernung) und dann weiter in die Bretagne.<\/p>\n<p><a href=\"https:\/\/nmbiking.de\/wp\/?p=93656\">St\u00fcrmische Begr\u00fc\u00dfung<\/a><br \/>\n<a href=\"https:\/\/nmbiking.de\/wp\/?p=93667\">Les jardins d Etretat<\/a><br \/>\n<a href=\"https:\/\/nmbiking.de\/wp\/?p=93675\">Le Mont Saint Michel<\/a><br \/>\n<a href=\"https:\/\/nmbiking.de\/wp\/?p=93694\">Sentier cote<\/a><br \/>\n<a href=\"https:\/\/nmbiking.de\/wp\/?p=93734\">Guisseny<\/a><br \/>\n<a href=\"https:\/\/nmbiking.de\/wp\/?p=93750\">Meneham<\/a><br \/>\n<a href=\"https:\/\/nmbiking.de\/wp\/?p=93750\">Pen Enez<\/a><br \/>\n<a href=\"https:\/\/nmbiking.de\/wp\/?p=93860\">Brignogan<\/a><br \/>\n<a href=\"https:\/\/nmbiking.de\/wp\/?p=93910\">Morlaix und Lesneven<\/a><br \/>\n<a href=\"https:\/\/nmbiking.de\/wp\/?p=94002\">Aber Wrach<\/a><\/p>\n","protected":false},"excerpt":{"rendered":"<p>Immer wieder zieht uns der Atlantik an. \u00c4hnlich wie vor Jahren, reisen wir zuerst in die Normandie (ca 600 km Entfernung) und dann weiter in die Bretagne. St\u00fcrmische Begr\u00fc\u00dfung Les jardins d Etretat Le Mont Saint Michel Sentier cote Guisseny Meneham Pen Enez Brignogan Morlaix und Lesneven Aber Wrach<\/p>\n","protected":false},"author":65,"featured_media":0,"parent":0,"menu_order":0,"comment_status":"closed","ping_status":"closed","template":"","meta":{"footnotes":""},"class_list":["post-94447","page","type-page","status-publish","hentry"],"_links":{"self":[{"href":"https:\/\/nmbiking.de\/wp\/index.php?rest_route=\/wp\/v2\/pages\/94447","targetHints":{"allow":["GET"]}}],"collection":[{"href":"https:\/\/nmbiking.de\/wp\/index.php?rest_route=\/wp\/v2\/pages"}],"about":[{"href":"https:\/\/nmbiking.de\/wp\/index.php?rest_route=\/wp\/v2\/types\/page"}],"author":[{"embeddable":true,"href":"https:\/\/nmbiking.de\/wp\/index.php?rest_route=\/wp\/v2\/users\/65"}],"replies":[{"embeddable":true,"href":"https:\/\/nmbiking.de\/wp\/index.php?rest_route=%2Fwp%2Fv2%2Fcomments&post=94447"}],"version-history":[{"count":11,"href":"https:\/\/nmbiking.de\/wp\/index.php?rest_route=\/wp\/v2\/pages\/94447\/revisions"}],"predecessor-version":[{"id":94458,"href":"https:\/\/nmbiking.de\/wp\/index.php?rest_route=\/wp\/v2\/pages\/94447\/revisions\/94458"}],"wp:attachment":[{"href":"https:\/\/nmbiking.de\/wp\/index.php?rest_route=%2Fwp%2Fv2%2Fmedia&parent=94447"}],"curies":[{"name":"wp","href":"https:\/\/api.w.org\/{rel}","templated":true}]}}