{"id":89,"date":"2007-01-03T13:04:12","date_gmt":"2007-01-03T13:04:12","guid":{"rendered":"https:\/\/nmbiking.de\/wp\/?page_id=89"},"modified":"2009-01-23T08:18:26","modified_gmt":"2009-01-23T09:18:26","slug":"schonertskopf","status":"publish","type":"page","link":"https:\/\/nmbiking.de\/wp\/?page_id=89","title":{"rendered":"Sch\u00f6nertskopf"},"content":{"rendered":"<p><iframe loading=\"lazy\" src=\"http:\/\/www.gpsies.com\/mapOnly.do?fileId=jgbppprabaqtjndy\" width=\"600\" height=\"400\" frameborder=\"0\" scrolling=\"no\" marginheight=\"0\" marginwidth=\"0\" title=\"GPSies - Sch\u00f6nertskopf\"><\/iframe><\/p>\n<p>&nbsp;<\/p>\n<table>\n<tr>\n<td valign=top>\n<font color=\"green\" face=\"verdana\" size=\"2\">Strecke: Lebach\/Schmelz, Michelbach, Rimlingen, Bachem, Hausbach, Waldsaumweg, Britten, Stausee Losheim &#8230;<br \/>\nL\u00e4nge: ca. 43 km \/ 950 hm<\/font><\/p>\n<p>&nbsp;<\/p>\n<p>&nbsp;<\/p>\n<p><font face=\"verdana\" size=\"2\">Von Schmelz aus m\u00fcssen wir zuerst zur Oppener Kuppe rauf. Also wie (so oft schon?) durch die Ambetstra\u00dfe nach Michelbach rein. Durch den Ort bis zum Telefonh\u00e4uschen (Dorfbrunnen), dort links rein (Zum L\u00fcckner) und wieder links die Stra\u00dfe hoch an der Grundschule vorbei, bis wir aus dem Ort rauskommen. An der neuen Schutzh\u00fctte geht der Blick r\u00fcber zur Oppener Kuppe. <!--more--> Links runter gehts zum Geisweiler Hof, wir nehmen den Weg geradeaus, direkt auf die Kuppe zu und jagen mit den Pferden auf der Weide um die Wette bis zur Bauschuttdeponie Michelbach. Wir umfahren sie, bis der Weg rechts abbiegt. Dann geht\u00b4s geradeaus am Wald vorbei, bis uns die Barriere zur Stra\u00dfe nach Oppen bremst. Vorsicht: Raserstrecke und schlechte Sicht! Wir verlassen uns auf unser Geh\u00f6r! Genau gegen\u00fcber folgen wir dem pechschwarzen Weg und biegen an der n\u00e4chsten Kreuzung\/Barriere am Golfplatz links ab. Wir folgen diesem Weg ohne abzubiegen bis zur Hauptstra\u00dfe nach Wahlen. Auf der anderen Seite nehmen wir den rechten breiten Weg, der uns in vielen Kehren, mit guten Ger\u00fcchen und einigen Joggern bis zum Fu\u00df der Oppener Kuppe bringt. Den ansteigenden Weg in unserer Fahrtrichtung fahren wir rauf, an der n\u00e4chsten Abzweigung weiter rechts hoch, bis wir auf der gro\u00dfen Kreuzung, der Oppener Kuppe mit dem Steinkreuz landen.<\/font><\/p>\n<p>&nbsp;<\/p>\n<p>&nbsp;<\/p>\n<p><font face=\"verdana\" size=\"2\">Der linke breite Weg f\u00fchrt uns dann aus dem Wald heraus &#8211; Blick auf die Windr\u00e4der und den Hochwald. Die Wege sind jetzt geteert. Wir biegen links ab und dann wieder rechts. Mit etwas rauf und runter geht es \u00fcber die &#8222;Wahlener Platte&#8220;. An der n\u00e4chsten Abzweigung (paar Meter rechts im Geb\u00fcsch: das Hantenkreuz!) biegen wir wieder links ab in Richtung Rissenthal und folgen dann dem geteerten Feldweg bis zur Hauptstra\u00dfe. Wir m\u00fcssen links runter und nach 100 Metern &#8211; wenn wir das Dach des wei\u00dfen Kapellchen unten sehen &#8211; wieder rechts hoch &#8211; und zwar recht steil, vorher schon mal runterschalten!<br \/>\nDer geteerte Weg f\u00fchrt uns wieder auf die H\u00f6he. Wir folgen ihm nach links bis zur n\u00e4chsten T-Kreuzung (Baum mit Wandermarkierungen!), dort rechts rum und kurz danach wieder links runter. Auf diesem Schlotterweg brettern wir nach Rimlingen rein. Ganz nebenbei &#8211; doch f\u00fcr Veganbiker wichtig &#8211; links eines der ersten H\u00e4user: ein Biolandhof, wo man\/frau biologisch angebaute Lebensmittel, z.B. Getreide, kaufen kann.<\/font><\/p>\n<p>&nbsp;<\/p>\n<p>&nbsp;<\/p>\n<p><font face=\"verdana\" size=\"2\">Im Ort m\u00fcssen wir zur Hauptstra\u00dfe. Gegen\u00fcber der Kirche biegen wir links ab, dann die n\u00e4chste rechts hoch, hinter den H\u00e4usern her in den Wald. Der sch\u00f6ne Weg wird bringt uns zur Schule in Bachem. Auf der Stra\u00dfe nach links zur Hauptstra\u00dfe. Dort rechts und die n\u00e4chste an der Kirche links einbiegen &#8211; Richtung Hausbach\/Brotdorf.<\/font><\/p>\n<p>&nbsp;<\/p>\n<p>&nbsp;<\/p>\n<p><font face=\"verdana\" size=\"2\">Wir verlassen den Ort und treffen auf die Hauptstra\u00dfe nach Brotdorf. Genau gegen\u00fcber m\u00fcssen wir in den Wald hinein! Ein interessanter Hohlweg bremst etwas unsere Fahrt, es geht mit leichter Steigung, viel Laub und Holzst\u00fccken hoch bis zu einem normalen Forstweg. Wir halten uns rechts und verlassen den breiten Weg nicht, bis wir wieder auf die Hauptstra\u00dfe nach Hausbach\/Brotdorf sto\u00dfen. Ein kurzes St\u00fcck noch bis zur Kreuzung &#8211; links herum.<\/font><\/p>\n<p>&nbsp;<\/p>\n<p>&nbsp;<\/p>\n<p><font face=\"verdana\" size=\"2\">An der Kreuzung Mettlach\/Losheim geht es ein kurzes St\u00fcck in Richtung Losheim die Stra\u00dfe hoch und dann links in den zweiten Feldweg hinein. Zum Teil ist der Weg zugewachsen, aber fahrbar. Wir peilen in der Ferne das schon sichtbare \u00d6rtchen Hausbach an und biegen nach einer Steigung und einigen Kehren bald links in einen Weg ein, der von Obstb\u00e4umen flankiert wird. Bald wird der Weg sandig und rot und wir kommen zu einem Bach &#8211; und finden die Markierung f\u00fcr den Waldsaumweg. Der bringt uns zu den Hausbacher Weihern. Wir fahren in den Ort hinein, kommen an der wei\u00dfen Kirche heraus und fahren weiter in den Ort hinein bis rechterhand das Gasthaus Ackermann zu sehen ist. Nebendran beginnt der Waldsaumweg, dem wir jetzt bis Britten folgen.<br \/>\nBitte auf diesen Wegen unbedingt R\u00fccksicht auf Wanderer nehmen! Hinter jeder Biegung kann pl\u00f6tzlich jemand auftauchen und ein Bremsen bei hohem Tempo ist nicht mehr m\u00f6glich&#8230; Auch rei\u00dferische,oft unn\u00f6tige Bremsman\u00f6ver in Kurven, die sichtbare Spuren auf den Wegen hinterlassen, sind nicht gut f\u00fcr das Image der Mountainbiker&#8230;<\/font><\/p>\n<p>&nbsp;<\/p>\n<p>&nbsp;<\/p>\n<p><font face=\"verdana\" size=\"2\">Eine sehr abwechsungsreiche Strecke f\u00fchrt uns an Waldr\u00e4ndern, durch den Wald, an Felsen vorbei, \u00fcber einige Stiegen bis zum Aussichtspunkt Sch\u00f6nertskopf (438m). Der Blick von hier ist vielleicht einer der sch\u00f6nsten im Saarland. Je nach Tageszeit und Witterung ergibt sich mit dem D\u00f6rfchen Hausbach und seiner leuchtend wei\u00dfen Kirche im Tal ein wirklich romantisches Bild. Der Blick schweift \u00fcber die h\u00fcgelige Waldlandschaft bis zur Wahlener Platte, auf der sich die Windr\u00e4der drehen&#8230;<br \/>\nWir lassen uns von den Markierungen weiter leiten und gelangen nach Britten. Im Ort hei\u00dft es etwas suchen. Ein kurzes St\u00fcck geht es \u00fcber die Hauptstra\u00dfe im Ort und dann rechts ab \u00fcber Felder und Obstwiesen bis hinunter zur\u00fcck nach Hausbach. Der Wanderweg zweigt gegen Ende des breiten Weges zum Bach runter ab, dieses St\u00fcck k\u00f6nnen wir uns aber sparen. Wir bleiben auf diesem Weg, der uns bis zum Hauptweg nach Losheim bringt. Wir fahren nicht in den Ort hinein, sondern wenden uns auf dem breiten Weg in Richtung Losheim, also nach links. Ein breiter Schotter- und sp\u00e4ter Teerweg bringt uns hoch bis in den Ort und zum Stausee.<br \/>\nJe nach Wetter- und Tourismuslage fahren wir unter der Stra\u00dfe durch zum See und links herum bis auf die andere Seite. An der Bank biegen wir in die Tafeltour ein, die uns auf einem sch\u00f6nen Singletrail um den Campingplatz zum Seehotel bringt&#8230;<\/font><\/p>\n<p>&nbsp;<\/p>\n<p><font face=\"verdana\" size=\"2\">Alternative von Britten aus: \u00dcber den Britter Hof und Bergen zum Stausee Losheim, das spart einige H\u00f6henmeter&#8230;<br \/>\nVon Losheim aus kann der R\u00fcckweg angetreten oder eine Verl\u00e4ngerung der Tour beim Guide beantragt werden &#8230; (Stand: Juli 2006)<\/font><\/p>\n<p><font face=\"verdana\" size=\"2\">GPS-Daten und Satellitenbild auch auf www.gps-tour.info<\/font><\/p>\n<p>&nbsp;<\/p>\n<p>&nbsp;<\/p>\n<\/td>\n<td valign=top>\n<a href=\"http:\/\/www.nmbiking.de\/juli06\/juli06_49b.jpg\" rel=\"Lightbox\" title=\"Aha, der Waldsaumweg!\"><img decoding=\"async\" src=\"http:\/\/www.nmbiking.de\/juli06\/juli06_49.jpg\" class=\"img\" width=200 \/><\/a> <a href=\"http:\/\/www.nmbiking.de\/juli06\/juli06_46b.jpg\" rel=\"Lightbox\" title=\"Waldsaumweg\"><img decoding=\"async\" src=\"http:\/\/www.nmbiking.de\/juli06\/juli06_46.jpg\" class=\"img\" width=200 \/><\/a> <a href=\"http:\/\/www.nmbiking.de\/juli06\/juli06_54b.jpg\" rel=\"Lightbox\" title=\"Waldsaumweg\"><img decoding=\"async\" src=\"http:\/\/www.nmbiking.de\/juli06\/juli06_54.jpg\" class=\"img\" width=200 \/><\/a><\/p>\n<p><a href=\"http:\/\/www.nmbiking.de\/juli06\/juli06_47b.jpg\" rel=\"Lightbox\" title=\"Waldsaumweg\"><img decoding=\"async\" src=\"http:\/\/www.nmbiking.de\/juli06\/juli06_47.jpg\" class=\"img\" width=200 \/><\/a> <a href=\"http:\/\/www.nmbiking.de\/juli06\/juli06_48b.jpg\" rel=\"Lightbox\" title=\"Sch\u00f6nertskopf\"><img decoding=\"async\" src=\"http:\/\/www.nmbiking.de\/juli06\/juli06_48.jpg\" class=\"img\" width=200 \/><\/a> <a href=\"http:\/\/www.nmbiking.de\/juli06\/juli06_50b.jpg\" rel=\"Lightbox\" title=\"Waldhof bei Losheim\"><img decoding=\"async\" src=\"http:\/\/www.nmbiking.de\/juli06\/juli06_50.jpg\" class=\"img\" width=200 \/><\/a><\/p>\n<p><a href=\"https:\/\/nmbiking.de\/wp\/wp-content\/uploads\/2008\/02\/feb08_38b.jpg\" rel=\"Lightbox\" title=\"Auf der Rimlinger H\u00f6he\"><img decoding=\"async\" src=\"https:\/\/nmbiking.de\/wp\/wp-content\/uploads\/2008\/02\/feb08_38.jpg\" class=\"img\" width=200 \/><\/a> <a href=\"https:\/\/nmbiking.de\/wp\/wp-content\/uploads\/2008\/02\/feb08_40b.jpg\" rel=\"Lightbox\" title=\"Waldsaumpfad\"><img decoding=\"async\" src=\"https:\/\/nmbiking.de\/wp\/wp-content\/uploads\/2008\/02\/feb08_40.jpg\" class=\"img\" width=200 \/> <\/a><\/p>\n<p><a href=\"https:\/\/nmbiking.de\/wp\/wp-content\/uploads\/2008\/02\/feb08_39b.jpg\" rel=\"Lightbox\" title=\"Frech oder kaputt?\"><img decoding=\"async\" src=\"https:\/\/nmbiking.de\/wp\/wp-content\/uploads\/2008\/02\/feb08_39.jpg\" class=\"img\" width=200 \/><\/a> <a href=\"https:\/\/nmbiking.de\/wp\/wp-content\/uploads\/2008\/02\/feb08_47b.jpg\" rel=\"Lightbox\" title=\"Uwe auf dem Waldsaumpfad\"><img decoding=\"async\" src=\"https:\/\/nmbiking.de\/wp\/wp-content\/uploads\/2008\/02\/feb08_47.jpg\" class=\"img\" width=200 \/> <\/a><\/p>\n<p><a href=\"https:\/\/nmbiking.de\/wp\/wp-content\/uploads\/2008\/02\/feb08_41b.jpg\" rel=\"Lightbox\" title=\"Am Sch\u00f6nertskopf\"><img decoding=\"async\" src=\"https:\/\/nmbiking.de\/wp\/wp-content\/uploads\/2008\/02\/feb08_41.jpg\" class=\"img\" width=200 \/><\/a> <a href=\"https:\/\/nmbiking.de\/wp\/wp-content\/uploads\/2008\/02\/feb08_42b.jpg\" rel=\"Lightbox\" title=\"Am Sch\u00f6nertskopf\"><img decoding=\"async\" src=\"https:\/\/nmbiking.de\/wp\/wp-content\/uploads\/2008\/02\/feb08_42.jpg\" class=\"img\" width=200 \/> <\/a><\/p>\n<p><a href=\"https:\/\/nmbiking.de\/wp\/wp-content\/uploads\/2008\/02\/feb08_43b.jpg\" rel=\"Lightbox\" title=\"Greimerath im R\u00fccken\"><img decoding=\"async\" src=\"https:\/\/nmbiking.de\/wp\/wp-content\/uploads\/2008\/02\/feb08_43.jpg\" class=\"img\" width=200 \/><\/a> <a href=\"https:\/\/nmbiking.de\/wp\/wp-content\/uploads\/2008\/02\/feb08_44b.jpg\" rel=\"Lightbox\" title=\"Am Ferdinandshaus\"><img decoding=\"async\" src=\"https:\/\/nmbiking.de\/wp\/wp-content\/uploads\/2008\/02\/feb08_44.jpg\" class=\"img\" width=200 \/> <\/a><\/p>\n<p><a href=\"https:\/\/nmbiking.de\/wp\/wp-content\/uploads\/2008\/02\/feb08_45b.jpg\" rel=\"Lightbox\" title=\"Vor Weierweiler\"><img decoding=\"async\" src=\"https:\/\/nmbiking.de\/wp\/wp-content\/uploads\/2008\/02\/feb08_45.jpg\" class=\"img\" width=200 \/><\/a> <a href=\"https:\/\/nmbiking.de\/wp\/wp-content\/uploads\/2008\/02\/feb08_46b.jpg\" rel=\"Lightbox\" title=\"Vor Weierweiler\"><img decoding=\"async\" src=\"https:\/\/nmbiking.de\/wp\/wp-content\/uploads\/2008\/02\/feb08_46.jpg\" class=\"img\" width=200 \/> <\/a><\/p>\n<p><a href=\"https:\/\/nmbiking.de\/wp\/wp-content\/uploads\/2008\/02\/feb08_48b.jpg\" rel=\"Lightbox\" title=\"Schnell ein Foto\"><img decoding=\"async\" src=\"https:\/\/nmbiking.de\/wp\/wp-content\/uploads\/2008\/02\/feb08_48.jpg\" class=\"img\" width=200 \/><\/a> <a href=\"https:\/\/nmbiking.de\/wp\/wp-content\/uploads\/2008\/02\/feb08_49b.jpg\" rel=\"Lightbox\" title=\"Hinterher hetzen\"><img decoding=\"async\" src=\"https:\/\/nmbiking.de\/wp\/wp-content\/uploads\/2008\/02\/feb08_49.jpg\" class=\"img\" width=200 \/> <\/a><\/p>\n<p><a href=\"https:\/\/nmbiking.de\/wp\/wp-content\/uploads\/2008\/02\/feb08_50b.jpg\" rel=\"Lightbox\" title=\"Guide in Aktion\"><img decoding=\"async\" src=\"https:\/\/nmbiking.de\/wp\/wp-content\/uploads\/2008\/02\/feb08_50.jpg\" class=\"img\" width=200 \/><\/a> <a href=\"https:\/\/nmbiking.de\/wp\/wp-content\/uploads\/2008\/02\/feb08_51b.jpg\" rel=\"Lightbox\" title=\"Am B\u00e4renfelsen\"><img decoding=\"async\" src=\"https:\/\/nmbiking.de\/wp\/wp-content\/uploads\/2008\/02\/feb08_51.jpg\" class=\"img\" width=200 \/> <\/a><\/p>\n<\/td>\n<\/tr>\n<\/table>\n","protected":false},"excerpt":{"rendered":"<p>&nbsp; Strecke: Lebach\/Schmelz, Michelbach, Rimlingen, Bachem, Hausbach, Waldsaumweg, Britten, Stausee Losheim &#8230; L\u00e4nge: ca. 43 km \/ 950 hm &nbsp; &nbsp; Von Schmelz aus m\u00fcssen wir zuerst zur Oppener Kuppe rauf. Also wie (so oft schon?) durch die Ambetstra\u00dfe nach Michelbach rein. Durch den Ort bis zum Telefonh\u00e4uschen (Dorfbrunnen), dort links rein (Zum L\u00fcckner) und &hellip; <\/p>\n<p class=\"link-more\"><a href=\"https:\/\/nmbiking.de\/wp\/?page_id=89\" class=\"more-link\"><span class=\"screen-reader-text\">\u201eSch\u00f6nertskopf\u201c <\/span>weiterlesen<\/a><\/p>\n","protected":false},"author":65,"featured_media":0,"parent":1435,"menu_order":0,"comment_status":"open","ping_status":"closed","template":"","meta":{"footnotes":""},"class_list":["post-89","page","type-page","status-publish","hentry"],"_links":{"self":[{"href":"https:\/\/nmbiking.de\/wp\/index.php?rest_route=\/wp\/v2\/pages\/89","targetHints":{"allow":["GET"]}}],"collection":[{"href":"https:\/\/nmbiking.de\/wp\/index.php?rest_route=\/wp\/v2\/pages"}],"about":[{"href":"https:\/\/nmbiking.de\/wp\/index.php?rest_route=\/wp\/v2\/types\/page"}],"author":[{"embeddable":true,"href":"https:\/\/nmbiking.de\/wp\/index.php?rest_route=\/wp\/v2\/users\/65"}],"replies":[{"embeddable":true,"href":"https:\/\/nmbiking.de\/wp\/index.php?rest_route=%2Fwp%2Fv2%2Fcomments&post=89"}],"version-history":[{"count":0,"href":"https:\/\/nmbiking.de\/wp\/index.php?rest_route=\/wp\/v2\/pages\/89\/revisions"}],"up":[{"embeddable":true,"href":"https:\/\/nmbiking.de\/wp\/index.php?rest_route=\/wp\/v2\/pages\/1435"}],"wp:attachment":[{"href":"https:\/\/nmbiking.de\/wp\/index.php?rest_route=%2Fwp%2Fv2%2Fmedia&parent=89"}],"curies":[{"name":"wp","href":"https:\/\/api.w.org\/{rel}","templated":true}]}}