{"id":88,"date":"2007-01-03T13:02:27","date_gmt":"2007-01-03T13:02:27","guid":{"rendered":"https:\/\/nmbiking.de\/wp\/?page_id=88"},"modified":"2018-05-13T07:15:53","modified_gmt":"2018-05-13T06:15:53","slug":"bostalsee","status":"publish","type":"page","link":"https:\/\/nmbiking.de\/wp\/?page_id=88","title":{"rendered":"Bostalsee"},"content":{"rendered":"<p>Start: Schmelz, Michelbach o. Lebach<br \/>\nL\u00e4nge\/H\u00f6henmeter: 67 km \/ 900 hm<\/p>\n<p>&nbsp;<\/p>\n<p>Dies ist fast schon eine kleine <strong>Saarlandrundfahrt <\/strong>, auf jeden Fall mit einigen touristischen Hochlichtern: Bardenbacher Fels, Peterberg mit Sternwarte, Bostalsee, Nahequelle (und evtl. Schaumberg). Es ist keine technisch anspruchsvolle Tour, daf\u00fcr aber lang und landschaftlich reizend. <\/p>\n<p><strong>Hinweg-Varianten:<\/strong><br \/>\n1 (wie GPS):Von <strong>Nunkirchen<\/strong> aus zum  <strong>Bardenbacher Fels<\/strong> und an der Prims den Radweg entlang an Lockweiler vorbei bis vor Primstal. Dort geht es am Hang entlang  bis <strong>Kastel<\/strong>.<br \/>\n2 Ortsbeginn Lockweiler biegen wie links ab am Sportplatz vorbei hoch zum <strong>Meweskreuz <\/strong>un dann weiter \u00fcber den Berg und durch den Wald bis zur Abzwegung runter nach Kastel.<br \/>\n3 In Krettnich abbiegen nach <strong>Nuhweiler<\/strong>, einem winzigen, putzigen \u00d6rtchen.. Aus dem Ort heraus geradeaus durch den Bach dem breiten Weg den Berg hoch folgen &#8211; bis zur Abfahrt nach Kastel.<\/p>\n<p>In Kastel auf der anderen Seite der Autobahn beginnt der Anstieg bis zum <strong>Peterberg <\/strong>(500m). Ein langer, aber eher gem\u00fctlicher Anstieg bis zur zur <strong>Sternwarte <\/strong>und dann zur &#8222;Alm&#8220; auf dem <strong>Peterberg<\/strong> (584m).<br \/>\n Haben wir diese touristischen Attraktionen und die Leute, die sie benutzen, gen\u00fcgend genossen, biegen wir an der <strong>Peterbergkapelle <\/strong>ab und bewegen uns \u00fcber die H\u00f6he in Richtung Bosen. An der n\u00e4chsten gro\u00dfen Kreuzung (Schild &#8222;Bosen&#8220;) m\u00fcssen wir uns links halten. Ein breiter Weg l\u00e4dt zum Tempomachen ein. An der Kreuzung mit der Teerstra\u00dfe, dem <strong>Kuhnenkreuz<\/strong>, m\u00fcssen wir dieser nach links folgen und wir gelangen nach <strong>Bosen<\/strong>.<\/p>\n<p>An gro\u00dfen Parkpl\u00e4tzen vorbei suchen wir den Weg zum <strong>Jachthafen<\/strong>. Die B\u00e4nke und gastronomischen Einrichtungen laden zum Verweilen und Beobachten ein. Vom Schlauchboot bis zur \u00fcberdimensionierten Jacht ist hier alles vertreten. R\u00e4der d\u00fcrfen auf die Imbissterrasse nicht mitgenommen werden, aber man hat von dort einen guten Blick auf den See.<\/p>\n<p><strong>R\u00fcckweg<\/strong><br \/>\nEin vom Fu\u00dfweg optisch getrennter Radweg f\u00fchrt dann hinter der Restauration rund um den See. An sch\u00f6nen Tagen begegnen wir zwar weniger Mountainbikern, daf\u00fcr aber vielen Radfahrern. Bevor der Radweg links um den See herumf\u00fchrt, biegen wir auf die Hauptstra\u00dfe ab und fahren nach <strong>Neunkirchen <\/strong>rein. (Die Karte zeigt eine andere Variante!)<br \/>\nIm Ort biegen wir Richtung <strong>Eiweiler <\/strong>ab. Der zweite Feldwirtschaftsweg links f\u00fchrt uns an einem W\u00e4ldchen vorbei nach <strong>Selbach<\/strong>. Im Ort folgen wir den Schildern zur <strong>Nahequelle<\/strong>.<br \/>\nMit ausreichend Nahequellwasser in der Flasche geht\u00b4s weiter zum <strong>Hofgut Imsbach<\/strong> und dann in Richtung <strong>Schaumberg<\/strong>. Wer noch Zeit und Puste hat, kann ihn noch mitnehmen. Wie es vom Schaumberg aus zur\u00fcck geht, kann unter der Schaumberg-Tour nachgelesen werden.<br \/>\nAnsonsten fahren wir vor Theley die Autostra\u00dfe ein St\u00fcck in Richtung Hasborn. Die n\u00e4chste Abzweigung rechts bringt uns \u00fcber die <strong>Autobahn<\/strong>. Steil geht es den Johannes K\u00fchn Weg hoch. Auf der H\u00f6he, dem breiten Weg, halten wir uns links. Bald sto\u00dfen wir wieder auf den JK-Weg, der uns durch ein kleines W\u00e4ldchen zur Krezung hinunter nach Primsweiler bringt. Wir fahren aber den Berg weiter hoch, direkt an einem Primstaler <strong>Windrad <\/strong>vorbei.<\/p>\n<p>Oben im Wald f\u00fchrt parallel zum Hauptweg ein sch\u00f6ner Weg zum Roten Klupp und den <strong>Onkelsberg <\/strong>hinunter. Nach der <strong>Grillh\u00fctte <\/strong>biegen wir rechts ab ins <strong>Sollbachtal <\/strong>. An den <strong>Limbacher Weihern<\/strong> vorbei kommen wir zur <strong>Kl\u00e4ranlage <\/strong>an der Hauptstra\u00dfe. Wir \u00fcberqueren auf der Hauptstra\u00dfe die Prims und fahren in Richtung Schmelz. Am <strong>Hundedressurplatz <\/strong>geht es rechts ab an der <strong>Prims <\/strong>entlang. Vor \u00dcberlosheim biegen wir scharf links ein und fahren den Berg in Richtung Auschet hoch. \u00dcber ein Holzbrett geht es links weiter hoch den Geologischen Pfad entlang. Der Pfad ist nicht immer gut zu sehen und bringt uns mit etwas Gl\u00fcck unterhalb von Auschet und oberhalb von Nunkirchen wieder ins Freie. \u00dcber einen Teerweg mit Blick auf den L\u00fcckner sind wir schnell in Michelbach&#8230;<br \/>\n(geschrieben 07\/2002\/aktualisiert 5\/2018)<br \/>\n<a href=\"https:\/\/www.komoot.de\/tour\/31959235\">GPS-Daten auf Komoot<\/a><\/p>\n<p><img decoding=\"async\" src=\"https:\/\/nmbiking.de\/wp\/wp-content\/uploads\/2006\/12\/juli04_36.jpg\"\/> <img decoding=\"async\" src=\"https:\/\/nmbiking.de\/wp\/wp-content\/uploads\/2008\/01\/jan08_21.jpg\" \/> <\/p>\n<hr \/>\n<p>Eine l\u00e4ngere, aber sch\u00f6ne Variante holt den Schaumberg mit: <a href=\"https:\/\/nmbiking.de\/wp\/?p=33732\">im April 2015<\/a><\/p>\n<p>&nbsp;<\/p>\n<p>&#8230; eine andere Beschreibung aus dem Tagebuch:<\/p>\n<ol> Fahrer\/innen: mit Uwe und Sebastain<br \/>\nStrecke: Nunkirchen, Bardenbach, Lockweiler, Meweskreuz, Kastel, Peterberg, Bostalsee, Ritzelberg, Scheuern<br \/>\nDauer\/L\u00e4nge\/H\u00f6henmeter: 4  Std \/ 67 km \/ 1000 hm<br \/>\nWetter: 27 Grad, Sonne\n<\/ol>\n<p><strong>Kostenlos Tretboot fahren<\/strong><br \/>\n&#8230; das war der H\u00f6hepunkt. U und S st\u00fcrzen sich direkt auf ein freies Boot. Die Bikes werden hinten rein gewuchtet. Und los geht es. Fahrt nicht zu weit weg, rufe ich noch, und schon strampeln die beiden los. Mensch, geht das heute leicht, denkt U, habe ich abgenommen? Oder hat S so viel Kraft? <!--more--><br \/>\nNachdem ausreichend gelacht und gen\u00fcgend Fotos geschossen sind, setzen wir unsere Tour per Bike wieder fort. Tretbootfahren auf der Wiese ist doch nicht so reizend&#8230;<\/p>\n<p><strong>Die Baustelle<\/strong><br \/>\nDer See ist leer, fast leer. Schon halb zugewachsen, mit Bauzaun vorne dran, bietet der Bostalsee ein trauriges Bild. Wegen Reparaturen an der Staumauer ist er um etwa 8 Meter abgelassen worden und sieht wie eine gro\u00dfe Pf\u00fctze aus. Wenig Leben ringsum. Das Restaurant am Jachthafen beschallt den See laut mit deutschen Schlagern, zwei Radwanderer sitzen auf der Terrasse, das hilft alles nicht&#8230;<br \/>\nAuf dem Weg bis zum Bostalsee gab es noch mehr &#8222;Entt\u00e4uschungen&#8220; zu besichtigen. Das <u>Meweskreuz<\/u> hinter Lockweiler ist nur ein halbes. Der Querbalken fehlt: geklaut, zur Renovierung? Auf jeden Fall sieht es seltsam aus.<br \/>\nDie <u>Sternwarte<\/u> kommt uns recht putzig, klein und spielzeugm\u00e4\u00dfig vor. Dort soll ein dickes Fernrohr stehen. Wir m\u00fcssen wohl einmal eine Besichtigung mitmachen.<br \/>\nOben auf dem Peterberg kommt der n\u00e4chste D\u00e4mpfer: ein gro\u00dfes Schild das Mountainbikern verbietet, den sehr breiten Wanderweg runter nach <u>Braunshausen<\/u> zu fahren. Wir m\u00fcssten mit der Kinderbahn fahren. Ob die aber unsere Bikes transportieren. Die m\u00fcssten wir dann dem &#8222;Almk\u00f6nig&#8220; anvertrauen!<\/p>\n<p><strong>Die Peterkapelle<\/strong><br \/>\nErfreulich dann: die Peterkapelle. Wir g\u00f6nnen uns ein paar Augenblicke Ruhe, betrachten die Kerzen und die bunten Fenster. Der Opa, der dazu kommt, h\u00e4tte uns gern noch mehr von sich erz\u00e4hlt: 82 Jahre, jeden Tag 5 Stunden wandern&#8230;<br \/>\n<font size=2 face=arial><br \/>\nInfo<br \/>\nAn der Stelle der heutigen Kapelle hat schon im 13. Jahrhundert eine Kapelle gestanden. Sie war aus Holz und wurde im 16. Jahrhundert mit Steinmauern verst\u00e4rkt. Ende des 18. Jahrhunderts sei sie zerfallen, hei\u00dft es in einer Niederschrift.<br \/>\nIn vorchristlicher Zeit soll der Peterberg ein Wetterberg, und dem heidnischen Gott Donar geweiht gewesen sein. Sp\u00e4ter, so will es der Volksmund wissen, h\u00e4tten b\u00f6se Geister ihr Unwesen auf dem Berg getrieben. Vor allem seien das Wetterhexen gewesen, die den ringsum ans\u00e4ssigen Bauern mit Blitz und Donner die Ernten vernichtet h\u00e4tten.<br \/>\nDas Christentum r\u00e4umte mit diesem geisterhaften Gedankengut gr\u00fcndlich auf. Der Peterberg hatte im Mittelalter auch den Status eines Grenzberges. (aus: www.neunkirchen-nahe.de<\/font><\/p>\n<p><strong>Volle Flaschen<\/strong><br \/>\nFlaschen f\u00fcllen wir an der Nahequelle. Beim Hofgut Imsbach besuchen wir noch die Kapelle und g\u00f6nnen uns dann einen sch\u00f6nen Weg bis nach Tholey&#8230;<br \/>\nDer R\u00fcckweg \u00fcber den Ritzelberg bietet weder \u00dcberraschungen noch Entt\u00e4uschungen&#8230;<\/p>\n<p><a href=\"https:\/\/nmbiking.de\/wp\/wp-content\/uploads\/2008\/08\/aug08_135b.jpg\" rel=\"Lightbox\" title=\"Wo liegt denn blo\u00df dieser fehlende Balken?\"><img decoding=\"async\" src=\"https:\/\/nmbiking.de\/wp\/wp-content\/uploads\/2008\/08\/aug08_135.jpg\" class=\"img\" width=\"200\" \/> <\/a> <a href=\"https:\/\/nmbiking.de\/wp\/wp-content\/uploads\/2008\/08\/aug08_136b.jpg\"rel=\"Lightbox\" title=\"Uwe erkl\u00e4rt das Firmament\"><img decoding=\"async\" src=\"https:\/\/nmbiking.de\/wp\/wp-content\/uploads\/2008\/08\/aug08_136.jpg\"class=\"img\" width=\"180\" \/><\/a> <a href=\"https:\/\/nmbiking.de\/wp\/wp-content\/uploads\/2008\/08\/aug08_137b.jpg\" rel=\"Lightbox\" title=\"Hm!?\"><img decoding=\"async\" src=\"https:\/\/nmbiking.de\/wp\/wp-content\/uploads\/2008\/08\/aug08_137.jpg\" class=\"img\" width=\"150\" \/><\/a> <\/p>\n<p><a href=\"https:\/\/nmbiking.de\/wp\/wp-content\/uploads\/2008\/08\/aug08_138b.jpg\" rel=\"Lightbox\" title=\"Wo ist blo\u00df die Alm?\"><img decoding=\"async\" src=\"https:\/\/nmbiking.de\/wp\/wp-content\/uploads\/2008\/08\/aug08_138.jpg\" class=\"img\" width=\"200\" \/> <\/a> <a href=\"https:\/\/nmbiking.de\/wp\/wp-content\/uploads\/2008\/08\/aug08_139b.jpg\"rel=\"Lightbox\" title=\"In der Kapelle am Peterberg\"><img decoding=\"async\" src=\"https:\/\/nmbiking.de\/wp\/wp-content\/uploads\/2008\/08\/aug08_139.jpg\"class=\"img\" width=\"180\" \/><\/a> <a href=\"https:\/\/nmbiking.de\/wp\/wp-content\/uploads\/2008\/08\/aug08_140b.jpg\" rel=\"Lightbox\" title=\"Die fidelen Alten\"><img decoding=\"async\" src=\"https:\/\/nmbiking.de\/wp\/wp-content\/uploads\/2008\/08\/aug08_140.jpg\" class=\"img\" width=\"150\" \/><\/a> <\/p>\n<p><a href=\"https:\/\/nmbiking.de\/wp\/wp-content\/uploads\/2008\/08\/aug08_141b.jpg\" rel=\"Lightbox\" title=\"Bostalsee: eine Baustelle\"><img decoding=\"async\" src=\"https:\/\/nmbiking.de\/wp\/wp-content\/uploads\/2008\/08\/aug08_141.jpg\" class=\"img\" width=\"200\" \/> <\/a> <a href=\"https:\/\/nmbiking.de\/wp\/wp-content\/uploads\/2008\/08\/aug08_142b.jpg\"rel=\"Lightbox\" title=\"Alle Mann an Bord!\"><img decoding=\"async\" src=\"https:\/\/nmbiking.de\/wp\/wp-content\/uploads\/2008\/08\/aug08_142.jpg\"class=\"img\" width=\"180\" \/><\/a> <a href=\"https:\/\/nmbiking.de\/wp\/wp-content\/uploads\/2008\/08\/aug08_143b.jpg\" rel=\"Lightbox\" title=\"Eine Bootsfahrt, die ist lustig!\"><img decoding=\"async\" src=\"https:\/\/nmbiking.de\/wp\/wp-content\/uploads\/2008\/08\/aug08_143.jpg\" class=\"img\" width=\"150\" \/><\/a> <\/p>\n<p><a href=\"https:\/\/nmbiking.de\/wp\/wp-content\/uploads\/2008\/08\/aug08_144b.jpg\" rel=\"Lightbox\" title=\"Sepp, da ist eine Made drin!\"><img decoding=\"async\" src=\"https:\/\/nmbiking.de\/wp\/wp-content\/uploads\/2008\/08\/aug08_144.jpg\" class=\"img\" width=\"200\" \/> <\/a> <a href=\"https:\/\/nmbiking.de\/wp\/wp-content\/uploads\/2008\/08\/aug08_145b.jpg\"rel=\"Lightbox\" title=\"Kapelle Hofgut Imsbach\"><img decoding=\"async\" src=\"https:\/\/nmbiking.de\/wp\/wp-content\/uploads\/2008\/08\/aug08_145.jpg\"class=\"img\" width=\"180\" \/><\/a> <a href=\"https:\/\/nmbiking.de\/wp\/wp-content\/uploads\/2008\/08\/aug08_146b.jpg\" rel=\"Lightbox\" title=\"Kapellendownhill\"><img decoding=\"async\" src=\"https:\/\/nmbiking.de\/wp\/wp-content\/uploads\/2008\/08\/aug08_146.jpg\" class=\"img\" width=\"150\" \/><\/a> <\/p>\n","protected":false},"excerpt":{"rendered":"<p>Start: Schmelz, Michelbach o. Lebach L\u00e4nge\/H\u00f6henmeter: 67 km \/ 900 hm &nbsp; Dies ist fast schon eine kleine Saarlandrundfahrt , auf jeden Fall mit einigen touristischen Hochlichtern: Bardenbacher Fels, Peterberg mit Sternwarte, Bostalsee, Nahequelle (und evtl. Schaumberg). Es ist keine technisch anspruchsvolle Tour, daf\u00fcr aber lang und landschaftlich reizend. Hinweg-Varianten: 1 (wie GPS):Von Nunkirchen aus &hellip; <\/p>\n<p class=\"link-more\"><a href=\"https:\/\/nmbiking.de\/wp\/?page_id=88\" class=\"more-link\"><span class=\"screen-reader-text\">\u201eBostalsee\u201c <\/span>weiterlesen<\/a><\/p>\n","protected":false},"author":65,"featured_media":0,"parent":1435,"menu_order":0,"comment_status":"open","ping_status":"closed","template":"","meta":{"footnotes":""},"class_list":["post-88","page","type-page","status-publish","hentry"],"_links":{"self":[{"href":"https:\/\/nmbiking.de\/wp\/index.php?rest_route=\/wp\/v2\/pages\/88","targetHints":{"allow":["GET"]}}],"collection":[{"href":"https:\/\/nmbiking.de\/wp\/index.php?rest_route=\/wp\/v2\/pages"}],"about":[{"href":"https:\/\/nmbiking.de\/wp\/index.php?rest_route=\/wp\/v2\/types\/page"}],"author":[{"embeddable":true,"href":"https:\/\/nmbiking.de\/wp\/index.php?rest_route=\/wp\/v2\/users\/65"}],"replies":[{"embeddable":true,"href":"https:\/\/nmbiking.de\/wp\/index.php?rest_route=%2Fwp%2Fv2%2Fcomments&post=88"}],"version-history":[{"count":10,"href":"https:\/\/nmbiking.de\/wp\/index.php?rest_route=\/wp\/v2\/pages\/88\/revisions"}],"predecessor-version":[{"id":51006,"href":"https:\/\/nmbiking.de\/wp\/index.php?rest_route=\/wp\/v2\/pages\/88\/revisions\/51006"}],"up":[{"embeddable":true,"href":"https:\/\/nmbiking.de\/wp\/index.php?rest_route=\/wp\/v2\/pages\/1435"}],"wp:attachment":[{"href":"https:\/\/nmbiking.de\/wp\/index.php?rest_route=%2Fwp%2Fv2%2Fmedia&parent=88"}],"curies":[{"name":"wp","href":"https:\/\/api.w.org\/{rel}","templated":true}]}}