{"id":81944,"date":"2023-01-14T09:43:39","date_gmt":"2023-01-14T08:43:39","guid":{"rendered":"https:\/\/nmbiking.de\/wp\/?page_id=81944"},"modified":"2023-01-14T09:51:48","modified_gmt":"2023-01-14T08:51:48","slug":"hochwasser","status":"publish","type":"page","link":"https:\/\/nmbiking.de\/wp\/?page_id=81944","title":{"rendered":"Hochwasser"},"content":{"rendered":"<p>&#8230;immer wieder ein Erlebnis &#8211; auch f\u00fcr Mountainbiker: Hochwasser. Darauf ist Verlass: im Winter regnet es ausgiebig und die B\u00e4che und Fl\u00fcsse im n\u00f6rdlichen Saarland f\u00fcllen sich. Besonders die Prims bekommt dann viel ab und tritt \u00fcber ihre Ufer&#8230; ein interessantes Naturschauspiel &#8211; immer gut mit dem MTB zu erreichen&#8230; und je nach H\u00f6he auch zu durchfahren&#8230;<\/p>\n<p><a href=\"https:\/\/nmbiking.de\/wp\/wp-content\/uploads\/2023\/01\/jan23_63.jpg\"><img decoding=\"async\" src=\"https:\/\/nmbiking.de\/wp\/wp-content\/uploads\/2023\/01\/jan23_63-300x158.jpg\" alt=\"\" width=\"700\"  \/><\/a><\/p>\n<hr \/>\n<p><a href=\"https:\/\/nmbiking.de\/wp\/?p=81927\">am 13.01.2023<\/a><br \/>\n<a href=\"https:\/\/nmbiking.de\/wp\/?p=75603\">am 04.01.2022<\/a><br \/>\n<a href=\"https:\/\/nmbiking.de\/wp\/?p=69815\">am 06.02.2021<\/a><br \/>\n<a href=\"https:\/\/nmbiking.de\/wp\/?p=61916\">am 04.02.2020<\/a><br \/>\n<a href=\"https:\/\/nmbiking.de\/wp\/?p=49208\">am o4.01.2018<\/a><br \/>\n<a href=\"https:\/\/nmbiking.de\/wp\/?p=11894\">am 16.12.2011<\/a><\/p>\n","protected":false},"excerpt":{"rendered":"<p>&#8230;immer wieder ein Erlebnis &#8211; auch f\u00fcr Mountainbiker: Hochwasser. Darauf ist Verlass: im Winter regnet es ausgiebig und die B\u00e4che und Fl\u00fcsse im n\u00f6rdlichen Saarland f\u00fcllen sich. Besonders die Prims bekommt dann viel ab und tritt \u00fcber ihre Ufer&#8230; ein interessantes Naturschauspiel &#8211; immer gut mit dem MTB zu erreichen&#8230; und je nach H\u00f6he auch &hellip; <\/p>\n<p class=\"link-more\"><a href=\"https:\/\/nmbiking.de\/wp\/?page_id=81944\" class=\"more-link\"><span class=\"screen-reader-text\">\u201eHochwasser\u201c <\/span>weiterlesen<\/a><\/p>\n","protected":false},"author":65,"featured_media":0,"parent":0,"menu_order":0,"comment_status":"closed","ping_status":"closed","template":"","meta":{"footnotes":""},"class_list":["post-81944","page","type-page","status-publish","hentry"],"_links":{"self":[{"href":"https:\/\/nmbiking.de\/wp\/index.php?rest_route=\/wp\/v2\/pages\/81944","targetHints":{"allow":["GET"]}}],"collection":[{"href":"https:\/\/nmbiking.de\/wp\/index.php?rest_route=\/wp\/v2\/pages"}],"about":[{"href":"https:\/\/nmbiking.de\/wp\/index.php?rest_route=\/wp\/v2\/types\/page"}],"author":[{"embeddable":true,"href":"https:\/\/nmbiking.de\/wp\/index.php?rest_route=\/wp\/v2\/users\/65"}],"replies":[{"embeddable":true,"href":"https:\/\/nmbiking.de\/wp\/index.php?rest_route=%2Fwp%2Fv2%2Fcomments&post=81944"}],"version-history":[{"count":14,"href":"https:\/\/nmbiking.de\/wp\/index.php?rest_route=\/wp\/v2\/pages\/81944\/revisions"}],"predecessor-version":[{"id":81959,"href":"https:\/\/nmbiking.de\/wp\/index.php?rest_route=\/wp\/v2\/pages\/81944\/revisions\/81959"}],"wp:attachment":[{"href":"https:\/\/nmbiking.de\/wp\/index.php?rest_route=%2Fwp%2Fv2%2Fmedia&parent=81944"}],"curies":[{"name":"wp","href":"https:\/\/api.w.org\/{rel}","templated":true}]}}