{"id":8178,"date":"2010-10-14T07:20:26","date_gmt":"2010-10-14T06:20:26","guid":{"rendered":"https:\/\/nmbiking.de\/wp\/?page_id=8178"},"modified":"2010-10-14T08:12:20","modified_gmt":"2010-10-14T07:12:20","slug":"teufelsburg","status":"publish","type":"page","link":"https:\/\/nmbiking.de\/wp\/?page_id=8178","title":{"rendered":"Teufelsburg"},"content":{"rendered":"<p><a rel=\"Lightbox\" title=\"Karte\" href=\"https:\/\/nmbiking.de\/wp\/wp-content\/uploads\/2010\/10\/ok10_51.jpg \"><img decoding=\"async\" class=\"img\" src=\"https:\/\/nmbiking.de\/wp\/wp-content\/uploads\/2010\/10\/ok10_51.jpg\" alt=\"\" width=600 \/><\/a> <\/p>\n<p>&nbsp;<\/p>\n<p>Start: Schmelz oder Michelbach<br \/>\nStrecke: Schmelz, Michelbach, Geisweiler Hof, Kansas, D\u00fcppenweiler, Hausstadt, Beckingen, Saarradweg, Schleuse Dillingen, Wallerfangen, Blauloch, Teufelsburg, Wallerfangen, Dillingen Stadt&#8230;<br \/>\nDauer\/L\u00e4nge\/H\u00f6henmeter: 65 km <\/p>\n<p>&nbsp;<\/p>\n<p>\u00dcber den <strong>Geisweiler Hof<\/strong> und Kansas geht es an der <strong>Valentinuskapelle<\/strong> vorbei nach <strong>D\u00fcppenweiler<\/strong>. Wer viel Zeit hat, nimmt ein St\u00fcck Sagenweg mit. Der direkte Weg f\u00fchrt ein St\u00fcck durch D\u00fcppenweiler hinunter ins Tal, an den Pferdst\u00e4llen vorbei.<br \/>\nAm Weiher treffen wir wieder auf den <strong>Sagenweg <\/strong>und folgen ihm bis in den Wald hinein. Wenn er zum <strong>Dasselter Stein<\/strong> abbiegt, fahren wir den breiten Waldweg geradeaus bis runter zur Hauptstra\u00dfe nach <strong>Beckingen<\/strong>. Kurz vor Beckingen biegen wir zum <strong>Saarradweg <\/strong>ein und fahren bis zur <strong>Schleuse<\/strong>. Auf der anderen Saarseite geht es nun lustig und flach weiter bis nach <strong>Wallerfangen<\/strong>.<br \/>\nWir w\u00e4hlen die Stra\u00dfe, die zum Haus Sonntal f\u00fchrt, fahren aber links weiter zum Schwimmbad und dann zum Jugenddorf <strong>Blauloch<\/strong>.<br \/>\nDann die n\u00e4chste Stra\u00dfe rechts zu einem Haus, das <strong>Harras <\/strong>hei\u00dft. Daran links vorbei und dem Teerstr\u00e4\u00dfchen folgen bis zur n\u00e4chsten Abzweigung nach rechts. Ein anfangs breiter Feldweg wird immer schmaler und es geht in einer breiten Rinne durch <strong>Akazienwald <\/strong>immer bergauf. F\u00fcr mich nicht immer fahrbar.<br \/>\nAn Felsen vorbei kommt man bald auf der H\u00f6he auf einem geteerten <strong>Wendeplatz <\/strong>heraus.<br \/>\nWir folgen der Stra\u00dfe bis zur n\u00e4chsten Abzweigung links, ein Feldweg mit hellem <strong>Lehmboden<\/strong>.<\/p>\n<p>&nbsp;<\/p>\n<p>Bevor wir auf die Hauptstra\u00dfe kommen geht es nochmal links ab und bald \u00fcber einen kurzen Wiesentrail durch eine Hecke einen schmalen Weg entlang, der uns bis zum breiten <strong>Burgweg <\/strong>bringt.<\/p>\n<p>&nbsp;<\/p>\n<p>Auf der <strong>Teufelsburg <\/strong>erwartet uns ein  noch gut erhaltenes bzw. renoviertes Gem\u00e4uer aus dem 14. Jahrhundert (ein Vorl\u00e4ufer sogar aus dem 12. Jahrhundert). Weiter Blick ins Saartal.<\/p>\n<p>&nbsp;<\/p>\n<p>Der R\u00fcckweg f\u00fchrt \u00fcber einen oberhalb der Burg versteckten Trail, der uns als  verblockter, enger und durch umgefallene Baumst\u00e4mme garnierter Pfad in Richtung Wallerfangen bringt.<br \/>\nIm Ort w\u00e4hlen wir dann unseren <strong>R\u00fcckweg<\/strong>: wie der Hinweg oder &#8211; einfach und flach &#8211; durch Dillingen, Nalbach, H\u00fcttersdorf. Oder anspruchsvoller \u00fcber&#8230;<\/p>\n<p>&nbsp;<\/p>\n<p>Vorsicht: Die Beschreibung ist (noch) nicht so genau wie gew\u00fcnscht!<br \/>\nStand: 10\/2010<\/p>\n<p>&nbsp;<\/p>\n<p><a rel=\"Lightbox\" title=\"Alter Baum am Geisweiler Hof\" href=\"https:\/\/nmbiking.de\/wp\/wp-content\/uploads\/2010\/10\/ok10_38.jpg \"><img decoding=\"async\" class=\"img\" src=\"https:\/\/nmbiking.de\/wp\/wp-content\/uploads\/2010\/10\/ok10_38.jpg\" alt=\"\" width=180 \/><\/a> <a rel=\"Lightbox\" title=\"Junge Familie\" href=\"https:\/\/nmbiking.de\/wp\/wp-content\/uploads\/2010\/10\/ok10_39.jpg \"><img decoding=\"async\" class=\"img\" src=\"https:\/\/nmbiking.de\/wp\/wp-content\/uploads\/2010\/10\/ok10_39.jpg\" alt=\"\" width=180 \/><\/a> <a rel=\"Lightbox\" title=\"Zweimal Jesus\" href=\"https:\/\/nmbiking.de\/wp\/wp-content\/uploads\/2010\/10\/ok10_40.jpg \"><img decoding=\"async\" class=\"img\" src=\"https:\/\/nmbiking.de\/wp\/wp-content\/uploads\/2010\/10\/ok10_40.jpg\" alt=\"\" width=180 \/><\/a> <\/p>\n<p><a rel=\"Lightbox\" title=\"Reif auf dem Sagenweg\" href=\"https:\/\/nmbiking.de\/wp\/wp-content\/uploads\/2010\/10\/ok10_41.jpg \"><img decoding=\"async\" class=\"img\" src=\"https:\/\/nmbiking.de\/wp\/wp-content\/uploads\/2010\/10\/ok10_41.jpg\" alt=\"\" width=180 \/><\/a> <a rel=\"Lightbox\" title=\"G\u00e4nseflug \u00fcber die Saar\" href=\"https:\/\/nmbiking.de\/wp\/wp-content\/uploads\/2010\/10\/ok10_42.jpg \"><img decoding=\"async\" class=\"img\" src=\"https:\/\/nmbiking.de\/wp\/wp-content\/uploads\/2010\/10\/ok10_42.jpg\" alt=\"\" width=180 \/><\/a> <a rel=\"Lightbox\" title=\"Die Teufelsburg\" href=\"https:\/\/nmbiking.de\/wp\/wp-content\/uploads\/2010\/10\/ok10_44.jpg \"><img decoding=\"async\" class=\"img\" src=\"https:\/\/nmbiking.de\/wp\/wp-content\/uploads\/2010\/10\/ok10_44.jpg\" alt=\"\" width=180 \/><\/a> <\/p>\n<p><a rel=\"Lightbox\" title=\"Teufelsburg\" href=\"https:\/\/nmbiking.de\/wp\/wp-content\/uploads\/2010\/10\/ok10_45.jpg \"><img decoding=\"async\" class=\"img\" src=\"https:\/\/nmbiking.de\/wp\/wp-content\/uploads\/2010\/10\/ok10_45.jpg\" alt=\"\" width=180 \/><\/a> <a rel=\"Lightbox\" title=\"Teufelsburg\" href=\"https:\/\/nmbiking.de\/wp\/wp-content\/uploads\/2010\/10\/ok10_46.jpg \"><img decoding=\"async\" class=\"img\" src=\"https:\/\/nmbiking.de\/wp\/wp-content\/uploads\/2010\/10\/ok10_46.jpg\" alt=\"\" width=180 \/><\/a> <a rel=\"Lightbox\" title=\"Teufelsburg\" href=\"https:\/\/nmbiking.de\/wp\/wp-content\/uploads\/2010\/10\/ok10_48.jpg \"><img decoding=\"async\" class=\"img\" src=\"https:\/\/nmbiking.de\/wp\/wp-content\/uploads\/2010\/10\/ok10_48.jpg\" alt=\"\" width=180 \/><\/a> <\/p>\n<p><a rel=\"Lightbox\" title=\"Teufelsburg\" href=\"https:\/\/nmbiking.de\/wp\/wp-content\/uploads\/2010\/10\/ok10_47.jpg \"><img decoding=\"async\" class=\"img\" src=\"https:\/\/nmbiking.de\/wp\/wp-content\/uploads\/2010\/10\/ok10_47.jpg\" alt=\"\" width=180 \/><\/a> <a rel=\"Lightbox\" title=\"Teufelsburg\" href=\"https:\/\/nmbiking.de\/wp\/wp-content\/uploads\/2010\/10\/ok10_49.jpg \"><img decoding=\"async\" class=\"img\" src=\"https:\/\/nmbiking.de\/wp\/wp-content\/uploads\/2010\/10\/ok10_49.jpg\" alt=\"\" width=180 \/><\/a> <a rel=\"Lightbox\" title=\"Knifflige Abfahrt von der Teufelsburg\" href=\"https:\/\/nmbiking.de\/wp\/wp-content\/uploads\/2010\/10\/ok10_50.jpg \"><img decoding=\"async\" class=\"img\" src=\"https:\/\/nmbiking.de\/wp\/wp-content\/uploads\/2010\/10\/ok10_50.jpg\" alt=\"\" width=180 \/><\/a> <\/p>\n","protected":false},"excerpt":{"rendered":"<p>&nbsp; Start: Schmelz oder Michelbach Strecke: Schmelz, Michelbach, Geisweiler Hof, Kansas, D\u00fcppenweiler, Hausstadt, Beckingen, Saarradweg, Schleuse Dillingen, Wallerfangen, Blauloch, Teufelsburg, Wallerfangen, Dillingen Stadt&#8230; Dauer\/L\u00e4nge\/H\u00f6henmeter: 65 km &nbsp; \u00dcber den Geisweiler Hof und Kansas geht es an der Valentinuskapelle vorbei nach D\u00fcppenweiler. Wer viel Zeit hat, nimmt ein St\u00fcck Sagenweg mit. Der direkte Weg f\u00fchrt ein &hellip; <\/p>\n<p class=\"link-more\"><a href=\"https:\/\/nmbiking.de\/wp\/?page_id=8178\" class=\"more-link\"><span class=\"screen-reader-text\">\u201eTeufelsburg\u201c <\/span>weiterlesen<\/a><\/p>\n","protected":false},"author":65,"featured_media":0,"parent":1435,"menu_order":0,"comment_status":"open","ping_status":"closed","template":"","meta":{"footnotes":""},"class_list":["post-8178","page","type-page","status-publish","hentry"],"_links":{"self":[{"href":"https:\/\/nmbiking.de\/wp\/index.php?rest_route=\/wp\/v2\/pages\/8178","targetHints":{"allow":["GET"]}}],"collection":[{"href":"https:\/\/nmbiking.de\/wp\/index.php?rest_route=\/wp\/v2\/pages"}],"about":[{"href":"https:\/\/nmbiking.de\/wp\/index.php?rest_route=\/wp\/v2\/types\/page"}],"author":[{"embeddable":true,"href":"https:\/\/nmbiking.de\/wp\/index.php?rest_route=\/wp\/v2\/users\/65"}],"replies":[{"embeddable":true,"href":"https:\/\/nmbiking.de\/wp\/index.php?rest_route=%2Fwp%2Fv2%2Fcomments&post=8178"}],"version-history":[{"count":0,"href":"https:\/\/nmbiking.de\/wp\/index.php?rest_route=\/wp\/v2\/pages\/8178\/revisions"}],"up":[{"embeddable":true,"href":"https:\/\/nmbiking.de\/wp\/index.php?rest_route=\/wp\/v2\/pages\/1435"}],"wp:attachment":[{"href":"https:\/\/nmbiking.de\/wp\/index.php?rest_route=%2Fwp%2Fv2%2Fmedia&parent=8178"}],"curies":[{"name":"wp","href":"https:\/\/api.w.org\/{rel}","templated":true}]}}