{"id":81017,"date":"2022-11-16T07:22:21","date_gmt":"2022-11-16T06:22:21","guid":{"rendered":"https:\/\/nmbiking.de\/wp\/?page_id=81017"},"modified":"2022-11-16T07:24:48","modified_gmt":"2022-11-16T06:24:48","slug":"bretagne-2022","status":"publish","type":"page","link":"https:\/\/nmbiking.de\/wp\/?page_id=81017","title":{"rendered":"Bretagne 2022"},"content":{"rendered":"<p>Diesmal waren wir mit unserer Bretagne-Woche recht sp\u00e4t dran: im November. Aber wir waren mit dem Wetter durchaus zufrieden, und mit der Landschaft und den Menschen sowieso&#8230;.<\/p>\n<p>1 <a href=\"https:\/\/nmbiking.de\/wp\/?p=80568\">Salut Bretagne!<\/a><\/p>\n<p>2 <a href=\"https:\/\/nmbiking.de\/wp\/?p=80582\">Ein Morgenspaziergang<\/a><\/p>\n<p>3 <a href=\"https:\/\/nmbiking.de\/wp\/?p=80594\">Steile K\u00fcsten, nasse Weiden<\/a><\/p>\n<p>4 <a href=\"https:\/\/nmbiking.de\/wp\/?p=80653\">Im Zauberwald von Huelgoat<\/a><\/p>\n<p>5 <a href=\"https:\/\/nmbiking.de\/wp\/?p=80682\">Extrem st\u00fcrmisch<\/a><\/p>\n<p>6 <a href=\"https:\/\/nmbiking.de\/wp\/?p=807832\">Zu viel Milit\u00e4risches<\/a><\/p>\n<p>7 <a href=\"https:\/\/nmbiking.de\/wp\/?p=80822\">Cap de la chevre<\/a><\/p>\n<p>8 <a href=\"https:\/\/nmbiking.de\/wp\/?p=808137\">Nachtrag 1: Abends im Hafen<\/a><\/p>\n<p>9 <a href=\"https:\/\/nmbiking.de\/wp\/?p=80969\">Nachtrag 2: Schiffsfriedh\u00f6fe<\/a><\/p>\n","protected":false},"excerpt":{"rendered":"<p>Diesmal waren wir mit unserer Bretagne-Woche recht sp\u00e4t dran: im November. Aber wir waren mit dem Wetter durchaus zufrieden, und mit der Landschaft und den Menschen sowieso&#8230;. 1 Salut Bretagne! 2 Ein Morgenspaziergang 3 Steile K\u00fcsten, nasse Weiden 4 Im Zauberwald von Huelgoat 5 Extrem st\u00fcrmisch 6 Zu viel Milit\u00e4risches 7 Cap de la chevre &hellip; <\/p>\n<p class=\"link-more\"><a href=\"https:\/\/nmbiking.de\/wp\/?page_id=81017\" class=\"more-link\"><span class=\"screen-reader-text\">\u201eBretagne 2022\u201c <\/span>weiterlesen<\/a><\/p>\n","protected":false},"author":65,"featured_media":0,"parent":0,"menu_order":0,"comment_status":"closed","ping_status":"closed","template":"","meta":{"footnotes":""},"class_list":["post-81017","page","type-page","status-publish","hentry"],"_links":{"self":[{"href":"https:\/\/nmbiking.de\/wp\/index.php?rest_route=\/wp\/v2\/pages\/81017","targetHints":{"allow":["GET"]}}],"collection":[{"href":"https:\/\/nmbiking.de\/wp\/index.php?rest_route=\/wp\/v2\/pages"}],"about":[{"href":"https:\/\/nmbiking.de\/wp\/index.php?rest_route=\/wp\/v2\/types\/page"}],"author":[{"embeddable":true,"href":"https:\/\/nmbiking.de\/wp\/index.php?rest_route=\/wp\/v2\/users\/65"}],"replies":[{"embeddable":true,"href":"https:\/\/nmbiking.de\/wp\/index.php?rest_route=%2Fwp%2Fv2%2Fcomments&post=81017"}],"version-history":[{"count":12,"href":"https:\/\/nmbiking.de\/wp\/index.php?rest_route=\/wp\/v2\/pages\/81017\/revisions"}],"predecessor-version":[{"id":81030,"href":"https:\/\/nmbiking.de\/wp\/index.php?rest_route=\/wp\/v2\/pages\/81017\/revisions\/81030"}],"wp:attachment":[{"href":"https:\/\/nmbiking.de\/wp\/index.php?rest_route=%2Fwp%2Fv2%2Fmedia&parent=81017"}],"curies":[{"name":"wp","href":"https:\/\/api.w.org\/{rel}","templated":true}]}}