{"id":79890,"date":"2022-10-02T15:33:56","date_gmt":"2022-10-02T14:33:56","guid":{"rendered":"https:\/\/nmbiking.de\/wp\/?page_id=79890"},"modified":"2024-11-02T12:37:36","modified_gmt":"2024-11-02T11:37:36","slug":"montafon-2022","status":"publish","type":"page","link":"https:\/\/nmbiking.de\/wp\/?page_id=79890","title":{"rendered":"Montafon 2022"},"content":{"rendered":"<p>Diesmal sind wir nur zu zweit und haben eine Ferienwohnung f\u00fcr eine Woche in Tschagguns gemietet. Wie \u00fcblich gibt es jeden Tag eine Tour, das Wetter ist regnerisch, oft auch trocken und bew\u00f6lkt, so dass wir unser Programm durchf\u00fchren k\u00f6nnen:<\/p>\n<p>1 <a href=\"https:\/\/nmbiking.de\/wp\/?p=79634\">Erkundung: Montafon 2022<\/a><br \/>\n2 <a href=\"https:\/\/nmbiking.de\/wp\/?p=79663\">Tobelsee &#8211; im Schnee<\/a><br \/>\n3 <a href=\"https:\/\/nmbiking.de\/wp\/?p=79712\">Wolken im Tal<\/a><br \/>\n4 <a href=\"https:\/\/nmbiking.de\/wp\/?p=79751\">Die Schafe des Silbertals<\/a><br \/>\n5 <a href=\"https:\/\/nmbiking.de\/wp\/?p=79799\">Lindauer H\u00fctte<\/a><br \/>\n6 <a href=\"https:\/\/nmbiking.de\/wp\/?p=79827\">Tilisunaalpe<\/a><br \/>\n7 <a href=\"https:\/\/nmbiking.de\/wp\/?p=79851\">Partenen: Montafon 2016 <\/a><\/p>\n","protected":false},"excerpt":{"rendered":"<p>Diesmal sind wir nur zu zweit und haben eine Ferienwohnung f\u00fcr eine Woche in Tschagguns gemietet. Wie \u00fcblich gibt es jeden Tag eine Tour, das Wetter ist regnerisch, oft auch trocken und bew\u00f6lkt, so dass wir unser Programm durchf\u00fchren k\u00f6nnen: 1 Erkundung: Montafon 2022 2 Tobelsee &#8211; im Schnee 3 Wolken im Tal 4 Die &hellip; <\/p>\n<p class=\"link-more\"><a href=\"https:\/\/nmbiking.de\/wp\/?page_id=79890\" class=\"more-link\"><span class=\"screen-reader-text\">\u201eMontafon 2022\u201c <\/span>weiterlesen<\/a><\/p>\n","protected":false},"author":65,"featured_media":0,"parent":0,"menu_order":0,"comment_status":"closed","ping_status":"closed","template":"","meta":{"footnotes":""},"class_list":["post-79890","page","type-page","status-publish","hentry"],"_links":{"self":[{"href":"https:\/\/nmbiking.de\/wp\/index.php?rest_route=\/wp\/v2\/pages\/79890","targetHints":{"allow":["GET"]}}],"collection":[{"href":"https:\/\/nmbiking.de\/wp\/index.php?rest_route=\/wp\/v2\/pages"}],"about":[{"href":"https:\/\/nmbiking.de\/wp\/index.php?rest_route=\/wp\/v2\/types\/page"}],"author":[{"embeddable":true,"href":"https:\/\/nmbiking.de\/wp\/index.php?rest_route=\/wp\/v2\/users\/65"}],"replies":[{"embeddable":true,"href":"https:\/\/nmbiking.de\/wp\/index.php?rest_route=%2Fwp%2Fv2%2Fcomments&post=79890"}],"version-history":[{"count":14,"href":"https:\/\/nmbiking.de\/wp\/index.php?rest_route=\/wp\/v2\/pages\/79890\/revisions"}],"predecessor-version":[{"id":95018,"href":"https:\/\/nmbiking.de\/wp\/index.php?rest_route=\/wp\/v2\/pages\/79890\/revisions\/95018"}],"wp:attachment":[{"href":"https:\/\/nmbiking.de\/wp\/index.php?rest_route=%2Fwp%2Fv2%2Fmedia&parent=79890"}],"curies":[{"name":"wp","href":"https:\/\/api.w.org\/{rel}","templated":true}]}}