{"id":78677,"date":"2022-08-01T07:48:15","date_gmt":"2022-08-01T06:48:15","guid":{"rendered":"https:\/\/nmbiking.de\/wp\/?page_id=78677"},"modified":"2023-01-09T09:39:33","modified_gmt":"2023-01-09T08:39:33","slug":"buttnich-runde","status":"publish","type":"page","link":"https:\/\/nmbiking.de\/wp\/?page_id=78677","title":{"rendered":"Buttnich-Runde"},"content":{"rendered":"<p><strong>Start<\/strong>: Weiher \u00dcberlosheim oder Schmelz&#8230;<br \/>\nDies ist eine sehr abwechslungsreiche Tour mit einem hohen Singletrailanteil und\u00a0 zwei steilen (Schiebe)Passagen&#8230;<br \/>\nweitere Daten siehe Karte unten Komoot!<\/p>\n<p>Beschreibung\/Verlauf:<br \/>\nButtnich ist ein kleiner Ortsteil von Dagstuhl, ein <strong>Reitergeh\u00f6ft<\/strong>, gegen\u00fcber dem Bardenbacher Fels gelegen mit Blick in ein breites Primstal. Um Buttnich herum verl\u00e4uft auch ein Teil des &#8222;Weg des Wassers&#8220;, den wir auf dieser Runde ber\u00fchren und teilweise fahren. Die Runde kann man auch in Bardenbach starten oder am Stausee Noswendel. Wir haben eine etwas l\u00e4ngere Anfahrt \u00fcber Nunkirchen und \u00dcberlosheim. Aber auch sie besteht zu einem guten Teil aus Trails&#8230;<\/p>\n<p>Hinter Bardenbach geht es zuerst einmal an der Prims entlang, linkerhand erhebt sich der <strong>Bardenbacher Fels<\/strong>, \u00fcber den man auch fahren kann, wie die meisten LeserInnen wissen. N\u00e4hert sich der Weg der Hauptstra\u00dfe vor Noswendel, biegen wir vorher rechts ab und fahren am Bauernhof vorbei runter nach Dagstuhl. Kurz an der Hauptstra\u00dfe entlang und gleich geht es rechts rein in Richtung Prims, unter einer alten Eisenbahnbr\u00fccke hindurch und \u00fcber eine neue Fahrradbr\u00fccke\u00a0 hinweg in Richtung Buttnich.<br \/>\nDort fahren wir den breiten Weg zum Wald hoch und biegen in der Kurve links ab und folgen dem Weg bergauf, bis &#8211; leider schlecht erkennbar! &#8211; ein Trail vom Hauptweg nach links abbiegt und hinunter zu einer Wiese f\u00fchrt. Hinter dem Infoschild und der Bank biegen wir an der dicken Eiche rechts in den schmalen und langen Trail ein. An einer breiteren Kreuzung erl\u00e4uft er dann ziemlich steil der Berg hoch Richtung Altland&#8230;<\/p>\n<hr \/>\n<div id='gallery-1' class='gallery galleryid-78677 gallery-columns-3 gallery-size-thumbnail'><figure class='gallery-item'>\n\t\t\t<div class='gallery-icon landscape'>\n\t\t\t\t<a href='https:\/\/nmbiking.de\/wp\/?attachment_id=78621'><img loading=\"lazy\" decoding=\"async\" width=\"250\" height=\"250\" src=\"https:\/\/nmbiking.de\/wp\/wp-content\/uploads\/2022\/07\/juli22_116-250x250.jpg\" class=\"attachment-thumbnail size-thumbnail\" alt=\"\" aria-describedby=\"gallery-1-78621\" srcset=\"https:\/\/nmbiking.de\/wp\/wp-content\/uploads\/2022\/07\/juli22_116-250x250.jpg 250w, https:\/\/nmbiking.de\/wp\/wp-content\/uploads\/2022\/07\/juli22_116-100x100.jpg 100w\" sizes=\"auto, 100vw\" \/><\/a>\n\t\t\t<\/div>\n\t\t\t\t<figcaption class='wp-caption-text gallery-caption' id='gallery-1-78621'>\n\t\t\t\tWeiher bei \u00dcberlosheim\n\t\t\t\t<\/figcaption><\/figure><figure class='gallery-item'>\n\t\t\t<div class='gallery-icon landscape'>\n\t\t\t\t<a href='https:\/\/nmbiking.de\/wp\/?attachment_id=78622'><img loading=\"lazy\" decoding=\"async\" width=\"250\" height=\"250\" src=\"https:\/\/nmbiking.de\/wp\/wp-content\/uploads\/2022\/07\/juli22_117-250x250.jpg\" class=\"attachment-thumbnail size-thumbnail\" alt=\"\" aria-describedby=\"gallery-1-78622\" srcset=\"https:\/\/nmbiking.de\/wp\/wp-content\/uploads\/2022\/07\/juli22_117-250x250.jpg 250w, https:\/\/nmbiking.de\/wp\/wp-content\/uploads\/2022\/07\/juli22_117-100x100.jpg 100w\" sizes=\"auto, 100vw\" \/><\/a>\n\t\t\t<\/div>\n\t\t\t\t<figcaption class='wp-caption-text gallery-caption' id='gallery-1-78622'>\n\t\t\t\tTrail hinter \u00dcberlosheim\n\t\t\t\t<\/figcaption><\/figure><figure class='gallery-item'>\n\t\t\t<div class='gallery-icon landscape'>\n\t\t\t\t<a href='https:\/\/nmbiking.de\/wp\/?attachment_id=78623'><img loading=\"lazy\" decoding=\"async\" width=\"250\" height=\"250\" src=\"https:\/\/nmbiking.de\/wp\/wp-content\/uploads\/2022\/07\/juli22_118-250x250.jpg\" class=\"attachment-thumbnail size-thumbnail\" alt=\"\" aria-describedby=\"gallery-1-78623\" srcset=\"https:\/\/nmbiking.de\/wp\/wp-content\/uploads\/2022\/07\/juli22_118-250x250.jpg 250w, https:\/\/nmbiking.de\/wp\/wp-content\/uploads\/2022\/07\/juli22_118-100x100.jpg 100w\" sizes=\"auto, 100vw\" \/><\/a>\n\t\t\t<\/div>\n\t\t\t\t<figcaption class='wp-caption-text gallery-caption' id='gallery-1-78623'>\n\t\t\t\tInnehalten an der Prims\n\t\t\t\t<\/figcaption><\/figure><figure class='gallery-item'>\n\t\t\t<div class='gallery-icon landscape'>\n\t\t\t\t<a href='https:\/\/nmbiking.de\/wp\/?attachment_id=78624'><img loading=\"lazy\" decoding=\"async\" width=\"250\" height=\"250\" src=\"https:\/\/nmbiking.de\/wp\/wp-content\/uploads\/2022\/07\/juli22_119-250x250.jpg\" class=\"attachment-thumbnail size-thumbnail\" alt=\"\" aria-describedby=\"gallery-1-78624\" srcset=\"https:\/\/nmbiking.de\/wp\/wp-content\/uploads\/2022\/07\/juli22_119-250x250.jpg 250w, https:\/\/nmbiking.de\/wp\/wp-content\/uploads\/2022\/07\/juli22_119-100x100.jpg 100w\" sizes=\"auto, 100vw\" \/><\/a>\n\t\t\t<\/div>\n\t\t\t\t<figcaption class='wp-caption-text gallery-caption' id='gallery-1-78624'>\n\t\t\t\tDie Steine wachsen&#8230;\n\t\t\t\t<\/figcaption><\/figure><figure class='gallery-item'>\n\t\t\t<div class='gallery-icon landscape'>\n\t\t\t\t<a href='https:\/\/nmbiking.de\/wp\/?attachment_id=78625'><img loading=\"lazy\" decoding=\"async\" width=\"250\" height=\"250\" src=\"https:\/\/nmbiking.de\/wp\/wp-content\/uploads\/2022\/07\/juli22_120-250x250.jpg\" class=\"attachment-thumbnail size-thumbnail\" alt=\"\" aria-describedby=\"gallery-1-78625\" srcset=\"https:\/\/nmbiking.de\/wp\/wp-content\/uploads\/2022\/07\/juli22_120-250x250.jpg 250w, https:\/\/nmbiking.de\/wp\/wp-content\/uploads\/2022\/07\/juli22_120-100x100.jpg 100w\" sizes=\"auto, 100vw\" \/><\/a>\n\t\t\t<\/div>\n\t\t\t\t<figcaption class='wp-caption-text gallery-caption' id='gallery-1-78625'>\n\t\t\t\t&#8230;aus der Prims\n\t\t\t\t<\/figcaption><\/figure><figure class='gallery-item'>\n\t\t\t<div class='gallery-icon landscape'>\n\t\t\t\t<a href='https:\/\/nmbiking.de\/wp\/?attachment_id=78626'><img loading=\"lazy\" decoding=\"async\" width=\"250\" height=\"250\" src=\"https:\/\/nmbiking.de\/wp\/wp-content\/uploads\/2022\/07\/juli22_121-250x250.jpg\" class=\"attachment-thumbnail size-thumbnail\" alt=\"\" aria-describedby=\"gallery-1-78626\" srcset=\"https:\/\/nmbiking.de\/wp\/wp-content\/uploads\/2022\/07\/juli22_121-250x250.jpg 250w, https:\/\/nmbiking.de\/wp\/wp-content\/uploads\/2022\/07\/juli22_121-100x100.jpg 100w\" sizes=\"auto, 100vw\" \/><\/a>\n\t\t\t<\/div>\n\t\t\t\t<figcaption class='wp-caption-text gallery-caption' id='gallery-1-78626'>\n\t\t\t\tLandschaftsidylle bei Noswendel\n\t\t\t\t<\/figcaption><\/figure><figure class='gallery-item'>\n\t\t\t<div class='gallery-icon landscape'>\n\t\t\t\t<a href='https:\/\/nmbiking.de\/wp\/?attachment_id=78627'><img loading=\"lazy\" decoding=\"async\" width=\"250\" height=\"250\" src=\"https:\/\/nmbiking.de\/wp\/wp-content\/uploads\/2022\/07\/juli22_122-250x250.jpg\" class=\"attachment-thumbnail size-thumbnail\" alt=\"\" aria-describedby=\"gallery-1-78627\" srcset=\"https:\/\/nmbiking.de\/wp\/wp-content\/uploads\/2022\/07\/juli22_122-250x250.jpg 250w, https:\/\/nmbiking.de\/wp\/wp-content\/uploads\/2022\/07\/juli22_122-100x100.jpg 100w\" sizes=\"auto, 100vw\" \/><\/a>\n\t\t\t<\/div>\n\t\t\t\t<figcaption class='wp-caption-text gallery-caption' id='gallery-1-78627'>\n\t\t\t\tSie riechen so gut\n\t\t\t\t<\/figcaption><\/figure><figure class='gallery-item'>\n\t\t\t<div class='gallery-icon landscape'>\n\t\t\t\t<a href='https:\/\/nmbiking.de\/wp\/?attachment_id=78628'><img loading=\"lazy\" decoding=\"async\" width=\"250\" height=\"250\" src=\"https:\/\/nmbiking.de\/wp\/wp-content\/uploads\/2022\/07\/juli22_123-250x250.jpg\" class=\"attachment-thumbnail size-thumbnail\" alt=\"\" aria-describedby=\"gallery-1-78628\" srcset=\"https:\/\/nmbiking.de\/wp\/wp-content\/uploads\/2022\/07\/juli22_123-250x250.jpg 250w, https:\/\/nmbiking.de\/wp\/wp-content\/uploads\/2022\/07\/juli22_123-100x100.jpg 100w\" sizes=\"auto, 100vw\" \/><\/a>\n\t\t\t<\/div>\n\t\t\t\t<figcaption class='wp-caption-text gallery-caption' id='gallery-1-78628'>\n\t\t\t\t&#8230;und erschrecken leicht\n\t\t\t\t<\/figcaption><\/figure><figure class='gallery-item'>\n\t\t\t<div class='gallery-icon landscape'>\n\t\t\t\t<a href='https:\/\/nmbiking.de\/wp\/?attachment_id=78629'><img loading=\"lazy\" decoding=\"async\" width=\"250\" height=\"250\" src=\"https:\/\/nmbiking.de\/wp\/wp-content\/uploads\/2022\/07\/juli22_124-250x250.jpg\" class=\"attachment-thumbnail size-thumbnail\" alt=\"\" aria-describedby=\"gallery-1-78629\" srcset=\"https:\/\/nmbiking.de\/wp\/wp-content\/uploads\/2022\/07\/juli22_124-250x250.jpg 250w, https:\/\/nmbiking.de\/wp\/wp-content\/uploads\/2022\/07\/juli22_124-100x100.jpg 100w\" sizes=\"auto, 100vw\" \/><\/a>\n\t\t\t<\/div>\n\t\t\t\t<figcaption class='wp-caption-text gallery-caption' id='gallery-1-78629'>\n\t\t\t\tWeg bei Dagstuhl\n\t\t\t\t<\/figcaption><\/figure><figure class='gallery-item'>\n\t\t\t<div class='gallery-icon landscape'>\n\t\t\t\t<a href='https:\/\/nmbiking.de\/wp\/?attachment_id=78630'><img loading=\"lazy\" decoding=\"async\" width=\"250\" height=\"250\" src=\"https:\/\/nmbiking.de\/wp\/wp-content\/uploads\/2022\/07\/juli22_125-250x250.jpg\" class=\"attachment-thumbnail size-thumbnail\" alt=\"\" aria-describedby=\"gallery-1-78630\" srcset=\"https:\/\/nmbiking.de\/wp\/wp-content\/uploads\/2022\/07\/juli22_125-250x250.jpg 250w, https:\/\/nmbiking.de\/wp\/wp-content\/uploads\/2022\/07\/juli22_125-100x100.jpg 100w\" sizes=\"auto, 100vw\" \/><\/a>\n\t\t\t<\/div>\n\t\t\t\t<figcaption class='wp-caption-text gallery-caption' id='gallery-1-78630'>\n\t\t\t\tVertrocknet\n\t\t\t\t<\/figcaption><\/figure><figure class='gallery-item'>\n\t\t\t<div class='gallery-icon landscape'>\n\t\t\t\t<a href='https:\/\/nmbiking.de\/wp\/?attachment_id=78631'><img loading=\"lazy\" decoding=\"async\" width=\"250\" height=\"250\" src=\"https:\/\/nmbiking.de\/wp\/wp-content\/uploads\/2022\/07\/juli22_126-250x250.jpg\" class=\"attachment-thumbnail size-thumbnail\" alt=\"\" aria-describedby=\"gallery-1-78631\" srcset=\"https:\/\/nmbiking.de\/wp\/wp-content\/uploads\/2022\/07\/juli22_126-250x250.jpg 250w, https:\/\/nmbiking.de\/wp\/wp-content\/uploads\/2022\/07\/juli22_126-100x100.jpg 100w\" sizes=\"auto, 100vw\" \/><\/a>\n\t\t\t<\/div>\n\t\t\t\t<figcaption class='wp-caption-text gallery-caption' id='gallery-1-78631'>\n\t\t\t\tBr\u00fccken-Blick\n\t\t\t\t<\/figcaption><\/figure><figure class='gallery-item'>\n\t\t\t<div class='gallery-icon landscape'>\n\t\t\t\t<a href='https:\/\/nmbiking.de\/wp\/?attachment_id=78632'><img loading=\"lazy\" decoding=\"async\" width=\"250\" height=\"250\" src=\"https:\/\/nmbiking.de\/wp\/wp-content\/uploads\/2022\/07\/juli22_127-250x250.jpg\" class=\"attachment-thumbnail size-thumbnail\" alt=\"\" aria-describedby=\"gallery-1-78632\" srcset=\"https:\/\/nmbiking.de\/wp\/wp-content\/uploads\/2022\/07\/juli22_127-250x250.jpg 250w, https:\/\/nmbiking.de\/wp\/wp-content\/uploads\/2022\/07\/juli22_127-100x100.jpg 100w\" sizes=\"auto, 100vw\" \/><\/a>\n\t\t\t<\/div>\n\t\t\t\t<figcaption class='wp-caption-text gallery-caption' id='gallery-1-78632'>\n\t\t\t\tEine wichtige Wasserstelle\n\t\t\t\t<\/figcaption><\/figure><figure class='gallery-item'>\n\t\t\t<div class='gallery-icon landscape'>\n\t\t\t\t<a href='https:\/\/nmbiking.de\/wp\/?attachment_id=78633'><img loading=\"lazy\" decoding=\"async\" width=\"250\" height=\"250\" src=\"https:\/\/nmbiking.de\/wp\/wp-content\/uploads\/2022\/07\/juli22_128-250x250.jpg\" class=\"attachment-thumbnail size-thumbnail\" alt=\"\" aria-describedby=\"gallery-1-78633\" srcset=\"https:\/\/nmbiking.de\/wp\/wp-content\/uploads\/2022\/07\/juli22_128-250x250.jpg 250w, https:\/\/nmbiking.de\/wp\/wp-content\/uploads\/2022\/07\/juli22_128-100x100.jpg 100w\" sizes=\"auto, 100vw\" \/><\/a>\n\t\t\t<\/div>\n\t\t\t\t<figcaption class='wp-caption-text gallery-caption' id='gallery-1-78633'>\n\t\t\t\tAn der Hirschk\u00f6pfen vorbei\n\t\t\t\t<\/figcaption><\/figure><figure class='gallery-item'>\n\t\t\t<div class='gallery-icon landscape'>\n\t\t\t\t<a href='https:\/\/nmbiking.de\/wp\/?attachment_id=78634'><img loading=\"lazy\" decoding=\"async\" width=\"250\" height=\"250\" src=\"https:\/\/nmbiking.de\/wp\/wp-content\/uploads\/2022\/07\/juli22_129-250x250.jpg\" class=\"attachment-thumbnail size-thumbnail\" alt=\"\" aria-describedby=\"gallery-1-78634\" srcset=\"https:\/\/nmbiking.de\/wp\/wp-content\/uploads\/2022\/07\/juli22_129-250x250.jpg 250w, https:\/\/nmbiking.de\/wp\/wp-content\/uploads\/2022\/07\/juli22_129-100x100.jpg 100w\" sizes=\"auto, 100vw\" \/><\/a>\n\t\t\t<\/div>\n\t\t\t\t<figcaption class='wp-caption-text gallery-caption' id='gallery-1-78634'>\n\t\t\t\t&#8230; gegen\u00fcber dem Bardenbacher Fels\n\t\t\t\t<\/figcaption><\/figure><figure class='gallery-item'>\n\t\t\t<div class='gallery-icon landscape'>\n\t\t\t\t<a href='https:\/\/nmbiking.de\/wp\/?attachment_id=78635'><img loading=\"lazy\" decoding=\"async\" width=\"250\" height=\"250\" src=\"https:\/\/nmbiking.de\/wp\/wp-content\/uploads\/2022\/07\/juli22_130-250x250.jpg\" class=\"attachment-thumbnail size-thumbnail\" alt=\"\" aria-describedby=\"gallery-1-78635\" srcset=\"https:\/\/nmbiking.de\/wp\/wp-content\/uploads\/2022\/07\/juli22_130-250x250.jpg 250w, https:\/\/nmbiking.de\/wp\/wp-content\/uploads\/2022\/07\/juli22_130-100x100.jpg 100w\" sizes=\"auto, 100vw\" \/><\/a>\n\t\t\t<\/div>\n\t\t\t\t<figcaption class='wp-caption-text gallery-caption' id='gallery-1-78635'>\n\t\t\t\tMitbringsel f\u00fcr die Frau\n\t\t\t\t<\/figcaption><\/figure>\n\t\t<\/div>\n\n<p>Wir kommen auf der H\u00f6he heraus und rollen den Schotterweg in Richtung <strong>D\u00f6sterhof<\/strong>, fahren jedoch nicht dorthin, sondern biegen am Gatter an der Wiese rechts in den Wald ein.<br \/>\nEin schattiger, breiter\u00a0 Trail verl\u00e4uft durch den Wald, biegt einmal wieder rechts ab und kommt bei einem Hochstand heraus. Weiter geht es bergab bis zum breiten Schotterweg. Dem folgen wir nach links und kommen bald zum <strong>Saugrub-Brunnen<\/strong>. Dort kann man im Sommer Wasser fassen. Wir folgen weiter dem Weg nach einer Kurve bergab in Richtung Buttnich. Achtung! Beim Wegweiser zum &#8222;Weg des Wassers&#8220; geht es <strong>links steil<\/strong> den Wanderweg hoch. Nach rechts rollen wir wieder bergab an den <strong>&#8222;Jungen Hirschk\u00f6pfen&#8220;<\/strong> vorbei bis ins Tal. Vor dem Sportplatz Bardenbach biegen wir links in den Radweg nach B\u00fcschfeld ein, kommen am <strong>Buchstabenfels<\/strong> vorbei und bei <strong>Saargummi<\/strong> in B\u00fcschfeld heraus.<br \/>\nHinterm alten Bahnhof her bis zur Primsbr\u00fccke. Dort biegen wir in den Weg ein, der gegen\u00fcber der Kreuzung rechts in den Wald f\u00fchrt und hoch zum <strong>K\u00e4lberfelsen<\/strong>. Sch\u00f6ner Aussichtspunkt. Wir folgen dem Trail bis zu den <strong>Limbacher Weihern<\/strong><br \/>\nGegen\u00fcber Meiser biegen wir zum Hundeplatz ein und folgen dem Trail an der Prims entlang bis \u00dcberlosheim&#8230;<\/p>\n<p><iframe loading=\"lazy\" src=\"https:\/\/www.komoot.de\/tour\/867032495\/embed?share_token=aJDgQZjnE65g6B5AcnR7RooKDkal4b5TdpQKVlF8cxsZF7xHb8&amp;profile=1\" width=\"100%\" height=\"700\" frameborder=\"0\" scrolling=\"no\"><\/iframe><\/p>\n","protected":false},"excerpt":{"rendered":"<p>Start: Weiher \u00dcberlosheim oder Schmelz&#8230; Dies ist eine sehr abwechslungsreiche Tour mit einem hohen Singletrailanteil und\u00a0 zwei steilen (Schiebe)Passagen&#8230; weitere Daten siehe Karte unten Komoot! Beschreibung\/Verlauf: Buttnich ist ein kleiner Ortsteil von Dagstuhl, ein Reitergeh\u00f6ft, gegen\u00fcber dem Bardenbacher Fels gelegen mit Blick in ein breites Primstal. Um Buttnich herum verl\u00e4uft auch ein Teil des &#8222;Weg &hellip; <\/p>\n<p class=\"link-more\"><a href=\"https:\/\/nmbiking.de\/wp\/?page_id=78677\" class=\"more-link\"><span class=\"screen-reader-text\">\u201eButtnich-Runde\u201c <\/span>weiterlesen<\/a><\/p>\n","protected":false},"author":65,"featured_media":0,"parent":0,"menu_order":0,"comment_status":"closed","ping_status":"closed","template":"","meta":{"footnotes":""},"class_list":["post-78677","page","type-page","status-publish","hentry"],"_links":{"self":[{"href":"https:\/\/nmbiking.de\/wp\/index.php?rest_route=\/wp\/v2\/pages\/78677","targetHints":{"allow":["GET"]}}],"collection":[{"href":"https:\/\/nmbiking.de\/wp\/index.php?rest_route=\/wp\/v2\/pages"}],"about":[{"href":"https:\/\/nmbiking.de\/wp\/index.php?rest_route=\/wp\/v2\/types\/page"}],"author":[{"embeddable":true,"href":"https:\/\/nmbiking.de\/wp\/index.php?rest_route=\/wp\/v2\/users\/65"}],"replies":[{"embeddable":true,"href":"https:\/\/nmbiking.de\/wp\/index.php?rest_route=%2Fwp%2Fv2%2Fcomments&post=78677"}],"version-history":[{"count":4,"href":"https:\/\/nmbiking.de\/wp\/index.php?rest_route=\/wp\/v2\/pages\/78677\/revisions"}],"predecessor-version":[{"id":81806,"href":"https:\/\/nmbiking.de\/wp\/index.php?rest_route=\/wp\/v2\/pages\/78677\/revisions\/81806"}],"wp:attachment":[{"href":"https:\/\/nmbiking.de\/wp\/index.php?rest_route=%2Fwp%2Fv2%2Fmedia&parent=78677"}],"curies":[{"name":"wp","href":"https:\/\/api.w.org\/{rel}","templated":true}]}}