{"id":77828,"date":"2022-05-16T17:08:26","date_gmt":"2022-05-16T16:08:26","guid":{"rendered":"https:\/\/nmbiking.de\/wp\/?page_id=77828"},"modified":"2022-05-16T17:08:26","modified_gmt":"2022-05-16T16:08:26","slug":"wegekreuze-3","status":"publish","type":"page","link":"https:\/\/nmbiking.de\/wp\/?page_id=77828","title":{"rendered":"Wegekreuze"},"content":{"rendered":"<p>&#8230; ein Thema, das nicht jedermanns Sache ist, muss ja auch nicht sein. Der Beitrag erscheint heute nicht nur, weil Sonntag ist, sondern weil die Sonntagstour ausf\u00e4llt wegen einer Knieverletzung, die ich mir gestern beim Arbeiten in der Werkstatt f\u00fcr Fl\u00fcchtlingen zugezogen habe&#8230;<!--more--><\/p>\n<p>Wegekreuze sind nicht nur religi\u00f6se Symbole, sondern haben meist eine Geschichte zu erz\u00e4hlen, die man oft auch  auf einer Infotafel beim Kreuz findet. Es lohnt sich aber auch, Wegekreuze anzusteuern wegen ihrer Lage oder ihrer kunstvollen Gestaltung oder wegen ihres ehrw\u00fcrdigen Alters&#8230;<br \/>\nViele Kreuze sind uns in den letzten drei\u00dfig Jahren Mountainbikens &#8222;unter die R\u00e4der gekommen&#8220;, von vielen gibt es nur Fotos, selten war ein Wegekreuz Ziel einer Tour. Also werden im Folgenden Berichte aufgef\u00fchrt, in denen ein Kreuz zumindest eine Rolle spielt:<\/p>\n<p><strong><a href=\"https:\/\/nmbiking.de\/wp\/?p=37023\">Kreuzgeschichten<\/a> eine Einleitung<br \/>\n<a href=\"https:\/\/nmbiking.de\/wp\/?p=49794\">Am Wei\u00dfen Kreuz<\/a> Schmelz<br \/>\n<a href=\"https:\/\/nmbiking.de\/wp\/?p=70330\">Mordkreuz<\/a> Greimerath<br \/>\n<a href=\"https:\/\/nmbiking.de\/wp\/?page_id=35230\">Kreuz vor Lebach<\/a> Radtour mit Fl\u00fcchtlingen<br \/>\n<a href=\"https:\/\/nmbiking.de\/wp\/?p=63402\">Eulenkreuz<\/a><\/strong><br \/>\n<a href=\"https:\/\/nmbiking.de\/wp\/?p=21717\">Blumenkreuz<\/a><\/p>\n","protected":false},"excerpt":{"rendered":"<p>&#8230; ein Thema, das nicht jedermanns Sache ist, muss ja auch nicht sein. Der Beitrag erscheint heute nicht nur, weil Sonntag ist, sondern weil die Sonntagstour ausf\u00e4llt wegen einer Knieverletzung, die ich mir gestern beim Arbeiten in der Werkstatt f\u00fcr Fl\u00fcchtlingen zugezogen habe&#8230;<\/p>\n","protected":false},"author":65,"featured_media":0,"parent":0,"menu_order":0,"comment_status":"closed","ping_status":"closed","template":"","meta":{"footnotes":""},"class_list":["post-77828","page","type-page","status-publish","hentry"],"_links":{"self":[{"href":"https:\/\/nmbiking.de\/wp\/index.php?rest_route=\/wp\/v2\/pages\/77828","targetHints":{"allow":["GET"]}}],"collection":[{"href":"https:\/\/nmbiking.de\/wp\/index.php?rest_route=\/wp\/v2\/pages"}],"about":[{"href":"https:\/\/nmbiking.de\/wp\/index.php?rest_route=\/wp\/v2\/types\/page"}],"author":[{"embeddable":true,"href":"https:\/\/nmbiking.de\/wp\/index.php?rest_route=\/wp\/v2\/users\/65"}],"replies":[{"embeddable":true,"href":"https:\/\/nmbiking.de\/wp\/index.php?rest_route=%2Fwp%2Fv2%2Fcomments&post=77828"}],"version-history":[{"count":1,"href":"https:\/\/nmbiking.de\/wp\/index.php?rest_route=\/wp\/v2\/pages\/77828\/revisions"}],"predecessor-version":[{"id":77829,"href":"https:\/\/nmbiking.de\/wp\/index.php?rest_route=\/wp\/v2\/pages\/77828\/revisions\/77829"}],"wp:attachment":[{"href":"https:\/\/nmbiking.de\/wp\/index.php?rest_route=%2Fwp%2Fv2%2Fmedia&parent=77828"}],"curies":[{"name":"wp","href":"https:\/\/api.w.org\/{rel}","templated":true}]}}