{"id":77716,"date":"2022-05-07T08:37:02","date_gmt":"2022-05-07T07:37:02","guid":{"rendered":"https:\/\/nmbiking.de\/wp\/?page_id=77716"},"modified":"2022-05-07T08:37:02","modified_gmt":"2022-05-07T07:37:02","slug":"historische-orte","status":"publish","type":"page","link":"https:\/\/nmbiking.de\/wp\/?page_id=77716","title":{"rendered":"Historische Orte"},"content":{"rendered":"<p>Auch das geh\u00f6rt zum Mountainbiken dazu: sich f\u00fcr Geschichte und Kultur des eignen Landes zu interessieren (und vielleicht auch f\u00fcr die anderer L\u00e4nder&#8230;) So sto\u00dfen wir mit dem Mountainbike bei unseren Touren immer wieder auf Orte mit historischer Bedeutung. Einige uns bekannte sind im Folgenden aufgelistet und werden nach und nach genauer beschrieben:<!--more--><\/p>\n<p>\u00dcbersicht historische Orte im Saarland:<br \/>\n<strong>1 Schloss M\u00fcnchweiler, Wadern<br \/>\n2 Schloss Buseck, Eppelborn<br \/>\n3 Reicharbeitslager Hochwald, Scheiden<br \/>\n4 <a href=\"https:\/\/nmbiking.de\/wp\/?p=63437\">Sudelfels<\/a> Niedaltdorf<br \/>\n5 <a href=\"https:\/\/nmbiking.de\/wp\/?p=55196\">Pferdetr\u00e4nke Hoxberg<\/a> Lebach<\/strong><br \/>\n&#8230;<\/p>\n<p><a href=\"https:\/\/nmbiking.de\/wp\/wp-content\/uploads\/2020\/04\/april20_338.jpg\"><img decoding=\"async\" src=\"https:\/\/nmbiking.de\/wp\/wp-content\/uploads\/2020\/04\/april20_338.jpg\" alt=\"\" width=\"700\" <\/a\/><\/a><\/p>\n","protected":false},"excerpt":{"rendered":"<p>Auch das geh\u00f6rt zum Mountainbiken dazu: sich f\u00fcr Geschichte und Kultur des eignen Landes zu interessieren (und vielleicht auch f\u00fcr die anderer L\u00e4nder&#8230;) So sto\u00dfen wir mit dem Mountainbike bei unseren Touren immer wieder auf Orte mit historischer Bedeutung. Einige uns bekannte sind im Folgenden aufgelistet und werden nach und nach genauer beschrieben:<\/p>\n","protected":false},"author":65,"featured_media":0,"parent":0,"menu_order":0,"comment_status":"closed","ping_status":"closed","template":"","meta":{"footnotes":""},"class_list":["post-77716","page","type-page","status-publish","hentry"],"_links":{"self":[{"href":"https:\/\/nmbiking.de\/wp\/index.php?rest_route=\/wp\/v2\/pages\/77716","targetHints":{"allow":["GET"]}}],"collection":[{"href":"https:\/\/nmbiking.de\/wp\/index.php?rest_route=\/wp\/v2\/pages"}],"about":[{"href":"https:\/\/nmbiking.de\/wp\/index.php?rest_route=\/wp\/v2\/types\/page"}],"author":[{"embeddable":true,"href":"https:\/\/nmbiking.de\/wp\/index.php?rest_route=\/wp\/v2\/users\/65"}],"replies":[{"embeddable":true,"href":"https:\/\/nmbiking.de\/wp\/index.php?rest_route=%2Fwp%2Fv2%2Fcomments&post=77716"}],"version-history":[{"count":1,"href":"https:\/\/nmbiking.de\/wp\/index.php?rest_route=\/wp\/v2\/pages\/77716\/revisions"}],"predecessor-version":[{"id":77718,"href":"https:\/\/nmbiking.de\/wp\/index.php?rest_route=\/wp\/v2\/pages\/77716\/revisions\/77718"}],"wp:attachment":[{"href":"https:\/\/nmbiking.de\/wp\/index.php?rest_route=%2Fwp%2Fv2%2Fmedia&parent=77716"}],"curies":[{"name":"wp","href":"https:\/\/api.w.org\/{rel}","templated":true}]}}