{"id":77642,"date":"2022-05-05T08:12:57","date_gmt":"2022-05-05T07:12:57","guid":{"rendered":"https:\/\/nmbiking.de\/wp\/?page_id=77642"},"modified":"2022-05-05T08:24:25","modified_gmt":"2022-05-05T07:24:25","slug":"felsen-und-felsgruppen","status":"publish","type":"page","link":"https:\/\/nmbiking.de\/wp\/?page_id=77642","title":{"rendered":"Felsen und Felsgruppen"},"content":{"rendered":"<p>&#8230; eine weitere geologische Formation, die einen Mountainbiker und Naturliebhaber begeistern kann, sind Felsen bzw. Felsgruppen. Auch davon gibt es in der n\u00e4heren Umgebung und im Saarland einige bemerkenswerte:<\/p>\n<p>\u00dcbersicht:<br \/>\n1 <a href=\"https:\/\/nmbiking.de\/wp\/?p=8090\">Rammenfels<\/a> Nunkirchen<br \/>\n2 <a href=\"https:\/\/nmbiking.de\/wp\/?p=32665\">Bardenbacher Fels<\/a> Wadern<br \/>\n3 Hochwald: B\u00e4renfels, Teufelsfelsen&#8230;)<br \/>\n4 <a href=\"https:\/\/nmbiking.de\/wp\/?p=70456\">Litermont<\/a> und Mondsteine<br \/>\n5 <a href=\"https:\/\/nmbiking.de\/wp\/?p=2736\">Schlittchen<\/a>L\u00f6stertal<br \/>\n6 Kaltenstein, Lebach<br \/>\n7 Steinrutsche, Eppelborn<br \/>\n8 Herrgottstein, Mettlach<\/p>\n<p>&#8230;<\/p>\n<p><a href=\"https:\/\/nmbiking.de\/wp\/wp-content\/uploads\/2022\/04\/startfoto_3335.jpg\"><img decoding=\"async\" src=\"https:\/\/nmbiking.de\/wp\/wp-content\/uploads\/2022\/04\/startfoto_3335.jpg\" alt=\"\" width=\"700\"  \/><\/a><\/p>\n","protected":false},"excerpt":{"rendered":"<p>&#8230; eine weitere geologische Formation, die einen Mountainbiker und Naturliebhaber begeistern kann, sind Felsen bzw. Felsgruppen. Auch davon gibt es in der n\u00e4heren Umgebung und im Saarland einige bemerkenswerte: \u00dcbersicht: 1 Rammenfels Nunkirchen 2 Bardenbacher Fels Wadern 3 Hochwald: B\u00e4renfels, Teufelsfelsen&#8230;) 4 Litermont und Mondsteine 5 SchlittchenL\u00f6stertal 6 Kaltenstein, Lebach 7 Steinrutsche, Eppelborn 8 Herrgottstein, &hellip; <\/p>\n<p class=\"link-more\"><a href=\"https:\/\/nmbiking.de\/wp\/?page_id=77642\" class=\"more-link\"><span class=\"screen-reader-text\">\u201eFelsen und Felsgruppen\u201c <\/span>weiterlesen<\/a><\/p>\n","protected":false},"author":65,"featured_media":0,"parent":0,"menu_order":0,"comment_status":"closed","ping_status":"closed","template":"","meta":{"footnotes":""},"class_list":["post-77642","page","type-page","status-publish","hentry"],"_links":{"self":[{"href":"https:\/\/nmbiking.de\/wp\/index.php?rest_route=\/wp\/v2\/pages\/77642","targetHints":{"allow":["GET"]}}],"collection":[{"href":"https:\/\/nmbiking.de\/wp\/index.php?rest_route=\/wp\/v2\/pages"}],"about":[{"href":"https:\/\/nmbiking.de\/wp\/index.php?rest_route=\/wp\/v2\/types\/page"}],"author":[{"embeddable":true,"href":"https:\/\/nmbiking.de\/wp\/index.php?rest_route=\/wp\/v2\/users\/65"}],"replies":[{"embeddable":true,"href":"https:\/\/nmbiking.de\/wp\/index.php?rest_route=%2Fwp%2Fv2%2Fcomments&post=77642"}],"version-history":[{"count":9,"href":"https:\/\/nmbiking.de\/wp\/index.php?rest_route=\/wp\/v2\/pages\/77642\/revisions"}],"predecessor-version":[{"id":77651,"href":"https:\/\/nmbiking.de\/wp\/index.php?rest_route=\/wp\/v2\/pages\/77642\/revisions\/77651"}],"wp:attachment":[{"href":"https:\/\/nmbiking.de\/wp\/index.php?rest_route=%2Fwp%2Fv2%2Fmedia&parent=77642"}],"curies":[{"name":"wp","href":"https:\/\/api.w.org\/{rel}","templated":true}]}}