{"id":77452,"date":"2022-04-26T07:35:46","date_gmt":"2022-04-26T06:35:46","guid":{"rendered":"https:\/\/nmbiking.de\/wp\/?page_id=77452"},"modified":"2022-05-05T07:06:32","modified_gmt":"2022-05-05T06:06:32","slug":"berge-und-erhebungen","status":"publish","type":"page","link":"https:\/\/nmbiking.de\/wp\/?page_id=77452","title":{"rendered":"Berge und Erhebungen"},"content":{"rendered":"<p>Sie geh\u00f6ren zum Mountain-biken nat\u00fcrlicherweise unbedingt dazu. Hohe Berge haben das Saarland und auch die Nachbarregionen nicht zu bieten. Da m\u00fcssen wir schon den Schwarzwald besuchen, die Vogesen oder in die Alpen fahren. Aber auch kleinere Berge heben uns \u00fcber den Alltag hinaus, da gen\u00fcgen durchaus 300m, um einen sch\u00f6nen Blick oder einen \u00dcberblick zu haben&#8230;<!--more--><\/p>\n<div class=\"su-note\"  style=\"border-color:#cebda6;border-radius:3px;-moz-border-radius:3px;-webkit-border-radius:3px;\"><div class=\"su-note-inner su-u-clearfix su-u-trim\" style=\"background-color:#e8d7c0;border-color:#ffffff;color:#333333;border-radius:3px;-moz-border-radius:3px;-webkit-border-radius:3px;\">\n\u00dcbersicht<br \/>\n<strong><br \/>\n1 <a href=\"https:\/\/nmbiking.de\/wp\/?p=53718\">Auschet (380m), Schmelz<\/a><br \/>\n2 Gro\u00dfer Horst, Schmelz<br \/>\n3 <a href=\"https:\/\/nmbiking.de\/wp\/?p=71683\">Oppener Kuppe und Eisenberg  (400m), Schmelz<\/a><br \/>\n4 Rosskopf (355m), Merzig<br \/>\n3 <a href=\"https:\/\/nmbiking.de\/wp\/?page_id=1511\">Hoxberg (414m), Lebach<\/a><br \/>\n4 Schaumberg (568m), St. Wendel<br \/>\n5 Benkelberg (564m), Sitzerath<br \/>\n6 Peterberg (544m), Braunshausen<br \/>\n6 Dollberg (695m), Nonnweiler<br \/>\n7 Judenkopf (517m), Greimerath<br \/>\n8 Schimmelkopf (695m), Weiskirchen<\/strong><br \/>\n&#8230;<br \/>\n<\/div><\/div>\n","protected":false},"excerpt":{"rendered":"<p>Sie geh\u00f6ren zum Mountain-biken nat\u00fcrlicherweise unbedingt dazu. Hohe Berge haben das Saarland und auch die Nachbarregionen nicht zu bieten. Da m\u00fcssen wir schon den Schwarzwald besuchen, die Vogesen oder in die Alpen fahren. Aber auch kleinere Berge heben uns \u00fcber den Alltag hinaus, da gen\u00fcgen durchaus 300m, um einen sch\u00f6nen Blick oder einen \u00dcberblick zu &hellip; <\/p>\n<p class=\"link-more\"><a href=\"https:\/\/nmbiking.de\/wp\/?page_id=77452\" class=\"more-link\"><span class=\"screen-reader-text\">\u201eBerge und Erhebungen\u201c <\/span>weiterlesen<\/a><\/p>\n","protected":false},"author":65,"featured_media":0,"parent":0,"menu_order":0,"comment_status":"closed","ping_status":"closed","template":"","meta":{"footnotes":""},"class_list":["post-77452","page","type-page","status-publish","hentry"],"_links":{"self":[{"href":"https:\/\/nmbiking.de\/wp\/index.php?rest_route=\/wp\/v2\/pages\/77452","targetHints":{"allow":["GET"]}}],"collection":[{"href":"https:\/\/nmbiking.de\/wp\/index.php?rest_route=\/wp\/v2\/pages"}],"about":[{"href":"https:\/\/nmbiking.de\/wp\/index.php?rest_route=\/wp\/v2\/types\/page"}],"author":[{"embeddable":true,"href":"https:\/\/nmbiking.de\/wp\/index.php?rest_route=\/wp\/v2\/users\/65"}],"replies":[{"embeddable":true,"href":"https:\/\/nmbiking.de\/wp\/index.php?rest_route=%2Fwp%2Fv2%2Fcomments&post=77452"}],"version-history":[{"count":9,"href":"https:\/\/nmbiking.de\/wp\/index.php?rest_route=\/wp\/v2\/pages\/77452\/revisions"}],"predecessor-version":[{"id":77615,"href":"https:\/\/nmbiking.de\/wp\/index.php?rest_route=\/wp\/v2\/pages\/77452\/revisions\/77615"}],"wp:attachment":[{"href":"https:\/\/nmbiking.de\/wp\/index.php?rest_route=%2Fwp%2Fv2%2Fmedia&parent=77452"}],"curies":[{"name":"wp","href":"https:\/\/api.w.org\/{rel}","templated":true}]}}