{"id":77449,"date":"2022-04-26T07:21:19","date_gmt":"2022-04-26T06:21:19","guid":{"rendered":"https:\/\/nmbiking.de\/wp\/?page_id=77449"},"modified":"2022-05-05T07:17:40","modified_gmt":"2022-05-05T06:17:40","slug":"seen-und-weiher","status":"publish","type":"page","link":"https:\/\/nmbiking.de\/wp\/?page_id=77449","title":{"rendered":"Seen und Weiher"},"content":{"rendered":"<p>&#8230; sind nat\u00fcrlich beliebte Tourenziele. Die kleinen und gr\u00f6\u00dferen stehenden Gew\u00e4sser ziehen uns magisch an. In der n\u00e4heren und weiteren Umgebung finden wir einige:<!--more--><\/p>\n<div class=\"su-note\"  style=\"border-color:#a6cbce;border-radius:3px;-moz-border-radius:3px;-webkit-border-radius:3px;\"><div class=\"su-note-inner su-u-clearfix su-u-trim\" style=\"background-color:#c0e5e8;border-color:#ffffff;color:#333333;border-radius:3px;-moz-border-radius:3px;-webkit-border-radius:3px;\">\n\u00dcbersicht:<br \/>\n1 Geisweiler Weiher, Schmelz &#8211; Michelbach<br \/>\n2 Noswendler Stausee<br \/>\n3 Losheimer Stausee<br \/>\n4 <a href=\"https:\/\/nmbiking.de\/wp\/?p=56549\">\u00d6kosee<\/a> Dillingen<br \/>\n5 <a href=\"https:\/\/nmbiking.de\/wp\/?page_id=88\">Bostalsee<\/a><br \/>\n6 Nonnweiler Stausee<br \/>\n&#8230;<br \/>\n<\/div><\/div>\n<p>Im Sommer bieten sie nat\u00fcrlich die Gelegenheit zum Baden, was bisher nur im Losheimer Stausee stattfand. Nach einer langen, hei\u00dfen Tour lag der See oft auf unserem R\u00fcckweg und wenn ich allein war, war ein kurzer Gang ins Wasser immer drin. War keine Badehose zur Hand, hat es die Radhose auch getan. Auf dem weitern R\u00fcckweg konnte sie dann k\u00fchlen und trocknen&#8230;<br \/>\nBesonders Weiher k\u00f6nnen Orte der Stille sein. So habe ich mir schon seit Jahren am Geisweiler Weiher einen solchen Meditationsplatz eingerichtet und nutze ihn oft. Aber auch um die Natur zu beobachten und zu genie\u00dfen: die Tiere, Tierstimmen, das Rauschen des Windes&#8230;<\/p>\n","protected":false},"excerpt":{"rendered":"<p>&#8230; sind nat\u00fcrlich beliebte Tourenziele. Die kleinen und gr\u00f6\u00dferen stehenden Gew\u00e4sser ziehen uns magisch an. In der n\u00e4heren und weiteren Umgebung finden wir einige:<\/p>\n","protected":false},"author":65,"featured_media":0,"parent":0,"menu_order":0,"comment_status":"closed","ping_status":"closed","template":"","meta":{"footnotes":""},"class_list":["post-77449","page","type-page","status-publish","hentry"],"_links":{"self":[{"href":"https:\/\/nmbiking.de\/wp\/index.php?rest_route=\/wp\/v2\/pages\/77449","targetHints":{"allow":["GET"]}}],"collection":[{"href":"https:\/\/nmbiking.de\/wp\/index.php?rest_route=\/wp\/v2\/pages"}],"about":[{"href":"https:\/\/nmbiking.de\/wp\/index.php?rest_route=\/wp\/v2\/types\/page"}],"author":[{"embeddable":true,"href":"https:\/\/nmbiking.de\/wp\/index.php?rest_route=\/wp\/v2\/users\/65"}],"replies":[{"embeddable":true,"href":"https:\/\/nmbiking.de\/wp\/index.php?rest_route=%2Fwp%2Fv2%2Fcomments&post=77449"}],"version-history":[{"count":6,"href":"https:\/\/nmbiking.de\/wp\/index.php?rest_route=\/wp\/v2\/pages\/77449\/revisions"}],"predecessor-version":[{"id":77638,"href":"https:\/\/nmbiking.de\/wp\/index.php?rest_route=\/wp\/v2\/pages\/77449\/revisions\/77638"}],"wp:attachment":[{"href":"https:\/\/nmbiking.de\/wp\/index.php?rest_route=%2Fwp%2Fv2%2Fmedia&parent=77449"}],"curies":[{"name":"wp","href":"https:\/\/api.w.org\/{rel}","templated":true}]}}