{"id":77432,"date":"2022-04-30T13:57:50","date_gmt":"2022-04-30T12:57:50","guid":{"rendered":"https:\/\/nmbiking.de\/wp\/?page_id=77432"},"modified":"2022-04-30T13:57:50","modified_gmt":"2022-04-30T12:57:50","slug":"die-baeume-rufen","status":"publish","type":"page","link":"https:\/\/nmbiking.de\/wp\/?page_id=77432","title":{"rendered":"Die B\u00e4ume rufen"},"content":{"rendered":"<p>&#8230; und wir fahren mal hin, um zu sehen und zu h\u00f6ren, was sie zu sagen haben&#8230;<br \/>\nB\u00e4ume sind etwas ganz Besonderes auf unserem Planeten. Sie sind ein ganzes \u00d6kosystem, sie haben eine besondere Ausstrahlung &#8211; und spenden uns Schatten&#8230;<br \/>\nJe \u00e4lter sie sind, desto sch\u00f6ner k\u00f6nnen sie sein, desto imposanter sind sie. Schon seit einigen Jahren bin ich auf der Suche nach besonderen B\u00e4umen im Saarland. Sie sind selten und stehen oft an stark frequentierten Stellen und Pl\u00e4tzen. Aber einige haben sich auch still irgendwo in der Landschaft versteckt, man muss sie suchen.<\/p>\n<p>Wie bei den anderen Tourenzielen gibt es zuerst eine Auflistung der mir bekannten B\u00e4ume und dann die Tour dorthin:<\/p>\n<p>\u00dcbersicht<br \/>\n1 <a href=\"https:\/\/nmbiking.de\/wp\/?p=50763\">Der alte Kirschbaum auf dem Eisenberg<\/a> L\u00fcckner<br \/>\n2 Die dicke Eiche im Gro\u00dfen Horst. Schmelz<br \/>\n3 Gerichtslinde, Schmelz-Michelbach<br \/>\n4 Richteiche, St. Ganggolf<br \/>\n5 Taubeneiche, Hofgut Imsbach<br \/>\n6 <a href=\"https:\/\/nmbiking.de\/wp\/?p=45692\">Roteiche und andere<\/a> Saareck, Mettlach<\/p>\n","protected":false},"excerpt":{"rendered":"<p>&#8230; und wir fahren mal hin, um zu sehen und zu h\u00f6ren, was sie zu sagen haben&#8230; B\u00e4ume sind etwas ganz Besonderes auf unserem Planeten. Sie sind ein ganzes \u00d6kosystem, sie haben eine besondere Ausstrahlung &#8211; und spenden uns Schatten&#8230; Je \u00e4lter sie sind, desto sch\u00f6ner k\u00f6nnen sie sein, desto imposanter sind sie. Schon seit &hellip; <\/p>\n<p class=\"link-more\"><a href=\"https:\/\/nmbiking.de\/wp\/?page_id=77432\" class=\"more-link\"><span class=\"screen-reader-text\">\u201eDie B\u00e4ume rufen\u201c <\/span>weiterlesen<\/a><\/p>\n","protected":false},"author":65,"featured_media":0,"parent":0,"menu_order":0,"comment_status":"closed","ping_status":"closed","template":"","meta":{"footnotes":""},"class_list":["post-77432","page","type-page","status-publish","hentry"],"_links":{"self":[{"href":"https:\/\/nmbiking.de\/wp\/index.php?rest_route=\/wp\/v2\/pages\/77432","targetHints":{"allow":["GET"]}}],"collection":[{"href":"https:\/\/nmbiking.de\/wp\/index.php?rest_route=\/wp\/v2\/pages"}],"about":[{"href":"https:\/\/nmbiking.de\/wp\/index.php?rest_route=\/wp\/v2\/types\/page"}],"author":[{"embeddable":true,"href":"https:\/\/nmbiking.de\/wp\/index.php?rest_route=\/wp\/v2\/users\/65"}],"replies":[{"embeddable":true,"href":"https:\/\/nmbiking.de\/wp\/index.php?rest_route=%2Fwp%2Fv2%2Fcomments&post=77432"}],"version-history":[{"count":3,"href":"https:\/\/nmbiking.de\/wp\/index.php?rest_route=\/wp\/v2\/pages\/77432\/revisions"}],"predecessor-version":[{"id":77556,"href":"https:\/\/nmbiking.de\/wp\/index.php?rest_route=\/wp\/v2\/pages\/77432\/revisions\/77556"}],"wp:attachment":[{"href":"https:\/\/nmbiking.de\/wp\/index.php?rest_route=%2Fwp%2Fv2%2Fmedia&parent=77432"}],"curies":[{"name":"wp","href":"https:\/\/api.w.org\/{rel}","templated":true}]}}