{"id":77395,"date":"2022-04-25T06:30:43","date_gmt":"2022-04-25T05:30:43","guid":{"rendered":"https:\/\/nmbiking.de\/wp\/?page_id=77395"},"modified":"2022-05-05T07:07:02","modified_gmt":"2022-05-05T06:07:02","slug":"burgen-und-ruinen","status":"publish","type":"page","link":"https:\/\/nmbiking.de\/wp\/?page_id=77395","title":{"rendered":"Burgen und Ruinen"},"content":{"rendered":"<p><strong>&#8230;im Saarland und angrenzenden Regionen<\/strong><br \/>\n\u00c4hnlich wie bei den Kapellen-Touren geht es nun darum, die Burgen und Ruinen als Tourenziele vorzustellen. Wir k\u00f6nnen in unserer Region nat\u00fcrlich nicht mit Rhein und Mosel und den dort zahlreich stehenden Burgen konkurrieren, aber einige sch\u00f6ne und interessante Ziele k\u00f6nnen wir ansteuern.<\/p>\n<p><em>Von den erhaltenen Sehensw\u00fcrdigkeiten reicht die Geschichte 4000 Jahre zur\u00fcck. Im Saarland stehen nicht nur bedeutende r\u00f6mische und mittelalterliche Baudenkm\u00e4ler, sondern auch Rekordhalter wie der gr\u00f6\u00dfte Hinkelstein Mitteleuropas. Zudem st\u00f6\u00dft man auf einige Spuren der Kelten. Auf der kleinen Fl\u00e4che haben sich vor allem Burgruinen erhalten, die heute dem Tourismus zur Verf\u00fcgung stehen.<\/em> (burgenarchiv.de)<\/p>\n<div class=\"su-note\"  style=\"border-color:#bacea6;border-radius:3px;-moz-border-radius:3px;-webkit-border-radius:3px;\"><div class=\"su-note-inner su-u-clearfix su-u-trim\" style=\"background-color:#d4e8c0;border-color:#ffffff;color:#333333;border-radius:3px;-moz-border-radius:3px;-webkit-border-radius:3px;\">\n<strong>Die \u00dcbersicht:<\/strong><br \/>\n1  <a href=\"https:\/\/nmbiking.de\/wp\/?p=55269\">Dagstuhl<\/a> Wadern<br \/>\n2  <a href=\"https:\/\/nmbiking.de\/wp\/?p=12292\">Schwarzenberg<\/a> Wadern<br \/>\n3  <a href:\"https:\/\/nmbiking.de\/wp\/?p=64670\">Kerpen<\/a> Illingen<br \/>\n4  <a href=\"https:\/\/nmbiking.de\/wp\/?page_id=1663\">Montclair<\/a> Mettlach<br \/>\n5  <a href=\"https:\/\/nmbiking.de\/wp\/?page_id=2521\">Siersburg<\/a><br \/>\n6  <a href=\"https:\/\/nmbiking.de\/wp\/?page_id=8178\">Teufelsburg<\/a> Saarlouis<br \/>\n7  Saarfels, Mettlach<br \/>\n8  Kirkel<br \/>\n9  Grimburg, Grimburg (RhPf)<br \/>\n10 Malbroux, FR<br \/>\nnoch zu erkunden:<br \/>\n11 Liebenburg, St. Wendel<br \/>\n12 Bucherbach, K\u00f6llerbach<br \/>\n<\/div><\/div>\n","protected":false},"excerpt":{"rendered":"<p>&#8230;im Saarland und angrenzenden Regionen \u00c4hnlich wie bei den Kapellen-Touren geht es nun darum, die Burgen und Ruinen als Tourenziele vorzustellen. Wir k\u00f6nnen in unserer Region nat\u00fcrlich nicht mit Rhein und Mosel und den dort zahlreich stehenden Burgen konkurrieren, aber einige sch\u00f6ne und interessante Ziele k\u00f6nnen wir ansteuern. Von den erhaltenen Sehensw\u00fcrdigkeiten reicht die Geschichte &hellip; <\/p>\n<p class=\"link-more\"><a href=\"https:\/\/nmbiking.de\/wp\/?page_id=77395\" class=\"more-link\"><span class=\"screen-reader-text\">\u201eBurgen und Ruinen\u201c <\/span>weiterlesen<\/a><\/p>\n","protected":false},"author":65,"featured_media":0,"parent":0,"menu_order":0,"comment_status":"closed","ping_status":"closed","template":"","meta":{"footnotes":""},"class_list":["post-77395","page","type-page","status-publish","hentry"],"_links":{"self":[{"href":"https:\/\/nmbiking.de\/wp\/index.php?rest_route=\/wp\/v2\/pages\/77395","targetHints":{"allow":["GET"]}}],"collection":[{"href":"https:\/\/nmbiking.de\/wp\/index.php?rest_route=\/wp\/v2\/pages"}],"about":[{"href":"https:\/\/nmbiking.de\/wp\/index.php?rest_route=\/wp\/v2\/types\/page"}],"author":[{"embeddable":true,"href":"https:\/\/nmbiking.de\/wp\/index.php?rest_route=\/wp\/v2\/users\/65"}],"replies":[{"embeddable":true,"href":"https:\/\/nmbiking.de\/wp\/index.php?rest_route=%2Fwp%2Fv2%2Fcomments&post=77395"}],"version-history":[{"count":11,"href":"https:\/\/nmbiking.de\/wp\/index.php?rest_route=\/wp\/v2\/pages\/77395\/revisions"}],"predecessor-version":[{"id":77407,"href":"https:\/\/nmbiking.de\/wp\/index.php?rest_route=\/wp\/v2\/pages\/77395\/revisions\/77407"}],"wp:attachment":[{"href":"https:\/\/nmbiking.de\/wp\/index.php?rest_route=%2Fwp%2Fv2%2Fmedia&parent=77395"}],"curies":[{"name":"wp","href":"https:\/\/api.w.org\/{rel}","templated":true}]}}