{"id":7715,"date":"2010-08-06T16:29:58","date_gmt":"2010-08-06T15:29:58","guid":{"rendered":"https:\/\/nmbiking.de\/wp\/?page_id=7715"},"modified":"2023-05-16T11:42:16","modified_gmt":"2023-05-16T10:42:16","slug":"georgiweg","status":"publish","type":"page","link":"https:\/\/nmbiking.de\/wp\/?page_id=7715","title":{"rendered":"Georgiweg"},"content":{"rendered":"<ol>\nStrecke: L\u00fcckner, Georgiweg, Rappweiler, Weierweiler, Zwalbach, L\u00fcckner<br \/>\nDauer\/L\u00e4nge\/H\u00f6henmeter: 2 -3 Std \/ 36 km \/ 500 hm<br \/>\nWetter:  8 &#8211; 18 Grad, bew\u00f6lkt, Sonne\n<\/ol>\n<p>&nbsp;<\/p>\n<p>Diese Tour ist eine Kombination aus drei Wanderwegen: L\u00fccknerweg, Georgiweg, Zwei-T\u00e4ler-Weg&#8230;<\/p>\n<p>&nbsp;<\/p>\n<p>Starten kann man von <strong>Schmelz <\/strong>aus. Kaum ein Weg f\u00fchrt an <strong>Michelbach <\/strong>vorbei, dem &#8222;Tor zu den besten Hochw\u00e4lder Trails&#8220;&#8230;<br \/>\nWie bekannt geht es zuerst durch den <strong>L\u00fcckner <\/strong>zur Dellborner M\u00fchle, entweder oben herum oder untern am <strong>Rammenfels <\/strong>vorbei mit einem kleinen St\u00fcck <strong>L\u00fccknerweg<\/strong>.<\/p>\n<p>&nbsp;<\/p>\n<p>An der <strong>Dellborner M\u00fchle<\/strong> vorbei m\u00fcssen wir \u00fcber die <strong>Hauptstra\u00dfe <\/strong>(Richtung Losheim) und biegen dann rechts in den bekannten Weg zur Sandgrube ein. (Auf der Karte oben ist eine Alternative eingeziechnet: Nach der Stra\u00dfe ganz rechts einbiegen, am Sch\u00e4ferhaus vorbei und zur Sandgrube dann links hoch). An der <strong>Sandgrube <\/strong>geht es dann links ab und wir sto\u00dfen im Wald auf den ausgeschilderten <strong>Georgiweg<\/strong>.<br \/>\nAn an Rittscheidh\u00fctte vorbei, dann beginnt ein erstes St\u00fcck Trail. Es f\u00fchrt uns bald \u00fcber Wiesen an <strong>Mitlosheim <\/strong>vorbei. Durch nasses Gel\u00e4nde mit schmalen Stegen kommen wir zum <strong>H\u00f6lzbach <\/strong>. Den \u00fcberqueren wir und fahren dann links ab und oberhalb von selbigem einen sch\u00f6n Trail in Richtung Rappweiler.<\/p>\n<p>&nbsp;<\/p>\n<p>In <strong>Rappweiler <\/strong>fahren wir direkt am <strong>Cafe Hochwald<\/strong> die Stra\u00dfe rein, die nicht weiterzuf\u00fchren scheint. Links herum und am Ortsrand vorbei bis hoch zum <strong>Buchheimer Kapellchen<\/strong>.<br \/>\nDer breite Weg f\u00fchrt uns hoch in Richtung Tiergehege. Im Wald an der Barriere biegen wir aber links ab und sto\u00dfen hinter den G\u00e4rten von <strong>Zwalbach <\/strong>auf den <strong>Zwei-T\u00e4ler-Weg<\/strong>. Ihm folgen wir bergauf: schwei\u00dftreibend und technisch knifflig. Oben angekommen folgen wir dem breiten Weg hundert Meter bergauf und biegen dann rechts in einen <strong>Pferdetrail <\/strong>ein. Nicht bis zur Bank hochfahren!<\/p>\n<p>&nbsp;<\/p>\n<p>Diesem leider oft schlechten Trail folgen wir bergab bis zu einem breiteren Weg. Vielleicht steht das <strong>Holzm\u00e4nnchen <\/strong>noch. Dort links abbiegen und dann an allen Kreuzungen immer geradeaus bis zur <strong>Unterf\u00fchrung <\/strong>der Hauptstra\u00dfe nach Weiskirchen. Drunter durchfahren bis zum <strong>Teerstr\u00e4\u00dfchen<\/strong>, das von Weiskirchen herunter kommt und nach Weierweiler f\u00fchrt. Wir folgen dem Str\u00e4\u00dfchen nach rechts, an einer Kreuzung vorbei und achten auf das  Schild zum Georgiweg. Ein interessanter Trail bringt uns zum Weiher des <strong>Campingplatzes Weierweiler<\/strong>.<\/p>\n<p>&nbsp;<\/p>\n<p>Auf der Teerstra\u00dfe vorm Ort gleich links einbiegen und bis zum n\u00e4chsten Schild rechts in eine feuchte Wiese hinunter. Wir \u00fcberqueren die Stra\u00dfe und auf der anderen Seite f\u00fchrt der Weg am Bach weiter. Wir sto\u00dfen hinter <strong>Weierweiler <\/strong>wieder auf ein Teerstr\u00e4\u00dfchen, dem wir links folgen, n\u00e4chster Weg dann rechts in den Wald. Dort biegen wir links ab, an einem kleinen <strong>Waldweiher <\/strong>vorbei.<br \/>\nDie gute Beschilderung leitet uns dann wieder bis zur Sandgrube Laux. Bevor wir ganz hochfahren, biegen wir rechts ab, an einem <strong>Steinkreuz <\/strong>vorbei und sto\u00dfen bald wieder auf einen Hauptweg.<br \/>\nIhm folgen wir nach links. Nach f\u00fcnzig Metern auf das Georgischild achten! <\/p>\n<p>&nbsp;<\/p>\n<p>Ein <strong>verwinkelter Trail<\/strong> (nichts f\u00fcr breite Lenker!) und eine steile Abfahrt (<em>Aufgabe: ohne eine einzige Bremsspur bew\u00e4ltigen!<\/em>) bringen uns zum Hauptweg, der uns hergebracht hat. Wir fahren wir an der Sandgrube vorbei, geradeaus weiter bis zur  Dellborner M\u00fchle. Dort nehmen wir diesmal den oberen Weg. Dem breiten Weg folgend, sto\u00dfen wir in einer Spitzkehre wieder auf den L\u00fccknerweg. Ihm folgen wir einen Trail den Berg hoch und weiter bis zum <strong>Golfplatz Nunkirchen.<\/strong> Der R\u00fcckkkehr nach Schmelz steht nichts mehr im Wege, au\u00dfer der immer gef\u00e4hrlichen \u00dcberquerung der Todestrecke Oppen-Nunkirchen. Bitte Obacht geben!<br \/>\n(Stand 7\/2011)<\/p>\n<p>&nbsp;<\/p>\n<p><a rel=\"Lightbox\" title=\"Am Rammenfels\" href=\"https:\/\/nmbiking.de\/wp\/wp-content\/uploads\/2010\/08\/aug10_22.jpg \"><img decoding=\"async\" class=\"img\" src=\"https:\/\/nmbiking.de\/wp\/wp-content\/uploads\/2010\/08\/aug10_22.jpg\" alt=\"\" width=200 \/><\/a> <a rel=\"Lightbox\" title=\"Buchheimer Kapellchen\" href=\"https:\/\/nmbiking.de\/wp\/wp-content\/uploads\/2010\/08\/aug10_23.jpg \"><img decoding=\"async\" class=\"img\" src=\"https:\/\/nmbiking.de\/wp\/wp-content\/uploads\/2010\/08\/aug10_23.jpg\" alt=\"\" width=180 \/><\/a> <a rel=\"Lightbox\" title=\"Holzm\u00e4nnchen am Pferdtrail Zwalbach\" href=\"https:\/\/nmbiking.de\/wp\/wp-content\/uploads\/2010\/08\/aug10_24.jpg \"><img decoding=\"async\" class=\"img\" src=\"https:\/\/nmbiking.de\/wp\/wp-content\/uploads\/2010\/08\/aug10_24.jpg\" alt=\"\" width=170 \/><\/a> <\/p>\n<p>&nbsp;<\/p>\n<p><a title=\"Spiegelung im L\u00fccknerweg\" rel=\"Lightbox\" href=\"https:\/\/nmbiking.de\/wp\/wp-content\/uploads\/2010\/04\/april10_4.jpg \"><img decoding=\"async\" class=\"img\" src=\"https:\/\/nmbiking.de\/wp\/wp-content\/uploads\/2010\/04\/april10_4.jpg\" alt=\"\" width=160 \/><\/a> <a title=\"Am Losheimer Bach\" rel=\"Lightbox\" href=\"https:\/\/nmbiking.de\/wp\/wp-content\/uploads\/2010\/04\/april10_5.jpg\"><img decoding=\"async\" class=\"img\" src=\"https:\/\/nmbiking.de\/wp\/wp-content\/uploads\/2010\/04\/april10_5.jpg\" alt=\"\"width=200\/><\/a> <a title=\"Trailig am Bach entlang\" rel=\"Lightbox\" href=\"https:\/\/nmbiking.de\/wp\/wp-content\/uploads\/2010\/04\/april10_6.jpg\"><img decoding=\"async\" class=\"img\" src=\"https:\/\/nmbiking.de\/wp\/wp-content\/uploads\/2010\/04\/april10_6.jpg\" alt=\"\"width=190\/><\/a><\/p>\n<p><a title=\"Wasser fassen\" rel=\"Lightbox\" href=\"https:\/\/nmbiking.de\/wp\/wp-content\/uploads\/2010\/04\/april10_7.jpg \"><img decoding=\"async\" class=\"img\" src=\"https:\/\/nmbiking.de\/wp\/wp-content\/uploads\/2010\/04\/april10_7.jpg\" alt=\"\" width=180 \/><\/a> <a title=\"Schwerer Boden\" rel=\"Lightbox\" href=\"https:\/\/nmbiking.de\/wp\/wp-content\/uploads\/2010\/04\/april10_8.jpg\"><img decoding=\"async\" class=\"img\" src=\"https:\/\/nmbiking.de\/wp\/wp-content\/uploads\/2010\/04\/april10_8.jpg\" alt=\"\"width=200\/><\/a> <a title=\"Georgiweg\" rel=\"Lightbox\" href=\"https:\/\/nmbiking.de\/wp\/wp-content\/uploads\/2010\/04\/april10_9.jpg\"><img decoding=\"async\" class=\"img\" src=\"https:\/\/nmbiking.de\/wp\/wp-content\/uploads\/2010\/04\/april10_9.jpg\" alt=\"\"width=170\/><\/a><\/p>\n<p><a title=\"Durch die Bach\" rel=\"Lightbox\" href=\"https:\/\/nmbiking.de\/wp\/wp-content\/uploads\/2009\/07\/juli09_17b.jpg\"><img decoding=\"async\" class=\"img\" src=\"https:\/\/nmbiking.de\/wp\/wp-content\/uploads\/2009\/07\/juli09_17.jpg\" alt=\"\" width=\"200\" \/> <\/a> <a title=\"Lauter Schafe\" rel=\"Lightbox\" href=\"https:\/\/nmbiking.de\/wp\/wp-content\/uploads\/2009\/07\/juli09_18b.jpg\"><img decoding=\"async\" class=\"img\" src=\"https:\/\/nmbiking.de\/wp\/wp-content\/uploads\/2009\/07\/juli09_18.jpg\" alt=\"\" width=\"170\" \/> <\/a> <a title=\"Kirschen klauen\" rel=\"Lightbox\" href=\"https:\/\/nmbiking.de\/wp\/wp-content\/uploads\/2009\/07\/juli09_19b.jpg\"><img decoding=\"async\" class=\"img\" src=\"https:\/\/nmbiking.de\/wp\/wp-content\/uploads\/2009\/07\/juli09_19.jpg\" alt=\"\" width=\"180\" \/> <\/a><\/p>\n<p><a title=\"Zwei-T\u00e4ler-Weg\" rel=\"Lightbox\" href=\"https:\/\/nmbiking.de\/wp\/wp-content\/uploads\/2009\/07\/juli09_20b.jpg\"><img decoding=\"async\" class=\"img\" src=\"https:\/\/nmbiking.de\/wp\/wp-content\/uploads\/2009\/07\/juli09_20.jpg\" alt=\"\" width=\"200\" \/> <\/a> <a title=\"Georgi-Weg\" rel=\"Lightbox\" href=\"https:\/\/nmbiking.de\/wp\/wp-content\/uploads\/2009\/07\/juli09_21b.jpg\"><img decoding=\"async\" class=\"img\" src=\"https:\/\/nmbiking.de\/wp\/wp-content\/uploads\/2009\/07\/juli09_21.jpg\" alt=\"\" width=\"170\" \/> <\/a> <a title=\"Am J\u00e4gerweiher\" rel=\"Lightbox\" href=\"https:\/\/nmbiking.de\/wp\/wp-content\/uploads\/2009\/07\/juli09_22b.jpg\"><img decoding=\"async\" class=\"img\" src=\"https:\/\/nmbiking.de\/wp\/wp-content\/uploads\/2009\/07\/juli09_22.jpg\" alt=\"\" width=\"180\" \/> <\/a><\/p>\n<p>&nbsp;<\/p>\n<p>nbsp;<\/p>\n","protected":false},"excerpt":{"rendered":"<p>Strecke: L\u00fcckner, Georgiweg, Rappweiler, Weierweiler, Zwalbach, L\u00fcckner Dauer\/L\u00e4nge\/H\u00f6henmeter: 2 -3 Std \/ 36 km \/ 500 hm Wetter: 8 &#8211; 18 Grad, bew\u00f6lkt, Sonne &nbsp; Diese Tour ist eine Kombination aus drei Wanderwegen: L\u00fccknerweg, Georgiweg, Zwei-T\u00e4ler-Weg&#8230; &nbsp; Starten kann man von Schmelz aus. Kaum ein Weg f\u00fchrt an Michelbach vorbei, dem &#8222;Tor zu den besten &hellip; <\/p>\n<p class=\"link-more\"><a href=\"https:\/\/nmbiking.de\/wp\/?page_id=7715\" class=\"more-link\"><span class=\"screen-reader-text\">\u201eGeorgiweg\u201c <\/span>weiterlesen<\/a><\/p>\n","protected":false},"author":65,"featured_media":0,"parent":1435,"menu_order":0,"comment_status":"open","ping_status":"closed","template":"","meta":{"footnotes":""},"class_list":["post-7715","page","type-page","status-publish","hentry"],"_links":{"self":[{"href":"https:\/\/nmbiking.de\/wp\/index.php?rest_route=\/wp\/v2\/pages\/7715","targetHints":{"allow":["GET"]}}],"collection":[{"href":"https:\/\/nmbiking.de\/wp\/index.php?rest_route=\/wp\/v2\/pages"}],"about":[{"href":"https:\/\/nmbiking.de\/wp\/index.php?rest_route=\/wp\/v2\/types\/page"}],"author":[{"embeddable":true,"href":"https:\/\/nmbiking.de\/wp\/index.php?rest_route=\/wp\/v2\/users\/65"}],"replies":[{"embeddable":true,"href":"https:\/\/nmbiking.de\/wp\/index.php?rest_route=%2Fwp%2Fv2%2Fcomments&post=7715"}],"version-history":[{"count":1,"href":"https:\/\/nmbiking.de\/wp\/index.php?rest_route=\/wp\/v2\/pages\/7715\/revisions"}],"predecessor-version":[{"id":84209,"href":"https:\/\/nmbiking.de\/wp\/index.php?rest_route=\/wp\/v2\/pages\/7715\/revisions\/84209"}],"up":[{"embeddable":true,"href":"https:\/\/nmbiking.de\/wp\/index.php?rest_route=\/wp\/v2\/pages\/1435"}],"wp:attachment":[{"href":"https:\/\/nmbiking.de\/wp\/index.php?rest_route=%2Fwp%2Fv2%2Fmedia&parent=7715"}],"curies":[{"name":"wp","href":"https:\/\/api.w.org\/{rel}","templated":true}]}}