{"id":76374,"date":"2022-02-24T08:21:40","date_gmt":"2022-02-24T07:21:40","guid":{"rendered":"https:\/\/nmbiking.de\/wp\/?page_id=76374"},"modified":"2022-02-24T08:21:40","modified_gmt":"2022-02-24T07:21:40","slug":"valentinskapelle","status":"publish","type":"page","link":"https:\/\/nmbiking.de\/wp\/?page_id=76374","title":{"rendered":"Valentinskapelle"},"content":{"rendered":"<p>&#8230; liegt vor\/hinter D\u00fcppenweiler&#8230; Man kann so sch\u00f6n vor ihr auf der dort stehenden Bank in der Sonne sitzen. Und diese kleine Kapelle liegt oft am Weg unz\u00e4hliger Touren (siehe unten)<\/p>\n<p>Info:<br \/>\n<em>Der \u00dcberlieferung nach soll am Standort der Valentinuskapelle die kleine Kirche des im Drei\u00dfigj\u00e4hrigen Krieg zerst\u00f6rten Dorfes Oberweiler gestanden haben. Das Gewann tr\u00e4gt bis heute den Namen \u201eIm alten Dorf\u201c. \u00dcber die Geschichte dieser Kirche von Oberweiler ist wenig bekannt. Im Jahre 1153 wurde sie als Gotteshaus von Villari das erste Mal urkundlich erw\u00e4hnt&#8230;<br \/>\nAuf Betreiben des damaligen D\u00fcppenweiler Pfarrers Anton Canniv\u00e9 wurde in den Jahren 1858\/1859 an dieser historischen Stelle eine Feldkapelle gebaut, die man dem heiligen Valentin von Terni weihte. An der Position, an der sich heute der Altar der Kapelle befindet, hat sich \u2013 dem Lagerbuch der Pfarrei D\u00fcppenweiler zufolge \u2013 bis zu deren Bau eine gro\u00dfe Steinplatte erhalten, die der Altarstein der alten Kirche gewesen sein soll. Diese Steinplatte soll auch beim Bau der Kapelle 1858\/1859 wieder als Altarstein verwendet worden sein. Hierhin wallfahrteten die Bewohner von D\u00fcppenweiler und der Umgegend und legten nach der m\u00fcndlichen \u00dcberlieferung auf dem Altar ihre Votivgaben nieder.[3]\n<p>Wallfahrt<br \/>\nDer Wallfahrtsbrauch hat sich bis heute in der allj\u00e4hrlich durchgef\u00fchrten Prozession erhalten, die am Sonntag nach dem Valentinstag von der Pfarrkirche St. Leodegar in D\u00fcppenweiler zur Valentinuskapelle an der Au\u00dfener Stra\u00dfe f\u00fchrt. Nach alter Sitte wird dann Brot, Wasser und Salz unter Anrufung des heiligen Valentinus gegen Krankheiten von Mensch und Tier gesegnet.<\/p>\n<p>Brand und Wiederaufbau<br \/>\nBei einer Verbrennung von Schnittgut bei der Kapelle fing die Kapelle im Jahr 1922 Feuer und brannte bis auf die Au\u00dfenmauern ab. Erst im Jahr 1929 wurde ein Notdach mit Ziegeldeckung \u00fcber den Mauern errichtet. Die Kapellenwiederherstellung kam ins Stocken und die verwahrloste Gebetsst\u00e4tte diente umherziehenden Zigeunern als Notunterkunft. Pfarrer Arimont plante, die Kapelle aufzugeben und einen Neubau neben dem Kreuz am Nordhang des Litermontes neu zu errichten. Im Jahr 1931 gr\u00fcndete sich in D\u00fcppenweiler ein Pension\u00e4rsverein mit dem Ziel, die alte Kapelle gegen den Willen des Pfarrers wieder herzurichten. Die anfallenden Kosten wurden durch Haussammlungen bestritten. Dar\u00fcber hinaus wirkten zahlreiche Helfer ehrenamtlich beim Wiederaufbau mit. Das Dach deckte man neu ein. Das heutige Kreuz an der Eingangsfassade aus der Merziger Tonwarenfabrik von Villeroy &#038; Boch stammt aus dieser Zeit. Der D\u00fcppenweiler Pfarrer Arimont benedizierte die wiederhergestellte Gebetsst\u00e4tte im Jahr 1933.<\/em>(Wikipedia)<\/p>\n<hr \/>\n<p><a href=\"https:\/\/nmbiking.de\/wp\/wp-content\/uploads\/2019\/02\/feb19_134.jpg\"><img decoding=\"async\" src=\"https:\/\/nmbiking.de\/wp\/wp-content\/uploads\/2019\/02\/feb19_134.jpg\" alt=\"\" width=\"700\"  \/><\/a><\/p>\n<p>Touren:<br \/>\n<a href=\"https:\/\/nmbiking.de\/wp\/?p=55714\">Mund halten <\/a><br \/>\n<a href=\"https:\/\/nmbiking.de\/wp\/?p=53906\">Der aufgebrochene Opferstock<\/a><br \/>\n<a href=\"https:\/\/nmbiking.de\/wp\/?p=41487\">Germania-Trail<\/a><\/p>\n","protected":false},"excerpt":{"rendered":"<p>&#8230; liegt vor\/hinter D\u00fcppenweiler&#8230; Man kann so sch\u00f6n vor ihr auf der dort stehenden Bank in der Sonne sitzen. Und diese kleine Kapelle liegt oft am Weg unz\u00e4hliger Touren (siehe unten) Info: Der \u00dcberlieferung nach soll am Standort der Valentinuskapelle die kleine Kirche des im Drei\u00dfigj\u00e4hrigen Krieg zerst\u00f6rten Dorfes Oberweiler gestanden haben. Das Gewann tr\u00e4gt &hellip; <\/p>\n<p class=\"link-more\"><a href=\"https:\/\/nmbiking.de\/wp\/?page_id=76374\" class=\"more-link\"><span class=\"screen-reader-text\">\u201eValentinskapelle\u201c <\/span>weiterlesen<\/a><\/p>\n","protected":false},"author":65,"featured_media":0,"parent":0,"menu_order":0,"comment_status":"closed","ping_status":"closed","template":"","meta":{"footnotes":""},"class_list":["post-76374","page","type-page","status-publish","hentry"],"_links":{"self":[{"href":"https:\/\/nmbiking.de\/wp\/index.php?rest_route=\/wp\/v2\/pages\/76374","targetHints":{"allow":["GET"]}}],"collection":[{"href":"https:\/\/nmbiking.de\/wp\/index.php?rest_route=\/wp\/v2\/pages"}],"about":[{"href":"https:\/\/nmbiking.de\/wp\/index.php?rest_route=\/wp\/v2\/types\/page"}],"author":[{"embeddable":true,"href":"https:\/\/nmbiking.de\/wp\/index.php?rest_route=\/wp\/v2\/users\/65"}],"replies":[{"embeddable":true,"href":"https:\/\/nmbiking.de\/wp\/index.php?rest_route=%2Fwp%2Fv2%2Fcomments&post=76374"}],"version-history":[{"count":1,"href":"https:\/\/nmbiking.de\/wp\/index.php?rest_route=\/wp\/v2\/pages\/76374\/revisions"}],"predecessor-version":[{"id":76375,"href":"https:\/\/nmbiking.de\/wp\/index.php?rest_route=\/wp\/v2\/pages\/76374\/revisions\/76375"}],"wp:attachment":[{"href":"https:\/\/nmbiking.de\/wp\/index.php?rest_route=%2Fwp%2Fv2%2Fmedia&parent=76374"}],"curies":[{"name":"wp","href":"https:\/\/api.w.org\/{rel}","templated":true}]}}