{"id":76261,"date":"2022-02-16T15:35:41","date_gmt":"2022-02-16T14:35:41","guid":{"rendered":"https:\/\/nmbiking.de\/wp\/?page_id=76261"},"modified":"2022-02-16T15:35:57","modified_gmt":"2022-02-16T14:35:57","slug":"kapelle-hoechsten","status":"publish","type":"page","link":"https:\/\/nmbiking.de\/wp\/?page_id=76261","title":{"rendered":"Kapelle H\u00f6chsten"},"content":{"rendered":"<p><strong>Tourenbeschrieb:<\/strong><\/p>\n<p>Start: Schmelz<br \/>\nStrecke: Schmelz, Gro\u00dfer Horst, H\u00f6chsten, R\u00fcmmelbach, Schmelz<br \/>\nL\u00e4nge\/H\u00f6henmeter: ca 20 km \/ 330 hm<\/p>\n<p>Wir nehmen vom Adlerring aus den Teerweg hoch zur <strong>Renges-Kapelle<\/strong>. Gegen\u00fcber dem Parkplatz geht es rechts weiter, jetzt etwas flacher. An der n\u00e4chsten Abzweigung nehmen wir den <strong>unteren<\/strong> Weg! Bald sehen wir dann die <strong>Dicke Eiche<\/strong>. Ein Naturdenkmal: 350 Jahre alt, der S\u00e4mling soll aus dem 30-j\u00e4hrigen Krieg stammen. Dem Dicken ist das glatt zuzutrauen!<\/p>\n<p>F\u00fchrt der Weg dann nach rechts hinunter, fahren wir <strong>geradeaus<\/strong> in einen oft feuchten Weg durch einen lichten Erlenwald. Wir kommen am Waldrand heraus und sausen in schneller Abfahrt zum <strong>Parkplatz f\u00fcr Nordic Walker<\/strong>, dann vorbei am Weiher und steigen links in den Trail (&#8222;Klesen Weg&#8220;)ein, der parallel zur Hauptstra\u00dfe den Hang entlang f\u00fchrt. Oben geht es steil nach rechts runter und wir m\u00fcssen die gef\u00e4hrliche Hauptstra\u00dfe \u00fcberqueren, was man auch 100m weiter unten machen kann.<br \/>\nWir kommen dann wieder in den Wald und fahren bergauf, wobei wir dem sch\u00f6nen Tiefhumes-Trail folgen, bis wir aus dem Wald heraus kommen und auf das Teerstr\u00e4\u00dfchen nach H\u00f6chsten sto\u00dfen. Ihm folgen wir an H\u00f6chsten vorbei bis zum <strong>Cafe Waldfriede<\/strong>.<\/p>\n<p>Vor der Kapelle f\u00fchrt ein Trail an den Treppen vorbei nach unten. Hier gibt es eine Wasserstelle zum Auftanken. Wir m\u00fcssen dann \u00fcber die Teerstra\u00dfe weiter nach unten bis zum Eingang der Kies -und Sandgrube. Es gibt hier einen ziemlich versteckten Einstieg zu einen Trail, der parallel zur Hauptstra\u00dfe Richtung Gresaubach verl\u00e4uft &#8211; wie es hei\u00dft: von Saubacher\u00a0 Rentnern einmal angelegt. Er ist nicht immer gut fahrbar, aber auch zu Fu\u00df sehr interessant. Etwa in der Mitte muss nochmal ein Teerstr\u00e4\u00dfchen \u00fcberquert werden, dann f\u00fchrt er \u00e4hnlich wie bisher weiter. Er endet an der Bundesstra\u00dfe, der wir ein St\u00fcck folgen und dann links in einen Feldweg einbiegen, der nach R\u00fcmmelbach f\u00fchrt. Von dort aus folgen wir dem Radweg Richtung Gresaubach bis zur n\u00e4chsten Abzweigung nach links. Wir kommen auf die H\u00f6he in die N\u00e4he der Windr\u00e4der und k\u00f6nnen von hier aus nach Schmelz zur\u00fcck fahren&#8230;<\/p>\n<p>(aktualisiert 4\/18) &#8211; Mehr Daten auf <a href=\"https:\/\/www.komoot.de\/tour\/30817044\">Komoot<\/a><\/p>\n<div id='gallery-1' class='gallery galleryid-76261 gallery-columns-4 gallery-size-thumbnail'><figure class='gallery-item'>\n\t\t\t<div class='gallery-icon landscape'>\n\t\t\t\t<a href='https:\/\/nmbiking.de\/wp\/wp-content\/uploads\/2018\/03\/maerz18_147.jpg'><img loading=\"lazy\" decoding=\"async\" width=\"200\" height=\"97\" src=\"https:\/\/nmbiking.de\/wp\/wp-content\/uploads\/2018\/03\/maerz18_147-200x97.jpg\" class=\"attachment-thumbnail size-thumbnail\" alt=\"\" srcset=\"https:\/\/nmbiking.de\/wp\/wp-content\/uploads\/2018\/03\/maerz18_147-200x97.jpg 200w, https:\/\/nmbiking.de\/wp\/wp-content\/uploads\/2018\/03\/maerz18_147-300x145.jpg 300w, https:\/\/nmbiking.de\/wp\/wp-content\/uploads\/2018\/03\/maerz18_147-768x372.jpg 768w, https:\/\/nmbiking.de\/wp\/wp-content\/uploads\/2018\/03\/maerz18_147.jpg 1700w\" sizes=\"auto, 100vw\" \/><\/a>\n\t\t\t<\/div><\/figure><figure class='gallery-item'>\n\t\t\t<div class='gallery-icon landscape'>\n\t\t\t\t<a href='https:\/\/nmbiking.de\/wp\/wp-content\/uploads\/2018\/03\/maerz18_146.jpg'><img loading=\"lazy\" decoding=\"async\" width=\"200\" height=\"96\" src=\"https:\/\/nmbiking.de\/wp\/wp-content\/uploads\/2018\/03\/maerz18_146-200x96.jpg\" class=\"attachment-thumbnail size-thumbnail\" alt=\"\" srcset=\"https:\/\/nmbiking.de\/wp\/wp-content\/uploads\/2018\/03\/maerz18_146-200x96.jpg 200w, https:\/\/nmbiking.de\/wp\/wp-content\/uploads\/2018\/03\/maerz18_146-300x145.jpg 300w, https:\/\/nmbiking.de\/wp\/wp-content\/uploads\/2018\/03\/maerz18_146-768x370.jpg 768w, https:\/\/nmbiking.de\/wp\/wp-content\/uploads\/2018\/03\/maerz18_146.jpg 1700w\" sizes=\"auto, 100vw\" \/><\/a>\n\t\t\t<\/div><\/figure><figure class='gallery-item'>\n\t\t\t<div class='gallery-icon landscape'>\n\t\t\t\t<a href='https:\/\/nmbiking.de\/wp\/wp-content\/uploads\/2018\/03\/maerz18_148.jpg'><img loading=\"lazy\" decoding=\"async\" width=\"200\" height=\"108\" src=\"https:\/\/nmbiking.de\/wp\/wp-content\/uploads\/2018\/03\/maerz18_148-200x108.jpg\" class=\"attachment-thumbnail size-thumbnail\" alt=\"\" srcset=\"https:\/\/nmbiking.de\/wp\/wp-content\/uploads\/2018\/03\/maerz18_148-200x108.jpg 200w, https:\/\/nmbiking.de\/wp\/wp-content\/uploads\/2018\/03\/maerz18_148-300x163.jpg 300w, https:\/\/nmbiking.de\/wp\/wp-content\/uploads\/2018\/03\/maerz18_148-768x416.jpg 768w, https:\/\/nmbiking.de\/wp\/wp-content\/uploads\/2018\/03\/maerz18_148.jpg 1500w\" sizes=\"auto, 100vw\" \/><\/a>\n\t\t\t<\/div><\/figure><figure class='gallery-item'>\n\t\t\t<div class='gallery-icon landscape'>\n\t\t\t\t<a href='https:\/\/nmbiking.de\/wp\/wp-content\/uploads\/2018\/03\/maerz18_149.jpg'><img loading=\"lazy\" decoding=\"async\" width=\"200\" height=\"153\" src=\"https:\/\/nmbiking.de\/wp\/wp-content\/uploads\/2018\/03\/maerz18_149-200x153.jpg\" class=\"attachment-thumbnail size-thumbnail\" alt=\"\" srcset=\"https:\/\/nmbiking.de\/wp\/wp-content\/uploads\/2018\/03\/maerz18_149-200x153.jpg 200w, https:\/\/nmbiking.de\/wp\/wp-content\/uploads\/2018\/03\/maerz18_149-300x229.jpg 300w, https:\/\/nmbiking.de\/wp\/wp-content\/uploads\/2018\/03\/maerz18_149-768x586.jpg 768w, https:\/\/nmbiking.de\/wp\/wp-content\/uploads\/2018\/03\/maerz18_149.jpg 1100w\" sizes=\"auto, 100vw\" \/><\/a>\n\t\t\t<\/div><\/figure>\n\t\t<\/div>\n\n<p>&nbsp;<\/p>\n<div id='gallery-2' class='gallery galleryid-76261 gallery-columns-4 gallery-size-thumbnail'><figure class='gallery-item'>\n\t\t\t<div class='gallery-icon landscape'>\n\t\t\t\t<a href='https:\/\/nmbiking.de\/wp\/wp-content\/uploads\/2012\/04\/april12_51.jpg'><img loading=\"lazy\" decoding=\"async\" width=\"180\" height=\"76\" src=\"https:\/\/nmbiking.de\/wp\/wp-content\/uploads\/2012\/04\/april12_51-180x76.jpg\" class=\"attachment-thumbnail size-thumbnail\" alt=\"\" srcset=\"https:\/\/nmbiking.de\/wp\/wp-content\/uploads\/2012\/04\/april12_51-180x76.jpg 180w, https:\/\/nmbiking.de\/wp\/wp-content\/uploads\/2012\/04\/april12_51-300x128.jpg 300w, https:\/\/nmbiking.de\/wp\/wp-content\/uploads\/2012\/04\/april12_51-1024x436.jpg 1024w, https:\/\/nmbiking.de\/wp\/wp-content\/uploads\/2012\/04\/april12_51.jpg 1200w\" sizes=\"auto, 100vw\" \/><\/a>\n\t\t\t<\/div><\/figure><figure class='gallery-item'>\n\t\t\t<div class='gallery-icon landscape'>\n\t\t\t\t<a href='https:\/\/nmbiking.de\/wp\/wp-content\/uploads\/2012\/04\/april12_50.jpg'><img loading=\"lazy\" decoding=\"async\" width=\"180\" height=\"95\" src=\"https:\/\/nmbiking.de\/wp\/wp-content\/uploads\/2012\/04\/april12_50-180x95.jpg\" class=\"attachment-thumbnail size-thumbnail\" alt=\"\" srcset=\"https:\/\/nmbiking.de\/wp\/wp-content\/uploads\/2012\/04\/april12_50-180x95.jpg 180w, https:\/\/nmbiking.de\/wp\/wp-content\/uploads\/2012\/04\/april12_50-300x159.jpg 300w, https:\/\/nmbiking.de\/wp\/wp-content\/uploads\/2012\/04\/april12_50.jpg 1000w\" sizes=\"auto, 100vw\" \/><\/a>\n\t\t\t<\/div><\/figure><figure class='gallery-item'>\n\t\t\t<div class='gallery-icon landscape'>\n\t\t\t\t<a href='https:\/\/nmbiking.de\/wp\/wp-content\/uploads\/2012\/04\/april12_48.jpg'><img loading=\"lazy\" decoding=\"async\" width=\"180\" height=\"79\" src=\"https:\/\/nmbiking.de\/wp\/wp-content\/uploads\/2012\/04\/april12_48-180x79.jpg\" class=\"attachment-thumbnail size-thumbnail\" alt=\"\" srcset=\"https:\/\/nmbiking.de\/wp\/wp-content\/uploads\/2012\/04\/april12_48-180x79.jpg 180w, https:\/\/nmbiking.de\/wp\/wp-content\/uploads\/2012\/04\/april12_48-300x132.jpg 300w, https:\/\/nmbiking.de\/wp\/wp-content\/uploads\/2012\/04\/april12_48-1024x450.jpg 1024w, https:\/\/nmbiking.de\/wp\/wp-content\/uploads\/2012\/04\/april12_48.jpg 1200w\" sizes=\"auto, 100vw\" \/><\/a>\n\t\t\t<\/div><\/figure><figure class='gallery-item'>\n\t\t\t<div class='gallery-icon landscape'>\n\t\t\t\t<a href='https:\/\/nmbiking.de\/wp\/wp-content\/uploads\/2012\/04\/april12_47.jpg'><img loading=\"lazy\" decoding=\"async\" width=\"180\" height=\"171\" src=\"https:\/\/nmbiking.de\/wp\/wp-content\/uploads\/2012\/04\/april12_47-180x171.jpg\" class=\"attachment-thumbnail size-thumbnail\" alt=\"\" srcset=\"https:\/\/nmbiking.de\/wp\/wp-content\/uploads\/2012\/04\/april12_47-180x171.jpg 180w, https:\/\/nmbiking.de\/wp\/wp-content\/uploads\/2012\/04\/april12_47-300x285.jpg 300w, https:\/\/nmbiking.de\/wp\/wp-content\/uploads\/2012\/04\/april12_47.jpg 700w\" sizes=\"auto, 100vw\" \/><\/a>\n\t\t\t<\/div><\/figure>\n\t\t<\/div>\n\n<p>&nbsp;<\/p>\n<p>Touren zur\/rund um H\u00f6chsten:<br \/>\n<a href=\"https:\/\/nmbiking.de\/wp\/?p=13099\">Rundweg H\u00f6chsten<\/a><br \/>\n<a href=\"https:\/\/nmbiking.de\/wp\/?p=52041\">Blick auf H\u00f6chsten<\/a><\/p>\n","protected":false},"excerpt":{"rendered":"<p>Tourenbeschrieb: Start: Schmelz Strecke: Schmelz, Gro\u00dfer Horst, H\u00f6chsten, R\u00fcmmelbach, Schmelz L\u00e4nge\/H\u00f6henmeter: ca 20 km \/ 330 hm Wir nehmen vom Adlerring aus den Teerweg hoch zur Renges-Kapelle. Gegen\u00fcber dem Parkplatz geht es rechts weiter, jetzt etwas flacher. An der n\u00e4chsten Abzweigung nehmen wir den unteren Weg! Bald sehen wir dann die Dicke Eiche. Ein Naturdenkmal: &hellip; <\/p>\n<p class=\"link-more\"><a href=\"https:\/\/nmbiking.de\/wp\/?page_id=76261\" class=\"more-link\"><span class=\"screen-reader-text\">\u201eKapelle H\u00f6chsten\u201c <\/span>weiterlesen<\/a><\/p>\n","protected":false},"author":65,"featured_media":0,"parent":0,"menu_order":0,"comment_status":"closed","ping_status":"closed","template":"","meta":{"footnotes":""},"class_list":["post-76261","page","type-page","status-publish","hentry"],"_links":{"self":[{"href":"https:\/\/nmbiking.de\/wp\/index.php?rest_route=\/wp\/v2\/pages\/76261","targetHints":{"allow":["GET"]}}],"collection":[{"href":"https:\/\/nmbiking.de\/wp\/index.php?rest_route=\/wp\/v2\/pages"}],"about":[{"href":"https:\/\/nmbiking.de\/wp\/index.php?rest_route=\/wp\/v2\/types\/page"}],"author":[{"embeddable":true,"href":"https:\/\/nmbiking.de\/wp\/index.php?rest_route=\/wp\/v2\/users\/65"}],"replies":[{"embeddable":true,"href":"https:\/\/nmbiking.de\/wp\/index.php?rest_route=%2Fwp%2Fv2%2Fcomments&post=76261"}],"version-history":[{"count":5,"href":"https:\/\/nmbiking.de\/wp\/index.php?rest_route=\/wp\/v2\/pages\/76261\/revisions"}],"predecessor-version":[{"id":76266,"href":"https:\/\/nmbiking.de\/wp\/index.php?rest_route=\/wp\/v2\/pages\/76261\/revisions\/76266"}],"wp:attachment":[{"href":"https:\/\/nmbiking.de\/wp\/index.php?rest_route=%2Fwp%2Fv2%2Fmedia&parent=76261"}],"curies":[{"name":"wp","href":"https:\/\/api.w.org\/{rel}","templated":true}]}}