{"id":76232,"date":"2022-02-16T09:02:10","date_gmt":"2022-02-16T08:02:10","guid":{"rendered":"https:\/\/nmbiking.de\/wp\/?page_id=76232"},"modified":"2022-02-16T09:03:05","modified_gmt":"2022-02-16T08:03:05","slug":"donatuskapelle","status":"publish","type":"page","link":"https:\/\/nmbiking.de\/wp\/?page_id=76232","title":{"rendered":"Donatuskapelle"},"content":{"rendered":"<p>Start: Schmelz\/Lebach<br \/>\nStrecke: Dellborner M\u00fchle, Niederlosheim, Donatuskapelle, Waldhof, Rimlingen<br \/>\nL\u00e4nge\/H\u00f6henmeter: 35 km \/ 580 hm (ab Michelbach)<\/p>\n<p>Von Schmelz aus geht es wie bekannt am Steinbruch vorbei nach Michelbach. An der Grundschule vorbei fahren wir auf die H\u00f6he zum Michelbacher &#8222;<strong>Bassin<\/strong>&#8222;, einem Unterstell- und Grillplatz mit Blick geradeaus auf den <strong>L\u00fcckner<\/strong>. Ein gem\u00fctliches Teerstr\u00e4\u00dfchen bringt uns bis zum Wald  und weiter bis zum <strong>Golfplatz <\/strong> Nunkirchen. Wir umrunden die Golfanlage und kommen zum <strong>Tiergehege <\/strong>Nunkirchen mit dem gro\u00dfen Damwildbestand. Am Weiher und der <strong>Tennisanlage <\/strong>vorbei kommen wir zum <strong>Radweg<\/strong>, der uns am <strong>Losheimer Bach<\/strong> entlang f\u00fchrt. Bei trockenem Wetter ist ab dem <strong>Rammenfels <\/strong>der Wanderweg direkt am Bach entlang zum empfehlen. Bald kommt man zur <strong> Dellborner M\u00fchle<\/strong>.<\/p>\n<p>Wir bleiben diesmal im Wald und fahren den Waldweg links weiter in Richtung <strong>Niederlosheim<\/strong>. Nach einer kleinen Steigung, an der Bank mit dem Blick auf den Hochwald, biegen wir links ab. Es geht etwas steil hoch, aber nicht lange. Hinter einem einsam stehenden Haus heraus kommend bleiben wir im Wald, halten uns also rechts und dann gleich links in einen schmalen Pfad einbiegen! Leicht bergab sausen wir diesen Singletrail im Zickzackkurs bis zum Sportplatz Niederlosheim bzw Schie\u00dfstand. Rechts herum geht es wieder in den Wald hinein. Wir kommen in Niederlosheim auf einer Pferdeweide heraus und fahren dann im Ort zweimal links herum. \u00dcber ein Wiesenst\u00fcck kommen wir zur Hauptstra\u00dfe, die nach Wahlen f\u00fchrt. Ihr folgen wir nach links  bis zur zweiten Stra\u00dfe, die rechts abgeht.<br \/>\nhinein. Wir sto\u00dfen auf einen geteerten Feldwirtschaftsweg, dem wir weiter bergauf folgen bis auf die H\u00f6he mit Blick auf den Hochwald. Kurz bevor wir auf die Hauptstra\u00dfe sto\u00dfen, f\u00fchrt ein Weg links rein. Ihm folgen wir, bis er auf die Hauptstra\u00dfe st\u00f6\u00dft. Auf der anderen Seite geht es weiter und bald ist unser Ziel in Sicht: die <strong>Donatus Kapelle<\/strong>.<br \/>\nVon hier oben hat man einen sch\u00f6nen Blick auf Losheim und den Hochwald.<\/p>\n<p>R\u00fcckweg: ganz nach Lust, Laune und Wetter. Entweder \u00fcber Losheim zum Stausee oder \u00fcber Rimlingen und den Waldhof&#8230;<\/p>\n<hr \/>\n<div id='gallery-1' class='gallery galleryid-76232 gallery-columns-4 gallery-size-thumbnail'><figure class='gallery-item'>\n\t\t\t<div class='gallery-icon landscape'>\n\t\t\t\t<a href='https:\/\/nmbiking.de\/wp\/wp-content\/uploads\/2022\/02\/feb22_65.jpg'><img loading=\"lazy\" decoding=\"async\" width=\"250\" height=\"250\" src=\"https:\/\/nmbiking.de\/wp\/wp-content\/uploads\/2022\/02\/feb22_65-250x250.jpg\" class=\"attachment-thumbnail size-thumbnail\" alt=\"\" srcset=\"https:\/\/nmbiking.de\/wp\/wp-content\/uploads\/2022\/02\/feb22_65-250x250.jpg 250w, https:\/\/nmbiking.de\/wp\/wp-content\/uploads\/2022\/02\/feb22_65-100x100.jpg 100w\" sizes=\"auto, 100vw\" \/><\/a>\n\t\t\t<\/div><\/figure><figure class='gallery-item'>\n\t\t\t<div class='gallery-icon landscape'>\n\t\t\t\t<a href='https:\/\/nmbiking.de\/wp\/wp-content\/uploads\/2022\/02\/feb22_48-1.jpg'><img loading=\"lazy\" decoding=\"async\" width=\"250\" height=\"250\" src=\"https:\/\/nmbiking.de\/wp\/wp-content\/uploads\/2022\/02\/feb22_48-1-250x250.jpg\" class=\"attachment-thumbnail size-thumbnail\" alt=\"\" srcset=\"https:\/\/nmbiking.de\/wp\/wp-content\/uploads\/2022\/02\/feb22_48-1-250x250.jpg 250w, https:\/\/nmbiking.de\/wp\/wp-content\/uploads\/2022\/02\/feb22_48-1-100x100.jpg 100w\" sizes=\"auto, 100vw\" \/><\/a>\n\t\t\t<\/div><\/figure><figure class='gallery-item'>\n\t\t\t<div class='gallery-icon landscape'>\n\t\t\t\t<a href='https:\/\/nmbiking.de\/wp\/wp-content\/uploads\/2022\/02\/feb22_49.jpg'><img loading=\"lazy\" decoding=\"async\" width=\"250\" height=\"250\" src=\"https:\/\/nmbiking.de\/wp\/wp-content\/uploads\/2022\/02\/feb22_49-250x250.jpg\" class=\"attachment-thumbnail size-thumbnail\" alt=\"\" srcset=\"https:\/\/nmbiking.de\/wp\/wp-content\/uploads\/2022\/02\/feb22_49-250x250.jpg 250w, https:\/\/nmbiking.de\/wp\/wp-content\/uploads\/2022\/02\/feb22_49-100x100.jpg 100w\" sizes=\"auto, 100vw\" \/><\/a>\n\t\t\t<\/div><\/figure>\n\t\t<\/div>\n\n","protected":false},"excerpt":{"rendered":"<p>Start: Schmelz\/Lebach Strecke: Dellborner M\u00fchle, Niederlosheim, Donatuskapelle, Waldhof, Rimlingen L\u00e4nge\/H\u00f6henmeter: 35 km \/ 580 hm (ab Michelbach) Von Schmelz aus geht es wie bekannt am Steinbruch vorbei nach Michelbach. An der Grundschule vorbei fahren wir auf die H\u00f6he zum Michelbacher &#8222;Bassin&#8222;, einem Unterstell- und Grillplatz mit Blick geradeaus auf den L\u00fcckner. Ein gem\u00fctliches Teerstr\u00e4\u00dfchen bringt &hellip; <\/p>\n<p class=\"link-more\"><a href=\"https:\/\/nmbiking.de\/wp\/?page_id=76232\" class=\"more-link\"><span class=\"screen-reader-text\">\u201eDonatuskapelle\u201c <\/span>weiterlesen<\/a><\/p>\n","protected":false},"author":65,"featured_media":0,"parent":0,"menu_order":0,"comment_status":"closed","ping_status":"closed","template":"","meta":{"footnotes":""},"class_list":["post-76232","page","type-page","status-publish","hentry"],"_links":{"self":[{"href":"https:\/\/nmbiking.de\/wp\/index.php?rest_route=\/wp\/v2\/pages\/76232","targetHints":{"allow":["GET"]}}],"collection":[{"href":"https:\/\/nmbiking.de\/wp\/index.php?rest_route=\/wp\/v2\/pages"}],"about":[{"href":"https:\/\/nmbiking.de\/wp\/index.php?rest_route=\/wp\/v2\/types\/page"}],"author":[{"embeddable":true,"href":"https:\/\/nmbiking.de\/wp\/index.php?rest_route=\/wp\/v2\/users\/65"}],"replies":[{"embeddable":true,"href":"https:\/\/nmbiking.de\/wp\/index.php?rest_route=%2Fwp%2Fv2%2Fcomments&post=76232"}],"version-history":[{"count":2,"href":"https:\/\/nmbiking.de\/wp\/index.php?rest_route=\/wp\/v2\/pages\/76232\/revisions"}],"predecessor-version":[{"id":76236,"href":"https:\/\/nmbiking.de\/wp\/index.php?rest_route=\/wp\/v2\/pages\/76232\/revisions\/76236"}],"wp:attachment":[{"href":"https:\/\/nmbiking.de\/wp\/index.php?rest_route=%2Fwp%2Fv2%2Fmedia&parent=76232"}],"curies":[{"name":"wp","href":"https:\/\/api.w.org\/{rel}","templated":true}]}}