{"id":76229,"date":"2022-02-16T07:59:29","date_gmt":"2022-02-16T06:59:29","guid":{"rendered":"https:\/\/nmbiking.de\/wp\/?page_id=76229"},"modified":"2022-02-16T07:59:29","modified_gmt":"2022-02-16T06:59:29","slug":"urwahlener-kapelle","status":"publish","type":"page","link":"https:\/\/nmbiking.de\/wp\/?page_id=76229","title":{"rendered":"Urwahlener Kapelle"},"content":{"rendered":"<p>Die Urwahlener Kapelle liegt oft auf dem Weg einer unserer Touren in den Hochwald oder die n\u00e4here Umgebung. Sie liegt auf eine kleinen Anh\u00f6he mit sch\u00f6nem Rundumblick auf das Dorf Niederlosheim und den Hochwald. Wer \u00fcber die Wahlener Platte heran kommt, sieht sie in der Ferne  stehen und leuchten&#8230;<!--more--><\/p>\n<p>Zum 150. Geburtstag der Kapelle schreibt die Saarbr\u00fccker Zeitung:<br \/>\n<em>Die Urwahlener Kapelle, die dem Heiligen Markus geweiht ist, besteht seit 1868. \u00dcberlieferungen berichten, dass die Kapelle der letzte \u00dcberrest einer einstigen Siedlung mit dem Namen \u201eUrwahlen\u201c sei. Diese soll w\u00e4hrend des <strong>30-j\u00e4hrigen Krieges<\/strong> von schwedischen Truppen, die sich auf der ehemaligen R\u00f6merstra\u00dfe nach Metz zur\u00fcckzogen, zerst\u00f6rt worden sein. Das Dorf wurde ausgepl\u00fcndert, jedoch kein Raub der Flammen. Die Schweden hatten etwas zur\u00fcckgelassen, das viel schlimmer war: die Pest. Entsetzt seien die letzten \u00dcberlebenden ins Tal geflohen und h\u00e4tten hier \u201eWahlen\u201c gegr\u00fcndet.<\/em><\/p>\n<p>Tourenberichte, in denen die Kapelle vorkommt:<br \/>\n<a href=\"https:\/\/nmbiking.de\/wp\/?p=67306\">Zwei Kapellen<\/a><br \/>\n<a href=\"https:\/\/nmbiking.de\/wp\/?p=22022\">Noch ein VW-Bus<\/a><br \/>\n<a href=\"https:\/\/nmbiking.de\/wp\/?p=42910\">Bl\u00e4ttergeschichten<\/a><br \/>\n<a href=\"https:\/\/nmbiking.de\/wp\/?p=55326\">Durch die eisige Stille<\/a><\/p>\n<hr \/>\n<p><a href=\"https:\/\/nmbiking.de\/wp\/wp-content\/uploads\/2020\/11\/startbild_2954-1-scaled.jpg\"><img decoding=\"async\" src=\"https:\/\/nmbiking.de\/wp\/wp-content\/uploads\/2020\/11\/startbild_2954-1.jpg\" alt=\"\" width=\"700\"  \/><\/a> <\/p>\n","protected":false},"excerpt":{"rendered":"<p>Die Urwahlener Kapelle liegt oft auf dem Weg einer unserer Touren in den Hochwald oder die n\u00e4here Umgebung. Sie liegt auf eine kleinen Anh\u00f6he mit sch\u00f6nem Rundumblick auf das Dorf Niederlosheim und den Hochwald. Wer \u00fcber die Wahlener Platte heran kommt, sieht sie in der Ferne stehen und leuchten&#8230;<\/p>\n","protected":false},"author":65,"featured_media":0,"parent":0,"menu_order":0,"comment_status":"closed","ping_status":"closed","template":"","meta":{"footnotes":""},"class_list":["post-76229","page","type-page","status-publish","hentry"],"_links":{"self":[{"href":"https:\/\/nmbiking.de\/wp\/index.php?rest_route=\/wp\/v2\/pages\/76229","targetHints":{"allow":["GET"]}}],"collection":[{"href":"https:\/\/nmbiking.de\/wp\/index.php?rest_route=\/wp\/v2\/pages"}],"about":[{"href":"https:\/\/nmbiking.de\/wp\/index.php?rest_route=\/wp\/v2\/types\/page"}],"author":[{"embeddable":true,"href":"https:\/\/nmbiking.de\/wp\/index.php?rest_route=\/wp\/v2\/users\/65"}],"replies":[{"embeddable":true,"href":"https:\/\/nmbiking.de\/wp\/index.php?rest_route=%2Fwp%2Fv2%2Fcomments&post=76229"}],"version-history":[{"count":1,"href":"https:\/\/nmbiking.de\/wp\/index.php?rest_route=\/wp\/v2\/pages\/76229\/revisions"}],"predecessor-version":[{"id":76230,"href":"https:\/\/nmbiking.de\/wp\/index.php?rest_route=\/wp\/v2\/pages\/76229\/revisions\/76230"}],"wp:attachment":[{"href":"https:\/\/nmbiking.de\/wp\/index.php?rest_route=%2Fwp%2Fv2%2Fmedia&parent=76229"}],"curies":[{"name":"wp","href":"https:\/\/api.w.org\/{rel}","templated":true}]}}