{"id":7527,"date":"2010-07-12T18:31:21","date_gmt":"2010-07-12T17:31:21","guid":{"rendered":"https:\/\/nmbiking.de\/wp\/?page_id=7527"},"modified":"2010-09-27T15:40:31","modified_gmt":"2010-09-27T14:40:31","slug":"sudtirol-2010","status":"publish","type":"page","link":"https:\/\/nmbiking.de\/wp\/?page_id=7527","title":{"rendered":"S\u00fcdtirol 2010"},"content":{"rendered":"<p>&nbsp;<\/p>\n<p>Benjamin gewinnt beim Saar-Pfalz-Cup eine Woche S\u00fcdtirol: Hotel Sch\u00f6nblick, Meransen. Der RV Tempo Hirzweiler veranstaltet hier sein j\u00e4hrliches Sommercamp&#8230; Wir sind dabei.<\/p>\n<p>&nbsp;<\/p>\n<table>\n<tr>\n<td valign=top width=500>\n<a href=\"https:\/\/nmbiking.de\/wp\/?p=7230\">1 Kiener Alm<\/a><br \/>\n<a href=\"https:\/\/nmbiking.de\/wp\/?p=7246\">2 Kleiner Gitsch<\/a><br \/>\n<a href=\"https:\/\/nmbiking.de\/wp\/?p=7302\">3 Rodenecker Alm<\/a><br \/>\n<a href=\"https:\/\/nmbiking.de\/wp\/?p=7332\">4 Seiser Alm<\/a><br \/>\n<a href=\"https:\/\/nmbiking.de\/wp\/?p=7354\">5 Villn\u00f6sstal<\/a><br \/>\n<a href=\"https:\/\/nmbiking.de\/wp\/?p=7371\">6 Wurmmaul<\/a><br \/>\n<a href=\"https:\/\/nmbiking.de\/wp\/?p=7443\">7 Brixen<\/a><br \/>\n<a href=\"https:\/\/nmbiking.de\/wp\/?p=7512\">8 Techniktraining<\/a>\n<\/td>\n<td width=400>\n<\/td>\n<\/tr>\n<\/table>\n<p>&nbsp;<\/p>\n","protected":false},"excerpt":{"rendered":"<p>&nbsp; Benjamin gewinnt beim Saar-Pfalz-Cup eine Woche S\u00fcdtirol: Hotel Sch\u00f6nblick, Meransen. Der RV Tempo Hirzweiler veranstaltet hier sein j\u00e4hrliches Sommercamp&#8230; Wir sind dabei. &nbsp; 1 Kiener Alm 2 Kleiner Gitsch 3 Rodenecker Alm 4 Seiser Alm 5 Villn\u00f6sstal 6 Wurmmaul 7 Brixen 8 Techniktraining &nbsp;<\/p>\n","protected":false},"author":65,"featured_media":0,"parent":1448,"menu_order":0,"comment_status":"open","ping_status":"closed","template":"","meta":{"footnotes":""},"class_list":["post-7527","page","type-page","status-publish","hentry"],"_links":{"self":[{"href":"https:\/\/nmbiking.de\/wp\/index.php?rest_route=\/wp\/v2\/pages\/7527","targetHints":{"allow":["GET"]}}],"collection":[{"href":"https:\/\/nmbiking.de\/wp\/index.php?rest_route=\/wp\/v2\/pages"}],"about":[{"href":"https:\/\/nmbiking.de\/wp\/index.php?rest_route=\/wp\/v2\/types\/page"}],"author":[{"embeddable":true,"href":"https:\/\/nmbiking.de\/wp\/index.php?rest_route=\/wp\/v2\/users\/65"}],"replies":[{"embeddable":true,"href":"https:\/\/nmbiking.de\/wp\/index.php?rest_route=%2Fwp%2Fv2%2Fcomments&post=7527"}],"version-history":[{"count":0,"href":"https:\/\/nmbiking.de\/wp\/index.php?rest_route=\/wp\/v2\/pages\/7527\/revisions"}],"up":[{"embeddable":true,"href":"https:\/\/nmbiking.de\/wp\/index.php?rest_route=\/wp\/v2\/pages\/1448"}],"wp:attachment":[{"href":"https:\/\/nmbiking.de\/wp\/index.php?rest_route=%2Fwp%2Fv2%2Fmedia&parent=7527"}],"curies":[{"name":"wp","href":"https:\/\/api.w.org\/{rel}","templated":true}]}}