{"id":74253,"date":"2021-11-02T20:51:45","date_gmt":"2021-11-02T19:51:45","guid":{"rendered":"https:\/\/nmbiking.de\/wp\/?page_id=74253"},"modified":"2021-11-02T20:54:09","modified_gmt":"2021-11-02T19:54:09","slug":"bretagne-2021","status":"publish","type":"page","link":"https:\/\/nmbiking.de\/wp\/?page_id=74253","title":{"rendered":"Bretagne 2021"},"content":{"rendered":"<p>Ein zweites Mal k\u00f6nnen wir in die Bretagne reisen. Wie w\u00e4hlen diesmal eine andere Anfahrt (n\u00e4mlich \u00fcber Carnac) und einen anderen Standort als 2019 (Plouarzel in der N\u00e4he von Brest)<\/p>\n<p>1 <a href=\"https:\/\/nmbiking.de\/wp\/?p=73892\">Carnac<\/a> mit den Steinen, der Halbinsel Quiberon und dem K\u00fcnstlerst\u00e4dtchen Pont Arven<\/p>\n<p>2 <a href=\"https:\/\/nmbiking.de\/wp\/?p=73942\">Phare du Kermovan<\/a><\/p>\n<p>3 <a href=\"https:\/\/nmbiking.de\/wp\/?p=74021\">Aber Ildut<\/a><\/p>\n<p>4 <a href=\"https:\/\/nmbiking.de\/wp\/?p=74072\">St. Renan und ein Menhir<\/a><\/p>\n<p>5 <a href=\"https:\/\/nmbiking.de\/wp\/?p=74107\">Halbinsel Crozon<\/a><\/p>\n<p>6 <a href=\"https:\/\/nmbiking.de\/wp\/?p=74145\">Auf dem K\u00fcstenweg GR34<\/a><\/p>\n<p>&nbsp;<\/p>\n","protected":false},"excerpt":{"rendered":"<p>Ein zweites Mal k\u00f6nnen wir in die Bretagne reisen. Wie w\u00e4hlen diesmal eine andere Anfahrt (n\u00e4mlich \u00fcber Carnac) und einen anderen Standort als 2019 (Plouarzel in der N\u00e4he von Brest) 1 Carnac mit den Steinen, der Halbinsel Quiberon und dem K\u00fcnstlerst\u00e4dtchen Pont Arven 2 Phare du Kermovan 3 Aber Ildut 4 St. Renan und ein &hellip; <\/p>\n<p class=\"link-more\"><a href=\"https:\/\/nmbiking.de\/wp\/?page_id=74253\" class=\"more-link\"><span class=\"screen-reader-text\">\u201eBretagne 2021\u201c <\/span>weiterlesen<\/a><\/p>\n","protected":false},"author":65,"featured_media":0,"parent":0,"menu_order":0,"comment_status":"closed","ping_status":"closed","template":"","meta":{"footnotes":""},"class_list":["post-74253","page","type-page","status-publish","hentry"],"_links":{"self":[{"href":"https:\/\/nmbiking.de\/wp\/index.php?rest_route=\/wp\/v2\/pages\/74253","targetHints":{"allow":["GET"]}}],"collection":[{"href":"https:\/\/nmbiking.de\/wp\/index.php?rest_route=\/wp\/v2\/pages"}],"about":[{"href":"https:\/\/nmbiking.de\/wp\/index.php?rest_route=\/wp\/v2\/types\/page"}],"author":[{"embeddable":true,"href":"https:\/\/nmbiking.de\/wp\/index.php?rest_route=\/wp\/v2\/users\/65"}],"replies":[{"embeddable":true,"href":"https:\/\/nmbiking.de\/wp\/index.php?rest_route=%2Fwp%2Fv2%2Fcomments&post=74253"}],"version-history":[{"count":5,"href":"https:\/\/nmbiking.de\/wp\/index.php?rest_route=\/wp\/v2\/pages\/74253\/revisions"}],"predecessor-version":[{"id":74259,"href":"https:\/\/nmbiking.de\/wp\/index.php?rest_route=\/wp\/v2\/pages\/74253\/revisions\/74259"}],"wp:attachment":[{"href":"https:\/\/nmbiking.de\/wp\/index.php?rest_route=%2Fwp%2Fv2%2Fmedia&parent=74253"}],"curies":[{"name":"wp","href":"https:\/\/api.w.org\/{rel}","templated":true}]}}