{"id":73713,"date":"2021-10-09T08:47:32","date_gmt":"2021-10-09T07:47:32","guid":{"rendered":"https:\/\/nmbiking.de\/wp\/?page_id=73713"},"modified":"2022-10-04T06:30:03","modified_gmt":"2022-10-04T05:30:03","slug":"mont-blanc-2021","status":"publish","type":"page","link":"https:\/\/nmbiking.de\/wp\/?page_id=73713","title":{"rendered":"Mont Blanc 2021"},"content":{"rendered":"<p>Zum ersten Mal sind wir im Herbst 2021 in den franz\u00f6sischen Alpen zum Mountainbiken. Lukas ist dabei. Unser Ferienhaus steht in Sichtweite des Mont Blanc. Mit 4800m ist er der h\u00f6chste Berg der Alpen. Hoch kommen wir da nat\u00fcrlich nicht, aber wir wollen mit dem Rad ziemlich nah heran fahren.<br \/>\nSchon die ersten Touren zeigen, dass es hier etwas anders ist, als wir es von den Alpen gew\u00f6hnt sind: wenige, relativ flache Hocht\u00e4ler, weniger Trails als erwartet, daf\u00fcr enge T\u00e4ler, sehr steile Wege, oft mit Ger\u00f6ll \u00fcbers\u00e4t, die den Up- und Downhill schwierig machen.<br \/>\nDie &#8222;Tour de Mont Blanc&#8220; (TMB), der Wanderweg rund um den gro\u00dfen Berg, ist jedoch mit dem MTB befahrbar. Er ist auch gut ausgeschildert und wegen seiner Kulisse und Panoramen weltweit bekannt. Mit entsprechend viel &#8222;Verkehr&#8220; ist deshalb zu rechnen. Jetzt im k\u00fchlen, verregneten Herbst war das nicht so&#8230;<br \/>\nWir konnten in diesem Herbst nur die Gegend um Chamonix (Unser Standort war Saint Gervais Les Bains), vielleicht sieht es auf der italienischen oder schweizerischen Seite des Mont Blanc anders aus&#8230;<br \/>\nJeden falls waren die Touren, immer mit Blick auf den gewaltigen, vereisten Buckel des Mont Blanc abwechslungsreich und sehr spannend. Was es hier h\u00e4ufiger gibt, sind angelegte Bikeparks mit flowigen Abfahrten.  Eine konnten wir ausprobieren und haben es genossen&#8230;<\/p>\n<hr \/>\n<p>Die \u00fcbersicht:<\/p>\n<p>1 <a href=\"https:\/\/nmbiking.de\/wp\/?p=73490\">Mit dem MTB auf dem TMB<\/a><br \/>\n2 <a href=\"https:\/\/nmbiking.de\/wp\/?p=73525\">Auf dem Mont Arbois<\/a><br \/>\n3 <a href=\"https:\/\/nmbiking.de\/wp\/?p=73561\">Am Lac d\u00b4Annecy<\/a><br \/>\n4 <a href=\"https:\/\/nmbiking.de\/wp\/?p=73590\">Eine fiese Wolkentour<\/a><br \/>\n5 <a href=\"https:\/\/nmbiking.de\/wp\/?p=73625\">Im Neuschnee<\/a><br \/>\n6 <a href=\"https:\/\/nmbiking.de\/wp\/?p=73683\">Am Gletscher<\/a><\/p>\n","protected":false},"excerpt":{"rendered":"<p>Zum ersten Mal sind wir im Herbst 2021 in den franz\u00f6sischen Alpen zum Mountainbiken. Lukas ist dabei. Unser Ferienhaus steht in Sichtweite des Mont Blanc. Mit 4800m ist er der h\u00f6chste Berg der Alpen. Hoch kommen wir da nat\u00fcrlich nicht, aber wir wollen mit dem Rad ziemlich nah heran fahren. Schon die ersten Touren zeigen, &hellip; <\/p>\n<p class=\"link-more\"><a href=\"https:\/\/nmbiking.de\/wp\/?page_id=73713\" class=\"more-link\"><span class=\"screen-reader-text\">\u201eMont Blanc 2021\u201c <\/span>weiterlesen<\/a><\/p>\n","protected":false},"author":65,"featured_media":0,"parent":0,"menu_order":0,"comment_status":"closed","ping_status":"closed","template":"","meta":{"footnotes":""},"class_list":["post-73713","page","type-page","status-publish","hentry"],"_links":{"self":[{"href":"https:\/\/nmbiking.de\/wp\/index.php?rest_route=\/wp\/v2\/pages\/73713","targetHints":{"allow":["GET"]}}],"collection":[{"href":"https:\/\/nmbiking.de\/wp\/index.php?rest_route=\/wp\/v2\/pages"}],"about":[{"href":"https:\/\/nmbiking.de\/wp\/index.php?rest_route=\/wp\/v2\/types\/page"}],"author":[{"embeddable":true,"href":"https:\/\/nmbiking.de\/wp\/index.php?rest_route=\/wp\/v2\/users\/65"}],"replies":[{"embeddable":true,"href":"https:\/\/nmbiking.de\/wp\/index.php?rest_route=%2Fwp%2Fv2%2Fcomments&post=73713"}],"version-history":[{"count":12,"href":"https:\/\/nmbiking.de\/wp\/index.php?rest_route=\/wp\/v2\/pages\/73713\/revisions"}],"predecessor-version":[{"id":79961,"href":"https:\/\/nmbiking.de\/wp\/index.php?rest_route=\/wp\/v2\/pages\/73713\/revisions\/79961"}],"wp:attachment":[{"href":"https:\/\/nmbiking.de\/wp\/index.php?rest_route=%2Fwp%2Fv2%2Fmedia&parent=73713"}],"curies":[{"name":"wp","href":"https:\/\/api.w.org\/{rel}","templated":true}]}}