{"id":71873,"date":"2021-06-18T14:24:43","date_gmt":"2021-06-18T13:24:43","guid":{"rendered":"https:\/\/nmbiking.de\/wp\/?page_id=71873"},"modified":"2021-06-18T14:24:43","modified_gmt":"2021-06-18T13:24:43","slug":"allgaeu-2021","status":"publish","type":"page","link":"https:\/\/nmbiking.de\/wp\/?page_id=71873","title":{"rendered":"allg\u00e4u 2021"},"content":{"rendered":"<p>Unser kleiner Corona-Urlaub findet wieder im Allg\u00e4u statt, in der selben Ferienwohnung wie im Vorjahr: Eschach bei Buchenberg bei Kempten&#8230;<br \/>\nWie \u00fcblich ein Intensiv-Urlaub, jeden Tag mindestens eine Tour, oft sind es Tagestouren:<br \/>\n1 <a href=\"https:\/\/nmbiking.de\/wp\/?p=71699\">Frisch gem\u00e4htes Gras<\/a><br \/>\n2 <a href=\"https:\/\/nmbiking.de\/wp\/?p=71720\">Am Iller-Durchbruch<\/a><br \/>\n3 <a href=\"https:\/\/nmbiking.de\/wp\/?p=71753\">Am Stuiben &#8211; Wanderung<\/a><br \/>\n4 <a href=\"https:\/\/nmbiking.de\/wp\/?p=71775\">Eine Leidenstour<\/a><br \/>\n5 <a href=\"https:\/\/nmbiking.de\/wp\/?p=71800\">Ein Bade- und Ruhetag<\/a><br \/>\n6 <a href=\"https:\/\/nmbiking.de\/wp\/?p=71818\">Komoot entzweit<\/a><br \/>\n7 <a href=\"https:\/\/nmbiking.de\/wp\/?p=71849\">In die Berge hinein<\/a><\/p>\n","protected":false},"excerpt":{"rendered":"<p>Unser kleiner Corona-Urlaub findet wieder im Allg\u00e4u statt, in der selben Ferienwohnung wie im Vorjahr: Eschach bei Buchenberg bei Kempten&#8230; Wie \u00fcblich ein Intensiv-Urlaub, jeden Tag mindestens eine Tour, oft sind es Tagestouren: 1 Frisch gem\u00e4htes Gras 2 Am Iller-Durchbruch 3 Am Stuiben &#8211; Wanderung 4 Eine Leidenstour 5 Ein Bade- und Ruhetag 6 Komoot &hellip; <\/p>\n<p class=\"link-more\"><a href=\"https:\/\/nmbiking.de\/wp\/?page_id=71873\" class=\"more-link\"><span class=\"screen-reader-text\">\u201eallg\u00e4u 2021\u201c <\/span>weiterlesen<\/a><\/p>\n","protected":false},"author":65,"featured_media":0,"parent":0,"menu_order":0,"comment_status":"closed","ping_status":"closed","template":"","meta":{"footnotes":""},"class_list":["post-71873","page","type-page","status-publish","hentry"],"_links":{"self":[{"href":"https:\/\/nmbiking.de\/wp\/index.php?rest_route=\/wp\/v2\/pages\/71873","targetHints":{"allow":["GET"]}}],"collection":[{"href":"https:\/\/nmbiking.de\/wp\/index.php?rest_route=\/wp\/v2\/pages"}],"about":[{"href":"https:\/\/nmbiking.de\/wp\/index.php?rest_route=\/wp\/v2\/types\/page"}],"author":[{"embeddable":true,"href":"https:\/\/nmbiking.de\/wp\/index.php?rest_route=\/wp\/v2\/users\/65"}],"replies":[{"embeddable":true,"href":"https:\/\/nmbiking.de\/wp\/index.php?rest_route=%2Fwp%2Fv2%2Fcomments&post=71873"}],"version-history":[{"count":4,"href":"https:\/\/nmbiking.de\/wp\/index.php?rest_route=\/wp\/v2\/pages\/71873\/revisions"}],"predecessor-version":[{"id":71877,"href":"https:\/\/nmbiking.de\/wp\/index.php?rest_route=\/wp\/v2\/pages\/71873\/revisions\/71877"}],"wp:attachment":[{"href":"https:\/\/nmbiking.de\/wp\/index.php?rest_route=%2Fwp%2Fv2%2Fmedia&parent=71873"}],"curies":[{"name":"wp","href":"https:\/\/api.w.org\/{rel}","templated":true}]}}