{"id":70727,"date":"2021-04-05T07:39:13","date_gmt":"2021-04-05T06:39:13","guid":{"rendered":"https:\/\/nmbiking.de\/wp\/?page_id=70727"},"modified":"2022-08-26T07:37:37","modified_gmt":"2022-08-26T06:37:37","slug":"sonnenaufgaenge","status":"publish","type":"page","link":"https:\/\/nmbiking.de\/wp\/?page_id=70727","title":{"rendered":"Sonnenaufg\u00e4nge"},"content":{"rendered":"<p>Sonnenaufg\u00e4nge k\u00f6nnen ganz sch\u00f6n faszinierend sein. Man \u00fcberlegt sich einen passenden und lohnenden Aussichtspunkt, informiert sich \u00fcber den Zeitpunkt des jeweiligen Sonnenaufgangs, steht fr\u00fch auf und schwingt sich auf sein Mountainbike. Insgesamt beeindruckend ist der fr\u00fche oder noch dunkle Morgen, die Stille, die ersten Ger\u00e4usche, denen man lauschen kann&#8230; Etwas hart kann ein Sonnenaufgang im Winter oder Fr\u00fchjahr sein, wenn die K\u00e4lte das Warten nicht unbedingt angenehm macht. Aber es lohnt sich in der Regel immer.<br \/>\nIm folgeneden ssind einieg Berichte \u00fcber selbst erlebte Sonnenaufg\u00e4nge zusammen gestellt:<\/p>\n<p><a href=\"https:\/\/nmbiking.de\/wp\/?p=5371\">Belchen\/Schwarzwald 2009<\/a><\/p>\n<p><a href=\"https:\/\/nmbiking.de\/wp\/?p=11310\">Belchen\/Schwarzwald 2011<\/a><\/p>\n<p><a href=\"https:\/\/nmbiking.de\/wp\/?p=29989\">Sarankot\/Nepal 2011<\/a><\/p>\n<p><a href=\"https:\/\/nmbiking.de\/wp\/?p=49898\">Schmelz 2018<\/a><\/p>\n<p><a href=\"https:\/\/nmbiking.de\/wp\/?p=70697\">Auschet 2021<\/a><\/p>\n<p><a href=\"https:\/\/nmbiking.de\/wp\/?p=79171\">Vor dem Fr\u00fchst\u00fcck &#8211; August 2022<\/a><\/p>\n","protected":false},"excerpt":{"rendered":"<p>Sonnenaufg\u00e4nge k\u00f6nnen ganz sch\u00f6n faszinierend sein. Man \u00fcberlegt sich einen passenden und lohnenden Aussichtspunkt, informiert sich \u00fcber den Zeitpunkt des jeweiligen Sonnenaufgangs, steht fr\u00fch auf und schwingt sich auf sein Mountainbike. Insgesamt beeindruckend ist der fr\u00fche oder noch dunkle Morgen, die Stille, die ersten Ger\u00e4usche, denen man lauschen kann&#8230; Etwas hart kann ein Sonnenaufgang im &hellip; <\/p>\n<p class=\"link-more\"><a href=\"https:\/\/nmbiking.de\/wp\/?page_id=70727\" class=\"more-link\"><span class=\"screen-reader-text\">\u201eSonnenaufg\u00e4nge\u201c <\/span>weiterlesen<\/a><\/p>\n","protected":false},"author":65,"featured_media":0,"parent":0,"menu_order":0,"comment_status":"closed","ping_status":"closed","template":"","meta":{"footnotes":""},"class_list":["post-70727","page","type-page","status-publish","hentry"],"_links":{"self":[{"href":"https:\/\/nmbiking.de\/wp\/index.php?rest_route=\/wp\/v2\/pages\/70727","targetHints":{"allow":["GET"]}}],"collection":[{"href":"https:\/\/nmbiking.de\/wp\/index.php?rest_route=\/wp\/v2\/pages"}],"about":[{"href":"https:\/\/nmbiking.de\/wp\/index.php?rest_route=\/wp\/v2\/types\/page"}],"author":[{"embeddable":true,"href":"https:\/\/nmbiking.de\/wp\/index.php?rest_route=\/wp\/v2\/users\/65"}],"replies":[{"embeddable":true,"href":"https:\/\/nmbiking.de\/wp\/index.php?rest_route=%2Fwp%2Fv2%2Fcomments&post=70727"}],"version-history":[{"count":10,"href":"https:\/\/nmbiking.de\/wp\/index.php?rest_route=\/wp\/v2\/pages\/70727\/revisions"}],"predecessor-version":[{"id":79185,"href":"https:\/\/nmbiking.de\/wp\/index.php?rest_route=\/wp\/v2\/pages\/70727\/revisions\/79185"}],"wp:attachment":[{"href":"https:\/\/nmbiking.de\/wp\/index.php?rest_route=%2Fwp%2Fv2%2Fmedia&parent=70727"}],"curies":[{"name":"wp","href":"https:\/\/api.w.org\/{rel}","templated":true}]}}