{"id":70,"date":"2007-01-01T18:31:17","date_gmt":"2007-01-01T18:31:17","guid":{"rendered":"https:\/\/nmbiking.de\/wp\/?page_id=70"},"modified":"2025-06-23T05:26:32","modified_gmt":"2025-06-23T04:26:32","slug":"willkommen-im-blog","status":"publish","type":"page","link":"https:\/\/nmbiking.de\/wp\/?page_id=70","title":{"rendered":"Philosophie"},"content":{"rendered":"<p>&#8230; ist nat\u00fcrlich ein viel zu hochtrabendes Wort f\u00fcr die folgenden Gedanken. Ob das Wort &#8222;Background&#8220; besser passt? Es sind Gedanken \u00fcber das, was uns\/mich antreibt. F\u00fcr jeden von uns steht das Mountainbiken in einem mehr oder weniger bewussten Zusammenhang mit anderen Dingen und Ideen&#8230;<br \/>\nMountainbiken kann mehr sein. F\u00fcr uns ist es zur Lebenseinstellung geworden und bedeutet f\u00fcr uns Lebensqualit\u00e4t. Vieles greift ineinander: Ern\u00e4hrung, Umwelt, Sport, Kultur. Deshalb sehen wir das Mountainbiken <strong>ganzheitlich<\/strong>&#8230;<\/p>\n<p><img decoding=\"async\" src=\"https:\/\/nmbiking.de\/wp\/wp-content\/uploads\/2020\/11\/nm-kopf.jpg\" alt=\"\" width=\"600\" \/><\/p>\n<p><strong>Mountainbiken ist mehr:<\/strong><\/p>\n<p><a href=\"https:\/\/nmbiking.de\/wp\/?page_id=96274\">Radreiseb\u00fccher<\/a><br \/>\n<a href=\"https:\/\/nmbiking.de\/wp\/?page_id=4484\">MTB-Rennen<\/a><br \/>\n<a href=\"https:\/\/nmbiking.de\/wp\/?page_id=6220\">Tageb\u00fccher 2001 &#8211; 2006<\/a> Unser elektronisches Ged\u00e4chtnis<br \/>\n<a href=\"https:\/\/nmbiking.de\/wp\/?page_id=1526\">Was ist mehr?<\/a> Was f\u00fcr uns das Besondere am Mountainbiken ist&#8230;<br \/>\n<a href=\"https:\/\/nmbiking.de\/wp\/?page_id=93\">Mountainbiken: eine Sucht?<\/a> Betreiben wir unseren Sport schon so extrem?<br \/>\n<a href=\"https:\/\/nmbiking.de\/wp\/?page_id=28\">Ohne Auto mobil?<\/a> Wie viel ist machbar &#8211; mit wenig Auto und viel Bike&#8230;<br \/>\n<a href=\"https:\/\/nmbiking.de\/wp\/?p=22238\">Und trotzdem: 20 Jahre VW-Bus<\/a> Das richtige Auto f\u00fcr Mountainbiker<br \/>\n<a href=\"https:\/\/nmbiking.de\/wp\/?page_id=10800\">Mountainbiken im Alltag<\/a> Wer sein Bike jeden Tag nutzt, achtet auf viele &#8222;Kleinigkeiten&#8220; &#8230;<br \/>\n<a href=\"https:\/\/nmbiking.de\/wp\/?page_id=2\">Mountainbiken mit allen Sinnen<\/a> Mountainbiker nutzen alle ihre Sinne beim Fahren&#8230;<br \/>\n<a href=\"https:\/\/nmbiking.de\/wp\/?page_id=25\">Vegan biken<\/a> Wie alles zusammenh\u00e4ngt: Ern\u00e4hrung, Umwelt, Fitness, Gesundheit<br \/>\n<a href=\"https:\/\/nmbiking.de\/wp\/?page_id=21815\"> Sonntagstouren<\/a> Sonntags sind wir immer auf Tour&#8230;<br \/>\n<a href=\"https:\/\/nmbiking.de\/wp\/?page_id=47\"> Geschichten<\/a>, die einem beim Mountainbiken passieren k\u00f6nnen&#8230;<br \/>\n<a href=\"https:\/\/nmbiking.de\/wp\/?page_id=22533\"> Fotobiken<\/a> Den Fotoapparat immer dabei haben&#8230;<br \/>\n<a href=\"https:\/\/nmbiking.de\/wp\/?p=25355\"> Trainieren nach dem Mond?<\/a> Kann man die Kr\u00e4fte des Mondes nutzen?&#8230;<br \/>\n<a href=\"https:\/\/nmbiking.de\/wp\/?p=32526\"> Biken und Meditieren<\/a> Mountainbiken als Meditation?&#8230;<br \/>\n<a href=\"https:\/\/nmbiking.de\/wp\/?p=44204\"> Achtsam biken?<\/a> Was ist das, wie geht das?<br \/>\n<a href=\"https:\/\/nmbiking.de\/wp\/?page_id=35218\"> Fahrr\u00e4der mit\/f\u00fcr Fl\u00fcchtlinge\/n reparieren<\/a> Sich sozial engagieren<br \/>\n<a href=\"https:\/\/nmbiking.de\/wp\/?page_id=36032\">Nepalhilfe<\/a> In Nepal biken &#8211; und Hilfsprojekte unterst\u00fctzen<br \/>\n<a href=\"https:\/\/nmbiking.de\/wp\/?p=48969\"> Tourenportale<\/a> Suchen und Finden<br \/>\n<a href=\"https:\/\/nmbiking.de\/wp\/?p=48480\"> Virtuelle Tourenplanung<\/a> Wie wird eine Tour geplant?<br \/>\n<a href=\"https:\/\/nmbiking.de\/wp\/?p=48517\"> Touren guiden<\/a> Praxis und Probleme<br \/>\n<a href=\"https:\/\/nmbiking.de\/wp\/?p=48957\"> Biken im Winter<\/a> Nicht nur etwas f\u00fcr die ganz Harten!<br \/>\n<a href=\"https:\/\/nmbiking.de\/wp\/?page_id=50087\"><font color=red>Inne halten<\/font><\/a> (auch) beim Mountainbiken&#8230;<br \/>\n<a href=\"https:\/\/nmbiking.de\/wp\/?page_id=62362\"> Lesezeichen<\/a> B\u00fccher und H\u00f6rb\u00fccher genie\u00dfen<br \/>\n<a href=\"https:\/\/nmbiking.de\/wp\/?page_id=52178\"> Lieblingspl\u00e4tze<\/a> Wo man gerne mal verweilt<br \/>\n<a href=\"https:\/\/nmbiking.de\/wp\/?p=52369\"> MTB und Yoga<\/a> &#8211; eine tolle Erg\u00e4nzung und ein ganzheitliches Konzept<br \/>\n<a href=\"https:\/\/nmbiking.de\/wp\/?p=51216\">Qi Gong<\/a> &#8230;noch eine Erg\u00e4nzung zum Mountainbiken<br \/>\n<a href=\"https:\/\/nmbiking.de\/wp\/?p=54037\"> Die Bilderabende<\/a> Benefiz und Gem\u00fctlichkeit<br \/>\n<a href=\"https:\/\/nmbiking.de\/wp\/?p=55702\">Langsamer und weniger atmen<\/a> hei\u00dft: bewusster atmen &#8211; ein neues Konzept?<br \/>\n<a href=\"https:\/\/nmbiking.de\/wp\/?p=55730\">Barfu\u00df biken?<\/a> und barfu\u00df gehen<br \/>\n<a href=\"https:\/\/nmbiking.de\/wp\/?page_id=59929&quot;\">Pilze suchen per MTB<\/a> und neue Pl\u00e4tze entdecken<br \/>\n<a href=\"https:\/\/nmbiking.de\/wp\/?page_id=62735\">Saarsteine<\/a> F\u00fcr mehr Achtsamkeit beim Biken<br \/>\n<a href=\"https:\/\/nmbiking.de\/wp\/?page_id=62807\">Klingelzeichen<\/a> oder wie darauf reagiert wird<br \/>\n<a href=\"https:\/\/nmbiking.de\/wp\/?page_id=65000\">Die Kunst langsam zu fahren<\/a> oder ein Pl\u00e4doyer f\u00fcr einen anderen MTB-Modus<br \/>\n<a href=\"https:\/\/nmbiking.de\/wp\/?p=65717\">Typ\/Zweck einer Tour<\/a> oder: Warum steigen wir aufs Rad?<br \/>\n<a href=\"https:\/\/nmbiking.de\/wp\/?page_id=69189\">MTB-Freunde <\/a> gestern und heute?<br \/>\n<a href=\"https:\/\/nmbiking.de\/wp\/?page_id=69320\">Aufbruch<\/a> oder: Wann starten wir unsere Tour?<br \/>\n<a href=\"https:\/\/nmbiking.de\/wp\/?page_id=69778\">Regenlust oder Regenfrust?<\/a>Wie viel Spa\u00df macht es im Regen?<br \/>\n<a href=\"https:\/\/nmbiking.de\/wp\/?page_id=70727\">Sonnenaufg\u00e4nge<\/a> den Beginn eines Tages erleben<br \/>\n<a href=\"https:\/\/nmbiking.de\/wp\/?p=73276\">Tagestouren<\/a> Einen ganzen Tag auf dem Rad unterwegs sein<br \/>\n<a href=\"https:\/\/nmbiking.de\/wp\/?p=71991\">Gelassenheit<\/a> &#8211; auch eine Tugend f\u00fcrs Mountainbiken<br \/>\n<a href=\"https:\/\/nmbiking.de\/wp\/?page_id=75530\">Die Neujahrstouren<\/a> Einmal im Jahr einen im\/mit Tee<br \/>\n<a href=\"https:\/\/nmbiking.de\/wp\/?page_id=77408\">Tourenziele<\/a> Wohin sollen wir diesmal fahren?<br \/>\n<a href=\"https:\/\/nmbiking.de\/wp\/?page_id=78685\">Meine Lieblingstouren<\/a><br \/>\n<a href=\"https:\/\/nmbiking.de\/wp\/?page_id=81944\">Hochwasser<\/a>&#8230; ein Naturschauspiel<br \/>\n<a href=\"https:\/\/nmbiking.de\/wp\/?p=82610#comment-25978\">Mit der Natur verbunden<\/a>&#8230; einmal anders<br \/>\n<a href=\"https:\/\/nmbiking.de\/wp\/?p=85279\">Mitbringsel<\/a> Fundsachen und mehr&#8230;<br \/>\n<a href=\"https:\/\/nmbiking.de\/wp\/?page_id=87147\">MTB am Meer?<\/a><br \/>\n<a href=\"https:\/\/nmbiking.de\/wp\/?p=93522#more-93522\">Entscheide dich!<\/a><br \/>\n<a href=\"https:\/\/nmbiking.de\/wp\/?page_id=99157\">MTB-Land Frankreich<\/a> Parlez-vous francais?<\/p>\n","protected":false},"excerpt":{"rendered":"<p>&#8230; ist nat\u00fcrlich ein viel zu hochtrabendes Wort f\u00fcr die folgenden Gedanken. Ob das Wort &#8222;Background&#8220; besser passt? Es sind Gedanken \u00fcber das, was uns\/mich antreibt. F\u00fcr jeden von uns steht das Mountainbiken in einem mehr oder weniger bewussten Zusammenhang mit anderen Dingen und Ideen&#8230; Mountainbiken kann mehr sein. F\u00fcr uns ist es zur Lebenseinstellung &hellip; <\/p>\n<p class=\"link-more\"><a href=\"https:\/\/nmbiking.de\/wp\/?page_id=70\" class=\"more-link\"><span class=\"screen-reader-text\">\u201ePhilosophie\u201c <\/span>weiterlesen<\/a><\/p>\n","protected":false},"author":65,"featured_media":0,"parent":0,"menu_order":0,"comment_status":"closed","ping_status":"closed","template":"","meta":{"footnotes":""},"class_list":["post-70","page","type-page","status-publish","hentry"],"_links":{"self":[{"href":"https:\/\/nmbiking.de\/wp\/index.php?rest_route=\/wp\/v2\/pages\/70","targetHints":{"allow":["GET"]}}],"collection":[{"href":"https:\/\/nmbiking.de\/wp\/index.php?rest_route=\/wp\/v2\/pages"}],"about":[{"href":"https:\/\/nmbiking.de\/wp\/index.php?rest_route=\/wp\/v2\/types\/page"}],"author":[{"embeddable":true,"href":"https:\/\/nmbiking.de\/wp\/index.php?rest_route=\/wp\/v2\/users\/65"}],"replies":[{"embeddable":true,"href":"https:\/\/nmbiking.de\/wp\/index.php?rest_route=%2Fwp%2Fv2%2Fcomments&post=70"}],"version-history":[{"count":87,"href":"https:\/\/nmbiking.de\/wp\/index.php?rest_route=\/wp\/v2\/pages\/70\/revisions"}],"predecessor-version":[{"id":99166,"href":"https:\/\/nmbiking.de\/wp\/index.php?rest_route=\/wp\/v2\/pages\/70\/revisions\/99166"}],"wp:attachment":[{"href":"https:\/\/nmbiking.de\/wp\/index.php?rest_route=%2Fwp%2Fv2%2Fmedia&parent=70"}],"curies":[{"name":"wp","href":"https:\/\/api.w.org\/{rel}","templated":true}]}}