{"id":69717,"date":"2021-02-01T08:24:15","date_gmt":"2021-02-01T07:24:15","guid":{"rendered":"https:\/\/nmbiking.de\/wp\/?page_id=69717"},"modified":"2021-02-01T08:26:01","modified_gmt":"2021-02-01T07:26:01","slug":"3000-startbilder","status":"publish","type":"page","link":"https:\/\/nmbiking.de\/wp\/?page_id=69717","title":{"rendered":"3000 Startbilder"},"content":{"rendered":"<p>Dieser Beitrag geh\u00f6rt auch zum Thema &#8222;20 Jahre Mountainbiketagebuch&#8220;. Inzwischen ist nmbiking  mit der Zahl der sog. Startbilder bei <strong>3000<\/strong> angekommen.<br \/>\n&#8222;Startbilder&#8220; hie\u00dfen sie damals, als es mit der Webseite losging. Ein Bildschirm f\u00fcllendes Foto sollte die Seite er\u00f6ffnen und gleich zeigen, worum es auf dem Blog geht. Es mussten also Fotos sein, die  etwas mit Mountainbiken zu tun hatten, Fotos, welche die Faszination Mountainbiken zeigten, besondere Fotos oder auch ganz typische Fotos vom Mountainbiken&#8230;<!--more--><\/p>\n<p>Sp\u00e4ter fanden sich dazu passende &#8222;Themes&#8220;, von WordPress zur Verf\u00fcgung gestellte Layouts, welche ein gro\u00dfes Foto oder ein Video als Anreiz zum Gucken an den Anfang stellten. Irgendwann wurden es dann so viele, dass der Titel &#8222;<strong>Foto der Woche<\/strong>&#8220; gew\u00e4hlt wurde. Inzwischen sind es fast schon &#8222;Fotos des Tages&#8220;. Ob das gut oder schlecht ist, m\u00f6gen die LeserInnen selbst entscheiden&#8230;<\/p>\n<hr \/>\n<p><a href=\"https:\/\/nmbiking.de\/wp\/wp-content\/uploads\/2021\/01\/20-jahre_4.jpg\"><img decoding=\"async\" src=\"https:\/\/nmbiking.de\/wp\/wp-content\/uploads\/2021\/01\/20-jahre_4.jpg\" alt=\"\" width=\"700\" \/><\/a><\/p>\n<hr \/>\n<p>Hin und wieder gibt es stark verfremdete Fotos, da hat mich die Lust am &#8222;Spielen&#8220; \u00fcbermannt:<\/p>\n<hr \/>\n<p><a href=\"https:\/\/nmbiking.de\/wp\/wp-content\/uploads\/2021\/01\/20-jahre_6.jpg\"><img decoding=\"async\" src=\"https:\/\/nmbiking.de\/wp\/wp-content\/uploads\/2021\/01\/20-jahre_6.jpg\" alt=\"\" width=\"700\"  \/><\/a><\/p>\n<hr \/>\n<p>Es gibt unter &#8222;Fotoalben&#8220; auch eine <a href=\"https:\/\/nmbiking.de\/wp\/?page_id=4479\">\u00dcbersicht<\/a> \u00fcber alle &#8222;Startbilder&#8220; bzw. &#8222;Fotos der Woche&#8220;. Inzwischen werden diese Fotos auch genutzt, um einen <strong>Jahresr\u00fcckblick<\/strong> zu gestalten.<\/p>\n","protected":false},"excerpt":{"rendered":"<p>Dieser Beitrag geh\u00f6rt auch zum Thema &#8222;20 Jahre Mountainbiketagebuch&#8220;. Inzwischen ist nmbiking mit der Zahl der sog. Startbilder bei 3000 angekommen. &#8222;Startbilder&#8220; hie\u00dfen sie damals, als es mit der Webseite losging. Ein Bildschirm f\u00fcllendes Foto sollte die Seite er\u00f6ffnen und gleich zeigen, worum es auf dem Blog geht. Es mussten also Fotos sein, die etwas &hellip; <\/p>\n<p class=\"link-more\"><a href=\"https:\/\/nmbiking.de\/wp\/?page_id=69717\" class=\"more-link\"><span class=\"screen-reader-text\">\u201e3000 Startbilder\u201c <\/span>weiterlesen<\/a><\/p>\n","protected":false},"author":65,"featured_media":0,"parent":0,"menu_order":0,"comment_status":"closed","ping_status":"closed","template":"","meta":{"footnotes":""},"class_list":["post-69717","page","type-page","status-publish","hentry"],"_links":{"self":[{"href":"https:\/\/nmbiking.de\/wp\/index.php?rest_route=\/wp\/v2\/pages\/69717","targetHints":{"allow":["GET"]}}],"collection":[{"href":"https:\/\/nmbiking.de\/wp\/index.php?rest_route=\/wp\/v2\/pages"}],"about":[{"href":"https:\/\/nmbiking.de\/wp\/index.php?rest_route=\/wp\/v2\/types\/page"}],"author":[{"embeddable":true,"href":"https:\/\/nmbiking.de\/wp\/index.php?rest_route=\/wp\/v2\/users\/65"}],"replies":[{"embeddable":true,"href":"https:\/\/nmbiking.de\/wp\/index.php?rest_route=%2Fwp%2Fv2%2Fcomments&post=69717"}],"version-history":[{"count":9,"href":"https:\/\/nmbiking.de\/wp\/index.php?rest_route=\/wp\/v2\/pages\/69717\/revisions"}],"predecessor-version":[{"id":69737,"href":"https:\/\/nmbiking.de\/wp\/index.php?rest_route=\/wp\/v2\/pages\/69717\/revisions\/69737"}],"wp:attachment":[{"href":"https:\/\/nmbiking.de\/wp\/index.php?rest_route=%2Fwp%2Fv2%2Fmedia&parent=69717"}],"curies":[{"name":"wp","href":"https:\/\/api.w.org\/{rel}","templated":true}]}}