{"id":69189,"date":"2021-01-05T08:37:22","date_gmt":"2021-01-05T07:37:22","guid":{"rendered":"https:\/\/nmbiking.de\/wp\/?page_id=69189"},"modified":"2021-08-25T07:56:14","modified_gmt":"2021-08-25T06:56:14","slug":"mtb-freunde-gestern-und-heute-2","status":"publish","type":"page","link":"https:\/\/nmbiking.de\/wp\/?page_id=69189","title":{"rendered":"MTB-Freunde gestern und heute"},"content":{"rendered":"<p><strong>Teil 1: Hintergr\u00fcnde<\/strong><br \/>\nEs gibt ein altes Startfoto aus dem Jahr 2002 mit dem Titel &#8222;Gemeinsam touren&#8220;&#8230; ein Anlass sich diesem Thema einmal zu widmen.<!--more--><\/p>\n<figure style=\"width: 700px\" class=\"wp-caption alignnone\"><a href=\"https:\/\/nmbiking.de\/wp\/wp-content\/uploads\/2021\/01\/jan21_1.jpg\"><img loading=\"lazy\" decoding=\"async\" src=\"https:\/\/nmbiking.de\/wp\/wp-content\/uploads\/2021\/01\/jan21_1.jpg\" alt=\"\" width=\"700\" height=\"836\" \/><\/a><figcaption class=\"wp-caption-text\">von links nach oben: Klaus S., Uwe, Thomas C., Walter, Doc Lahmi, J\u00f6rg R., Thomas K., Thomas ?, Andrea, Benjamin, Jonas, Elisabeth, NM<\/figcaption><\/figure>\n<hr \/>\n<p>MTB-Freunde hat man viele. Freunde eher wenige. Das h\u00e4ngt davon ab, wie man &#8222;Freundschaft&#8220; definiert und was man von ihr erwartet.<br \/>\n&#8222;Freundschaft&#8220; ist ein uraltes Thema der Menschheit. Im Netz und in der Literatur gibt es viele Definitionen &#8211; jeder muss es f\u00fcr sich selbst herausfinden:<\/p>\n<p><em>Freundschaft bezeichnet ein auf gegenseitiger Zuneigung beruhendes Verh\u00e4ltnis von Menschen zueinander, das sich durch Sympathie und Vertrauen auszeichnet. (wikipedia)<\/em><\/p>\n<p><em>Man k\u00f6nnte auch sagen, Freundschaft ist eine besondere (Anziehungs-)Kraft zwischen Menschen, die sich vor allem aus folgenden Quellen speist:<br \/>\nGef\u00fchle \/ Das Bekenntnis zueinander bzw. die Entscheidung, befreundet zu sein \/ Gemeinsamkeiten und gegenseitiges Verst\u00e4ndnis \/ Zeit, Erfahrung und Erinnerungen (brigitte)<\/em><\/p>\n<p>Wenn man auf 20 Jahre Mountainbiken zur\u00fcck blickt, zeigt sich viel Verg\u00e4ngliches: Leute kommen und gehen, Sympathien bl\u00fchen auf und verwelken wieder. Weniges und Wenige sind von Dauer.<br \/>\nBei vielen Begegnungen bleibt es bei einer Bekanntschaft. Zu kurz ist die Begegnung, zu oberfl\u00e4chlich die Gespr\u00e4che, zu anders die Lebenseinstellungen.<br \/>\nWenn man nur einmal das Stich- und Reizwort VEGAN nimmt, da gibt es nicht viele, die darauf eingehen oder diese Einstellung auch leben. Beim Thema Umweltbewusstsein und Nachhaltigkeit trifft man schon eher auf Gleichgesinnte&#8230;<\/p>\n<p>&#8222;Gleichgesinnte&#8220; ist ein gutes Wort, welches eine gewisse Basis zwischen Menschen beschreiben kann. DENN: Muss man Freude sein, um miteinander biken zu gehen? Zumindest muss ein gewisses Gleichgewicht der Interessen da sein. Die Gegens\u00e4tze d\u00fcrfen nicht zu gro\u00df sein: Schnell oder langsam? Stra\u00dfe oder Wald? Hardtail oder Fully? Mit Ebike oder ohne? Genussbiken oder Trainieren? Lange Strecken fahren oder eher kurze? Mit Klingel oder ohne? Mit Schutzblech oder ohne?<\/p>\n<p>Ganz angenehm und freundschaftlich verlaufen die Begegnungen und Touren mit der Stammgruppe der L\u00fcckners, das haben auch einige l\u00e4ngere Touren wie der Alpencross gezeigt&#8230;<\/p>\n<p><strong>Teil 2: Die Praxis<\/strong><br \/>\nIm R\u00fcckblick ist auffallend, dass viele der MountainbikerInnen, die vor etwa 20 Jahren schon dabei waren, es auch heute noch sind. <!--more--><\/p>\n<p>Da ist zuerst einmal die <strong>Familie<\/strong>: Es sind eigentlich alle, die noch MTB fahren, wobei Mara dies auf den Urlaub beschr\u00e4nkt hat. Aber alle anderen nutzen das Rad auch auf dem Weg zur Arbeit. Wegen weit auseinander liegender Wohnorte und famili\u00e4rer Verpflichtungen kommt es nur noch zu wenigen gemeinsamen MTB-Aktivit\u00e4ten das Jahr \u00fcber. Seit Elisabeth elektrisch unterst\u00fctzt wird, f\u00e4hrt sie erheblich mehr Touren zusammen mit ihrem Angetrauten&#8230;.<\/p>\n<p>Nat\u00fcrlich muss dann an dieser Stelle <a href=\"https:\/\/nmbiking.de\/wp\/?p=21631\">Hans-Gerd Sch.<\/a> erw\u00e4hnt werden, der uns Anfang der 80er Jahre in die Gegend und die Feinheiten des Mountainbiken eingef\u00fchrt hat&#8230;<\/p>\n<p>Zur Einstimmung in die Folgende Betrachtung folgt ein Gesichter-Puzzle, das aber nur eine eher zuf\u00e4llige Auswahl aus den Tausenden von Fotos darstellt, die auf der Festplatte lagern. Sie stammen meist aus der Anfangszeit des Mountainbikens. Auch hier sind einige Gesichter dabei, die heut noch auftauchen&#8230;<\/p>\n<hr \/>\n<p><a href=\"https:\/\/nmbiking.de\/wp\/wp-content\/uploads\/2021\/01\/jan21_60.jpg\"><img decoding=\"async\" src=\"https:\/\/nmbiking.de\/wp\/wp-content\/uploads\/2021\/01\/jan21_60.jpg\" alt=\"\" width=\"700\" \/><\/a><\/p>\n<hr \/>\n<p>Vor etwa 20 Jahren entstand dann auch eine etwas festere Gruppierung, die meist sonntags ihre Touren machte: <strong>die L\u00fcckners<\/strong>.\u00a0 Dazu gesellten sich hin und wieder erfreulicherweise auch Leute aus unserem Dorf,\u00a0 zum Beispiel Marita, Olli und einige andere.\u00a0 Bald geh\u00f6rten neben <strong>Klaus S. auch Uwe und Tino<\/strong> zum &#8222;Stammpersonal&#8220;. Bald kamen <strong>J\u00f6rg<\/strong>, <strong>Mark<\/strong> und <strong>Sebastian<\/strong> und auch <strong>Elmar<\/strong> dazu.<br \/>\nDurch den Einstieg in die <strong>Rennszene<\/strong> ergaben sich weitere neue Bekanntschaften , die sich zum Teil unseren Sonntagstouren angeschlossen haben. Es fanden auch Gegenbesuche statt. In Erinnerung bleiben die Touren im L\u00fcckner und rund um die Grimburg mit <a href=\"https:\/\/nmbiking.de\/wp\/?p=4964\">Tobias Witzak<\/a>.<\/p>\n<p>Dann gab es einmal eine Zeit, die ein paar Jahre dauerte, mit einem festen <strong>Mittwochstreffen<\/strong>, wo Benjamin auf der Arbeit in Losheim abholt wurde und wir noch einen l\u00e4ngeren Nachhauseweg unternahmen. Dort waren anfangs Daniel und Tino dabei, sp\u00e4ter ab und zu einige andere Kollegen\/Mitarbeiter der Firma&#8230;<\/p>\n<p>In guter Erinnerung bleiben\u00a0 auch die MTB-Besuche der <a href=\"https:\/\/nmbiking.de\/wp\/?p=20596\">Edelsteinbande<\/a> (RV Blitz Idar-Oberstein), die \u00f6fter mal mit einer gro\u00dfen Gruppe ins und durchs Saarland kamen und mich als Geid einluden, sie ein St\u00fcck zu begleiten. Dies war eine interessante Erfahrung: mit einer so gro\u00dfen Gruppe unterwegs zu sein&#8230;<\/p>\n<p>Durch unsere ehrenamtliche Arbeit mit <strong>Fl\u00fcchtlingen<\/strong>, besonders in der <strong>Fahrradwerkstatt<\/strong> , entstand eine weitere kleine MTB-Gruppe. Alle vierzehn Tage, zwischen den Werksattterminen, gab es f\u00fcr Fl\u00fcchtlinge die M\u00f6glichkeit &#8211; &#8211; auch mit ausgeliehenen Mountainbikes &#8211; eine <a href=\"https:\/\/nmbiking.de\/wp\/?p=36731\">MTB-Tour<\/a> zu machen und damit auch die M\u00f6glichkeit, fitter zu werden\u00a0 und sich im deutschen Verkehr zurecht zu finden. Diese Veranstaltung ist leider ein wenig eingeschlafen, in letzter Zeit nat\u00fcrlich stark gebremst durch Corona&#8230;.<\/p>\n<div id='gallery-1' class='gallery galleryid-69189 gallery-columns-3 gallery-size-thumbnail'><figure class='gallery-item'>\n\t\t\t<div class='gallery-icon landscape'>\n\t\t\t\t<a href='https:\/\/nmbiking.de\/wp\/wp-content\/uploads\/2015\/09\/startbild2485.jpg'><img loading=\"lazy\" decoding=\"async\" width=\"200\" height=\"86\" src=\"https:\/\/nmbiking.de\/wp\/wp-content\/uploads\/2015\/09\/startbild2485-200x86.jpg\" class=\"attachment-thumbnail size-thumbnail\" alt=\"\" srcset=\"https:\/\/nmbiking.de\/wp\/wp-content\/uploads\/2015\/09\/startbild2485-200x86.jpg 200w, https:\/\/nmbiking.de\/wp\/wp-content\/uploads\/2015\/09\/startbild2485-300x129.jpg 300w, https:\/\/nmbiking.de\/wp\/wp-content\/uploads\/2015\/09\/startbild2485-1600x688.jpg 1600w, https:\/\/nmbiking.de\/wp\/wp-content\/uploads\/2015\/09\/startbild2485.jpg 1700w\" sizes=\"auto, 100vw\" \/><\/a>\n\t\t\t<\/div><\/figure><figure class='gallery-item'>\n\t\t\t<div class='gallery-icon landscape'>\n\t\t\t\t<a href='https:\/\/nmbiking.de\/wp\/wp-content\/uploads\/2015\/09\/sep15_195.jpg'><img loading=\"lazy\" decoding=\"async\" width=\"200\" height=\"138\" src=\"https:\/\/nmbiking.de\/wp\/wp-content\/uploads\/2015\/09\/sep15_195-200x138.jpg\" class=\"attachment-thumbnail size-thumbnail\" alt=\"\" srcset=\"https:\/\/nmbiking.de\/wp\/wp-content\/uploads\/2015\/09\/sep15_195-200x138.jpg 200w, https:\/\/nmbiking.de\/wp\/wp-content\/uploads\/2015\/09\/sep15_195-300x207.jpg 300w, https:\/\/nmbiking.de\/wp\/wp-content\/uploads\/2015\/09\/sep15_195.jpg 1200w\" sizes=\"auto, 100vw\" \/><\/a>\n\t\t\t<\/div><\/figure><figure class='gallery-item'>\n\t\t\t<div class='gallery-icon landscape'>\n\t\t\t\t<a href='https:\/\/nmbiking.de\/wp\/wp-content\/uploads\/2015\/08\/sep15_207.jpg'><img loading=\"lazy\" decoding=\"async\" width=\"200\" height=\"134\" src=\"https:\/\/nmbiking.de\/wp\/wp-content\/uploads\/2015\/08\/sep15_207-200x134.jpg\" class=\"attachment-thumbnail size-thumbnail\" alt=\"\" srcset=\"https:\/\/nmbiking.de\/wp\/wp-content\/uploads\/2015\/08\/sep15_207-200x134.jpg 200w, https:\/\/nmbiking.de\/wp\/wp-content\/uploads\/2015\/08\/sep15_207-300x201.jpg 300w, https:\/\/nmbiking.de\/wp\/wp-content\/uploads\/2015\/08\/sep15_207.jpg 1200w\" sizes=\"auto, 100vw\" \/><\/a>\n\t\t\t<\/div><\/figure>\n\t\t<\/div>\n\n<p>Erw\u00e4hnenswert im Zusammenhang mit\u00a0 MTB-Gruppen-Aktivit\u00e4ten sind die <strong><a href=\"https:\/\/nmbiking.de\/wp\/?p=2466\">Schmelzer Kirmes-Rennen<\/a> und die <a href=\"https:\/\/nmbiking.de\/wp\/?p=14711\">Kirmes-Touren<\/a><\/strong><br \/>\nViele Mountainbiker und Mountainbikerinnen kamen und gingen auch wieder. Immer wieder gab es kurze Kontakte, oft auf Anfragen \u00fcber die Webseite hin, f\u00fcr deren K\u00fcrze ich dankbar war, weil es nicht gepasst hat oder die ich bedauerte, weil etwas h\u00e4tte daraus werden k\u00f6nnen&#8230;<\/p>\n<p>Regelm\u00e4\u00dfig haben wir auch Mountainbike-G\u00e4ste, die bei uns ein paar Tage verweilen und mit uns Touren machen, so zum Beispiel\u00a0 Bruder und Onkel Manfred aus M\u00fcnchen\u00a0 oder Lisa aus der Schweiz. In Erinnerung bleiben wird auch die Zusammenarbeit mit <a href=\"https:\/\/nmbiking.de\/wp\/?p=18353\">Axel Molinero<\/a> in\u00a0 seinem Projekt Attractive.<\/p>\n<p>Auch kleine Urlaube und\/oder Mehrtagestouren mit MTB-Freunden standen in den letzten Jahren auf dem Programm:<br \/>\n&#8211; <a href=\"https:\/\/nmbiking.de\/wp\/?p=4357\"><strong>Vogesen<\/strong><\/a> mit Benja, Jonas, Mark, Tino, Daniel, Dennis, Volker (2009)<br \/>\n&#8211; <a href=\"https:\/\/nmbiking.de\/wp\/?p=14789\"><strong>Lechweg<\/strong> mit J\u00f6rg und Alfred<\/a> (2012)<br \/>\n&#8211; <a href=\"https:\/\/nmbiking.de\/wp\/?p=19807\"><strong>Vierwaldst\u00e4tter See<\/strong> mit J\u00f6rg und Alfred (2013)<\/a><br \/>\n&#8211; <a href=\"https:\/\/nmbiking.de\/wp\/?page_id=21063\"><strong>Piemont<\/strong><\/a> mit Axel, Roberta und Tino (2013)<br \/>\n&#8211; <a href=\"https:\/\/nmbiking.de\/wp\/?p=19050\"><strong>Naheweg<\/strong> mit J\u00f6rg, Mark, Alfred<\/a> (2013)<br \/>\n&#8211; <a href=\"https:\/\/nmbiking.de\/wp\/?p=26662\"><strong>Matterhorn<\/strong> mit Lukas und Mark<\/a> (2014)<br \/>\n&#8211; <a href=\"https:\/\/nmbiking.de\/wp\/?p=32247\"><strong>Nepal<\/strong> mit Lukas und J\u00f6rg<\/a> (2014)<br \/>\n&#8211; <a href=\"https:\/\/nmbiking.de\/wp\/?p=33572\"><strong>Eifel<\/strong> mit J\u00f6rg (2015)<\/a><br \/>\n&#8211; <a href=\"https:\/\/nmbiking.de\/wp\/?p=41215\"><strong>Montafon<\/strong> mit Lukas, Mara, J\u00f6rg und Mark<\/a> (2016)<br \/>\n&#8211; <a href=\"https:\/\/nmbiking.de\/wp\/?page_id=47502\"><strong>S\u00fcdtirol<\/strong> mit Mark<\/a> (2017)<br \/>\n&#8211; <a href=\"https:\/\/nmbiking.de\/wp\/?p=52577\"><strong>Alpencross<\/strong> mit Walter, Mark, J\u00f6rg, Sebastian, Tino <\/a> (2018)<\/p>\n<p>Besonders auf solchen Mehrtagestouren und Reisen, wo man eigentlich\u00a0 rund um die Uhr und &#8222;eng&#8220; zusammen ist, lernt man den Anderen gut kennen: deren Vorz\u00fcge,\u00a0 Angewohnheiten, deren Ticks und Schw\u00e4chen&#8230; Und je l\u00e4nger und anstrengender eine solche Tour, desto intensiver sind die Erfahrungen mit den anderen Teilnehmern.\u00a0 Auf allen diesen &#8222;Abenteuer-Touren&#8220; gab es eigentlich nie gro\u00dfe Probleme oder Kontroversen, es lief alles sehr harmonisch, auch wenn jeder der Teilnehmer ein ganz eigner Mensch ist&#8230;<\/p>\n<hr \/>\n<p><a href=\"https:\/\/nmbiking.de\/wp\/wp-content\/uploads\/2020\/12\/startbild_2928_2.jpg\"><img decoding=\"async\" src=\"https:\/\/nmbiking.de\/wp\/wp-content\/uploads\/2020\/12\/startbild_2928_2.jpg\" alt=\"\" width=\"700\" \/><\/a><\/p>\n<p>In den letzten beiden Jahren ist es insgesamt etwas ruhiger geworden rund um NM, was wohl verschiedene Gr\u00fcnde hat. Es gibt immer noch die &#8222;<strong>L\u00fcckners<\/strong>&#8222;, aber etwas kleiner, zu der <strong>J\u00f6rg, Mark und Walter<\/strong> z\u00e4hlen, die in der Regel bei der Sonntagtour dabei sind. Hin und wieder sind dies auch Uwe und Sebastian. Unterwegs treffen wir manchmal andere Leute auf zwei R\u00e4dern, wie zum Beispiel <strong>J\u00f6rg R<\/strong>. Nach Michelbach kommen auch hin und wieder <strong>Dennis , Michel<\/strong> zum Biken .<\/p>\n<p>Und an dieser Stelle: <strong>Danke<\/strong> an J\u00f6rg und Mark, die regelm\u00e4\u00dfig den langen Weg (und die Kosten) auf sich nehmen und nach M. kommen. Inzwischen gilt das auch f\u00fcr Walter. F\u00fcr mich ist dies eine gro\u00dfe Hilfe und Erleichterung&#8230;<\/p>\n","protected":false},"excerpt":{"rendered":"<p>Teil 1: Hintergr\u00fcnde Es gibt ein altes Startfoto aus dem Jahr 2002 mit dem Titel &#8222;Gemeinsam touren&#8220;&#8230; ein Anlass sich diesem Thema einmal zu widmen.<\/p>\n","protected":false},"author":65,"featured_media":0,"parent":0,"menu_order":0,"comment_status":"closed","ping_status":"closed","template":"","meta":{"footnotes":""},"class_list":["post-69189","page","type-page","status-publish","hentry"],"_links":{"self":[{"href":"https:\/\/nmbiking.de\/wp\/index.php?rest_route=\/wp\/v2\/pages\/69189","targetHints":{"allow":["GET"]}}],"collection":[{"href":"https:\/\/nmbiking.de\/wp\/index.php?rest_route=\/wp\/v2\/pages"}],"about":[{"href":"https:\/\/nmbiking.de\/wp\/index.php?rest_route=\/wp\/v2\/types\/page"}],"author":[{"embeddable":true,"href":"https:\/\/nmbiking.de\/wp\/index.php?rest_route=\/wp\/v2\/users\/65"}],"replies":[{"embeddable":true,"href":"https:\/\/nmbiking.de\/wp\/index.php?rest_route=%2Fwp%2Fv2%2Fcomments&post=69189"}],"version-history":[{"count":13,"href":"https:\/\/nmbiking.de\/wp\/index.php?rest_route=\/wp\/v2\/pages\/69189\/revisions"}],"predecessor-version":[{"id":72919,"href":"https:\/\/nmbiking.de\/wp\/index.php?rest_route=\/wp\/v2\/pages\/69189\/revisions\/72919"}],"wp:attachment":[{"href":"https:\/\/nmbiking.de\/wp\/index.php?rest_route=%2Fwp%2Fv2%2Fmedia&parent=69189"}],"curies":[{"name":"wp","href":"https:\/\/api.w.org\/{rel}","templated":true}]}}