{"id":68428,"date":"2020-12-18T10:09:21","date_gmt":"2020-12-18T09:09:21","guid":{"rendered":"https:\/\/nmbiking.de\/wp\/?page_id=68428"},"modified":"2020-12-18T10:09:21","modified_gmt":"2020-12-18T09:09:21","slug":"elgol","status":"publish","type":"page","link":"https:\/\/nmbiking.de\/wp\/?page_id=68428","title":{"rendered":"Elgol"},"content":{"rendered":"<h2><span style=\"color: blue;\">Elgol<\/span><\/h2>\n<p><strong>Blind date with scotish bikes<\/strong>.<br \/>\nWir sitzen in unserem gem\u00fctlichen Cottage auf der Insel Skye und warten auf Kate. Drau\u00dfen regnet es und Loch Slapin sieht sehr grau aus. Kate hat Versp\u00e4tung. Sie soll unsere sechs Bikes plus Anh\u00e4nger bringen. Endlich. <!--more-->Mit ihren drei Kindern, ihrem Mann und zwei Autos hat sie unsere Bestellung dann doch auf den Weg zu unserem zugegeben sehr einsam und abseits gelegenen Versteck gebracht.<br \/>\nBlind date: Wir haben blind gebucht \u2013 ohne die Bikes zu sehen, es war sowieso schon schwierig genug, Mountainbikes auf Skye auszuleihen.<\/p>\n<p><strong>Unsere neuen Wegbegleiter<\/strong><br \/>\nsind bleischwer und rot. Elisabeth (Kate: for the woman) bekommt sogar ein Fully, 20 Kilo leicht&#8230;<br \/>\nAnsonsten gibt es einiges Zubeh\u00f6r kostenfrei dazu: Helme, Werkzeugtaschen und vor allem schicke Sicherheitswesten mit dem Aufdruck \u201eMTB-Skye\u201c. Wir sehen aus wie die schlimmsten schottischen Verkehrspolizisten. Wir kriegen uns lange nicht mehr vor Lachen. Verkehrsstaus auf den ziemlich leeren Stra\u00dfen sind vorprogrammiert. Das neue Outfit hat sogar den Regen vertrieben.<\/p>\n<p><strong>Die Polizeieskorte zieht los<\/strong>,<br \/>\nnachdem die Bikes von Benjamin gecheckt und eingestellt sind. \u00dcber kleine Teerstr\u00e4\u00dfchen. Auf Skye sind dies meist Singletracks: Platz nur f\u00fcr ein Auto. &#8222;Passing places&#8220; helfen beim Aneinandervorbeikommen. Wenn unsere bunte Kolonne mit dem ziemlich x-beinig breiten Anh\u00e4nger kommt, hei\u00dft es entweder f\u00fcr uns oder die Autos: stehen bleiben. Einen freundlichen Gru\u00df gibt es immer dazu.<\/p>\n<p>Elgol, ein winziger Fischerort am Loch Scavaig, ist unser Ziel. Eine ziemlich steile Stra\u00dfe f\u00fchrt hinunter. (Im Wohnmobilf\u00fchrer wird davor gewarnt! Unsere urspr\u00fcngliche, nicht realisierbare Idee war n\u00e4mlich: mit dem Wohnmobil und Bikes durch Schottland)) Unsere mechanischen Scheibenbremsen beginnen zu qualmen.<br \/>\nEs sieht hier aus wie auf fast jedem Fischerort auf der Welt: Boote, Netze, neue, verrottete&#8230;<\/p>\n<p><strong>Elgol ist eine Sackgasse<\/strong>,<br \/>\nnur Boote kommen hier weiter. Wir m\u00fcssen den steilen Berg wieder hoch. Das verlangt einige Kr\u00e4fte, die schweren Bikes vermindern den Spa\u00df. Leider ist der geplante Trail in Richtung der Cuillin Hills mit diesen Teilen nicht fahrbar, mit Anh\u00e4nger sowieso nicht. Wir qu\u00e4len uns eine halbe Stunde, um wenigstens etwas zu sehen und ein paar Fotos zu machen.<\/p>\n<div id='gallery-1' class='gallery galleryid-10404 gallery-columns-3 gallery-size-thumbnail'><figure class='gallery-item'>\n\t\t\t<div class='gallery-icon landscape'>\n\t\t\t\t<a href='https:\/\/nmbiking.de\/wp\/wp-content\/uploads\/2011\/07\/skye11_33.jpg'><img loading=\"lazy\" decoding=\"async\" width=\"180\" height=\"87\" src=\"https:\/\/nmbiking.de\/wp\/wp-content\/uploads\/2011\/07\/skye11_33-180x87.jpg\" class=\"attachment-thumbnail size-thumbnail\" alt=\"\" srcset=\"https:\/\/nmbiking.de\/wp\/wp-content\/uploads\/2011\/07\/skye11_33-180x87.jpg 180w, https:\/\/nmbiking.de\/wp\/wp-content\/uploads\/2011\/07\/skye11_33-300x145.jpg 300w, https:\/\/nmbiking.de\/wp\/wp-content\/uploads\/2011\/07\/skye11_33.jpg 900w\" sizes=\"auto, 100vw\" \/><\/a>\n\t\t\t<\/div><\/figure><figure class='gallery-item'>\n\t\t\t<div class='gallery-icon landscape'>\n\t\t\t\t<a href='https:\/\/nmbiking.de\/wp\/wp-content\/uploads\/2011\/07\/skye11_34.jpg'><img loading=\"lazy\" decoding=\"async\" width=\"180\" height=\"73\" src=\"https:\/\/nmbiking.de\/wp\/wp-content\/uploads\/2011\/07\/skye11_34-180x73.jpg\" class=\"attachment-thumbnail size-thumbnail\" alt=\"\" srcset=\"https:\/\/nmbiking.de\/wp\/wp-content\/uploads\/2011\/07\/skye11_34-180x73.jpg 180w, https:\/\/nmbiking.de\/wp\/wp-content\/uploads\/2011\/07\/skye11_34-300x121.jpg 300w, https:\/\/nmbiking.de\/wp\/wp-content\/uploads\/2011\/07\/skye11_34.jpg 1000w\" sizes=\"auto, 100vw\" \/><\/a>\n\t\t\t<\/div><\/figure><figure class='gallery-item'>\n\t\t\t<div class='gallery-icon landscape'>\n\t\t\t\t<a href='https:\/\/nmbiking.de\/wp\/wp-content\/uploads\/2011\/07\/skye11_35.jpg'><img loading=\"lazy\" decoding=\"async\" width=\"180\" height=\"79\" src=\"https:\/\/nmbiking.de\/wp\/wp-content\/uploads\/2011\/07\/skye11_35-180x79.jpg\" class=\"attachment-thumbnail size-thumbnail\" alt=\"\" srcset=\"https:\/\/nmbiking.de\/wp\/wp-content\/uploads\/2011\/07\/skye11_35-180x79.jpg 180w, https:\/\/nmbiking.de\/wp\/wp-content\/uploads\/2011\/07\/skye11_35-300x132.jpg 300w, https:\/\/nmbiking.de\/wp\/wp-content\/uploads\/2011\/07\/skye11_35.jpg 1000w\" sizes=\"auto, 100vw\" \/><\/a>\n\t\t\t<\/div><\/figure><figure class='gallery-item'>\n\t\t\t<div class='gallery-icon landscape'>\n\t\t\t\t<a href='https:\/\/nmbiking.de\/wp\/wp-content\/uploads\/2011\/07\/skye11_36.jpg'><img loading=\"lazy\" decoding=\"async\" width=\"180\" height=\"78\" src=\"https:\/\/nmbiking.de\/wp\/wp-content\/uploads\/2011\/07\/skye11_36-180x78.jpg\" class=\"attachment-thumbnail size-thumbnail\" alt=\"\" srcset=\"https:\/\/nmbiking.de\/wp\/wp-content\/uploads\/2011\/07\/skye11_36-180x78.jpg 180w, https:\/\/nmbiking.de\/wp\/wp-content\/uploads\/2011\/07\/skye11_36-300x130.jpg 300w, https:\/\/nmbiking.de\/wp\/wp-content\/uploads\/2011\/07\/skye11_36.jpg 1000w\" sizes=\"auto, 100vw\" \/><\/a>\n\t\t\t<\/div><\/figure><figure class='gallery-item'>\n\t\t\t<div class='gallery-icon landscape'>\n\t\t\t\t<a href='https:\/\/nmbiking.de\/wp\/wp-content\/uploads\/2011\/07\/skye11_37.jpg'><img loading=\"lazy\" decoding=\"async\" width=\"180\" height=\"80\" src=\"https:\/\/nmbiking.de\/wp\/wp-content\/uploads\/2011\/07\/skye11_37-180x80.jpg\" class=\"attachment-thumbnail size-thumbnail\" alt=\"\" srcset=\"https:\/\/nmbiking.de\/wp\/wp-content\/uploads\/2011\/07\/skye11_37-180x80.jpg 180w, https:\/\/nmbiking.de\/wp\/wp-content\/uploads\/2011\/07\/skye11_37-300x133.jpg 300w, https:\/\/nmbiking.de\/wp\/wp-content\/uploads\/2011\/07\/skye11_37.jpg 1000w\" sizes=\"auto, 100vw\" \/><\/a>\n\t\t\t<\/div><\/figure><figure class='gallery-item'>\n\t\t\t<div class='gallery-icon landscape'>\n\t\t\t\t<a href='https:\/\/nmbiking.de\/wp\/wp-content\/uploads\/2011\/07\/skye11_38.jpg'><img loading=\"lazy\" decoding=\"async\" width=\"180\" height=\"81\" src=\"https:\/\/nmbiking.de\/wp\/wp-content\/uploads\/2011\/07\/skye11_38-180x81.jpg\" class=\"attachment-thumbnail size-thumbnail\" alt=\"\" srcset=\"https:\/\/nmbiking.de\/wp\/wp-content\/uploads\/2011\/07\/skye11_38-180x81.jpg 180w, https:\/\/nmbiking.de\/wp\/wp-content\/uploads\/2011\/07\/skye11_38-300x135.jpg 300w, https:\/\/nmbiking.de\/wp\/wp-content\/uploads\/2011\/07\/skye11_38.jpg 1000w\" sizes=\"auto, 100vw\" \/><\/a>\n\t\t\t<\/div><\/figure><figure class='gallery-item'>\n\t\t\t<div class='gallery-icon landscape'>\n\t\t\t\t<a href='https:\/\/nmbiking.de\/wp\/wp-content\/uploads\/2011\/07\/skye11_39.jpg'><img loading=\"lazy\" decoding=\"async\" width=\"180\" height=\"76\" src=\"https:\/\/nmbiking.de\/wp\/wp-content\/uploads\/2011\/07\/skye11_39-180x76.jpg\" class=\"attachment-thumbnail size-thumbnail\" alt=\"\" srcset=\"https:\/\/nmbiking.de\/wp\/wp-content\/uploads\/2011\/07\/skye11_39-180x76.jpg 180w, https:\/\/nmbiking.de\/wp\/wp-content\/uploads\/2011\/07\/skye11_39-300x128.jpg 300w, https:\/\/nmbiking.de\/wp\/wp-content\/uploads\/2011\/07\/skye11_39.jpg 1000w\" sizes=\"auto, 100vw\" \/><\/a>\n\t\t\t<\/div><\/figure><figure class='gallery-item'>\n\t\t\t<div class='gallery-icon landscape'>\n\t\t\t\t<a href='https:\/\/nmbiking.de\/wp\/wp-content\/uploads\/2011\/07\/skye11_40.jpg'><img loading=\"lazy\" decoding=\"async\" width=\"180\" height=\"79\" src=\"https:\/\/nmbiking.de\/wp\/wp-content\/uploads\/2011\/07\/skye11_40-180x79.jpg\" class=\"attachment-thumbnail size-thumbnail\" alt=\"\" srcset=\"https:\/\/nmbiking.de\/wp\/wp-content\/uploads\/2011\/07\/skye11_40-180x79.jpg 180w, https:\/\/nmbiking.de\/wp\/wp-content\/uploads\/2011\/07\/skye11_40-300x132.jpg 300w, https:\/\/nmbiking.de\/wp\/wp-content\/uploads\/2011\/07\/skye11_40.jpg 1000w\" sizes=\"auto, 100vw\" \/><\/a>\n\t\t\t<\/div><\/figure><figure class='gallery-item'>\n\t\t\t<div class='gallery-icon landscape'>\n\t\t\t\t<a href='https:\/\/nmbiking.de\/wp\/wp-content\/uploads\/2011\/07\/skye11_411.jpg'><img loading=\"lazy\" decoding=\"async\" width=\"180\" height=\"138\" src=\"https:\/\/nmbiking.de\/wp\/wp-content\/uploads\/2011\/07\/skye11_411-180x138.jpg\" class=\"attachment-thumbnail size-thumbnail\" alt=\"\" srcset=\"https:\/\/nmbiking.de\/wp\/wp-content\/uploads\/2011\/07\/skye11_411-180x138.jpg 180w, https:\/\/nmbiking.de\/wp\/wp-content\/uploads\/2011\/07\/skye11_411-300x231.jpg 300w, https:\/\/nmbiking.de\/wp\/wp-content\/uploads\/2011\/07\/skye11_411.jpg 800w\" sizes=\"auto, 100vw\" \/><\/a>\n\t\t\t<\/div><\/figure><figure class='gallery-item'>\n\t\t\t<div class='gallery-icon landscape'>\n\t\t\t\t<a href='https:\/\/nmbiking.de\/wp\/wp-content\/uploads\/2011\/07\/skye11_42.jpg'><img loading=\"lazy\" decoding=\"async\" width=\"180\" height=\"112\" src=\"https:\/\/nmbiking.de\/wp\/wp-content\/uploads\/2011\/07\/skye11_42-180x112.jpg\" class=\"attachment-thumbnail size-thumbnail\" alt=\"\" srcset=\"https:\/\/nmbiking.de\/wp\/wp-content\/uploads\/2011\/07\/skye11_42-180x112.jpg 180w, https:\/\/nmbiking.de\/wp\/wp-content\/uploads\/2011\/07\/skye11_42-300x187.jpg 300w, https:\/\/nmbiking.de\/wp\/wp-content\/uploads\/2011\/07\/skye11_42.jpg 700w\" sizes=\"auto, 100vw\" \/><\/a>\n\t\t\t<\/div><\/figure><figure class='gallery-item'>\n\t\t\t<div class='gallery-icon landscape'>\n\t\t\t\t<a href='https:\/\/nmbiking.de\/wp\/wp-content\/uploads\/2011\/07\/skye11_43.jpg'><img loading=\"lazy\" decoding=\"async\" width=\"180\" height=\"156\" src=\"https:\/\/nmbiking.de\/wp\/wp-content\/uploads\/2011\/07\/skye11_43-180x156.jpg\" class=\"attachment-thumbnail size-thumbnail\" alt=\"\" srcset=\"https:\/\/nmbiking.de\/wp\/wp-content\/uploads\/2011\/07\/skye11_43-180x156.jpg 180w, https:\/\/nmbiking.de\/wp\/wp-content\/uploads\/2011\/07\/skye11_43-300x260.jpg 300w, https:\/\/nmbiking.de\/wp\/wp-content\/uploads\/2011\/07\/skye11_43.jpg 700w\" sizes=\"auto, 100vw\" \/><\/a>\n\t\t\t<\/div><\/figure><figure class='gallery-item'>\n\t\t\t<div class='gallery-icon landscape'>\n\t\t\t\t<a href='https:\/\/nmbiking.de\/wp\/wp-content\/uploads\/2011\/07\/skye11_44.jpg'><img loading=\"lazy\" decoding=\"async\" width=\"180\" height=\"70\" src=\"https:\/\/nmbiking.de\/wp\/wp-content\/uploads\/2011\/07\/skye11_44-180x70.jpg\" class=\"attachment-thumbnail size-thumbnail\" alt=\"\" srcset=\"https:\/\/nmbiking.de\/wp\/wp-content\/uploads\/2011\/07\/skye11_44-180x70.jpg 180w, https:\/\/nmbiking.de\/wp\/wp-content\/uploads\/2011\/07\/skye11_44-300x117.jpg 300w, https:\/\/nmbiking.de\/wp\/wp-content\/uploads\/2011\/07\/skye11_44.jpg 1000w\" sizes=\"auto, 100vw\" \/><\/a>\n\t\t\t<\/div><\/figure><figure class='gallery-item'>\n\t\t\t<div class='gallery-icon landscape'>\n\t\t\t\t<a href='https:\/\/nmbiking.de\/wp\/wp-content\/uploads\/2011\/07\/skye11_45.jpg'><img loading=\"lazy\" decoding=\"async\" width=\"180\" height=\"95\" src=\"https:\/\/nmbiking.de\/wp\/wp-content\/uploads\/2011\/07\/skye11_45-180x95.jpg\" class=\"attachment-thumbnail size-thumbnail\" alt=\"\" srcset=\"https:\/\/nmbiking.de\/wp\/wp-content\/uploads\/2011\/07\/skye11_45-180x95.jpg 180w, https:\/\/nmbiking.de\/wp\/wp-content\/uploads\/2011\/07\/skye11_45-300x158.jpg 300w, https:\/\/nmbiking.de\/wp\/wp-content\/uploads\/2011\/07\/skye11_45.jpg 885w\" sizes=\"auto, 100vw\" \/><\/a>\n\t\t\t<\/div><\/figure><figure class='gallery-item'>\n\t\t\t<div class='gallery-icon landscape'>\n\t\t\t\t<a href='https:\/\/nmbiking.de\/wp\/wp-content\/uploads\/2011\/07\/skye11_46.jpg'><img loading=\"lazy\" decoding=\"async\" width=\"180\" height=\"126\" src=\"https:\/\/nmbiking.de\/wp\/wp-content\/uploads\/2011\/07\/skye11_46-180x126.jpg\" class=\"attachment-thumbnail size-thumbnail\" alt=\"\" srcset=\"https:\/\/nmbiking.de\/wp\/wp-content\/uploads\/2011\/07\/skye11_46-180x126.jpg 180w, https:\/\/nmbiking.de\/wp\/wp-content\/uploads\/2011\/07\/skye11_46-300x210.jpg 300w, https:\/\/nmbiking.de\/wp\/wp-content\/uploads\/2011\/07\/skye11_46.jpg 700w\" sizes=\"auto, 100vw\" \/><\/a>\n\t\t\t<\/div><\/figure><figure class='gallery-item'>\n\t\t\t<div class='gallery-icon landscape'>\n\t\t\t\t<a href='https:\/\/nmbiking.de\/wp\/wp-content\/uploads\/2011\/07\/skye11_47.jpg'><img loading=\"lazy\" decoding=\"async\" width=\"180\" height=\"94\" src=\"https:\/\/nmbiking.de\/wp\/wp-content\/uploads\/2011\/07\/skye11_47-180x94.jpg\" class=\"attachment-thumbnail size-thumbnail\" alt=\"\" srcset=\"https:\/\/nmbiking.de\/wp\/wp-content\/uploads\/2011\/07\/skye11_47-180x94.jpg 180w, https:\/\/nmbiking.de\/wp\/wp-content\/uploads\/2011\/07\/skye11_47-300x157.jpg 300w, https:\/\/nmbiking.de\/wp\/wp-content\/uploads\/2011\/07\/skye11_47.jpg 900w\" sizes=\"auto, 100vw\" \/><\/a>\n\t\t\t<\/div><\/figure><figure class='gallery-item'>\n\t\t\t<div class='gallery-icon landscape'>\n\t\t\t\t<a href='https:\/\/nmbiking.de\/wp\/wp-content\/uploads\/2011\/07\/skye11_48.jpg'><img loading=\"lazy\" decoding=\"async\" width=\"180\" height=\"76\" src=\"https:\/\/nmbiking.de\/wp\/wp-content\/uploads\/2011\/07\/skye11_48-180x76.jpg\" class=\"attachment-thumbnail size-thumbnail\" alt=\"\" srcset=\"https:\/\/nmbiking.de\/wp\/wp-content\/uploads\/2011\/07\/skye11_48-180x76.jpg 180w, https:\/\/nmbiking.de\/wp\/wp-content\/uploads\/2011\/07\/skye11_48-300x127.jpg 300w, https:\/\/nmbiking.de\/wp\/wp-content\/uploads\/2011\/07\/skye11_48.jpg 1000w\" sizes=\"auto, 100vw\" \/><\/a>\n\t\t\t<\/div><\/figure><figure class='gallery-item'>\n\t\t\t<div class='gallery-icon landscape'>\n\t\t\t\t<a href='https:\/\/nmbiking.de\/wp\/wp-content\/uploads\/2011\/07\/skye11_49.jpg'><img loading=\"lazy\" decoding=\"async\" width=\"180\" height=\"99\" src=\"https:\/\/nmbiking.de\/wp\/wp-content\/uploads\/2011\/07\/skye11_49-180x99.jpg\" class=\"attachment-thumbnail size-thumbnail\" alt=\"\" srcset=\"https:\/\/nmbiking.de\/wp\/wp-content\/uploads\/2011\/07\/skye11_49-180x99.jpg 180w, https:\/\/nmbiking.de\/wp\/wp-content\/uploads\/2011\/07\/skye11_49-300x166.jpg 300w, https:\/\/nmbiking.de\/wp\/wp-content\/uploads\/2011\/07\/skye11_49.jpg 900w\" sizes=\"auto, 100vw\" \/><\/a>\n\t\t\t<\/div><\/figure><figure class='gallery-item'>\n\t\t\t<div class='gallery-icon landscape'>\n\t\t\t\t<a href='https:\/\/nmbiking.de\/wp\/wp-content\/uploads\/2011\/07\/skye11_50.jpg'><img loading=\"lazy\" decoding=\"async\" width=\"180\" height=\"82\" src=\"https:\/\/nmbiking.de\/wp\/wp-content\/uploads\/2011\/07\/skye11_50-180x82.jpg\" class=\"attachment-thumbnail size-thumbnail\" alt=\"\" srcset=\"https:\/\/nmbiking.de\/wp\/wp-content\/uploads\/2011\/07\/skye11_50-180x82.jpg 180w, https:\/\/nmbiking.de\/wp\/wp-content\/uploads\/2011\/07\/skye11_50-300x137.jpg 300w, https:\/\/nmbiking.de\/wp\/wp-content\/uploads\/2011\/07\/skye11_50.jpg 1000w\" sizes=\"auto, 100vw\" \/><\/a>\n\t\t\t<\/div><\/figure><figure class='gallery-item'>\n\t\t\t<div class='gallery-icon landscape'>\n\t\t\t\t<a href='https:\/\/nmbiking.de\/wp\/wp-content\/uploads\/2011\/07\/skye11_51.jpg'><img loading=\"lazy\" decoding=\"async\" width=\"180\" height=\"95\" src=\"https:\/\/nmbiking.de\/wp\/wp-content\/uploads\/2011\/07\/skye11_51-180x95.jpg\" class=\"attachment-thumbnail size-thumbnail\" alt=\"\" srcset=\"https:\/\/nmbiking.de\/wp\/wp-content\/uploads\/2011\/07\/skye11_51-180x95.jpg 180w, https:\/\/nmbiking.de\/wp\/wp-content\/uploads\/2011\/07\/skye11_51-300x159.jpg 300w, https:\/\/nmbiking.de\/wp\/wp-content\/uploads\/2011\/07\/skye11_51.jpg 1000w\" sizes=\"auto, 100vw\" \/><\/a>\n\t\t\t<\/div><\/figure><figure class='gallery-item'>\n\t\t\t<div class='gallery-icon landscape'>\n\t\t\t\t<a href='https:\/\/nmbiking.de\/wp\/wp-content\/uploads\/2011\/07\/skye11_52.jpg'><img loading=\"lazy\" decoding=\"async\" width=\"180\" height=\"80\" src=\"https:\/\/nmbiking.de\/wp\/wp-content\/uploads\/2011\/07\/skye11_52-180x80.jpg\" class=\"attachment-thumbnail size-thumbnail\" alt=\"\" srcset=\"https:\/\/nmbiking.de\/wp\/wp-content\/uploads\/2011\/07\/skye11_52-180x80.jpg 180w, https:\/\/nmbiking.de\/wp\/wp-content\/uploads\/2011\/07\/skye11_52-300x134.jpg 300w, https:\/\/nmbiking.de\/wp\/wp-content\/uploads\/2011\/07\/skye11_52.jpg 1000w\" sizes=\"auto, 100vw\" \/><\/a>\n\t\t\t<\/div><\/figure><figure class='gallery-item'>\n\t\t\t<div class='gallery-icon landscape'>\n\t\t\t\t<a href='https:\/\/nmbiking.de\/wp\/wp-content\/uploads\/2011\/07\/skye11_53.jpg'><img loading=\"lazy\" decoding=\"async\" width=\"180\" height=\"110\" src=\"https:\/\/nmbiking.de\/wp\/wp-content\/uploads\/2011\/07\/skye11_53-180x110.jpg\" class=\"attachment-thumbnail size-thumbnail\" alt=\"\" srcset=\"https:\/\/nmbiking.de\/wp\/wp-content\/uploads\/2011\/07\/skye11_53-180x110.jpg 180w, https:\/\/nmbiking.de\/wp\/wp-content\/uploads\/2011\/07\/skye11_53-300x184.jpg 300w, https:\/\/nmbiking.de\/wp\/wp-content\/uploads\/2011\/07\/skye11_53.jpg 800w\" sizes=\"auto, 100vw\" \/><\/a>\n\t\t\t<\/div><\/figure><figure class='gallery-item'>\n\t\t\t<div class='gallery-icon landscape'>\n\t\t\t\t<a href='https:\/\/nmbiking.de\/wp\/wp-content\/uploads\/2011\/07\/skye11_54.jpg'><img loading=\"lazy\" decoding=\"async\" width=\"180\" height=\"113\" src=\"https:\/\/nmbiking.de\/wp\/wp-content\/uploads\/2011\/07\/skye11_54-180x113.jpg\" class=\"attachment-thumbnail size-thumbnail\" alt=\"\" srcset=\"https:\/\/nmbiking.de\/wp\/wp-content\/uploads\/2011\/07\/skye11_54-180x113.jpg 180w, https:\/\/nmbiking.de\/wp\/wp-content\/uploads\/2011\/07\/skye11_54-300x189.jpg 300w, https:\/\/nmbiking.de\/wp\/wp-content\/uploads\/2011\/07\/skye11_54.jpg 800w\" sizes=\"auto, 100vw\" \/><\/a>\n\t\t\t<\/div><\/figure><figure class='gallery-item'>\n\t\t\t<div class='gallery-icon landscape'>\n\t\t\t\t<a href='https:\/\/nmbiking.de\/wp\/wp-content\/uploads\/2011\/07\/skye11_55.jpg'><img loading=\"lazy\" decoding=\"async\" width=\"180\" height=\"149\" src=\"https:\/\/nmbiking.de\/wp\/wp-content\/uploads\/2011\/07\/skye11_55-180x149.jpg\" class=\"attachment-thumbnail size-thumbnail\" alt=\"\" srcset=\"https:\/\/nmbiking.de\/wp\/wp-content\/uploads\/2011\/07\/skye11_55-180x149.jpg 180w, https:\/\/nmbiking.de\/wp\/wp-content\/uploads\/2011\/07\/skye11_55-300x249.jpg 300w, https:\/\/nmbiking.de\/wp\/wp-content\/uploads\/2011\/07\/skye11_55.jpg 600w\" sizes=\"auto, 100vw\" \/><\/a>\n\t\t\t<\/div><\/figure><figure class='gallery-item'>\n\t\t\t<div class='gallery-icon landscape'>\n\t\t\t\t<a href='https:\/\/nmbiking.de\/wp\/wp-content\/uploads\/2011\/07\/skye11_56.jpg'><img loading=\"lazy\" decoding=\"async\" width=\"180\" height=\"74\" src=\"https:\/\/nmbiking.de\/wp\/wp-content\/uploads\/2011\/07\/skye11_56-180x74.jpg\" class=\"attachment-thumbnail size-thumbnail\" alt=\"\" srcset=\"https:\/\/nmbiking.de\/wp\/wp-content\/uploads\/2011\/07\/skye11_56-180x74.jpg 180w, https:\/\/nmbiking.de\/wp\/wp-content\/uploads\/2011\/07\/skye11_56-300x124.jpg 300w, https:\/\/nmbiking.de\/wp\/wp-content\/uploads\/2011\/07\/skye11_56.jpg 1000w\" sizes=\"auto, 100vw\" \/><\/a>\n\t\t\t<\/div><\/figure>\n\t\t<\/div>\n\n<p>&nbsp;<\/p>\n","protected":false},"excerpt":{"rendered":"<p>Elgol Blind date with scotish bikes. Wir sitzen in unserem gem\u00fctlichen Cottage auf der Insel Skye und warten auf Kate. Drau\u00dfen regnet es und Loch Slapin sieht sehr grau aus. Kate hat Versp\u00e4tung. Sie soll unsere sechs Bikes plus Anh\u00e4nger bringen. Endlich.<\/p>\n","protected":false},"author":65,"featured_media":0,"parent":0,"menu_order":0,"comment_status":"closed","ping_status":"closed","template":"","meta":{"footnotes":""},"class_list":["post-68428","page","type-page","status-publish","hentry"],"_links":{"self":[{"href":"https:\/\/nmbiking.de\/wp\/index.php?rest_route=\/wp\/v2\/pages\/68428","targetHints":{"allow":["GET"]}}],"collection":[{"href":"https:\/\/nmbiking.de\/wp\/index.php?rest_route=\/wp\/v2\/pages"}],"about":[{"href":"https:\/\/nmbiking.de\/wp\/index.php?rest_route=\/wp\/v2\/types\/page"}],"author":[{"embeddable":true,"href":"https:\/\/nmbiking.de\/wp\/index.php?rest_route=\/wp\/v2\/users\/65"}],"replies":[{"embeddable":true,"href":"https:\/\/nmbiking.de\/wp\/index.php?rest_route=%2Fwp%2Fv2%2Fcomments&post=68428"}],"version-history":[{"count":4,"href":"https:\/\/nmbiking.de\/wp\/index.php?rest_route=\/wp\/v2\/pages\/68428\/revisions"}],"predecessor-version":[{"id":68432,"href":"https:\/\/nmbiking.de\/wp\/index.php?rest_route=\/wp\/v2\/pages\/68428\/revisions\/68432"}],"wp:attachment":[{"href":"https:\/\/nmbiking.de\/wp\/index.php?rest_route=%2Fwp%2Fv2%2Fmedia&parent=68428"}],"curies":[{"name":"wp","href":"https:\/\/api.w.org\/{rel}","templated":true}]}}