{"id":67890,"date":"2020-11-27T08:27:13","date_gmt":"2020-11-27T07:27:13","guid":{"rendered":"https:\/\/nmbiking.de\/wp\/?page_id=67890"},"modified":"2020-12-16T09:57:03","modified_gmt":"2020-12-16T08:57:03","slug":"am-meisten-besuchte-beitraege","status":"publish","type":"page","link":"https:\/\/nmbiking.de\/wp\/?page_id=67890","title":{"rendered":"Am meisten besuchte Beitr\u00e4ge"},"content":{"rendered":"<p>Ganz interessant f\u00fcr den Autor oder auch f\u00fcr LeserInnen:<br \/>\nEs folgt ein Ranking der <strong>meist aufgerufenen  und gelesenen Seiten <\/strong>bzw. Beitr\u00e4ge. Jedes Mal, wenn der Beitrag aufgerufen wird, kommt ein Klick dazu&#8230;<\/p>\n<p>1 <a href=\"https:\/\/nmbiking.de\/wp\/?p=56245\">Der sch\u00f6nste (?) Wasserfall im Saarland<\/a>       <strong>1522<\/strong> KLicks,\t06.04.2019  <\/p>\n<p>2 <a href=\"https:\/\/nmbiking.de\/wp\/?p=61490\">Durch die Jahreszeiten (Video)<\/a>                       <strong>1227<\/strong> KLicks, \t17.01.2020 <\/p>\n<p>3 <a href=\"https:\/\/nmbiking.de\/wp\/?p=38219\">Vater und Sohn <\/a>                               <strong>1179<\/strong>\t07.01.2016 <\/p>\n<p>4 <a href=\"https:\/\/nmbiking.de\/wp\/?p=25355\">Trainieren nach dem Mond<\/a>         \t      <strong>1144<\/strong>\t05.02.2014 <\/p>\n<p>5 <a href=\"https:\/\/nmbiking.de\/wp\/?p=15900\">Die Feldbahn im L\u00fcckner<\/a>                       <strong>1135<\/strong>\t27.11.2012 <\/p>\n<p>6 <a href=\"https:\/\/nmbiking.de\/wp\/?p=50927\">Die M\u00e4dchenf\u00e4nger <\/a>                             <strong>1121<\/strong> 06.05.2018 <\/p>\n<p>7 <a href=\"https:\/\/nmbiking.de\/wp\/?p=61023\">Freundliche Autofahrer<\/a>                       <strong>1081<\/strong>\t13.12.2019 <\/p>\n<p>8 <a href=\"https:\/\/nmbiking.de\/wp\/?p=61072\">\u00dcbervolle B\u00e4che<\/a>                               <strong>1056<\/strong>\t15.12.2019 <\/p>\n<p>9 <a href=\"https:\/\/nmbiking.de\/wp\/?p=8361\">Das ideale Fr\u00fchst\u00fcck <\/a>                          <strong>1040<\/strong>\t09.11.2010 <\/p>\n<p>10 <a href=\"https:\/\/nmbiking.de\/wp\/?p=266\">Das Helmschloss <\/a>                               <strong>965<\/strong>\t26.01.2007 <\/p>\n<p>11 <a href=\"https:\/\/nmbiking.de\/wp\/?p=30032\">Nepal 2014 <\/a>                              \t<strong>930<\/strong>\t06.11.2014 <\/p>\n<p>12 <a href=\"https:\/\/nmbiking.de\/wp\/?p=1726\">EMC 2008\/4 <\/a>                                     <strong>922<\/strong>\t12.05.2008 <\/p>\n<p>13 <a href=\"https:\/\/nmbiking.de\/wp\/?p=46155\">Mit J\u00f6rg nach Frankreich <\/a>                        <strong>936<\/strong>   25.06.2017 <\/p>\n<p>14 <a href=\"https:\/\/nmbiking.de\/wp\/?p=51056\">Vaterland-R\u00e4der <\/a>                        \t<strong>888<\/strong>\t21.05.2018 <\/p>\n<p>15 <a href=\"https:\/\/nmbiking.de\/wp\/?p=46318\">Wurzelig nach Greimerath<\/a>                \t<strong>8302<\/strong>\t09.07.2017 <\/p>\n<p>(Stand: Dezember 2020)<\/p>\n","protected":false},"excerpt":{"rendered":"<p>Ganz interessant f\u00fcr den Autor oder auch f\u00fcr LeserInnen: Es folgt ein Ranking der meist aufgerufenen und gelesenen Seiten bzw. Beitr\u00e4ge. Jedes Mal, wenn der Beitrag aufgerufen wird, kommt ein Klick dazu&#8230; 1 Der sch\u00f6nste (?) Wasserfall im Saarland 1522 KLicks, 06.04.2019 2 Durch die Jahreszeiten (Video) 1227 KLicks, 17.01.2020 3 Vater und Sohn 1179 &hellip; <\/p>\n<p class=\"link-more\"><a href=\"https:\/\/nmbiking.de\/wp\/?page_id=67890\" class=\"more-link\"><span class=\"screen-reader-text\">\u201eAm meisten besuchte Beitr\u00e4ge\u201c <\/span>weiterlesen<\/a><\/p>\n","protected":false},"author":65,"featured_media":0,"parent":0,"menu_order":0,"comment_status":"closed","ping_status":"closed","template":"","meta":{"footnotes":""},"class_list":["post-67890","page","type-page","status-publish","hentry"],"_links":{"self":[{"href":"https:\/\/nmbiking.de\/wp\/index.php?rest_route=\/wp\/v2\/pages\/67890","targetHints":{"allow":["GET"]}}],"collection":[{"href":"https:\/\/nmbiking.de\/wp\/index.php?rest_route=\/wp\/v2\/pages"}],"about":[{"href":"https:\/\/nmbiking.de\/wp\/index.php?rest_route=\/wp\/v2\/types\/page"}],"author":[{"embeddable":true,"href":"https:\/\/nmbiking.de\/wp\/index.php?rest_route=\/wp\/v2\/users\/65"}],"replies":[{"embeddable":true,"href":"https:\/\/nmbiking.de\/wp\/index.php?rest_route=%2Fwp%2Fv2%2Fcomments&post=67890"}],"version-history":[{"count":14,"href":"https:\/\/nmbiking.de\/wp\/index.php?rest_route=\/wp\/v2\/pages\/67890\/revisions"}],"predecessor-version":[{"id":68367,"href":"https:\/\/nmbiking.de\/wp\/index.php?rest_route=\/wp\/v2\/pages\/67890\/revisions\/68367"}],"wp:attachment":[{"href":"https:\/\/nmbiking.de\/wp\/index.php?rest_route=%2Fwp%2Fv2%2Fmedia&parent=67890"}],"curies":[{"name":"wp","href":"https:\/\/api.w.org\/{rel}","templated":true}]}}