{"id":67647,"date":"2020-11-26T12:26:17","date_gmt":"2020-11-26T11:26:17","guid":{"rendered":"https:\/\/nmbiking.de\/wp\/?page_id=67647"},"modified":"2021-11-26T07:43:05","modified_gmt":"2021-11-26T06:43:05","slug":"kinderhaus-kathmandu","status":"publish","type":"page","link":"https:\/\/nmbiking.de\/wp\/?page_id=67647","title":{"rendered":"Kinderhaus Kathmandu"},"content":{"rendered":"<p>Seit dem Erdbeben 2015 unterst\u00fctzen wir u.a. das Kinderhaus Kathmandu, ein  Hilfsprojekt eines deutschen Vereins.<br \/>\nAuf ihrer Homepage hei\u00dft es:<\/p>\n<p><em>Alle Kinder, die wir in unseren Kinderh\u00e4usern betreuen, sind <strong>Waisen oder Halbwaisen<\/strong>. Sie kommen aus den \u00e4rmsten Bev\u00f6lkerungsschichten Nepals. Die meisten von ihnen sind krank oder mangelern\u00e4hrt, wenn sie zu uns kommen. Viele haben Verhaltensst\u00f6rungen, sind kontaktunf\u00e4hig oder aggressiv. Und alle haben keine Perspektive f\u00fcr eine Schul- und Berufsausbildung.<br \/>\nSeit 1995 k\u00fcmmern wir uns um diese chancenlosen Kinder. In einem kleinen Kinderhaus mitten in Kathmandu fing alles mit vier Waisenkindern an.<\/em>   <\/p>\n<p>Mehr Infos gibt es auf der Internetseite des <a href=\"http:\/\/kinderhaus-kathmandu.de\/?page_id=99\">Kinderhaus Kathmandu<\/a><\/p>\n<p>Leider hat das <strong>Coronavirus<\/strong> nicht vor Nepal, das wesentlich vom Tourismus lebt, Halt gemacht und zudem viele Opfer gefordert&#8230;<\/p>\n<div id='gallery-1' class='gallery galleryid-67647 gallery-columns-4 gallery-size-thumbnail'><figure class='gallery-item'>\n\t\t\t<div class='gallery-icon landscape'>\n\t\t\t\t<a href='https:\/\/nmbiking.de\/wp\/wp-content\/uploads\/2020\/11\/kinderhaus_1.jpg'><img loading=\"lazy\" decoding=\"async\" width=\"250\" height=\"250\" src=\"https:\/\/nmbiking.de\/wp\/wp-content\/uploads\/2020\/11\/kinderhaus_1-250x250.jpg\" class=\"attachment-thumbnail size-thumbnail\" alt=\"\" srcset=\"https:\/\/nmbiking.de\/wp\/wp-content\/uploads\/2020\/11\/kinderhaus_1-250x250.jpg 250w, https:\/\/nmbiking.de\/wp\/wp-content\/uploads\/2020\/11\/kinderhaus_1-100x100.jpg 100w\" sizes=\"auto, 100vw\" \/><\/a>\n\t\t\t<\/div><\/figure><figure class='gallery-item'>\n\t\t\t<div class='gallery-icon landscape'>\n\t\t\t\t<a href='https:\/\/nmbiking.de\/wp\/wp-content\/uploads\/2020\/11\/kinderhaus_1b.jpg'><img loading=\"lazy\" decoding=\"async\" width=\"250\" height=\"250\" src=\"https:\/\/nmbiking.de\/wp\/wp-content\/uploads\/2020\/11\/kinderhaus_1b-250x250.jpg\" class=\"attachment-thumbnail size-thumbnail\" alt=\"\" srcset=\"https:\/\/nmbiking.de\/wp\/wp-content\/uploads\/2020\/11\/kinderhaus_1b-250x250.jpg 250w, https:\/\/nmbiking.de\/wp\/wp-content\/uploads\/2020\/11\/kinderhaus_1b-100x100.jpg 100w\" sizes=\"auto, 100vw\" \/><\/a>\n\t\t\t<\/div><\/figure><figure class='gallery-item'>\n\t\t\t<div class='gallery-icon landscape'>\n\t\t\t\t<a href='https:\/\/nmbiking.de\/wp\/wp-content\/uploads\/2020\/11\/kinderhaus_6.jpg'><img loading=\"lazy\" decoding=\"async\" width=\"250\" height=\"250\" src=\"https:\/\/nmbiking.de\/wp\/wp-content\/uploads\/2020\/11\/kinderhaus_6-250x250.jpg\" class=\"attachment-thumbnail size-thumbnail\" alt=\"\" srcset=\"https:\/\/nmbiking.de\/wp\/wp-content\/uploads\/2020\/11\/kinderhaus_6-250x250.jpg 250w, https:\/\/nmbiking.de\/wp\/wp-content\/uploads\/2020\/11\/kinderhaus_6-100x100.jpg 100w\" sizes=\"auto, 100vw\" \/><\/a>\n\t\t\t<\/div><\/figure><figure class='gallery-item'>\n\t\t\t<div class='gallery-icon landscape'>\n\t\t\t\t<a href='https:\/\/nmbiking.de\/wp\/wp-content\/uploads\/2020\/11\/kinderhaus_2.jpg'><img loading=\"lazy\" decoding=\"async\" width=\"250\" height=\"250\" src=\"https:\/\/nmbiking.de\/wp\/wp-content\/uploads\/2020\/11\/kinderhaus_2-250x250.jpg\" class=\"attachment-thumbnail size-thumbnail\" alt=\"\" srcset=\"https:\/\/nmbiking.de\/wp\/wp-content\/uploads\/2020\/11\/kinderhaus_2-250x250.jpg 250w, https:\/\/nmbiking.de\/wp\/wp-content\/uploads\/2020\/11\/kinderhaus_2-300x300.jpg 300w, https:\/\/nmbiking.de\/wp\/wp-content\/uploads\/2020\/11\/kinderhaus_2-1025x1024.jpg 1025w, https:\/\/nmbiking.de\/wp\/wp-content\/uploads\/2020\/11\/kinderhaus_2-768x767.jpg 768w, https:\/\/nmbiking.de\/wp\/wp-content\/uploads\/2020\/11\/kinderhaus_2-1536x1534.jpg 1536w, https:\/\/nmbiking.de\/wp\/wp-content\/uploads\/2020\/11\/kinderhaus_2-100x100.jpg 100w, https:\/\/nmbiking.de\/wp\/wp-content\/uploads\/2020\/11\/kinderhaus_2.jpg 1632w\" sizes=\"auto, 100vw\" \/><\/a>\n\t\t\t<\/div><\/figure>\n\t\t<\/div>\n\n","protected":false},"excerpt":{"rendered":"<p>Seit dem Erdbeben 2015 unterst\u00fctzen wir u.a. das Kinderhaus Kathmandu, ein Hilfsprojekt eines deutschen Vereins. Auf ihrer Homepage hei\u00dft es: Alle Kinder, die wir in unseren Kinderh\u00e4usern betreuen, sind Waisen oder Halbwaisen. Sie kommen aus den \u00e4rmsten Bev\u00f6lkerungsschichten Nepals. Die meisten von ihnen sind krank oder mangelern\u00e4hrt, wenn sie zu uns kommen. Viele haben Verhaltensst\u00f6rungen, &hellip; <\/p>\n<p class=\"link-more\"><a href=\"https:\/\/nmbiking.de\/wp\/?page_id=67647\" class=\"more-link\"><span class=\"screen-reader-text\">\u201eKinderhaus Kathmandu\u201c <\/span>weiterlesen<\/a><\/p>\n","protected":false},"author":65,"featured_media":0,"parent":0,"menu_order":0,"comment_status":"closed","ping_status":"closed","template":"","meta":{"footnotes":""},"class_list":["post-67647","page","type-page","status-publish","hentry"],"_links":{"self":[{"href":"https:\/\/nmbiking.de\/wp\/index.php?rest_route=\/wp\/v2\/pages\/67647","targetHints":{"allow":["GET"]}}],"collection":[{"href":"https:\/\/nmbiking.de\/wp\/index.php?rest_route=\/wp\/v2\/pages"}],"about":[{"href":"https:\/\/nmbiking.de\/wp\/index.php?rest_route=\/wp\/v2\/types\/page"}],"author":[{"embeddable":true,"href":"https:\/\/nmbiking.de\/wp\/index.php?rest_route=\/wp\/v2\/users\/65"}],"replies":[{"embeddable":true,"href":"https:\/\/nmbiking.de\/wp\/index.php?rest_route=%2Fwp%2Fv2%2Fcomments&post=67647"}],"version-history":[{"count":5,"href":"https:\/\/nmbiking.de\/wp\/index.php?rest_route=\/wp\/v2\/pages\/67647\/revisions"}],"predecessor-version":[{"id":74732,"href":"https:\/\/nmbiking.de\/wp\/index.php?rest_route=\/wp\/v2\/pages\/67647\/revisions\/74732"}],"wp:attachment":[{"href":"https:\/\/nmbiking.de\/wp\/index.php?rest_route=%2Fwp%2Fv2%2Fmedia&parent=67647"}],"curies":[{"name":"wp","href":"https:\/\/api.w.org\/{rel}","templated":true}]}}