{"id":67325,"date":"2020-11-27T08:31:24","date_gmt":"2020-11-27T07:31:24","guid":{"rendered":"https:\/\/nmbiking.de\/wp\/?page_id=67325"},"modified":"2020-12-15T10:29:12","modified_gmt":"2020-12-15T09:29:12","slug":"20-jahre-online-tagebuch","status":"publish","type":"page","link":"https:\/\/nmbiking.de\/wp\/?page_id=67325","title":{"rendered":"20 Jahre Online-Tagebuch"},"content":{"rendered":"<p>Es leistet  gute Dienste, das Online-Tagebuch &#8222;Mountainbiken ist mehr&#8220;: Es ist ein inzwischen umfangreiches, hilfreiches <strong>Nachschlagewerk<\/strong>:<br \/>\nWann war das?<br \/>\nWo waren wir damals?<br \/>\nWer war dabei?<br \/>\nWie war das Wetter?<br \/>\nWelche Strecke sind wir gefahren?<br \/>\nWaren wir dort schon einmal?<\/p>\n<p>Die Idee im Jahr 2000 war: jeden gefahrenen Meter mit dem MTB dokumentieren. Inzwischen hat sich das ausgeweitet auf: jede Aktivit\u00e4t im Zusammenhang mit dem MTB dokumentieren. So kamen die Fahrradwerkstatt f\u00fcr Fl\u00fcchtlinge dazu, Reparaturen am Rad, MTB-Veranstaltungen  u.a&#8230;.<\/p>\n<p>Die vielen Fotos liefern weitere Informationen, z.B. auch \u00fcber lustige Situationen. Und eine weitere sch\u00f6ne Funktion: Man kann bei schlechtem Wetter zuhause eine Tour &#8222;nachfahren&#8220; oder  einen Urlaub noch einmal erleben&#8230;<\/p>\n<hr \/>\n<p><a href=\"https:\/\/nmbiking.de\/wp\/wp-content\/uploads\/2020\/11\/nov20_228.jpg\"><img decoding=\"async\" src=\"https:\/\/nmbiking.de\/wp\/wp-content\/uploads\/2020\/11\/nov20_228.jpg\" alt=\"\" width=\"700\" \/><\/a><\/p>\n<p>Die Webseite hat sich in verschiedenen Schritten entwickelt und dabei st\u00e4ndig ver\u00e4ndert: <strong>eine Chronologie<\/strong><\/p>\n<p><strong>>>>Dez 2000<\/strong>: Idee, Planung und erste Versuche. Alles in HTML. Benjamin hilft.<br \/>\nKlare Struktur: Ein <strong>Tagebuch<\/strong> und <strong>Vorworte<\/strong> zum Mountainbiken, grunds\u00e4tzliche Gedanken zum Mountainbiken und Infos:<\/p>\n<hr \/>\n<p>&#8211; <a href=\"https:\/\/www.nmbiking.de\/oldsite\/sinne.htm\">Biken mit allen Sinnen<\/a> Wer Mountainbike f\u00e4hrt, hat mehr vom Leben!<br \/>\n&#8211; <a href=\"https:\/\/www.nmbiking.de\/oldsite\/veganbiken.htm\">Vegan biken<\/a> Fleischlos zufrieden und fit!<br \/>\n&#8211; <a href=\"https:\/\/www.nmbiking.de\/oldsite\/auto.htm\">Ohne Auto kein Mensch?<\/a> Mehr Rad fahren &#8211; weniger Auto!<br \/>\n&#8211; <a href=\"https:\/\/www.nmbiking.de\/oldsite\/strecken.htm\">Strecken<\/a> Normalos und Singletrails<br \/>\n&#8211;<a href=\"https:\/\/www.nmbiking.de\/oldsite\/saarland.htm\">Saarland &#8211; ein Loblied und Suchbilder<br \/>\n&#8211;<\/a><a href=\"https:\/\/www.nmbiking.de\/oldsite\/image.htm\">Image der Mountainbiker &#8211; lasst es uns verbessern!<br \/>\n&#8211;<\/a><a href=\"https:\/\/www.nmbiking.de\/oldsite\/ausruestung.htm\">Klamotten und Co<\/a> Die Tourenausr\u00fcstung<br \/>\n&#8211;<a href=\"https:\/\/www.nmbiking.de\/oldsite\/tipps.htm\"> Praktisches und mehr&#8230;<\/a><br \/>\nSp\u00e4ter kamen noch einige Kategorien\/Seiten dazu: Fotos \/ Rennen \/ CTF&#8230;<\/p>\n<hr \/>\n<p><img decoding=\"async\" src=\"https:\/\/nmbiking.de\/wp\/wp-content\/uploads\/2020\/11\/nov20_226.jpg\" alt=\"\" width=\"700\"  \/><\/p>\n<p><strong>>>><\/strong><strong>Jan 2017 WordPress<\/strong>, ein Content Management System, das es auch Nicht-Informatikern m\u00f6glich macht, eine Internetseite zu &#8222;programmieren&#8220;, und zwar nach einem Baukastensystem. WordPress liefert die Teile, die man dann nach Geschmack und Intention zusammen setzen kann:  Themes (Layout), Plugins (bestimmte Funktionen) Widgets (kleine Werkzeuge), einen Arbeitstisch (auf dem Monitor)&#8230;<br \/>\nNicht immer passt alles zusammen und (vor allem) man muss den <strong>Blog<\/strong>, wie eine solche Internetseite jetzt hei\u00dft, auch regelm\u00e4\u00dfig pflegen.<br \/>\nDamit es dem Autor und den Nutzern nicht langweilig wird, gibt es etwa jedes Jahr ein neues <strong>Template<\/strong>, ein neues Gesicht f\u00fcr den Blog, neue Teile&#8230;<br \/>\n<strong>>>>Feb 2019 Wechsel auf das Theme &#8222;Twenty Seventeen&#8220;<\/strong>, das es m\u00f6glich macht, Format und Bildschirm f\u00fcllend ein Startfoto zu zeigen. Damit gibt es wieder die &#8222;Fotos der Woche&#8220;&#8230; WordPress bietet f\u00fcrs neue Jahr auch ein neues flexible Theme, das &#8222;Seventy twenty one&#8220;. Vielleicht ist das was f\u00fcr neue Jahr?<\/p>\n<hr \/>\n<p>Interessant ist es auch, zu schauen, welche Beitr\u00e4ge in den letzten 20 Jahren am h\u00e4ufigsten angeklickt wurden und wie oft. Dazu giebt es unten im lila Kasten eine Zusammenstellung&#8230;<\/p>\n<div class=\"su-note\"  style=\"border-color:#cfbbe2;border-radius:3px;-moz-border-radius:3px;-webkit-border-radius:3px;\"><div class=\"su-note-inner su-u-clearfix su-u-trim\" style=\"background-color:#e9d5fc;border-color:#ffffff;color:#333333;border-radius:3px;-moz-border-radius:3px;-webkit-border-radius:3px;\">Kleine <strong>Statistik<\/strong> (aktuell)<br \/>\n3.775 Beitr\u00e4ge<br \/>\n216 Seiten<br \/>\n1.134 Kommentare<br \/>\nrd 34 000 Fotos<br \/>\nrd 3000 Startbilder\/Fotos der Woche<\/p>\n<p>34 angemeldete Nutzer<br \/>\n31 Abonnenten<br \/>\nZusammenstellung der <a href=\"https:\/\/nmbiking.de\/wp\/?page_id=67890\">am h\u00e4ufigsten besuchten Beitrage<\/a><\/p>\n<\/div><\/div>\n","protected":false},"excerpt":{"rendered":"<p>Es leistet gute Dienste, das Online-Tagebuch &#8222;Mountainbiken ist mehr&#8220;: Es ist ein inzwischen umfangreiches, hilfreiches Nachschlagewerk: Wann war das? Wo waren wir damals? Wer war dabei? Wie war das Wetter? Welche Strecke sind wir gefahren? Waren wir dort schon einmal? Die Idee im Jahr 2000 war: jeden gefahrenen Meter mit dem MTB dokumentieren. Inzwischen hat &hellip; <\/p>\n<p class=\"link-more\"><a href=\"https:\/\/nmbiking.de\/wp\/?page_id=67325\" class=\"more-link\"><span class=\"screen-reader-text\">\u201e20 Jahre Online-Tagebuch\u201c <\/span>weiterlesen<\/a><\/p>\n","protected":false},"author":65,"featured_media":0,"parent":0,"menu_order":0,"comment_status":"closed","ping_status":"closed","template":"","meta":{"footnotes":""},"class_list":["post-67325","page","type-page","status-publish","hentry"],"_links":{"self":[{"href":"https:\/\/nmbiking.de\/wp\/index.php?rest_route=\/wp\/v2\/pages\/67325","targetHints":{"allow":["GET"]}}],"collection":[{"href":"https:\/\/nmbiking.de\/wp\/index.php?rest_route=\/wp\/v2\/pages"}],"about":[{"href":"https:\/\/nmbiking.de\/wp\/index.php?rest_route=\/wp\/v2\/types\/page"}],"author":[{"embeddable":true,"href":"https:\/\/nmbiking.de\/wp\/index.php?rest_route=\/wp\/v2\/users\/65"}],"replies":[{"embeddable":true,"href":"https:\/\/nmbiking.de\/wp\/index.php?rest_route=%2Fwp%2Fv2%2Fcomments&post=67325"}],"version-history":[{"count":40,"href":"https:\/\/nmbiking.de\/wp\/index.php?rest_route=\/wp\/v2\/pages\/67325\/revisions"}],"predecessor-version":[{"id":68347,"href":"https:\/\/nmbiking.de\/wp\/index.php?rest_route=\/wp\/v2\/pages\/67325\/revisions\/68347"}],"wp:attachment":[{"href":"https:\/\/nmbiking.de\/wp\/index.php?rest_route=%2Fwp%2Fv2%2Fmedia&parent=67325"}],"curies":[{"name":"wp","href":"https:\/\/api.w.org\/{rel}","templated":true}]}}