{"id":66882,"date":"2020-11-27T08:21:23","date_gmt":"2020-11-27T07:21:23","guid":{"rendered":"https:\/\/nmbiking.de\/wp\/?page_id=66882"},"modified":"2024-10-14T06:03:38","modified_gmt":"2024-10-14T05:03:38","slug":"die-spannendsten-touren","status":"publish","type":"page","link":"https:\/\/nmbiking.de\/wp\/?page_id=66882","title":{"rendered":"Die spannendsten Touren"},"content":{"rendered":"<p>Spannend, sch\u00f6n, au\u00dfergew\u00f6hnlich, aber machbar und ungef\u00e4hrlich: dies ist (nur eine kleine) <strong>Auswahl <\/strong>an Touren aus den letzten zwanzig Jahren, in unterschiedlicher Besetzung<\/p>\n<hr \/>\n<p><a href=\"https:\/\/www.nmbiking.de\/oldsite\/oktober2001.htm\">Wettersteinumrundung, \u00d6sterreich, 2001<\/a> (herunter scrollen!)<br \/>\n<a href=\"https:\/\/nmbiking.de\/wp\/?page_id=1459\">Karwendeltour, 2. Tag, \u00d6sterreich, 2007<\/a><br \/>\n<a href=\"https:\/\/nmbiking.de\/wp\/?p=9885\">Felsenweg Rodalben, Deutschland,2011<\/a><br \/>\n<a href=\"https:\/\/nmbiking.de\/wp\/?p=11280\">Belchen &#8211; Feldberg, Deutschland, 2011<\/a><br \/>\n<a href=\"https:\/\/nmbiking.de\/wp\/?p=20968\">Monte Bellino, Piemont, Italien, 2013<\/a><br \/>\n<a href=\"https:\/\/nmbiking.de\/wp\/?p=19824\">Chinzig Chulm, Vierwaldst\u00e4tter See, Schweiz, 2013<\/a><br \/>\n<a href=\"https:\/\/nmbiking.de\/wp\/?p=28458\">Esch s. Alzette, Luxembourg, 2014<\/a><br \/>\n<a href=\"https:\/\/nmbiking.de\/wp\/?p=29894\">Manang &#8211; Yak Khara, Nepal, 2014<\/a><br \/>\n<a href=\"https:\/\/nmbiking.de\/wp\/?page_id=26889\">Zum Matterhorn, Wallis, Schweiz, 2014<\/a> (herunter scrollen)<br \/>\n<a href=\"https:\/\/nmbiking.de\/wp\/?p=46155\">V\u00f6lklingen- Creutzwald, Frankreich, 2017<\/a><br \/>\n<a href=\"https:\/\/nmbiking.de\/wp\/?p=46833\">Lizard Point, Cornwall, England, 2017<\/a><br \/>\n<a href=\"https:\/\/nmbiking.de\/wp\/?p=52550\">Alpencross, Tag 4: Livigno &#8211; Julierpass, 2018<\/a><br \/>\n<a href=\"https:\/\/nmbiking.de\/wp\/?p=53465\">Schoorlse D\u00fcnen, Niederlande, 2018<\/a><br \/>\n<a href=\"https:\/\/nmbiking.de\/wp\/?p=59066\">Aber-Trail, Bretagne, Frankreich, 2019<\/a><br \/>\n<a href=\"https:\/\/nmbiking.de\/wp\/?p=66787#more-66787\">H\u00f6ge Horn, Insel Borkum, Deutschland, 2020<\/a><br \/>\n<a href=\"https:\/\/nmbiking.de\/wp\/?p=86634\">Haelva, Norwegen, 2023<\/a><br \/>\n<a href=\"https:\/\/nmbiking.de\/wp\/?p=93750\">Meneham, Bretagne 2024<\/a><\/p>\n","protected":false},"excerpt":{"rendered":"<p>Spannend, sch\u00f6n, au\u00dfergew\u00f6hnlich, aber machbar und ungef\u00e4hrlich: dies ist (nur eine kleine) Auswahl an Touren aus den letzten zwanzig Jahren, in unterschiedlicher Besetzung Wettersteinumrundung, \u00d6sterreich, 2001 (herunter scrollen!) Karwendeltour, 2. Tag, \u00d6sterreich, 2007 Felsenweg Rodalben, Deutschland,2011 Belchen &#8211; Feldberg, Deutschland, 2011 Monte Bellino, Piemont, Italien, 2013 Chinzig Chulm, Vierwaldst\u00e4tter See, Schweiz, 2013 Esch s. Alzette, &hellip; <\/p>\n<p class=\"link-more\"><a href=\"https:\/\/nmbiking.de\/wp\/?page_id=66882\" class=\"more-link\"><span class=\"screen-reader-text\">\u201eDie spannendsten Touren\u201c <\/span>weiterlesen<\/a><\/p>\n","protected":false},"author":65,"featured_media":0,"parent":0,"menu_order":0,"comment_status":"closed","ping_status":"closed","template":"","meta":{"footnotes":""},"class_list":["post-66882","page","type-page","status-publish","hentry"],"_links":{"self":[{"href":"https:\/\/nmbiking.de\/wp\/index.php?rest_route=\/wp\/v2\/pages\/66882","targetHints":{"allow":["GET"]}}],"collection":[{"href":"https:\/\/nmbiking.de\/wp\/index.php?rest_route=\/wp\/v2\/pages"}],"about":[{"href":"https:\/\/nmbiking.de\/wp\/index.php?rest_route=\/wp\/v2\/types\/page"}],"author":[{"embeddable":true,"href":"https:\/\/nmbiking.de\/wp\/index.php?rest_route=\/wp\/v2\/users\/65"}],"replies":[{"embeddable":true,"href":"https:\/\/nmbiking.de\/wp\/index.php?rest_route=%2Fwp%2Fv2%2Fcomments&post=66882"}],"version-history":[{"count":33,"href":"https:\/\/nmbiking.de\/wp\/index.php?rest_route=\/wp\/v2\/pages\/66882\/revisions"}],"predecessor-version":[{"id":94479,"href":"https:\/\/nmbiking.de\/wp\/index.php?rest_route=\/wp\/v2\/pages\/66882\/revisions\/94479"}],"wp:attachment":[{"href":"https:\/\/nmbiking.de\/wp\/index.php?rest_route=%2Fwp%2Fv2%2Fmedia&parent=66882"}],"curies":[{"name":"wp","href":"https:\/\/api.w.org\/{rel}","templated":true}]}}