{"id":6555,"date":"2010-04-07T17:05:45","date_gmt":"2010-04-07T16:05:45","guid":{"rendered":"https:\/\/nmbiking.de\/wp\/?page_id=6555"},"modified":"2024-01-11T08:05:50","modified_gmt":"2024-01-11T07:05:50","slug":"alpen-oldies","status":"publish","type":"page","link":"https:\/\/nmbiking.de\/wp\/?page_id=6555","title":{"rendered":"Alpen Oldies"},"content":{"rendered":"<p>In die Alpen fahren wir schon seit unserer kinderlosen Zeit: zum Wandern, Klettersteig gehen. Das begann so Mitte der 70er Jahre. Mit den Kindern setzte sich das Ferienmachen in den Alpen fort. Immer war es ein Aktivurlaub. Und irgendwann waren dann auch die Mountainbikes dabei&#8230;<\/p>\n<p><font size=3 color=blue>Mit den Kindern im Karwendel 1994<\/font><br \/>\nWir starten in Mittenwald.  Es soll ins Karwendel gehen: eine 3-Tagestour. Im alten Passat haben Platz: 6 Personen, 5 Bikes und ein Nachl\u00e4ufer&#8230;<br \/>\nGehen, Fahren, Schieben wechseln sich ab. Auf der Vereinalm machen wir die erste \u00dcbernachtung, ein Erlebnis f\u00fcr alle. Der n\u00e4chste Vormittag bringt uns dann weiter ins Karwendel hinein. Eine spannende Bachdurchquerung ist der H\u00f6hepunkt des Vormnittags (siehe Foto). Dann ziehen uns die Kalkfelsen des Karwendel in seinen Bann, die alten B\u00e4ume des Gro\u00dfen Ahornbodens. Die Kinder quengeln.<br \/>\nAuf der Engalm finden wir eine urige Unterkunft. Die R\u00e4der stehen in einem Kuhstall. Abends wird es wunderbar ruhig, nachdem alle  Touristenbusse abgefahren sind.<br \/>\nAm anderen Tag fahren die gro\u00dfen Jungs mit  zur Falkensteinh\u00fctte. Die Kleinen machen Picknick an einem Bach. Damals war die Falkenh\u00fctte noch keine bekannte Bikestation, obwohl die Herbergseltern schon die gleichen waren.<br \/>\nAm anderen Tag kehren wir durchs Isartal nach Mittelwald zur\u00fcck.<\/p>\n<p><font size=3 color=blue>Klassenfahrt Berchtesgaden  1995<\/font><br \/>\nAn einem Tag leihen wir uns Mountainbikes aus. An die R\u00e4der kann ich mich noch kaum erinnern, die Kopfbedeckungen waren eine bunte Mischung aus MTB-, Kletter- und Skateboardhelmen. Wir sahen alle gut aus.<br \/>\nEine H\u00e4lfte der Klasse wanderte, die andere bikte, &#8222;nat\u00fcrlich&#8220; nur Jungs&#8230;<br \/>\nEs ging hoch zur K\u00fchrointalm (1410m), direkt an der \u00f6sterreichischen Grenze. Oben kam  nur ein Drittel der Mannschaft an. Da es nur einen Weg  dort hoch gab, konnte ich die M\u00fcden gr\u00fcppchenweise an verschiedenen Stellen zur\u00fccklassen&#8230;<\/p>\n<p><font size=3 color=blue>Adelboden 1995<\/font><br \/>\nViele Aufzeichnungen aus diesem Bikeurlaub sind nicht vorhanden: eine Karte mit farbig eingezeichneten Routen, die wir ausprobiert haben, ein Videofilm, nat\u00fcrlich Dias, von denen hier einige zu sehen sind.<br \/>\nDamals gab es in Adelboden nur wenig Mountainbike-Tourismus. Die Region eignet sich sehr gut zum Fahren. Unser bebiebtestes Ziel: der Hahnenmoospass. Dort sind wir dann auch oft die Jahre sp\u00e4ter von Lenk aus hinaufgefahren&#8230;<br \/>\nDamals hat uns auch <a href=\"http:\/\/www.nmbiking.de\/hansgerd.htm\">Hans-Gerd<\/a> mit Familie besucht, in Adelboden ein paar Tage Camping &#8211; und mit uns nat\u00fcrlich auch ein paar Touren gemacht, z.B. zum Elsigbach, Silerenb\u00fchl&#8230;<\/p>\n<p><font size=3 color=blue>Gsteig 1996<\/font><br \/>\nEs ist der erste l\u00e4ngere Bikeurlaub mit den Kindern in den Alpen. Wir haben ein uraltes Bauernhaus am Rande von Gsteig (Schweiz) gemietet.  Das Haus: eine Katastrophe und ein Erlebnis zugleich. Die noch au\u00dfen \u00fcber dem Misthaufen angebaute Toilette hat f\u00fcrchterlich gestunken, die Duschkabine mit Vorhang befand sich in der K\u00fcche. Sie  war so schmal, dass ich mit in den letzten Tagen wegen diverser Verenkungen einen Wirbel ausgerengt habe.<br \/>\nLeider war auch das  Wetter sehr verregnet und direkt unter uns stand die  Schie\u00dfanlage der Gsteiger Sch\u00fctzen und die haben flei\u00dfig ge\u00fcbt&#8230;<br \/>\nWir erkunden mit den Bikes und zu Fu\u00df die Gegend: Sanetschstausee, Lauenensee, Gstadt, den Arnensee&#8230;<\/p>\n<p><font size=3 color=blue>Hasliberg 1997<\/font><br \/>\nKaum eine Biketour, ohe die Viertausender Eiger, M\u00f6nch und Jungfrau im Blick zu haben. Biken mit einem tollen Panorama. Auf der Hasliberg-Seite gibt es viele M\u00f6glichkeiten, sogar bis hin\u00fcber nach Melchsee-Frutt (Engelberg). Damals war nochlange nicht so viel Betrieb wie zehn Jahre sp\u00e4ter.<br \/>\nNat\u00fcrlich sind wir auch bis an die dicken Brocken herangefahren, bis nach Grindelwald. Gletscher gab es auch massenweise am Sustenpass.<\/p>\n<p>&nbsp;<\/p>\n<p><font size=3 color=blue>Scuol 1998<\/font><br \/>\nF\u00fcr Mountainbiker laut BIKE ein Muss: das Unterengadin. Wir wohnen in einem ganz kleinen Dorf: in Valatscha, f\u00fcnf Minuten entfernt von Burg Tarasp, einem Wahrzeichen des Unterengadin. Scuol (Schuls) ist eine halbe Stunde entfernt (bergab).<br \/>\nDie Touren f\u00fchren uns meist auf die andere Seite des Tales nach Motta Naluns, Sent, Ramosch, hinauf bis auf 3000m. Ein Tal. das Val Sinestra, erkennen wir wieder. Dort hat mal vor Jahren U. Stanicu einen Bikefilm gedreht. Ein Abstecher ins Einkaufparadies Livigno geh\u00f6rt auch zum Programm, nat\u00fcrlich Tour inklusive&#8230;<\/p>\n<p><font size=3 color=blue>Preda 1999<\/font><br \/>\nWir wohnen am Bahnhof. Als wir damals das  Ferienhaus sahen, wollten wir schon umkehren, zumindest ich.<br \/>\nDoch bald stellte sich die Lage als  g\u00fcnstig heraus. Vom Balkon des Hauses aus konnte man in aller Ruhe das Geschehen am Bahnhof beobachten. Es ist sogar ein Film entstanden&#8230; Die H\u00f6henlage des Ferienhauses (2000m) war ebenfalls sehr g\u00fcnstig.<br \/>\nDa \u00f6fter schlechtes Wetter herrschte fuhren wir mit dem PKW in eine Stunde hin\u00fcber auf die Sonnenseite der Alpen, nach St. Moritz, Pontresina&#8230;<\/p>\n<p><font size=3 color=blue>Poschiavo 2000<\/font><br \/>\nIm s\u00fcdlichsten Teil der Schweiz haben wir  am Berninapass  gewaltige Gletscher \u00fcber uns und einige Kilometer weiter s\u00fcdlich italienisches Flair. Eine sehr abwechslungsreiche Gegend, aber nur mit vielen H\u00f6henmetern zu erkunden. Bernianpass mit Nebent\u00e4lern, die ber\u00fchmte Alp G\u00fcm und der Lac Poschiavo sind nur einige Highlights dieses Bikeurlaubs&#8230;<\/p>\n","protected":false},"excerpt":{"rendered":"<p>In die Alpen fahren wir schon seit unserer kinderlosen Zeit: zum Wandern, Klettersteig gehen. Das begann so Mitte der 70er Jahre. Mit den Kindern setzte sich das Ferienmachen in den Alpen fort. Immer war es ein Aktivurlaub. Und irgendwann waren dann auch die Mountainbikes dabei&#8230; Mit den Kindern im Karwendel 1994 Wir starten in Mittenwald. &hellip; <\/p>\n<p class=\"link-more\"><a href=\"https:\/\/nmbiking.de\/wp\/?page_id=6555\" class=\"more-link\"><span class=\"screen-reader-text\">\u201eAlpen Oldies\u201c <\/span>weiterlesen<\/a><\/p>\n","protected":false},"author":65,"featured_media":0,"parent":1448,"menu_order":0,"comment_status":"open","ping_status":"closed","template":"","meta":{"footnotes":""},"class_list":["post-6555","page","type-page","status-publish","hentry"],"_links":{"self":[{"href":"https:\/\/nmbiking.de\/wp\/index.php?rest_route=\/wp\/v2\/pages\/6555","targetHints":{"allow":["GET"]}}],"collection":[{"href":"https:\/\/nmbiking.de\/wp\/index.php?rest_route=\/wp\/v2\/pages"}],"about":[{"href":"https:\/\/nmbiking.de\/wp\/index.php?rest_route=\/wp\/v2\/types\/page"}],"author":[{"embeddable":true,"href":"https:\/\/nmbiking.de\/wp\/index.php?rest_route=\/wp\/v2\/users\/65"}],"replies":[{"embeddable":true,"href":"https:\/\/nmbiking.de\/wp\/index.php?rest_route=%2Fwp%2Fv2%2Fcomments&post=6555"}],"version-history":[{"count":5,"href":"https:\/\/nmbiking.de\/wp\/index.php?rest_route=\/wp\/v2\/pages\/6555\/revisions"}],"predecessor-version":[{"id":88933,"href":"https:\/\/nmbiking.de\/wp\/index.php?rest_route=\/wp\/v2\/pages\/6555\/revisions\/88933"}],"up":[{"embeddable":true,"href":"https:\/\/nmbiking.de\/wp\/index.php?rest_route=\/wp\/v2\/pages\/1448"}],"wp:attachment":[{"href":"https:\/\/nmbiking.de\/wp\/index.php?rest_route=%2Fwp%2Fv2%2Fmedia&parent=6555"}],"curies":[{"name":"wp","href":"https:\/\/api.w.org\/{rel}","templated":true}]}}