{"id":6533,"date":"2010-03-31T08:45:15","date_gmt":"2010-03-31T07:45:15","guid":{"rendered":"https:\/\/nmbiking.de\/wp\/?page_id=6533"},"modified":"2013-09-10T11:02:15","modified_gmt":"2013-09-10T10:02:15","slug":"bohnental","status":"publish","type":"page","link":"https:\/\/nmbiking.de\/wp\/?page_id=6533","title":{"rendered":"Bohnental"},"content":{"rendered":"<p>Start: Steinbruch Schmelz\/Michelbach<br \/>\nStrecke:  Gr. Horst, Birg, Limbacher Weiher, Roter Klupp, Windr\u00e4der Primstal, Hasborn-Dautweiler, Ritzelberg, D\u00f6rsdorf, Friedelwiese, H\u00f6chsten, Renges Schmelz<br \/>\nDauer\/L\u00e4nge\/H\u00f6henmeter:  ca 2:50  Std \/ 32 km \/ 540 hm<\/p>\n<p>&nbsp;<\/p>\n<p>Die D\u00f6rfchen hei\u00dfen Lindscheid, Scheuern, Neipel, \u00dcberroth-Niederhofen und sind seit einigen Jahren zum &#8222;Dorf im Bohnental&#8220; zusammengeschlossen &#8211; und besitzen inzwischen einen kleinen Rundwanderweg gleichen Namens. Der kommt bei dieser Tour zwar nur zum Teil, aber daf\u00fcr in voller Sch\u00f6nheit zum Tragen bzw. Fahren. Auch der &#8222;Johannes K\u00fchn Weg&#8220; ist ein St\u00fcck weit mit von der Partie.<!--more--><br \/>\nDie kleine Tour bietet sch\u00f6ne saarl\u00e4ndische Ein- und Ausblicke. Einige neue Wegst\u00fccke sind dabei und es gibt eine Menge  Nat\u00fcrliches und Kulturelles zu sehen. Alles ist zur Zeit noch nicht fahrbar. Zu viele B\u00e4ume liegen noch m Weg.<\/p>\n<p>&nbsp;<\/p>\n<p>Die Tour startet am <strong>Steinbruch <\/strong>Schmelz\/Michelbach. Links vom Steinbruch geht es hoch in den Gro\u00dfen Horst. Auf der mittleren Etage biegen wir links ab Richtung Limbach zur <strong>Birg<\/strong>.<br \/>\nVon hier aus folgen wir dem sch\u00f6nen Trail hinunter Richtung Prims an den Felsw\u00e4nden der Birg vorbei und an der Ger\u00e4uschkulisse Meiser. <\/p>\n<p>&nbsp;<\/p>\n<p><a title=\"Fr\u00fchling auf der Birg\" rel=\"Lightbox\" href=\"https:\/\/nmbiking.de\/wp\/wp-content\/uploads\/2010\/03\/maerz10_73b.jpg \"><img decoding=\"async\" class=\"img\" src=\"https:\/\/nmbiking.de\/wp\/wp-content\/uploads\/2010\/03\/maerz10_73.jpg\" alt=\"\" width=200 \/><\/a> <a title=\"Das erste Gr\u00fcn\" rel=\"Lightbox\" href=\"https:\/\/nmbiking.de\/wp\/wp-content\/uploads\/2010\/03\/maerz10_74b.jpg\"><img decoding=\"async\" class=\"img\" src=\"https:\/\/nmbiking.de\/wp\/wp-content\/uploads\/2010\/03\/maerz10_74.jpg\" alt=\"\"width=200\/><\/a> <a title=\"Dicke Wurzeln auf der Birg\" rel=\"Lightbox\" href=\"https:\/\/nmbiking.de\/wp\/wp-content\/uploads\/2010\/03\/maerz10_75b.jpg\"><img decoding=\"async\" class=\"img\" src=\"https:\/\/nmbiking.de\/wp\/wp-content\/uploads\/2010\/03\/maerz10_75.jpg\" alt=\"\"width=150\/><\/a><\/p>\n<p>&nbsp;<\/p>\n<p>Vor Limbach fahren wir in Richtung B\u00fcschfeld  und biegen am Kl\u00e4rwerk zu den <strong>Weihern <\/strong>ein. Ein St\u00fcck <strong>Wasserweg <\/strong>kann, muss aber nicht mitgenommen werden. Wir \u00fcberqueren den Bach und arbeiten uns in einigen Kehren nach oben bis zur<strong> Roten Klupp<\/strong>, dem Aussichtsberg oberhalb von Neipel mit sch\u00f6nem Rundblick.<br \/>\nDurch den Wald \u00fcber einen sich windenden Trail fahren wir weiter Richtung Primstal, auf die <strong>Windr\u00e4der <\/strong>zu. Wer sich einen Blick ins Nachbarland und auf Primstal g\u00f6nnen will, f\u00e4hrt weiter durch den Wald bis zur n\u00e4chsten Abzweigung rechts.  Wer nicht, der biegt vorher ab, den Berg runter, unterhalb des Windrades l\u00e4uft ein sch\u00f6ner Trail her. Der st\u00f6\u00dft auf den breiten Weg nach Hasborn-Dautweiler. Wir fahren in diese Richtung, bis zur Abzweigung &#8222;Bohnental&#8220; bzw. &#8222;Johannes K\u00fchn Weg&#8220;. Den Bohnental-Wegweisern folgen wir \u00fcber zum teil schlammige Wege  mit sch\u00f6ner <strong>Aussicht auf den Schaumberg<\/strong> bis zum <strong>Ritzelberg<\/strong>.<\/p>\n<p>F\u00fcr Heimat- und Geschichtsinteressierte:<br \/>\nInfotafel nach dem \u00dcberqueren der Hauptstra\u00dfe \u00fcber eine uralte <strong>Wallanlage  <\/strong>auf den Sattelk\u00f6pfen. An denen kommt man sp\u00e4ter vorbei, die Anlage ist jedoch nicht ausgewiesen&#8230;<br \/>\nIm Angesicht des Schaumberges einige Meter weiter hat der  hier ans\u00e4ssige Johannes K\u00fchn gedichtet:<br \/>\n<em>Gl\u00fcckliche H\u00f6henein\u00f6de \u00fcber dem Dorf,<br \/>\nder Schaumberg empfiehlt usn als H\u00fcter<br \/>\nmit g\u00fctigem Blick die Gegend.<br \/>\nIm Winter fauchen die Wetter hier.<br \/>\nIm Sommer prunkt siegreiche Flur, angenehm wie im Garten.<\/em><\/p>\n<p>&nbsp;<\/p>\n<p>Wir folgen den Bohnental-Wegweisern in den Wald, biegen aber dort nach links ab. Der Trail f\u00fcr durch alten Wald hinauf zum <strong>Ritzelbergkreuz<\/strong>. Von dort aus m\u00fcssen wir nochmal ein St\u00fcck zur\u00fcck zum Fu\u00df des H\u00fcgels und suchen uns unseren Weg weiter links hinunter: ein sch\u00f6n sich windender Pfad bis zur Stra\u00dfe.<br \/>\n\u00dcber diese fahren wir nach links in Richtung Hasborn. Wenn wir aus dem Wald herauskommen, hinter den Hecken rechterhand m\u00fcssen wir \u00fcber eine meist nasse Wiese bis zum gegen\u00fcber liegenden Waldst\u00fcck, vorbei an einer kleinen romantischen Baum- und Felsgruppe. Am Waldrand halten wir uns links, dann rechts und fahren bis zum <strong>Sportplatz von D\u00f6rsdorf<\/strong>. Vorher biegen wir rechts ab und gelangen zur Hauptstra\u00dfe.<br \/>\n(Wer sich auskennt, noch Zeit und Power hat, kann die<strong> Krummen Steine<\/strong> oberhalb von D\u00f6rsdorf noch besuchen)<br \/>\nEtwa gegen\u00fcber f\u00fchrt ein Schotterweg weiter am Steinbach entlang, am Hof <strong>Friedelwiese<\/strong>, einigen Wochenendh\u00e4usern, einer Schutzh\u00fctte wieder zur Stra\u00dfe in Richtung Steinbach. Wir fahren hinauf auf <strong>H\u00f6chsten<\/strong>. Kapelle und Cafe Waldfriede k\u00f6nnen Stationen und Rastpl\u00e4tze sein.<\/p>\n<p>&nbsp;<\/p>\n<p>Von H\u00f6chsten aus geht es am Wurzelhannes und dem Bundeswehrgel\u00e4nde vorbei zur\u00fcck nach Schmelz. Entweder \u00fcber sch\u00f6ne Trails oder \u00fcber Gresaubach oder \u00fcber Limbach&#8230;<br \/>\n(Stand M\u00e4rz 2010)<\/p>\n<p>&nbsp;<\/p>\n<p><a title=\"Berge und Namen\" rel=\"Lightbox\" href=\"https:\/\/nmbiking.de\/wp\/wp-content\/uploads\/2010\/03\/maerz10_76b.jpg \"><img decoding=\"async\" class=\"img\" src=\"https:\/\/nmbiking.de\/wp\/wp-content\/uploads\/2010\/03\/maerz10_76.jpg\" alt=\"\" width=200 \/><\/a> <a title=\"Im Hintergrund: Schaumberg\" rel=\"Lightbox\" href=\"https:\/\/nmbiking.de\/wp\/wp-content\/uploads\/2010\/03\/maerz10_78b.jpg\"><img decoding=\"async\" class=\"img\" src=\"https:\/\/nmbiking.de\/wp\/wp-content\/uploads\/2010\/03\/maerz10_78.jpg\" alt=\"\"width=200\/><\/a> <a title=\"Steinige Insel beim Ritzelberg\" rel=\"Lightbox\" href=\"https:\/\/nmbiking.de\/wp\/wp-content\/uploads\/2010\/03\/maerz10_79b.jpg\"><img decoding=\"async\" class=\"img\" src=\"https:\/\/nmbiking.de\/wp\/wp-content\/uploads\/2010\/03\/maerz10_79.jpg\" alt=\"\"width=150\/><\/a><\/p>\n<p>&nbsp;<\/p>\n<p><a href=\"http:\/\/www.bohnental.de\/abc_1.php?id=233\"> Mehr Infos<\/a> zum Bohnentalweg&#8230;<\/p>\n","protected":false},"excerpt":{"rendered":"<p>Start: Steinbruch Schmelz\/Michelbach Strecke: Gr. Horst, Birg, Limbacher Weiher, Roter Klupp, Windr\u00e4der Primstal, Hasborn-Dautweiler, Ritzelberg, D\u00f6rsdorf, Friedelwiese, H\u00f6chsten, Renges Schmelz Dauer\/L\u00e4nge\/H\u00f6henmeter: ca 2:50 Std \/ 32 km \/ 540 hm &nbsp; Die D\u00f6rfchen hei\u00dfen Lindscheid, Scheuern, Neipel, \u00dcberroth-Niederhofen und sind seit einigen Jahren zum &#8222;Dorf im Bohnental&#8220; zusammengeschlossen &#8211; und besitzen inzwischen einen kleinen Rundwanderweg &hellip; <\/p>\n<p class=\"link-more\"><a href=\"https:\/\/nmbiking.de\/wp\/?page_id=6533\" class=\"more-link\"><span class=\"screen-reader-text\">\u201eBohnental\u201c <\/span>weiterlesen<\/a><\/p>\n","protected":false},"author":65,"featured_media":0,"parent":1435,"menu_order":0,"comment_status":"open","ping_status":"closed","template":"","meta":{"footnotes":""},"class_list":["post-6533","page","type-page","status-publish","hentry"],"_links":{"self":[{"href":"https:\/\/nmbiking.de\/wp\/index.php?rest_route=\/wp\/v2\/pages\/6533","targetHints":{"allow":["GET"]}}],"collection":[{"href":"https:\/\/nmbiking.de\/wp\/index.php?rest_route=\/wp\/v2\/pages"}],"about":[{"href":"https:\/\/nmbiking.de\/wp\/index.php?rest_route=\/wp\/v2\/types\/page"}],"author":[{"embeddable":true,"href":"https:\/\/nmbiking.de\/wp\/index.php?rest_route=\/wp\/v2\/users\/65"}],"replies":[{"embeddable":true,"href":"https:\/\/nmbiking.de\/wp\/index.php?rest_route=%2Fwp%2Fv2%2Fcomments&post=6533"}],"version-history":[{"count":0,"href":"https:\/\/nmbiking.de\/wp\/index.php?rest_route=\/wp\/v2\/pages\/6533\/revisions"}],"up":[{"embeddable":true,"href":"https:\/\/nmbiking.de\/wp\/index.php?rest_route=\/wp\/v2\/pages\/1435"}],"wp:attachment":[{"href":"https:\/\/nmbiking.de\/wp\/index.php?rest_route=%2Fwp%2Fv2%2Fmedia&parent=6533"}],"curies":[{"name":"wp","href":"https:\/\/api.w.org\/{rel}","templated":true}]}}