{"id":62807,"date":"2020-03-24T09:57:55","date_gmt":"2020-03-24T08:57:55","guid":{"rendered":"https:\/\/nmbiking.de\/wp\/?page_id=62807"},"modified":"2020-03-25T07:45:40","modified_gmt":"2020-03-25T06:45:40","slug":"klingel-terror","status":"publish","type":"page","link":"https:\/\/nmbiking.de\/wp\/?page_id=62807","title":{"rendered":"Klingel-Terror"},"content":{"rendered":"<h3>Wie Menschen auf Klingelzeichen reagieren<\/h3>\n<p>Da Mountainbiker im Wald und sonstwo meist nicht allein unterwegs sind, muss oft  eine Warnung f\u00fcr  andere Wegbenutzer abgegeben werden, um diese und sich selber nicht zu gef\u00e4hrden. Dazu benutzen Radfahrer meist traditionell eine Fahrradklingel. Viele Mountainbiker lehnen das aus verschiedenen Gr\u00fcnden ab und begn\u00fcgen sich mit Rufen oder Pfeifen&#8230; Neben einer fast schon nostalgischen, eher zart und hell klingenden Fahrradglocke (Retro-Klingel) benutze ich noch eine laute, schrill klingende elektronische Klingel, die an eine amerikanische Polizeisirene erinnert.<!--more--><\/p>\n<p>Interessant sind nun die verschiedenartigen Reaktionen auf die Klingelzeichen. Diese Erlebnisse sollen hier festgehalten werden&#8230;<\/p>\n<hr \/>\n<p><a href=\"https:\/\/nmbiking.de\/wp\/wp-content\/uploads\/2020\/03\/maerz20_100.jpg\"><img decoding=\"async\" src=\"https:\/\/nmbiking.de\/wp\/wp-content\/uploads\/2020\/03\/maerz20_100.jpg\" alt=\"\" width=\"700\"  \/><\/a><\/p>\n<hr \/>\n<p><strong>1 Die Ignoranten<\/strong><br \/>\nGanz viele Menschen h\u00f6ren das Klingelzeichen nicht oder wollen es auch nicht h\u00f6ren und beschweren sich anschlie\u00dfend heftig: Habt ihr keine Klingel am Rad?!<br \/>\nDas Problem dabei ist, dass sie n\u00e4mlich nicht auf die Seite gehen und man nicht wei\u00df, was sie tun werden und dass man gezwungen ist abzusteigen. Was wohl oft auch die Absicht der &#8222;Schwerh\u00f6rigen&#8220;  ist&#8230;<\/p>\n<p><strong>2 Die Schwerh\u00f6rigen<\/strong><br \/>\nDie gibt es nat\u00fcrlicherweise auch, sei es aus Altersgr\u00fcnden, sei es, dass sie Ohrh\u00f6rer tragen und Musik h\u00f6ren. Und was ganz oft vorkommt: Die Leute unterhalten sich lautstark und h\u00f6ren sonst etwas. Diese &#8222;Tauben&#8220; erschrecken dann nat\u00fcrlich, wenn man zus\u00e4tzlich ruft und\/oder vorbei f\u00e4hrt.<\/p>\n<p><strong>3 Die Schreckhaften<\/strong><br \/>\nManchmal bereut man es, geklingelt zu haben, weil die Leute ganz f\u00fcrchterlich erschrecken, oft sogar einen \u00e4ngstlichen Satz nach rechts oder links machen.  Gest\u00fcrzt ist dabei jedoch noch keiner..<\/p>\n<p><strong>4 Die Assoziativen<\/strong><br \/>\n* Es gibt Leute, die verbinden mit einem Klingelger\u00e4usch etwas anderes als Da-kommt-ein-Radfahrer. Ein Mann (mit Hund) dreht sich auf den Boden blickend um die eigene Achse, als h\u00e4tte er M\u00fcnzgeld verloren. Dem herannahenden Radfahrer schenkt er keine Aufmerksamkeit&#8230;<br \/>\n** Drei Frauen gehen den gesamten Weg einnehmend und mit einander palavernd durch den Wald. Auf meinen Sirenenton hin blickt eine mit  suchend in den Himmel, wohl um zu sehen, welcher Vogel da getr\u00e4llert hat. Die andere l\u00e4uft mit genau vors Rad. Doch niemand kommt zu Schaden&#8230;<br \/>\n*** Ein andermal kommt der Sirenenton zum Einsatz, denn es geht auf dem Radweg an einer befahrenen Stra\u00dfe entlang. Zwei Gemeindearbeiter sind am Radweg am Arbeiten. Sie gehen nicht auf die Seite, sondern schauen auf die Autos, als h\u00e4tte jemand ihnen zugehupt&#8230; Als ich vorbeifahre: &#8222;Ach, der war das!&#8220;<\/p>\n<p><strong>5 Die Getrennten<\/strong><br \/>\nFolgendes ist schon ganz oft passiert: Ein Ehepaar geht \u00fcber den Weg, sch\u00f6n auf Distanz. Er auf der rechten Seite, sie auf der linken. In der Mitte ist noch Platz. Ohne Klingelzeichen da durch zu fahren w\u00e4re fahrl\u00e4ssig. Nach dem Klingelzeichen drehen sich beide um, verlassen ihren Platz und wollen scheinbar auf die andere Wegseite. Aber jeder auf eine andere! Also sto\u00dfen sie in der Mitte des Weges aufeinander. Welch ein Schreck, welch eine Freude! So kommen sich Menschen n\u00e4her!<\/p>\n","protected":false},"excerpt":{"rendered":"<p>Wie Menschen auf Klingelzeichen reagieren Da Mountainbiker im Wald und sonstwo meist nicht allein unterwegs sind, muss oft eine Warnung f\u00fcr andere Wegbenutzer abgegeben werden, um diese und sich selber nicht zu gef\u00e4hrden. Dazu benutzen Radfahrer meist traditionell eine Fahrradklingel. Viele Mountainbiker lehnen das aus verschiedenen Gr\u00fcnden ab und begn\u00fcgen sich mit Rufen oder Pfeifen&#8230; &hellip; <\/p>\n<p class=\"link-more\"><a href=\"https:\/\/nmbiking.de\/wp\/?page_id=62807\" class=\"more-link\"><span class=\"screen-reader-text\">\u201eKlingel-Terror\u201c <\/span>weiterlesen<\/a><\/p>\n","protected":false},"author":65,"featured_media":0,"parent":0,"menu_order":0,"comment_status":"closed","ping_status":"closed","template":"","meta":{"footnotes":""},"class_list":["post-62807","page","type-page","status-publish","hentry"],"_links":{"self":[{"href":"https:\/\/nmbiking.de\/wp\/index.php?rest_route=\/wp\/v2\/pages\/62807","targetHints":{"allow":["GET"]}}],"collection":[{"href":"https:\/\/nmbiking.de\/wp\/index.php?rest_route=\/wp\/v2\/pages"}],"about":[{"href":"https:\/\/nmbiking.de\/wp\/index.php?rest_route=\/wp\/v2\/types\/page"}],"author":[{"embeddable":true,"href":"https:\/\/nmbiking.de\/wp\/index.php?rest_route=\/wp\/v2\/users\/65"}],"replies":[{"embeddable":true,"href":"https:\/\/nmbiking.de\/wp\/index.php?rest_route=%2Fwp%2Fv2%2Fcomments&post=62807"}],"version-history":[{"count":12,"href":"https:\/\/nmbiking.de\/wp\/index.php?rest_route=\/wp\/v2\/pages\/62807\/revisions"}],"predecessor-version":[{"id":62833,"href":"https:\/\/nmbiking.de\/wp\/index.php?rest_route=\/wp\/v2\/pages\/62807\/revisions\/62833"}],"wp:attachment":[{"href":"https:\/\/nmbiking.de\/wp\/index.php?rest_route=%2Fwp%2Fv2%2Fmedia&parent=62807"}],"curies":[{"name":"wp","href":"https:\/\/api.w.org\/{rel}","templated":true}]}}