{"id":62362,"date":"2020-02-29T15:09:06","date_gmt":"2020-02-29T14:09:06","guid":{"rendered":"https:\/\/nmbiking.de\/wp\/?page_id=62362"},"modified":"2023-11-05T08:25:51","modified_gmt":"2023-11-05T07:25:51","slug":"lese-und-hoerfutter","status":"publish","type":"page","link":"https:\/\/nmbiking.de\/wp\/?page_id=62362","title":{"rendered":"Lese- und H\u00f6rfutter"},"content":{"rendered":"<p>Das Gegenst\u00fcck (die Erg\u00e4nzung?) zu den &#8222;Abenteuern drau\u00dfen&#8220; auf dem MTB oder zu Fu\u00df sind die &#8222;Abenteuer drinnen&#8220;, die B\u00fccher und die H\u00f6rb\u00fccher &#8211; sie sind &#8222;Futter&#8220; f\u00fcr Geist und Seele&#8230;<\/p>\n<hr \/>\n<p><strong>November 2023<\/strong><br \/>\nBuch:<br \/>\n<a href=\"https:\/\/www.amazon.de\/Audible-Nincshof\/dp\/B0CCDR8SY3\/ref=sr_1_1?crid=2OTGKJO6T0X4D&#038;keywords=nincshof+johanna+sebauer&#038;qid=1699168967&#038;sprefix=nincshof%2Caps%2C118&#038;sr=8-1\">Sebauer, Nincshof<\/a><br \/>\nH\u00f6rbuch:<br \/>\n<a href=\"https:\/\/www.audible.de\/pd\/Die-Ordensburg-Hoerbuch\/B0C4619X9G?ref_pageloadid=WBYjh7uaMnix5Jvr&#038;ref=a_library_t_c5_libItem_B0C4619X9G_2&#038;pf_rd_p=86298143-6994-4968-8277-2e2391d86bbd&#038;pf_rd_r=EC5T274A5HH7ZZNXVJX4&#038;pageLoadId=hhXoKWt3DKceZD33&#038;ref_plink=not_applicable&#038;creativeId=14d6a1c2-a3f8-499b-900a-1ae788c317b1\">Hennen, Elfenritter<\/a><\/p>\n<p><strong>Oktober 2023<\/strong><br \/>\nBuch:<br \/>\n<a href=\"https:\/\/www.amazon.de\/Aufstieg-Fall-D-D-Roman\/dp\/3442489644\/ref=sr_1_11?crid=1P7ZPX6NRWNN6&#038;keywords=neal+stephenson&#038;qid=1695900227&#038;sprefix=neal+stephenson%2Caps%2C210&#038;sr=8-11\">Neal Stephenson, D.O,D.O.<\/a><br \/>\nH\u00f6rbuch:<br \/>\nDan Simmons, Hyperion und Endymion (8 B\u00e4nde)<\/p>\n<p><strong>September 2023<\/strong><br \/>\nBuch:<br \/>\n<a href=\"https:\/\/www.amazon.de\/Corvus-Roman-Neal-Stephenson\/dp\/3442493625\/ref=sr_1_1?crid=137O6WQP8CBO9&#038;keywords=corvus+neal+stephenson&#038;qid=1693831896&#038;sprefix=stephenson%2C+corvus%2Caps%2C849&#038;sr=8-1\">Neal Stephenson, Corvus<\/a><\/p>\n<p><strong>Juli 2023<\/strong><br \/>\nBuch:<br \/>\n<a href=\"https:\/\/www.amazon.de\/Eisb%C3%A4r-die-Hoffnung-auf-morgen\/dp\/B0BXYVWHZQ\/ref=sr_1_1?crid=1KA4H9UHD9YUK&#038;keywords=john+ironmonger+eisb%C3%A4r&#038;qid=1689572209&#038;sprefix=eisb%C3%A4r+ironmonger%2Caps%2C282&#038;sr=8-1\">Ironmonger, Der Eisb\u00e4r<\/a><br \/>\n<a href=\"https:\/\/www.amazon.de\/Audible-Der-letzte-Sessellift\/dp\/B0C4LHV14X\/ref=sr_1_1?crid=18FXA0AWKJBCQ&#038;keywords=john+irving+der+letzte+sessellift+deutsch&#038;qid=1689572293&#038;s=audible&#038;sprefix=irving%2Caudible%2C140&#038;sr=1-1\">Irving, Der letzte Sessellift<\/a><\/p>\n<p>H\u00f6rbuch:<br \/>\n<a href=\"https:\/\/www.audible.de\/pd\/Kinder-des-Nebels-Hoerbuch\/B007RA17I0?qid=1689572676&#038;sr=1-1&#038;ref=a_search_c3_lProduct_1_1&#038;pf_rd_p=e54013e2-074a-460e-861f-7feac676b789&#038;pf_rd_r=95CVHR9NKXV4CZ6J00MK&#038;pageLoadId=25JavPSAVyykakAN&#038;creativeId=41e85e98-10b8-40e2-907d-6b663f04a42d\">Sanderson, Kinder des Nebels (Serie)<\/a><\/p>\n<p><strong>Juni 2023<\/strong><br \/>\nBuch:<br \/>\n<a href=\"https:\/\/www.amazon.de\/Verr%C3%A4tersohn-Weg-Waldl%C3%A4ufers-Buch-1-ebook\/dp\/B09RHR2HTT\/ref=sr_1_1?crid=1V85TQQWJY201&#038;keywords=verr%C3%A4tersohn+1&#038;qid=1685622178&#038;sprefix=verr%C3%A4tersohn%2Caps%2C332&#038;sr=8-1\">Urvi, Verr\u00e4tersohn<\/a><br \/>\nH\u00f6rbuch:<br \/>\n<a href=\"https:\/\/www.audible.de\/library\/titles?ref=a_account_o_t1_navTop_pl0&#038;pf_rd_p=f0f3a95d-d4dd-4d07-b7de-0578e8af3213&#038;pf_rd_r=ZF0XFNBQ60RR8W5Q6NWM&#038;pageLoadId=0wEVUaEpfPQLsRG8&#038;creativeId=1715dadb-f0bb-47a7-9e36-c294ce56d127\">Rothfuss, Der Name des Windes<\/a><\/p>\n<p><strong>Mai 2023<\/strong><br \/>\nBuch:<br \/>\n<a href=\"https:\/\/www.amazon.de\/Himmelsdrache-G-P-Taylor\/dp\/3401057618\/ref=sr_1_1?__mk_de_DE=%C3%85M%C3%85%C5%BD%C3%95%C3%91&#038;crid=2D03A515I169M&#038;keywords=der+himmelsdrache&#038;qid=1683739970&#038;s=books&#038;sprefix=der+himmelsdrache%2Cstripbooks%2C1106&#038;sr=1-1\">Taylor, Der Himmelsdrache<\/a><br \/>\nH\u00f6rbuch:<br \/>\n<a href=\"https:\/\/www.audible.de\/pd\/Der-Kanon-mechanischer-Seelen-Hoerbuch\/3844919961?ref=a_library_t_c5_libItem_3844919961&#038;pf_rd_p=86298143-6994-4968-8277-2e2391d86bbd&#038;pf_rd_r=WH5GZZMT8PCB35NP3SNE&#038;pageLoadId=ms0MjQSgvt3OO7wE&#038;creativeId=14d6a1c2-a3f8-499b-900a-1ae788c317b1\">Marrak, Der Kanon mechanischer Seelen<\/a><\/p>\n<p><strong>April 2023<\/strong><br \/>\nBuch:<br \/>\n<a href=\"https:\/\/www.amazon.de\/Stille-Tim-Parks\/dp\/3888974437\/ref=sr_1_1?crid=3DOX5UC9SU3AY&#038;keywords=tim+parks+stille&#038;qid=1682228751&#038;sprefix=tim+parks+stille%2Caps%2C111&#038;sr=8-1\">Tim Parks, Stille<\/a><br \/>\n<a href=\"https:\/\/www.amazon.de\/Wahre-Freiheit-buddhistische-Augenblick-gl%C3%BCcklich\/dp\/B079N9N83Q\/ref=sr_1_1?crid=6IWIZ4OG816I&#038;keywords=wahre+freiheit+jack+kornfield&#038;qid=1682673799&#038;sprefix=kornfield+wahre+freiheit%2Caps%2C1844&#038;sr=8-1\">Kornfield, Wahre Freiheit<\/a><br \/>\nH\u00f6rbuch: Perry Rhodan, Sammelband 3<\/p>\n<p><strong>M\u00e4rz 2023<\/strong><br \/>\nBuch:<br \/>\n<a href=\"https:\/\/www.amazon.de\/Audible-Zur-See\/dp\/B0BDZ8GJXW\/ref=sr_1_1?crid=33JUM5TSHP5F6&#038;keywords=d%C3%B6rte+hansen+zur+see&#038;qid=1679926992&#038;sprefix=d%C3%B6rte+hansen%2Caps%2C1187&#038;sr=8-1\">Hansen, Zur See<\/a><br \/>\n<a href=\"https:\/\/www.amazon.de\/Frag-den-Buddha-spirituellen-unterst%C3%BCtzt\/dp\/3466346622\/ref=sr_1_1?crid=D53I0WFYIR3Y&#038;keywords=frag+den+buddha&#038;qid=1679508782&#038;sprefix=frag+den+bhudd%2Caps%2C272&#038;sr=8-1\">Konfield, Frag den Bhudda<\/a><br \/>\n<a href=\"https:\/\/www.amazon.de\/Mond-kosmische-Code-Sch%C3%B6pfung-Manifestiere\/dp\/3000433120\/ref=sr_1_1?crid=21U0Q8URF38ZW&#038;keywords=lauretti+irene&#038;qid=1678632310&#038;sprefix=laaurtetti+irene%2Caps%2C916&#038;sr=8-1\">Lauretti, Der Mond und der Kosmische Code&#8230;<\/a><br \/>\n<a href=\"https:\/\/www.amazon.de\/schlauste-Mann-Welt-Roman-ebook\/dp\/B0BL7M799J\/ref=sr_1_1?crid=VU9O2XMHXIY3&#038;keywords=andreas+eschbach+der+schlauste+mann+der+welt&#038;qid=1678632407&#038;sprefix=eschbach%2Caps%2C613&#038;sr=8-1\">Eschbach, Der schlauste Mann der Welt<\/a><br \/>\nH\u00f6rbuch:<br \/>\n<a href=\"https:\/\/www.audible.de\/pd\/Perry-Rhodan-Olymp-Die-komplette-Miniserie-Hoerbuch\/B07FP9SSKT?ref=a_library_t_c5_libItem_B07FP9SSKT&#038;pf_rd_p=86298143-6994-4968-8277-2e2391d86bbd&#038;pf_rd_r=Q6AX1X30KCX1QTW4BVBN&#038;pageLoadId=QxtY4XvhqQjT6sez&#038;creativeId=14d6a1c2-a3f8-499b-900a-1ae788c317b1\">Perry Rhodan, Olymp<\/a> <\/p>\n<p><strong>Februar 2023<\/strong><br \/>\nBuch:<br \/>\n<a href=\"https:\/\/smile.amazon.de\/Elenium-Thron-Diamant-Roman-Elenium-Trilogie-ebook\/dp\/B09X1PG9SC\/ref=sr_1_2?crid=VGSLJZMDTLOR&#038;keywords=david+eddings+elenium&#038;qid=1676704512&#038;s=books&#038;sprefix=david+eddings%2Cstripbooks%2C115&#038;sr=1-2\">Eddings, Elenium-Trilogie<\/a><br \/>\nH\u00f6rbuch:<br \/>\n<a href=\"https:\/\/www.audible.de\/pd\/Perry-Rhodan-Wega-1-12-Hoerbuch\/B09G3CMZY7?ref=a_library_t_c5_libItem_B09G3CMZY7&#038;pf_rd_p=86298143-6994-4968-8277-2e2391d86bbd&#038;pf_rd_r=7XY9DH0WGB6Z4RCR81B0&#038;pageLoadId=h9sjIZrJjL1uQrLQ&#038;creativeId=14d6a1c2-a3f8-499b-900a-1ae788c317b1\">Perry Rhodan, Wega-Serie<\/a><br \/>\n&nbsp;<\/p>\n<p><strong>Januar 2023<\/strong><br \/>\nBuch:<br \/>\n<a href=\"https:\/\/smile.amazon.de\/Flussregenpfeifer-Roman-einer-wahren-Geschichte\/dp\/3570104338\/ref=sr_1_1?crid=EQ461T3FIL2D&amp;keywords=der+flussregenpfeifer+tobias+friedrich&amp;qid=1673275375&amp;s=books&amp;sprefix=der+flussregenpfeifer%2Cstripbooks%2C90&amp;sr=1-1\">Friedrich, Flussregenpfeifer<\/a><br \/>\nH\u00f6rbuch:<br \/>\n<a href=\"https:\/\/www.audible.de\/pd\/Gottes-Werk-und-Teufels-Beitrag-Hoerbuch\/B0124G67V8?ref=a_library_t_c5_libItem_B0124G67V8&amp;pf_rd_p=86298143-6994-4968-8277-2e2391d86bbd&amp;pf_rd_r=9NVY0B8WNMCXFZ6XR9WW&amp;pageLoadId=ONXg3BFgnMsVuH4L&amp;creativeId=14d6a1c2-a3f8-499b-900a-1ae788c317b1\">Irving, Gottes Werk und Teufels Beitrag<\/a><\/p>\n<p><strong>Dezember 2022<\/strong><br \/>\nBuch:<br \/>\n<a href=\"https:\/\/smile.amazon.de\/Die-Unverbesserlichen-Monsieur-Bestsellerduo-Gaunerkom%C3%B6die\/dp\/3550201443\/ref=sr_1_1?crid=M5IZICEFO3A0&amp;keywords=kobr+kl%C3%BCpfel+neu&amp;qid=1671519460&amp;sprefix=kobr%2Caps%2C526&amp;sr=8-1\">Kobr\/Kl\u00fcpfl, Die Unverbesserlichen<\/a><br \/>\nH\u00f6rbuch:<br \/>\n<a href=\"https:\/\/www.audible.de\/pd\/Suenden-des-Imperiums-Hoerbuch\/B0B1JJNVBJ?ref=a_library_t_c5_libItem_B0B1JJNVBJ&amp;pf_rd_p=86298143-6994-4968-8277-2e2391d86bbd&amp;pf_rd_r=VY7CYJVFSHHPRPK607V5\">S\u00fcnden des Imperiums<\/a><\/p>\n<p><strong>November 2022<\/strong><br \/>\nH\u00f6rbuch:<br \/>\n<a href=\"https:\/\/www.audible.de\/pd\/Der-Wuestenplanet-Hoerbuch\/3837153568?ref=a_library_t_c5_libItem_&amp;pf_rd_p=86298143-6994-4968-8277-2e2391d86bbd&amp;pf_rd_r=S34V2EAAKSHP7ESW8QNC\">Dune, der W\u00fcstenplanet<\/a><\/p>\n<p><strong>Oktober 2022<\/strong><br \/>\nBuch:<br \/>\n<a href=\"https:\/\/smile.amazon.de\/Freiheitsgeld-Roman-Andreas-Eschbach\/dp\/3785728123\/ref=sr_1_1?crid=3CQTRNMMYI3SI&amp;keywords=freiheitsgeld+andreas+eschbach&amp;qid=1666021109&amp;qu=eyJxc2MiOiIyLjI1IiwicXNhIjoiMS44NSIsInFzcCI6IjIuMTIifQ%3D%3D&amp;sprefix=freiheitsgeld%2Caps%2C792&amp;sr=8-1\">Eschbach, Freiheitsgeld<\/a><br \/>\nH\u00f6rbuch:<br \/>\n<a href=\"https:\/\/www.audible.de\/pd\/Die-Herren-des-Westens-Hoerbuch\/B09KLVB2MQ?ref=a_library_t_c5_libItem_&amp;pf_rd_p=86298143-6994-4968-8277-2e2391d86bbd&amp;pf_rd_r=FGDAERGWZ32RJ5N5SW19\">Edings, Malloreon<\/a><\/p>\n<p><strong>September 2022<\/strong><br \/>\nBuch:<br \/>\n<a href=\"https:\/\/smile.amazon.de\/Suche-nichts-tiefste-Sehnsucht-Entrainment\/dp\/3867310734\/ref=sr_1_1?crid=1I4AC6HL8UKH&amp;keywords=suche+nichts+finde+alles&amp;qid=1663595769&amp;sprefix=suche+nichts%2Caps%2C354&amp;sr=8-1\">Kinslow, Suche nichts, finde alles<\/a><br \/>\n<a href=\"https:\/\/smile.amazon.de\/Die-Katze-Dalai-Lama-Roman\/dp\/3453703812\/ref=sr_1_1?crid=1BWF9SE3NI71Y&amp;keywords=katze+des+dalai+lama&amp;qid=1663070427&amp;sprefix=katze+des+dalai+lama%2Caps%2C987&amp;sr=8-1\">Die Katze des Dalai Lama<\/a><br \/>\nH\u00f6rbuch:<br \/>\n<a href=\"https:\/\/www.audible.de\/pd\/Das-Herz-der-Zwerge-1-Hoerbuch\/B09ZJ6RVJS?ref=a_library_t_c5_libItem_&amp;pf_rd_p=86298143-6994-4968-8277-2e2391d86bbd&amp;pf_rd_r=9AV8JCW7S444P613M16D\">Heitz, Das Herz der Zwerge<\/a><\/p>\n<p><strong>August 2022<\/strong><br \/>\nBuch:<br \/>\n<a href=\"https:\/\/smile.amazon.de\/Stra%C3%9Fe-Achttausender-Dach-Darjeelings-Teeg%C3%A4rten\/dp\/3492406130\/ref=sr_1_1?__mk_de_DE=%C3%85M%C3%85%C5%BD%C3%95%C3%91&amp;crid=2E9L095KXV0O8&amp;keywords=stra%C3%9Fe+der+achttausender&amp;qid=1661500152&amp;sprefix=stra%C3%9Fe+der+achtausender%2Caps%2C867&amp;sr=8-1\">Bergmann, Stra\u00dfe der Achtausender<\/a><br \/>\nH\u00f6rbuch:<br \/>\n<a href=\"https:\/\/www.audible.de\/pd\/Die-Maechte-des-Feuers-Hoerbuch\/3844920722?ref=a_library_t_c5_libItem_&amp;pf_rd_p=86298143-6994-4968-8277-2e2391d86bbd&amp;pf_rd_r=78BC8QBJBNTRP2P30NBD\">Heitz, Die M\u00e4chte des Feuers<\/a><br \/>\n<a href=\"https:\/\/www.audible.de\/pd\/Drachenkaiser-Hoerbuch\/3844920730?ref=a_library_t_c5_libItem_&amp;pf_rd_p=86298143-6994-4968-8277-2e2391d86bbd&amp;pf_rd_r=S01S8NE8AQJ43ZD2PWS7\">Heitz, Drachenkaiser<\/a><br \/>\n<strong>Juli 2022<\/strong><br \/>\nH\u00f6rbuch:<br \/>\n<a href=\"https:\/\/www.audible.de\/pd\/Die-Zwerge-Hoerbuch\/B07L8CWQVG?ref=a_library_t_c5_libItem_&amp;pf_rd_p=86298143-6994-4968-8277-2e2391d86bbd&amp;pf_rd_r=66X8AQJVP59RECKYQ7E6\">Heitz, Die Zwerge<\/a><\/p>\n<p><strong>Juni 2022<\/strong><br \/>\nBuch:<br \/>\n<a href=\"https:\/\/smile.amazon.de\/Bretonische-N%C3%A4chte-Kommissar-Dupins-ermittelt-ebook\/dp\/B09KR8G12X\/ref=sr_1_1?__mk_de_DE=%C3%85M%C3%85%C5%BD%C3%95%C3%91&amp;crid=1B5R7YT71KA9&amp;keywords=bannalec+neu&amp;qid=1656573721&amp;s=books&amp;sprefix=bannalec+neu%2Cstripbooks%2C263&amp;sr=1-1\">Bretonische N\u00e4chte<\/a> (9\/10)<br \/>\nH\u00f6rbuch:<br \/>\nimmer noch die James Clemens-Romane<\/p>\n<p><strong>Mai 2022<\/strong><br \/>\nBuch:<br \/>\n<a href=\"https:\/\/www.amazon.de\/Das-Haus-Harmonie-Barbara-Wood\/dp\/359670684X\/ref=sr_1_14?keywords=barbara+wood&amp;qid=1654679634&amp;sr=8-14\">Wood, Haus der Harmonie<\/a> (8\/10)<br \/>\n<a href=\"https:\/\/smile.amazon.de\/Shiva-Roman-Manil-Suri\/dp\/3630872891\/ref=sr_1_2?__mk_de_DE=%C3%85M%C3%85%C5%BD%C3%95%C3%91&amp;crid=13VV7B4NQLGWT&amp;keywords=suri+shiva&amp;qid=1652975318&amp;sprefix=suri+shiva%2Caps%2C361&amp;sr=8-2\">Suri, Shiva<\/a> Bewertung: 6\/10<br \/>\n<a href=\"https:\/\/smile.amazon.de\/Zugv%C3%B6gel-Roman-Charlotte-McConaghy\/dp\/3596705207\/ref=sr_1_1?crid=1GE6AA9CJ271N&amp;keywords=zugv%C3%B6gel+charlotte+mcconaghy&amp;qid=1652975492&amp;sprefix=zugv%C3%B6gel%2Caps%2C981&amp;sr=8-1\">McConaghy, Zugv\u00f6gel<\/a>Bewertung: 7\/10<br \/>\n<a href=\"https:\/\/smile.amazon.de\/Yoga-Emmanuel-Carr%C3%A8re\/dp\/3751800581\/ref=sr_1_1?crid=C3M6WEMZ0Y4V&amp;keywords=carrere+yoga+deutsch&amp;qid=1655132768&amp;sprefix=carrere+yoga%2Caps%2C524&amp;sr=8-1\">Carrere, Yoga<\/a> (9\/110)<br \/>\n<a href=\"https:\/\/smile.amazon.de\/Das-Chakra-Geheimnis-Energie-Ebenen-Bewusstseins-manifestiere\/dp\/3442223520\/ref=sr_1_1?crid=Z21XAM0E4KJV&amp;keywords=das+chakra+geheimnis&amp;qid=1655133130&amp;s=books&amp;sprefix=Chakara+geheimnis%2Cstripbooks%2C149&amp;sr=1-1\">Die Chakra Geheimnisse<\/a> (8\/10)<\/p>\n<p><strong>April 2022<\/strong><br \/>\nBuch:<br \/>\n<a href=\"https:\/\/smile.amazon.de\/Wo-die-W%C3%B6lfe-sind-Roman\/dp\/3103971001\/ref=sr_1_1?crid=WDU9G6379DHH&amp;keywords=wo+die+w%C3%B6lfe+sind+charlotte+mcconaghy&amp;qid=1649270569&amp;sprefix=wo+die+w%C3%B6lfe+sind%2Caps%2C193&amp;sr=8-1\">Wo die W\u00f6lfe sind<\/a> 8\/10<\/p>\n<p><a href=\"https:\/\/smile.amazon.de\/Was-Verborgenen-ruht-Ein-Inspector-Lynley-Roman\/dp\/3442316200\/ref=sr_1_2?crid=3BDD605UKAO8T&amp;keywords=george+elisabeth+neuerscheinung&amp;qid=1649661885&amp;sprefix=george+elisabeth%2Caps%2C153&amp;sr=8-2\">George, Was im Verborgenen ruht<\/a>Bewertung: 4\/10<br \/>\nH\u00f6rbuch:<br \/>\n<a href=\"https:\/\/www.audible.de\/pd\/Splitterwelten-Hoerbuch\/B007K5DR4Y?ref=a_library_t_c5_libItem_&amp;pf_rd_p=86298143-6994-4968-8277-2e2391d86bbd&amp;pf_rd_r=4ADQES3Q8SJVXPWEZSNN\">Splitterwelten<\/a><br \/>\n<a href=\"https:\/\/www.audible.de\/pd\/Das-Buch-des-Feuers-Hoerbuch\/B005EQK9BU?ref=a_library_t_c5_libItem_&amp;pf_rd_p=86298143-6994-4968-8277-2e2391d86bbd&amp;pf_rd_r=5V1Y7H5A5SCGPNWF46HG\">Buch des Feuers 1-3<\/a><\/p>\n<p><strong>M\u00e4rz 2022<\/strong><br \/>\nBuch:<br \/>\n<a href=\"https:\/\/smile.amazon.de\/Wenn-ihr-w%C3%BCsstet-Die-Autobiografie\/dp\/3453218337\/ref=sr_1_2?crid=OP1BODA87UY1&amp;keywords=david+garrett+wenn+ihr+w%C3%BCsstet&amp;qid=1646937895&amp;sprefix=%2Caps%2C633&amp;sr=8-2\">David Garrett, Autobiografie<\/a><br \/>\n<a href=\"https:\/\/smile.amazon.de\/Alles-was-wir-nicht-erinnern\/dp\/3406784933\/ref=sr_1_1?crid=3GEYWTCLY5NEZ&amp;keywords=alles+was+wir+nicht+erinnern&amp;qid=1648296348&amp;sprefix=alles+was+wir+nicht+erinnern%2Caps%2C165&amp;sr=8-1\">Alles was wir nicht erinnern<\/a><br \/>\nH\u00f6rbuch:<br \/>\nimmer noch Eragorn&#8230;siehe Feb<br \/>\n<strong>Februar 2022<\/strong><br \/>\nBuch:<br \/>\n<a href=\"https:\/\/www.amazon.de\/silberne-Sinn-Ehrenwirth-Belletristik\/dp\/3431035183\/ref=sr_1_1?__mk_de_DE=%C3%85M%C3%85%C5%BD%C3%95%C3%91&amp;crid=5GFVFGN1DQU4&amp;keywords=ralf+isau+silberne+sinn&amp;qid=1645976232&amp;sprefix=ralf+isau+silberne+sinn%2Caps%2C524&amp;sr=8-1\">Isau, Der Silberne Sinn<\/a><br \/>\n<a href=\"https:\/\/www.amazon.de\/Die-Dorfschullehrerin-Was-Schicksal-will\/dp\/3785727828\/ref=sr_1_2?crid=2BANGT3COTAZX&amp;keywords=v%C3%B6ller+dorfschullehrerin&amp;qid=1645976423&amp;sprefix=v%C3%B6ller+dorfschullehrerin%2Caps%2C115&amp;sr=8-2\">V\u00f6ller, Die Dorfschullehrerin<\/a><br \/>\nH\u00f6rbuch:<br \/>\n<a href=\"https:\/\/www.audible.de\/pd\/Das-Vermaechtnis-der-Drachenreiter-Hoerbuch\/B004UZF16Y?ref=a_library_t_c5_libItem_&amp;pf_rd_p=86298143-6994-4968-8277-2e2391d86bbd&amp;pf_rd_r=XYDQWSYJS5QQK1B37QHP\">Paolini, Eragon 3-4<\/a><\/p>\n<p><strong>Januar 2022<\/strong><br \/>\nBuch:<br \/>\n<a href=\"https:\/\/smile.amazon.de\/Mann-den-auslacht-DuMont-Reiseabenteuer\/dp\/3770182863\/ref=sr_1_1?__mk_de_DE=%C3%85M%C3%85%C5%BD%C3%95%C3%91&amp;crid=1WN37NY8K8GE3&amp;keywords=der+mann+der+den+tod+auslacht&amp;qid=1641209666&amp;sprefix=der+mann+der+den+tod+auslachte%2Caps%2C354&amp;sr=8-1\">Der Mann, der den Tod auslacht &#8211; eine \u00c4thiopienreise<\/a><br \/>\nH\u00f6rbuch:<br \/>\n<a href=\"https:\/\/www.audible.de\/pd\/Der-Verfluchte-Hoerbuch\/B07813FW1S?ref=a_library_t_c5_libItem_&amp;pf_rd_p=86298143-6994-4968-8277-2e2391d86bbd&amp;pf_rd_r=H2W2QZ8W5FNJBKKJ9E2C\">Chroniken von Azur<\/a><br \/>\n<a href=\"https:\/\/www.audible.de\/pd\/Das-Vermaechtnis-der-Drachenreiter-Hoerbuch\/B004UZF16Y?ref=a_library_t_c5_libItem_&amp;pf_rd_p=86298143-6994-4968-8277-2e2391d86bbd&amp;pf_rd_r=XYDQWSYJS5QQK1B37QHP\">Paolini, Eragon 1-2<\/a><\/p>\n<p><strong>Dezember 2021<\/strong><br \/>\nBuch:<br \/>\nFrancis, Dem Nordpol entgegen<br \/>\n<a href=\"https:\/\/smile.amazon.de\/Die-Prophezeiungen-von-Celestine-spirituelle\/dp\/3793424219\/ref=sr_1_1?__mk_de_DE=%C3%85M%C3%85%C5%BD%C3%95%C3%91&amp;crid=3CUHLD93VXBQ0&amp;keywords=james+redfield+die+prophezeiungen+von+celestine&amp;qid=1639499107&amp;sprefix=james+redfield%2Caps%2C195&amp;sr=8-1\">J. Redfield,Die Prophezeiungen von Celestine<\/a><br \/>\nH\u00f6rbuch:<br \/>\n<a href=\"https:\/\/www.audible.de\/pd\/Drohende-Schatten-Hoerbuch\/B004V0BOGO?ref=a_library_t_c5_libItem_&amp;pf_rd_p=86298143-6994-4968-8277-2e2391d86bbd&amp;pf_rd_r=XFWKTT8958N26MZCSVYV\">Jordan, Das Rad der Zeit&#8220;<\/a><\/p>\n<p><strong>November 2021<\/strong><br \/>\nBuch:<br \/>\nMaya Lund, Die Geschichte der Bienen<br \/>\nErwin Strittmatter, Der Laden<br \/>\nRob Lilwall, Zu Fu\u00df durch China<br \/>\nH\u00f6rbuch:<br \/>\n<a href=\"https:\/\/www.audible.de\/pd\/Das-Lied-der-Kraehen-Hoerbuch\/B075WZ4JKN?ref=a_library_t_c5_libItem_&amp;pf_rd_p=86298143-6994-4968-8277-2e2391d86bbd&amp;pf_rd_r=Z8ZTKRFABAYQ0H54G7MX\">Das Lied der Kr\u00e4hen<\/a><br \/>\nGeorge RR Martin, Game of thrones, teil 4 und 5<\/p>\n<p><strong>Januar 2021<\/strong><br \/>\nH\u00f6rbuch: <a href=\"https:\/\/www.audible.de\/pd\/Das-schwarze-Mal-Hoerbuch\/3961541663?ref=a_library_t_c5_libItem_&amp;pf_rd_p=c4452674-0c47-4536-9b2b-d85cd51a8e31&amp;pf_rd_r=346R1850BB2TMQJR40FW\"> Eyal Kress, Das Schwarze Mal<\/a><br \/>\nBuch:<a href=\"https:\/\/www.amazon.de\/Funkenmord-Kluftingers-neuer-Fall-Kluftinger-Krimis\/dp\/3550081804\/ref=sr_1_1?__mk_de_DE=%C3%85M%C3%85%C5%BD%C3%95%C3%91&amp;crid=I258TVB6X19J&amp;dchild=1&amp;keywords=funkenmord&amp;qid=1611069187&amp;sprefix=funkenmord%2Caps%2C269&amp;sr=8-1\">Kl\u00fcpfel, Kobr, Funkenmord<\/a><\/p>\n<p><strong>Februar 2021<\/strong><br \/>\nH\u00f6rbuch: <a href=\"https:\/\/www.audible.de\/pd\/Ahren-Hoerbuch\/B084G382LN?ref=a_library_t_c5_libItem_&amp;pf_rd_p=c4452674-0c47-4536-9b2b-d85cd51a8e31&amp;pf_rd_r=GDAE61ZKMGCJNM7VC81K\"> Weitze, Der 13. Paladin<\/a><br \/>\nBuch: <a href=\"https:\/\/www.amazon.de\/Salzpfad-Sunday-Bestseller-DuMont-Menschen\/dp\/3770166884\/ref=sr_1_1?__mk_de_DE=%C3%85M%C3%85%C5%BD%C3%95%C3%91&amp;dchild=1&amp;keywords=salzpfad&amp;qid=1612689234&amp;sr=8-1\">Salzpfad<\/a><\/p>\n<p><strong>M\u00e4rz 2021<\/strong><br \/>\n<a href=\"https:\/\/www.amazon.de\/Mittagsstunde-Roman-D%C3%B6rte-Hansen\/dp\/3328600035\/ref=sr_1_1?__mk_de_DE=%C3%85M%C3%85%C5%BD%C3%95%C3%91&amp;crid=2DVGD0GJ1W52Y&amp;dchild=1&amp;keywords=mittagsstunde+d%C3%B6rte+hansen&amp;qid=1616665921&amp;sprefix=mittagsstunde%2Caps%2C337&amp;sr=8-1\">D\u00f6rte Hansen, Mittagsstunde<\/a><br \/>\n<a href=\"https:\/\/www.amazon.de\/INFINITUM-Die-Ewigkeit-Sterne-Roman\/dp\/3426227363\/ref=sr_1_1?__mk_de_DE=%C3%85M%C3%85%C5%BD%C3%95%C3%91&amp;crid=1G2K7DAC974O7&amp;dchild=1&amp;keywords=infinitum+-+die+ewigkeit+der+sterne+roman&amp;qid=1616957308&amp;sprefix=infinitum%2Caps%2C318&amp;sr=8-1\">Paolini, Infinitum<\/a><br \/>\nH\u00f6rbuch: <a href=\"https:\/\/www.audible.de\/pd\/Ahren-Hoerbuch\/B084G382LN?ref=a_library_t_c5_libItem_&amp;pf_rd_p=c4452674-0c47-4536-9b2b-d85cd51a8e31&amp;pf_rd_r=JJGEPY11CHS1XVV1BP1J\">Weitze. Der Dreizehnte Paladin, 7 B\u00e4nde<\/a><\/p>\n<p><strong>April 2021<\/strong><br \/>\nBuch: C Funke, Reckless (4 B\u00e4nde)<br \/>\n<a href=\"https:\/\/www.amazon.de\/Das-Herzenh%C3%B6ren-Jan-Philipp-Sendker-Ausgabe\/dp\/B00BWEPUGW\/ref=sr_1_4?__mk_de_DE=%C3%85M%C3%85%C5%BD%C3%95%C3%91&amp;crid=3KQ14LIASCJH9&amp;dchild=1&amp;keywords=herzenh%C3%B6ren+jan+philipp+sendker&amp;qid=1618149192&amp;sprefix=herzehh%C3%B6ren%2Caps%2C697&amp;sr=8-4\">Sendker, Das Herzenh\u00f6ren<\/a> (3 B\u00e4nde)<br \/>\nH\u00f6rbuch: <a href=\"https:\/\/www.audible.de\/pd\/Eine-geheime-Akademie-Hoerbuch\/3732442454?ref=a_library_t_c5_libItem_&amp;pf_rd_p=c4452674-0c47-4536-9b2b-d85cd51a8e31&amp;pf_rd_r=PP5WT0HSXDGGADNYZQZJ\"> Colfer, Die geheime Akademie<\/a><br \/>\n<a href=\"https:\/\/www.audible.de\/pd\/Der-Rhythmus-des-Krieges-Hoerbuch\/3837154300?ref=a_library_t_c5_libItem_&amp;pf_rd_p=c4452674-0c47-4536-9b2b-d85cd51a8e31&amp;pf_rd_r=Y801C5921RVWW80V713Q\">Sanderson, Sturmlichtchroniken 8<\/a><br \/>\n<a href=\"https:\/\/www.audible.de\/pd\/Die-Hexenholzkrone-1-Hoerbuch\/B0767MDZ4C?ref=a_library_t_c5_libItem_&amp;pf_rd_p=5a58e3a9-ade2-4fed-b6e2-d91a60ca8ff4&amp;pf_rd_r=YX0GGMYN78R6V38RRT66\">Tad Williams, Hexenholzkrone<\/a><\/p>\n<p><strong>Mai 2021<\/strong><br \/>\nH\u00f6rbuch:<br \/>\n<a href=\"https:\/\/www.audible.de\/pd\/Die-Pruefung-Hoerbuch\/B0912VXQLL?ref=a_library_t_c5_libItem_&amp;pf_rd_p=5a58e3a9-ade2-4fed-b6e2-d91a60ca8ff4&amp;pf_rd_r=WW2JGKNWK4A0P4NG8480\"> Feuerbach, Schattenstaub<\/a><br \/>\n<a href=\"https:\/\/www.audible.de\/pd\/Erellgorh-Geheime-Maechte-Hoerbuch\/B08Z3ZF4T6?ref=a_library_t_c5_libItem_&amp;pf_rd_p=5a58e3a9-ade2-4fed-b6e2-d91a60ca8ff4&amp;pf_rd_r=DJVG30DCQ06JXASSKWBZ\">Erellgorh<\/a><\/p>\n<p><strong>Juni 2021<\/strong><br \/>\nBuch: <a href=\"https:\/\/www.amazon.de\/Scarlett-Browne-Mitrei%C3%9Fende-Scarlett-Browne-Reihe\/dp\/3570165965\/ref=sr_1_15?__mk_de_DE=%C3%85M%C3%85%C5%BD%C3%95%C3%91&amp;dchild=1&amp;keywords=stroud&amp;qid=1622873272&amp;sr=8-15\">Stoud, Scarlett and Browne&lt;a\/a&gt;<\/a><br \/>\n<a href=\"https:\/\/www.amazon.de\/%C3%9Cber-Menschen-Roman-Juli-Zeh\/dp\/3630876676\/ref=sr_1_8?__mk_de_DE=%C3%85M%C3%85%C5%BD%C3%95%C3%91&amp;crid=2J9TX4ZUI1RUA&amp;dchild=1&amp;keywords=zeh+julia&amp;qid=1623314011&amp;sprefix=zeh+julia%2Caps%2C178&amp;sr=8-8\">Juli Zeh, \u00dcber Menschen<\/a><\/p>\n<p>H\u00f6rbuch:<a href=\"https:\/\/www.audible.de\/pd\/Der-Gebannte-Hoerbuch\/3844921044?ref=a_typ_c1_lProduct_0_1&amp;pf_rd_p=8ac39cc2-a0ea-4c95-986e-129f75062158&amp;pf_rd_r=YVH5WJ8E2MC2C29P3K8G\"> Pehov, Der Gebannte<\/a> zur\u00fcck gegeben!<br \/>\n<a href=\"https:\/\/www.audible.de\/pd\/Die-Suche-Hoerbuch\/B095WTVH4J?ref=a_library_t_c5_libItem_&amp;pf_rd_p=5a58e3a9-ade2-4fed-b6e2-d91a60ca8ff4&amp;pf_rd_r=4QKX0E2C2MPE0W2J4VKP\">Schattenstaub 2<\/a><br \/>\n<a href=\"https:\/\/www.audible.de\/pd\/Der-Turm-der-Lichter-Hoerbuch\/3837154475?ref=a_library_t_c5_libItem_&amp;pf_rd_p=5a58e3a9-ade2-4fed-b6e2-d91a60ca8ff4&amp;pf_rd_r=Z7NBPD28G0JB1K5669HA\">B.Sanderson, Sturmlichtchroniken<\/a><\/p>\n<p><strong>Juli 2021<\/strong><br \/>\nBuch: Bannalec, Die Dupin-Romane<br \/>\nH\u00f6rbuch:<br \/>\n<a href=\"https:\/\/www.audible.de\/pd\/Die-Legende-von-Enyador-Hoerbuch\/B07JND15G2?ref=a_library_t_c5_libItem_&amp;pf_rd_p=5a58e3a9-ade2-4fed-b6e2-d91a60ca8ff4&amp;pf_rd_r=SWCGP00YRX1XG7G504EV\">Legende von Enyador<\/a><\/p>\n<p><strong>August 2021<\/strong><br \/>\nBuch: Wiel\u00e4nder, Alles ist Energie<\/p>\n<p>H\u00f6rbuch:<br \/>\n<a href=\"https:\/\/www.audible.de\/pd\/Das-Fluestern-der-Bienen-Hoerbuch\/3844926941?ref=a_library_t_c5_libItem_&amp;pf_rd_p=5a58e3a9-ade2-4fed-b6e2-d91a60ca8ff4&amp;pf_rd_r=785MJHC55B79X9EXFWRY\">Segovia, Das Fl\u00fcstern der Bienen<\/a><br \/>\n<a href=\"https:\/\/www.audible.de\/pd\/Die-Elfen-Hoerbuch\/B079Z5JXT7?ref=a_typ_c1_lProduct_0_1&amp;pf_rd_p=76076c2e-d071-4201-a2d0-371a701aeada&amp;pf_rd_r=XMKDJZAW76PC97SKRDCP\">Hennen, Die Elfen<\/a><\/p>\n<p><strong>September 2021<\/strong><br \/>\nH\u00f6rbuch:<br \/>\n<a href=\"https:\/\/www.audible.de\/pd\/Das-Reich-der-Graslaender-1-Hoerbuch\/3844527575?qid=1632031568&amp;sr=1-1&amp;ref=a_search_c3_lProduct_1_1&amp;pf_rd_p=e54013e2-074a-460e-861f-7feac676b789&amp;pf_rd_r=TAMEGCNTCB9W02KWD74C\">Tad Williams, Im Reich der Grasl\u00e4nder<\/a><br \/>\nBuch:<br \/>\n 1 TMB, Tour den Mont Blanc<br \/>\n2 <a href=\"https:\/\/smile.amazon.de\/unglaubliche-Reise-Fakirs-Ikea-Schrank-feststeckte-ebook\/dp\/B00IX9QBK8\/ref=sr_1_3?__mk_de_DE=%C3%85M%C3%85%C5%BD%C3%95%C3%91&amp;crid=3BWMVZDDQG47I&amp;dchild=1&amp;keywords=puertolas&amp;qid=1632818515&amp;qsid=260-3215404-8405138&amp;sprefix=puertolas%2Caps%2C175&amp;sr=8-3&amp;sres=2808011857%2C280626569X%2CB00IX9QBK8%2CB00TKQQCRK%2CB00A30XVIK%2C3455600492%2C0099599791%2C2808009461%2C2382010037%2C8466333738%2CB07F6Y4PTL%2CB004XUK5LW%2CB07NMGM8LX%2CB099MVWRQC%2CB093GDL7TM%2CB084SZF3SH%2CB00H2DNMNA%2CB07MM6KWKL%2CB00H2DNJX8%2CB08FBGZDSC\">Die unglaubliche Reise eines Fakirs<\/a><\/p>\n<p>&nbsp;<\/p>\n<p><strong>Oktober 2021<\/strong><br \/>\nBuch: Tilman\/Spreckelsen, Nordseespuk<\/p>\n","protected":false},"excerpt":{"rendered":"<p>Das Gegenst\u00fcck (die Erg\u00e4nzung?) zu den &#8222;Abenteuern drau\u00dfen&#8220; auf dem MTB oder zu Fu\u00df sind die &#8222;Abenteuer drinnen&#8220;, die B\u00fccher und die H\u00f6rb\u00fccher &#8211; sie sind &#8222;Futter&#8220; f\u00fcr Geist und Seele&#8230; November 2023 Buch: Sebauer, Nincshof H\u00f6rbuch: Hennen, Elfenritter Oktober 2023 Buch: Neal Stephenson, D.O,D.O. H\u00f6rbuch: Dan Simmons, Hyperion und Endymion (8 B\u00e4nde) September 2023 &hellip; <\/p>\n<p class=\"link-more\"><a href=\"https:\/\/nmbiking.de\/wp\/?page_id=62362\" class=\"more-link\"><span class=\"screen-reader-text\">\u201eLese- und H\u00f6rfutter\u201c <\/span>weiterlesen<\/a><\/p>\n","protected":false},"author":65,"featured_media":0,"parent":0,"menu_order":0,"comment_status":"closed","ping_status":"closed","template":"","meta":{"footnotes":""},"class_list":["post-62362","page","type-page","status-publish","hentry"],"_links":{"self":[{"href":"https:\/\/nmbiking.de\/wp\/index.php?rest_route=\/wp\/v2\/pages\/62362","targetHints":{"allow":["GET"]}}],"collection":[{"href":"https:\/\/nmbiking.de\/wp\/index.php?rest_route=\/wp\/v2\/pages"}],"about":[{"href":"https:\/\/nmbiking.de\/wp\/index.php?rest_route=\/wp\/v2\/types\/page"}],"author":[{"embeddable":true,"href":"https:\/\/nmbiking.de\/wp\/index.php?rest_route=\/wp\/v2\/users\/65"}],"replies":[{"embeddable":true,"href":"https:\/\/nmbiking.de\/wp\/index.php?rest_route=%2Fwp%2Fv2%2Fcomments&post=62362"}],"version-history":[{"count":144,"href":"https:\/\/nmbiking.de\/wp\/index.php?rest_route=\/wp\/v2\/pages\/62362\/revisions"}],"predecessor-version":[{"id":87553,"href":"https:\/\/nmbiking.de\/wp\/index.php?rest_route=\/wp\/v2\/pages\/62362\/revisions\/87553"}],"wp:attachment":[{"href":"https:\/\/nmbiking.de\/wp\/index.php?rest_route=%2Fwp%2Fv2%2Fmedia&parent=62362"}],"curies":[{"name":"wp","href":"https:\/\/api.w.org\/{rel}","templated":true}]}}