{"id":6220,"date":"2010-02-12T11:26:04","date_gmt":"2010-02-12T10:26:04","guid":{"rendered":"https:\/\/nmbiking.de\/wp\/?page_id=6220"},"modified":"2020-01-23T13:52:15","modified_gmt":"2020-01-23T12:52:15","slug":"tagebucher-2001-2006","status":"publish","type":"page","link":"https:\/\/nmbiking.de\/wp\/?page_id=6220","title":{"rendered":"Tageb\u00fccher 2001-2006"},"content":{"rendered":"<p>Zu Beginn des neuen Jahrtausends entstand das Projekt &#8222;Mountainbiketagebuch&#8220;. Anfangs eher als private Ged\u00e4chtnisst\u00fctze gedacht ob der vielen Aktivit\u00e4ten, fanden sich bald interessierte LeserInnen. Um das Tagebuch herum, immer noch der Kern der Website, haben sich nach und nach weitere Themen gruppiert, alle mit mehr oder auch weniger Bezug zum Radfahren.<\/p>\n<p><em><strong>Im Tagebuch eines Mountainbikers k&ouml;nnt ihr seit Januar 2001 nachlesen oder -fahren, was einem Mountainbiker so alles unter den Kopf geht und durch die R&auml;der kommt.<\/strong><\/em><\/p>\n<p>Die Webseiten dieser sechs Jahre sind per Hand und HTML selbst zusammengebaut worden, CMS (Content Management System) in Form von WordPress war damals noch nicht verf\u00fcgbar&#8230;<br \/>\nDie Links, die ihr vielleicht auf diesen &#8222;alten&#8220; Seiten findet, sind nat\u00fcrlich nicht mehr aktuell und f\u00fchren oft ins Nichts&#8230;<\/p>\n<hr \/>\n<table>\n<tr>\n<td width=100>\n<b>2001<\/b> <br \/>\n<a href=\"..\/oldsite\/januar2001.htm\">Januar<\/a><br \/>\n<a href=\"..\/oldsite\/februar2001.htm\">Februar<\/a><br \/>\n<a href=\"..\/oldsite\/maerz2001.htm\">M&auml;rz<\/a><br \/>\n<a href=\"..\/oldsite\/april2001.htm\">April<\/a><br \/>\n<a href=\"..\/oldsite\/mai2001.htm\">Mai<\/a><br \/>\n<a href=\"..\/oldsite\/juni2001.htm\">Juni<\/a><br \/>\n<a href=\"..\/oldsite\/juli2001.htm\">Juli<\/a><br \/>\n<a href=\"..\/oldsite\/august2001.htm\">August<\/a><br \/>\n<a href=\"..\/oldsite\/september2001.htm\">September<\/a><br \/>\n<a href=\"..\/oldsite\/oktober2001.htm\">Oktober<\/a><br \/>\n<a href=\"..\/oldsite\/november2001.htm\">November<\/a><br \/>\n<a href=\"..\/oldsite\/dezember2001.htm\">Dezember<\/a><\/p>\n<\/td>\n<td width=100>\n<b>2002<\/b><br \/>\n<a href=\"..\/oldsite\/januar2002.htm\">Januar<\/a><br \/>\n<a href=\"..\/oldsite\/februar2002.htm\">Februar<\/a><br \/>\n<a href=\"..\/oldsite\/maerz2002.htm\">M&auml;rz<\/a><br \/>\n<a href=\"..\/oldsite\/april2002.htm\">April<\/a><br \/>\n<a href=\"..\/oldsite\/mai2002.htm\">Mai<\/a><br \/>\n<a href=\"..\/oldsite\/juni2002.htm\">Juni<\/a><br \/>\n<a href=\"..\/oldsite\/juli2002.htm\">Juli<\/a><br \/>\n<a href=\"..\/oldsite\/august2002.htm\">August<\/a><br \/>\n<a href=\"..\/oldsite\/september2002.htm\">September<\/a><br \/>\n<a href=\"..\/oldsite\/oktober2002.htm\">Oktober<\/a><br \/>\n<a href=\"..\/oldsite\/november2002.htm\">November<\/a><br \/>\n<a href=\"..\/oldsite\/dezember2002.htm\">Dezember<\/a><\/p>\n<\/td>\n<td width=100>\n<b>2003<\/b><br \/>\n<a href=\"..\/oldsite\/januar2003.htm\">Januar<\/a><br \/>\n<a href=\"..\/oldsite\/februar2003.htm\">Februar<\/a><br \/>\n<a href=\"..\/oldsite\/maerz2003.htm\">M&auml;rz<\/a><br \/>\n<a href=\"..\/oldsite\/april2003.htm\">April<\/a><br \/>\n<a href=\"..\/oldsite\/mai2003.htm\">Mai<\/a><br \/>\n<a href=\"..\/oldsite\/juni2003.htm\">Juni<\/a><br \/>\n<a href=\"..\/oldsite\/juli2003.htm\">Juli<\/a><br \/>\n<a href=\"..\/oldsite\/august2003.htm\">August<\/a><br \/>\n<a href=\"..\/oldsite\/september2003.htm\">September<\/a><br \/>\n<a href=\"..\/oldsite\/oktober2003.htm\">Oktober<\/a><br \/>\n<a href=\"..\/oldsite\/november2003.htm\">November<\/a><br \/>\n<a href=\"..\/oldsite\/dezember2003.htm\">Dezember<\/a><\/p>\n<\/td>\n<td width=100>\n<b>2004<\/b><br \/>\n<a href=\"..\/oldsite\/januar2004.htm\">Januar<\/a><br \/>\n<a href=\"..\/oldsite\/februar2004.htm\">Februar<\/a><br \/>\n<a href=\"..\/oldsite\/maerz2004.htm\">M&auml;rz<\/a><br \/>\n<a href=\"..\/oldsite\/april2004.htm\">April<\/a><br \/>\n<a href=\"..\/oldsite\/mai2004.htm\">Mai<\/a><br \/>\n<a href=\"..\/oldsite\/juni2004.htm\">Juni<\/a><br \/>\n<a href=\"..\/oldsite\/juli2004.htm\">Juli<\/a><br \/>\n<a href=\"..\/oldsite\/august2004.htm\">August<\/a><br \/>\n<a href=\"..\/oldsite\/september2004.htm\">September<\/a><br \/>\n<a href=\"..\/oldsite\/oktober2004.htm\">Oktober<\/a><br \/>\n<a href=\"..\/oldsite\/november2004.htm\">November<\/a><br \/>\n<a href=\"..\/oldsite\/dezember2004.htm\">Dezember<\/a><\/p>\n<\/td>\n<td width=100>\n<b>2005<\/b> <br \/>\n<a href=\"..\/oldsite\/januar2005.htm\">Januar<\/a><br \/>\n<a href=\"..\/oldsite\/februar2005.htm\">Februar<\/a><br \/>\n<a href=\"..\/oldsite\/maerz2005.htm\">M\u00e4rz<\/a><br \/>\n<a href=\"..\/oldsite\/april2005.htm\">April<\/a><br \/>\n<a href=\"..\/oldsite\/mai2005.htm\">Mai<\/a><br \/>\n<a href=\"..\/oldsite\/juni2005.htm\">Juni<\/a><br \/>\n<a href=\"..\/oldsite\/juli2005.htm\">Juli<\/a><br \/>\n<a href=\"..\/oldsite\/august2005.htm\">August<\/a><br \/>\n<a href=\"..\/oldsite\/september2005.htm\">September<\/a><br \/>\n<a href=\"..\/oldsite\/oktober2005.htm\">Oktober<\/a><br \/>\n<a href=\"..\/oldsite\/november2005.htm\">November<\/a><br \/>\n<a href=\"..\/oldsite\/dezember2005.htm\">Dezember<\/a><\/p>\n<\/td>\n<td width=100>\n<b>2006<\/b> <br \/>\n<a href=\"..\/oldsite\/januar2006.htm\">Januar<\/a><br \/>\n<a href=\"..\/oldsite\/februar2006.htm\">Februar<\/a><br \/>\n<a href=\"..\/oldsite\/maerz2006.htm\">M\u00e4rz<\/a><br \/>\n<a href=\"..\/oldsite\/april2006.htm\">April<\/a><br \/>\n<a href=\"..\/oldsite\/mai2006.htm\">Mai<\/a><br \/>\n<a href=\"..\/oldsite\/juni2006.htm\">Juni<\/a><br \/>\n<a href=\"..\/oldsite\/juli2006.htm\">Juli<\/a><br \/>\n<a href=\"..\/oldsite\/august2006.htm\">August<\/a><br \/>\n<a href=\"..\/oldsite\/september2006.htm\">September<\/a><br \/>\n<a href=\"..\/oldsite\/oktober2006.htm\">Oktober<\/a><br \/>\n<a href=\"..\/oldsite\/november2006.htm\">November<\/a><br \/>\n<a href=\"..\/oldsite\/dezember2006.htm\">Dezember<\/a><\/p>\n<\/td>\n<\/tr>\n<\/table>\n","protected":false},"excerpt":{"rendered":"<p>Zu Beginn des neuen Jahrtausends entstand das Projekt &#8222;Mountainbiketagebuch&#8220;. Anfangs eher als private Ged\u00e4chtnisst\u00fctze gedacht ob der vielen Aktivit\u00e4ten, fanden sich bald interessierte LeserInnen. Um das Tagebuch herum, immer noch der Kern der Website, haben sich nach und nach weitere Themen gruppiert, alle mit mehr oder auch weniger Bezug zum Radfahren. Im Tagebuch eines Mountainbikers &hellip; <\/p>\n<p class=\"link-more\"><a href=\"https:\/\/nmbiking.de\/wp\/?page_id=6220\" class=\"more-link\"><span class=\"screen-reader-text\">\u201eTageb\u00fccher 2001-2006\u201c <\/span>weiterlesen<\/a><\/p>\n","protected":false},"author":65,"featured_media":0,"parent":0,"menu_order":0,"comment_status":"open","ping_status":"closed","template":"","meta":{"footnotes":""},"class_list":["post-6220","page","type-page","status-publish","hentry"],"_links":{"self":[{"href":"https:\/\/nmbiking.de\/wp\/index.php?rest_route=\/wp\/v2\/pages\/6220","targetHints":{"allow":["GET"]}}],"collection":[{"href":"https:\/\/nmbiking.de\/wp\/index.php?rest_route=\/wp\/v2\/pages"}],"about":[{"href":"https:\/\/nmbiking.de\/wp\/index.php?rest_route=\/wp\/v2\/types\/page"}],"author":[{"embeddable":true,"href":"https:\/\/nmbiking.de\/wp\/index.php?rest_route=\/wp\/v2\/users\/65"}],"replies":[{"embeddable":true,"href":"https:\/\/nmbiking.de\/wp\/index.php?rest_route=%2Fwp%2Fv2%2Fcomments&post=6220"}],"version-history":[{"count":10,"href":"https:\/\/nmbiking.de\/wp\/index.php?rest_route=\/wp\/v2\/pages\/6220\/revisions"}],"predecessor-version":[{"id":61635,"href":"https:\/\/nmbiking.de\/wp\/index.php?rest_route=\/wp\/v2\/pages\/6220\/revisions\/61635"}],"wp:attachment":[{"href":"https:\/\/nmbiking.de\/wp\/index.php?rest_route=%2Fwp%2Fv2%2Fmedia&parent=6220"}],"curies":[{"name":"wp","href":"https:\/\/api.w.org\/{rel}","templated":true}]}}