{"id":59929,"date":"2019-10-14T11:31:59","date_gmt":"2019-10-14T10:31:59","guid":{"rendered":"https:\/\/nmbiking.de\/wp\/?page_id=59929"},"modified":"2019-10-14T11:31:59","modified_gmt":"2019-10-14T10:31:59","slug":"pilze-suchen-per-mtb","status":"publish","type":"page","link":"https:\/\/nmbiking.de\/wp\/?page_id=59929","title":{"rendered":"Pilze suchen per MTB"},"content":{"rendered":"<p>Noch eine Variante von &#8222;Mountainbiken ist mehr&#8220;: Mountainbiken und Pilze sammeln. Eigentlich eine ganz sinnvolle Kombination. Dadurch, dass man zu jeder Jahreszeit unterwegs ist, dadurch, dass man nicht nur f\u00e4hrt, sondern auch schaut und die Natur beobachtet, sp\u00fcrt und sieht man, wenn die (Pilz)Zeit reif ist, kennt die Stellen, wo Pilze im Wald und auf Wiesen wachsen. Wer dann beim Pilzesuchen das MTB dabei hat, kommt auch schnell und bequem von einem Pilzplatz zum anderen, Trailvergn\u00fcgen inklusive..<!--more--><\/p>\n<p>Es macht riesig Spa\u00df, die essbaren Teile zu finden &#8211; und dabei durch die Gegend zu streifen. Viele finden wir in der N\u00e4he des Geisweiler Weihers. Schon das Durchstreifen des naturbelassenen Sumpfgel\u00e4ndes ist spannend und interessant. Meist m\u00fcssen wir nat\u00fcrlich die R\u00e4der schieben, aber f\u00fcr den Hin- und R\u00fcckweg sind sie einfach praktisch.<br \/>\nWas finden wir: Schirmpilze, Bovist, Hallimasch und die ber\u00fchmten Steinpilze. Die Namen der anderen Sorten habe ich schon wieder vergessen :-( Na ja, morgen wollen wir nochmal los.<br \/>\nZuhause begutachten wir die &#8222;Beute&#8220; nochmal. Schlagen den ein und anderen Pilz in einem Buch nochmal nach und teilen dann&#8230;<br \/>\nInzwischen haben wir sie auch gegessen: Am besten geschmeckt hat uns der panierte Schirmpilz (Parasol), dann kommen geschmacklich die Birkenpilze und der Steinpilz. Geschmacksache nat\u00fcrlich!<\/p>\n<hr \/>\n<div id='gallery-1' class='gallery galleryid-59929 gallery-columns-3 gallery-size-thumbnail'><figure class='gallery-item'>\n\t\t\t<div class='gallery-icon landscape'>\n\t\t\t\t<a href='https:\/\/nmbiking.de\/wp\/?attachment_id=59897'><img loading=\"lazy\" decoding=\"async\" width=\"250\" height=\"250\" src=\"https:\/\/nmbiking.de\/wp\/wp-content\/uploads\/2019\/10\/ok19_228-250x250.jpg\" class=\"attachment-thumbnail size-thumbnail\" alt=\"\" aria-describedby=\"gallery-1-59897\" srcset=\"https:\/\/nmbiking.de\/wp\/wp-content\/uploads\/2019\/10\/ok19_228-250x250.jpg 250w, https:\/\/nmbiking.de\/wp\/wp-content\/uploads\/2019\/10\/ok19_228-100x100.jpg 100w\" sizes=\"auto, 100vw\" \/><\/a>\n\t\t\t<\/div>\n\t\t\t\t<figcaption class='wp-caption-text gallery-caption' id='gallery-1-59897'>\n\t\t\t\tUnterwegs mit Pilzkorb\n\t\t\t\t<\/figcaption><\/figure><figure class='gallery-item'>\n\t\t\t<div class='gallery-icon landscape'>\n\t\t\t\t<a href='https:\/\/nmbiking.de\/wp\/?attachment_id=59898'><img loading=\"lazy\" decoding=\"async\" width=\"250\" height=\"250\" src=\"https:\/\/nmbiking.de\/wp\/wp-content\/uploads\/2019\/10\/ok19_229-250x250.jpg\" class=\"attachment-thumbnail size-thumbnail\" alt=\"\" aria-describedby=\"gallery-1-59898\" srcset=\"https:\/\/nmbiking.de\/wp\/wp-content\/uploads\/2019\/10\/ok19_229-250x250.jpg 250w, https:\/\/nmbiking.de\/wp\/wp-content\/uploads\/2019\/10\/ok19_229-100x100.jpg 100w\" sizes=\"auto, 100vw\" \/><\/a>\n\t\t\t<\/div>\n\t\t\t\t<figcaption class='wp-caption-text gallery-caption' id='gallery-1-59898'>\n\t\t\t\tDer Schirmpilz muss mit!\n\t\t\t\t<\/figcaption><\/figure><figure class='gallery-item'>\n\t\t\t<div class='gallery-icon landscape'>\n\t\t\t\t<a href='https:\/\/nmbiking.de\/wp\/?attachment_id=59899'><img loading=\"lazy\" decoding=\"async\" width=\"250\" height=\"250\" src=\"https:\/\/nmbiking.de\/wp\/wp-content\/uploads\/2019\/10\/ok19_230-250x250.jpg\" class=\"attachment-thumbnail size-thumbnail\" alt=\"\" aria-describedby=\"gallery-1-59899\" srcset=\"https:\/\/nmbiking.de\/wp\/wp-content\/uploads\/2019\/10\/ok19_230-250x250.jpg 250w, https:\/\/nmbiking.de\/wp\/wp-content\/uploads\/2019\/10\/ok19_230-100x100.jpg 100w\" sizes=\"auto, 100vw\" \/><\/a>\n\t\t\t<\/div>\n\t\t\t\t<figcaption class='wp-caption-text gallery-caption' id='gallery-1-59899'>\n\t\t\t\t\u00dcber J\u00e4gerpfade zu den Pilzen\n\t\t\t\t<\/figcaption><\/figure><figure class='gallery-item'>\n\t\t\t<div class='gallery-icon landscape'>\n\t\t\t\t<a href='https:\/\/nmbiking.de\/wp\/?attachment_id=59900'><img loading=\"lazy\" decoding=\"async\" width=\"250\" height=\"250\" src=\"https:\/\/nmbiking.de\/wp\/wp-content\/uploads\/2019\/10\/ok19_231-250x250.jpg\" class=\"attachment-thumbnail size-thumbnail\" alt=\"\" aria-describedby=\"gallery-1-59900\" srcset=\"https:\/\/nmbiking.de\/wp\/wp-content\/uploads\/2019\/10\/ok19_231-250x250.jpg 250w, https:\/\/nmbiking.de\/wp\/wp-content\/uploads\/2019\/10\/ok19_231-100x100.jpg 100w\" sizes=\"auto, 100vw\" \/><\/a>\n\t\t\t<\/div>\n\t\t\t\t<figcaption class='wp-caption-text gallery-caption' id='gallery-1-59900'>\n\t\t\t\tViele Schirmpilz in der Wiese\n\t\t\t\t<\/figcaption><\/figure><figure class='gallery-item'>\n\t\t\t<div class='gallery-icon landscape'>\n\t\t\t\t<a href='https:\/\/nmbiking.de\/wp\/?attachment_id=59901'><img loading=\"lazy\" decoding=\"async\" width=\"250\" height=\"250\" src=\"https:\/\/nmbiking.de\/wp\/wp-content\/uploads\/2019\/10\/ok19_232-250x250.jpg\" class=\"attachment-thumbnail size-thumbnail\" alt=\"\" aria-describedby=\"gallery-1-59901\" srcset=\"https:\/\/nmbiking.de\/wp\/wp-content\/uploads\/2019\/10\/ok19_232-250x250.jpg 250w, https:\/\/nmbiking.de\/wp\/wp-content\/uploads\/2019\/10\/ok19_232-100x100.jpg 100w\" sizes=\"auto, 100vw\" \/><\/a>\n\t\t\t<\/div>\n\t\t\t\t<figcaption class='wp-caption-text gallery-caption' id='gallery-1-59901'>\n\t\t\t\tL\u00fcckner im Herbstlicht\n\t\t\t\t<\/figcaption><\/figure><figure class='gallery-item'>\n\t\t\t<div class='gallery-icon landscape'>\n\t\t\t\t<a href='https:\/\/nmbiking.de\/wp\/?attachment_id=59902'><img loading=\"lazy\" decoding=\"async\" width=\"250\" height=\"250\" src=\"https:\/\/nmbiking.de\/wp\/wp-content\/uploads\/2019\/10\/ok19_233-250x250.jpg\" class=\"attachment-thumbnail size-thumbnail\" alt=\"\" aria-describedby=\"gallery-1-59902\" srcset=\"https:\/\/nmbiking.de\/wp\/wp-content\/uploads\/2019\/10\/ok19_233-250x250.jpg 250w, https:\/\/nmbiking.de\/wp\/wp-content\/uploads\/2019\/10\/ok19_233-100x100.jpg 100w\" sizes=\"auto, 100vw\" \/><\/a>\n\t\t\t<\/div>\n\t\t\t\t<figcaption class='wp-caption-text gallery-caption' id='gallery-1-59902'>\n\t\t\t\tN\u00e4he Geisweiler Weiher\n\t\t\t\t<\/figcaption><\/figure><figure class='gallery-item'>\n\t\t\t<div class='gallery-icon landscape'>\n\t\t\t\t<a href='https:\/\/nmbiking.de\/wp\/?attachment_id=59903'><img loading=\"lazy\" decoding=\"async\" width=\"250\" height=\"250\" src=\"https:\/\/nmbiking.de\/wp\/wp-content\/uploads\/2019\/10\/ok19_234-250x250.jpg\" class=\"attachment-thumbnail size-thumbnail\" alt=\"\" aria-describedby=\"gallery-1-59903\" srcset=\"https:\/\/nmbiking.de\/wp\/wp-content\/uploads\/2019\/10\/ok19_234-250x250.jpg 250w, https:\/\/nmbiking.de\/wp\/wp-content\/uploads\/2019\/10\/ok19_234-100x100.jpg 100w\" sizes=\"auto, 100vw\" \/><\/a>\n\t\t\t<\/div>\n\t\t\t\t<figcaption class='wp-caption-text gallery-caption' id='gallery-1-59903'>\n\t\t\t\tEndlich ein Steinpilz!\n\t\t\t\t<\/figcaption><\/figure><figure class='gallery-item'>\n\t\t\t<div class='gallery-icon landscape'>\n\t\t\t\t<a href='https:\/\/nmbiking.de\/wp\/?attachment_id=59905'><img loading=\"lazy\" decoding=\"async\" width=\"250\" height=\"250\" src=\"https:\/\/nmbiking.de\/wp\/wp-content\/uploads\/2019\/10\/ok19_236-250x250.jpg\" class=\"attachment-thumbnail size-thumbnail\" alt=\"\" aria-describedby=\"gallery-1-59905\" srcset=\"https:\/\/nmbiking.de\/wp\/wp-content\/uploads\/2019\/10\/ok19_236-250x250.jpg 250w, https:\/\/nmbiking.de\/wp\/wp-content\/uploads\/2019\/10\/ok19_236-100x100.jpg 100w\" sizes=\"auto, 100vw\" \/><\/a>\n\t\t\t<\/div>\n\t\t\t\t<figcaption class='wp-caption-text gallery-caption' id='gallery-1-59905'>\n\t\t\t\tSteinpilz von unten\n\t\t\t\t<\/figcaption><\/figure><figure class='gallery-item'>\n\t\t\t<div class='gallery-icon landscape'>\n\t\t\t\t<a href='https:\/\/nmbiking.de\/wp\/?attachment_id=59904'><img loading=\"lazy\" decoding=\"async\" width=\"250\" height=\"250\" src=\"https:\/\/nmbiking.de\/wp\/wp-content\/uploads\/2019\/10\/ok19_235-250x250.jpg\" class=\"attachment-thumbnail size-thumbnail\" alt=\"\" aria-describedby=\"gallery-1-59904\" srcset=\"https:\/\/nmbiking.de\/wp\/wp-content\/uploads\/2019\/10\/ok19_235-250x250.jpg 250w, https:\/\/nmbiking.de\/wp\/wp-content\/uploads\/2019\/10\/ok19_235-100x100.jpg 100w\" sizes=\"auto, 100vw\" \/><\/a>\n\t\t\t<\/div>\n\t\t\t\t<figcaption class='wp-caption-text gallery-caption' id='gallery-1-59904'>\n\t\t\t\tOh, Name vergessen :-(\n\t\t\t\t<\/figcaption><\/figure>\n\t\t<\/div>\n\n","protected":false},"excerpt":{"rendered":"<p>Noch eine Variante von &#8222;Mountainbiken ist mehr&#8220;: Mountainbiken und Pilze sammeln. Eigentlich eine ganz sinnvolle Kombination. Dadurch, dass man zu jeder Jahreszeit unterwegs ist, dadurch, dass man nicht nur f\u00e4hrt, sondern auch schaut und die Natur beobachtet, sp\u00fcrt und sieht man, wenn die (Pilz)Zeit reif ist, kennt die Stellen, wo Pilze im Wald und auf &hellip; <\/p>\n<p class=\"link-more\"><a href=\"https:\/\/nmbiking.de\/wp\/?page_id=59929\" class=\"more-link\"><span class=\"screen-reader-text\">\u201ePilze suchen per MTB\u201c <\/span>weiterlesen<\/a><\/p>\n","protected":false},"author":65,"featured_media":0,"parent":0,"menu_order":0,"comment_status":"closed","ping_status":"closed","template":"","meta":{"footnotes":""},"class_list":["post-59929","page","type-page","status-publish","hentry"],"_links":{"self":[{"href":"https:\/\/nmbiking.de\/wp\/index.php?rest_route=\/wp\/v2\/pages\/59929","targetHints":{"allow":["GET"]}}],"collection":[{"href":"https:\/\/nmbiking.de\/wp\/index.php?rest_route=\/wp\/v2\/pages"}],"about":[{"href":"https:\/\/nmbiking.de\/wp\/index.php?rest_route=\/wp\/v2\/types\/page"}],"author":[{"embeddable":true,"href":"https:\/\/nmbiking.de\/wp\/index.php?rest_route=\/wp\/v2\/users\/65"}],"replies":[{"embeddable":true,"href":"https:\/\/nmbiking.de\/wp\/index.php?rest_route=%2Fwp%2Fv2%2Fcomments&post=59929"}],"version-history":[{"count":1,"href":"https:\/\/nmbiking.de\/wp\/index.php?rest_route=\/wp\/v2\/pages\/59929\/revisions"}],"predecessor-version":[{"id":59930,"href":"https:\/\/nmbiking.de\/wp\/index.php?rest_route=\/wp\/v2\/pages\/59929\/revisions\/59930"}],"wp:attachment":[{"href":"https:\/\/nmbiking.de\/wp\/index.php?rest_route=%2Fwp%2Fv2%2Fmedia&parent=59929"}],"curies":[{"name":"wp","href":"https:\/\/api.w.org\/{rel}","templated":true}]}}