{"id":59222,"date":"2019-09-15T15:15:57","date_gmt":"2019-09-15T14:15:57","guid":{"rendered":"https:\/\/nmbiking.de\/wp\/?page_id=59222"},"modified":"2021-03-06T09:11:33","modified_gmt":"2021-03-06T08:11:33","slug":"kontakt-impressum","status":"publish","type":"page","link":"https:\/\/nmbiking.de\/wp\/?page_id=59222","title":{"rendered":"Kontakt\/Impressum"},"content":{"rendered":"<p>Wenn Du <strong>Kontakt <\/strong>mit uns aufnehmen willst, Fragen zu den Touren hast oder nat\u00fcrlich auch Kritik oder Lob loswerden willst, schreib uns: <strong><em>info \u00e4t nmbiking.de<\/em><\/strong> oder nutze die Kommentarfunktion im Blog!<\/p>\n<p>Nmbiking ist ein <strong>Tage- und Tourenbuch<\/strong>. Fast jeden Tag sind <strong>&#8222;wir&#8220;<\/strong> (oft bin ich das allein  oder zusammen mit meiner Frau Elisabeth oder den Enkelkindern und Kindern, oft mit Freunden und Bekannten) mit dem Rad unterwegs: f\u00fcr kleine Besorgungen oder l\u00e4ngere Touren. Es wird aufgeschrieben und fotografiert, was wir sehen und \/oder erleben. Das Mountainbike ist f\u00fcr uns das ideale Verkehrsmittel, um uns jeden Tag fortzubewegen, die n\u00e4here und weitere Gegend zu erkunden und Leute zu treffen.<br \/>\nSo finden die LeserInnen  (fast) jeden Tag einen Eintrag &#8211; und das seit vielen, vielen Jahren (genau seit Januar 2001)<br \/>\nF\u00fcr uns selber ist nmbiking ein prima Nachschlagewerk und eine Erinnerungshilfe&#8230;<br \/>\nUnd: f\u00fcr uns ist Mountainbiken mehr! Mehr als nur Radfahren. Es ist zu einer <strong>Lebenseinstellung<\/strong> geworden. Soziales Engagement, Umweltbewusstsein und soziale Kontakte sind damit eng verbunden. Mehr auf nmbiking unter <a href=\"https:\/\/nmbiking.de\/wp\/?page_id=70\">Philosophie<\/a>&#8230;<\/p>\n<p>&nbsp;<\/p>\n<p><img decoding=\"async\" src=\"https:\/\/nmbiking.de\/wp\/wp-content\/uploads\/2011\/07\/skye11_52.jpg\" width=1000\/><br \/>\n<font size=1>Die MTB-Familie in Schottland (Jonas war nicht dabei)<\/font><\/p>\n<hr \/>\n<p>Wer ein wenig mehr \u00fcber uns wissen will: Einstellung, Lebensweise usw. kann einiges in einem <strong>EMC-Interview <\/strong> (Ehemalige Rennsportserie in Rheinland-Pfalz) nachlesen!<\/p>\n<ol>\n<em> Sie essen weder Fisch noch Fleisch, b\u00fcgeln aber fast jeden Fahrer in der MHK. Sie unterhalten eine fast t\u00e4glich frische MTBike Homepage, biken aber trotzdem fast t\u00e4glich. Mountainbiken ist bei Ihnen mehr als Radeln im Wald. Von wem ist die Rede? Von der Mountainbikefamilie M., deren beide S\u00f6hne Jonas und Benjamin in der MHK ganz oben mitfahren.<br \/>\nSie sollen das Mountainbiken von der humorvollen Seite betrachten: die <strong>Kolumnen<\/strong>. Geschrieben exklusiv f\u00fcr den Eifel-Mosel-Cup 2004. Als &#8222;Schlammspritzer&#8220;.<br \/>\nUm uns stets zu hinterfragen und die Rennserie noch interessanter zu machen, habe ich NM eine eMail geschrieben. Norbert hat eine eigene Internetseite, die man neben der FAZ, dem SPIEGEL oder der BILD-Zeitung zu seiner t\u00e4glichen Lekt\u00fcre erheben sollte. In einem Mountainbike- Tagebuch erf\u00e4hrt man dort eine Menge \u00fcber das &#8222;Biken im Saarland&#8220;. Mit vielen Fotos wird sein Bikerleben \u00fcber das ganze Jahr begleitet.<br \/>\nOft surfe ich abends oder morgens kurz vorbei, um mal zu lesen, &#8222;wo die Saarl\u00e4nder denn heut schon wieder rumgestrampelt sind&#8220;. Da Norbert auch gern in der Gesellschaft kritische T\u00f6ne anschl\u00e4gt und man auf seiner Internetseite viele Denkanst\u00f6\u00dfe erh\u00e4lt, hab ich ihn gebeten, doch eine Kolumne f\u00fcr unsere EMC Seite zu schreiben.<\/em> (Wolfgang Malk auf www.eifel-mosel-cup.de)<\/ol>\n<p>Unterwegs auf dem Mountainbike sind wir als Familie und als lockere Gruppe oder einzeln auf dem Weg zur Arbeit. Wir fahren fast alle <strong>Kategorien <\/strong>von Mountainbike: Mountainbikerennen mit Lizenz, Hobbyrennen, halbe Marathons (St. Wendel, Daun, Neustadt a.W.) und ganze Marathons (Kirchzarten, Garmisch), CTFs, gem\u00fctliche Familientouren, Hochgebirgstouren..<br \/>\nVon dieser Stelle aus viele <strong>Gr\u00fc\u00dfe <\/strong>an alle BikerInnen, die in der sch\u00f6nen saarl\u00e4ndischen Landschaft unterwegs sind, sei es eingepackt in ihr Vereinstrikot oder als freifahrende K\u00fcnstler&#8230;<br \/>\nNat\u00fcrlich freuen wir uns \u00fcber jede zuf\u00e4llige oder geplante <strong>Begegnung <\/strong>im Wald und im Web &#8230;<\/p>\n<p>&nbsp;<\/p>\n<p><a href=\"https:\/\/nmbiking.de\/wp\/wp-content\/uploads\/2019\/01\/grav18_4.jpg\"><img decoding=\"async\" src=\"https:\/\/nmbiking.de\/wp\/wp-content\/uploads\/2019\/01\/grav18_4.jpg\" alt=\"\" width=\"1000\"  \/><\/a><\/p>\n<p><strong>Impressum<\/strong><br \/>\n<img decoding=\"async\" src=\"https:\/\/nmbiking.de\/wp\/wp-content\/uploads\/2008\/11\/impressum.png\"\/><\/p>\n<p>&nbsp;<\/p>\n<p>Haftungsausschluss<br \/>\nBei direkten oder indirekten Verweisen auf fremde  Webseiten (&#8222;Hyperlinks&#8220;), die au\u00dferhalb des Verantwortungsbereiches des Autors  liegen, w\u00fcrde eine Haftungsverpflichtung ausschlie\u00dflich in dem Fall in Kraft  treten, in dem der Autor von den Inhalten Kenntnis hat und es ihm technisch  m\u00f6glich und zumutbar w\u00e4re, die Nutzung im Falle rechtswidriger Inhalte zu  verhindern. Der Autor erkl\u00e4rt hiermit ausdr\u00fccklich, dass zum Zeitpunkt der  Linksetzung keine illegalen Inhalte auf den zu verlinkenden Seiten erkennbar  waren. Auf die aktuelle und zuk\u00fcnftige Gestaltung, die Inhalte oder die  Urheberschaft der verlinkten\/verkn\u00fcpften Seiten hat der Autor keinerlei  Einfluss. Deshalb distanziert er sich hiermit ausdr\u00fccklich von allen Inhalten  aller verlinkten\/verkn\u00fcpften Seiten, die nach der Linksetzung ver\u00e4ndert wurden.  Diese Feststellung gilt f\u00fcr alle innerhalb des eigenen Internetangebotes  gesetzten Links und Verweise sowie f\u00fcr Fremdeintr\u00e4ge in vom Autor eingerichteten  G\u00e4steb\u00fcchern, Diskussionsforen, Linkverzeichnissen, Mailinglisten und in allen  anderen Formen von Datenbanken, auf deren Inhalt externe Schreibzugriffe m\u00f6glich  sind. F\u00fcr illegale, fehlerhafte oder unvollst\u00e4ndige Inhalte und insbesondere f\u00fcr  Sch\u00e4den, die aus der Nutzung oder Nichtnutzung solcherart dargebotener  Informationen entstehen, haftet allein der Anbieter der Seite, auf welche  verwiesen wurde, nicht derjenige, der \u00fcber Links auf die jeweilige  Ver\u00f6ffentlichung lediglich verweist.<\/p>\n<hr \/>\n<ol>Die <b>Datenschutzerkl\u00e4tung<\/b> gibt es <a href=\"https:\/\/nmbiking.de\/wp\/?page_id=51137\">hier<\/a><\/ol>\n","protected":false},"excerpt":{"rendered":"<p>Wenn Du Kontakt mit uns aufnehmen willst, Fragen zu den Touren hast oder nat\u00fcrlich auch Kritik oder Lob loswerden willst, schreib uns: info \u00e4t nmbiking.de oder nutze die Kommentarfunktion im Blog! Nmbiking ist ein Tage- und Tourenbuch. Fast jeden Tag sind &#8222;wir&#8220; (oft bin ich das allein oder zusammen mit meiner Frau Elisabeth oder den &hellip; <\/p>\n<p class=\"link-more\"><a href=\"https:\/\/nmbiking.de\/wp\/?page_id=59222\" class=\"more-link\"><span class=\"screen-reader-text\">\u201eKontakt\/Impressum\u201c <\/span>weiterlesen<\/a><\/p>\n","protected":false},"author":65,"featured_media":0,"parent":0,"menu_order":0,"comment_status":"closed","ping_status":"closed","template":"","meta":{"footnotes":""},"class_list":["post-59222","page","type-page","status-publish","hentry"],"_links":{"self":[{"href":"https:\/\/nmbiking.de\/wp\/index.php?rest_route=\/wp\/v2\/pages\/59222","targetHints":{"allow":["GET"]}}],"collection":[{"href":"https:\/\/nmbiking.de\/wp\/index.php?rest_route=\/wp\/v2\/pages"}],"about":[{"href":"https:\/\/nmbiking.de\/wp\/index.php?rest_route=\/wp\/v2\/types\/page"}],"author":[{"embeddable":true,"href":"https:\/\/nmbiking.de\/wp\/index.php?rest_route=\/wp\/v2\/users\/65"}],"replies":[{"embeddable":true,"href":"https:\/\/nmbiking.de\/wp\/index.php?rest_route=%2Fwp%2Fv2%2Fcomments&post=59222"}],"version-history":[{"count":9,"href":"https:\/\/nmbiking.de\/wp\/index.php?rest_route=\/wp\/v2\/pages\/59222\/revisions"}],"predecessor-version":[{"id":70312,"href":"https:\/\/nmbiking.de\/wp\/index.php?rest_route=\/wp\/v2\/pages\/59222\/revisions\/70312"}],"wp:attachment":[{"href":"https:\/\/nmbiking.de\/wp\/index.php?rest_route=%2Fwp%2Fv2%2Fmedia&parent=59222"}],"curies":[{"name":"wp","href":"https:\/\/api.w.org\/{rel}","templated":true}]}}