{"id":59167,"date":"2019-09-13T17:22:01","date_gmt":"2019-09-13T16:22:01","guid":{"rendered":"https:\/\/nmbiking.de\/wp\/?page_id=59167"},"modified":"2019-09-15T13:39:29","modified_gmt":"2019-09-15T12:39:29","slug":"bretagne-2019","status":"publish","type":"page","link":"https:\/\/nmbiking.de\/wp\/?page_id=59167","title":{"rendered":"Bretagne 2019"},"content":{"rendered":"<p><a href=\"https:\/\/nmbiking.de\/wp\/?p=58800\">Anreise \u00fcber die Normandie<\/a><\/p>\n<p><a href=\"https:\/\/nmbiking.de\/wp\/?p=58831\">Bilderbuch-Bretagne<\/a><\/p>\n<p><a href=\"https:\/\/nmbiking.de\/wp\/?p=58850\">Viele Felsen<\/a><\/p>\n<p><a href=\"https:\/\/nmbiking.de\/wp\/?p=58921\">Ein Schloss und eine R\u00f6merbr\u00fccke<\/a><\/p>\n<p><a href=\"https:\/\/nmbiking.de\/wp\/?p=58950\">Gischt spritzt<\/a><\/p>\n<p><a href=\"https:\/\/nmbiking.de\/wp\/?p=58978\">Auf dem K\u00fcstenpfad<\/a><\/p>\n<p><a href=\"https:\/\/nmbiking.de\/wp\/?p=59035\">Im Zauberwald von Huelgoat<\/a><\/p>\n<p><a href=\"https:\/\/nmbiking.de\/wp\/?p=59066\">Auf dem Aber-Trail<\/a><\/p>\n<p><a href=\"https:\/\/nmbiking.de\/wp\/?p=59130\">Viel Sand und viel Nebel<\/a><\/p>\n<p><a href=\"https:\/\/nmbiking.de\/wp\/?p=59179\">An der Granitk\u00fcste<\/a><\/p>\n","protected":false},"excerpt":{"rendered":"<p>Anreise \u00fcber die Normandie Bilderbuch-Bretagne Viele Felsen Ein Schloss und eine R\u00f6merbr\u00fccke Gischt spritzt Auf dem K\u00fcstenpfad Im Zauberwald von Huelgoat Auf dem Aber-Trail Viel Sand und viel Nebel An der Granitk\u00fcste<\/p>\n","protected":false},"author":65,"featured_media":0,"parent":0,"menu_order":0,"comment_status":"closed","ping_status":"closed","template":"","meta":{"footnotes":""},"class_list":["post-59167","page","type-page","status-publish","hentry"],"_links":{"self":[{"href":"https:\/\/nmbiking.de\/wp\/index.php?rest_route=\/wp\/v2\/pages\/59167","targetHints":{"allow":["GET"]}}],"collection":[{"href":"https:\/\/nmbiking.de\/wp\/index.php?rest_route=\/wp\/v2\/pages"}],"about":[{"href":"https:\/\/nmbiking.de\/wp\/index.php?rest_route=\/wp\/v2\/types\/page"}],"author":[{"embeddable":true,"href":"https:\/\/nmbiking.de\/wp\/index.php?rest_route=\/wp\/v2\/users\/65"}],"replies":[{"embeddable":true,"href":"https:\/\/nmbiking.de\/wp\/index.php?rest_route=%2Fwp%2Fv2%2Fcomments&post=59167"}],"version-history":[{"count":12,"href":"https:\/\/nmbiking.de\/wp\/index.php?rest_route=\/wp\/v2\/pages\/59167\/revisions"}],"predecessor-version":[{"id":59205,"href":"https:\/\/nmbiking.de\/wp\/index.php?rest_route=\/wp\/v2\/pages\/59167\/revisions\/59205"}],"wp:attachment":[{"href":"https:\/\/nmbiking.de\/wp\/index.php?rest_route=%2Fwp%2Fv2%2Fmedia&parent=59167"}],"curies":[{"name":"wp","href":"https:\/\/api.w.org\/{rel}","templated":true}]}}