{"id":58514,"date":"2019-08-22T16:05:09","date_gmt":"2019-08-22T15:05:09","guid":{"rendered":"https:\/\/nmbiking.de\/wp\/?page_id=58514"},"modified":"2022-11-14T18:37:13","modified_gmt":"2022-11-14T17:37:13","slug":"fotoblog-abends","status":"publish","type":"page","link":"https:\/\/nmbiking.de\/wp\/?page_id=58514","title":{"rendered":"Fotoblog: Abends"},"content":{"rendered":"<div id='gallery-1' class='gallery galleryid-58514 gallery-columns-3 gallery-size-thumbnail'><figure class='gallery-item'>\n\t\t\t<div class='gallery-icon landscape'>\n\t\t\t\t<a href='https:\/\/nmbiking.de\/wp\/wp-content\/uploads\/2019\/08\/dez13_101.jpg'><img loading=\"lazy\" decoding=\"async\" width=\"200\" height=\"117\" src=\"https:\/\/nmbiking.de\/wp\/wp-content\/uploads\/2019\/08\/dez13_101-200x117.jpg\" class=\"attachment-thumbnail size-thumbnail\" alt=\"\" aria-describedby=\"gallery-1-58515\" srcset=\"https:\/\/nmbiking.de\/wp\/wp-content\/uploads\/2019\/08\/dez13_101-200x117.jpg 200w, https:\/\/nmbiking.de\/wp\/wp-content\/uploads\/2019\/08\/dez13_101-300x175.jpg 300w, https:\/\/nmbiking.de\/wp\/wp-content\/uploads\/2019\/08\/dez13_101-768x448.jpg 768w, https:\/\/nmbiking.de\/wp\/wp-content\/uploads\/2019\/08\/dez13_101.jpg 1200w\" sizes=\"auto, 100vw\" \/><\/a>\n\t\t\t<\/div>\n\t\t\t\t<figcaption class='wp-caption-text gallery-caption' id='gallery-1-58515'>\n\t\t\t\tOdilienkapelle\n\t\t\t\t<\/figcaption><\/figure><figure class='gallery-item'>\n\t\t\t<div class='gallery-icon landscape'>\n\t\t\t\t<a href='https:\/\/nmbiking.de\/wp\/wp-content\/uploads\/2019\/08\/nov12_187.jpg'><img loading=\"lazy\" decoding=\"async\" width=\"200\" height=\"114\" src=\"https:\/\/nmbiking.de\/wp\/wp-content\/uploads\/2019\/08\/nov12_187-200x114.jpg\" class=\"attachment-thumbnail size-thumbnail\" alt=\"\" aria-describedby=\"gallery-1-58516\" srcset=\"https:\/\/nmbiking.de\/wp\/wp-content\/uploads\/2019\/08\/nov12_187-200x114.jpg 200w, https:\/\/nmbiking.de\/wp\/wp-content\/uploads\/2019\/08\/nov12_187-300x171.jpg 300w, https:\/\/nmbiking.de\/wp\/wp-content\/uploads\/2019\/08\/nov12_187-768x439.jpg 768w, https:\/\/nmbiking.de\/wp\/wp-content\/uploads\/2019\/08\/nov12_187.jpg 1000w\" sizes=\"auto, 100vw\" \/><\/a>\n\t\t\t<\/div>\n\t\t\t\t<figcaption class='wp-caption-text gallery-caption' id='gallery-1-58516'>\n\t\t\t\tSchmelz-Au\u00dfen\n\t\t\t\t<\/figcaption><\/figure><figure class='gallery-item'>\n\t\t\t<div class='gallery-icon landscape'>\n\t\t\t\t<a href='https:\/\/nmbiking.de\/wp\/wp-content\/uploads\/2019\/08\/nov13_1132.jpg'><img loading=\"lazy\" decoding=\"async\" width=\"200\" height=\"105\" src=\"https:\/\/nmbiking.de\/wp\/wp-content\/uploads\/2019\/08\/nov13_1132-200x105.jpg\" class=\"attachment-thumbnail size-thumbnail\" alt=\"\" aria-describedby=\"gallery-1-58521\" srcset=\"https:\/\/nmbiking.de\/wp\/wp-content\/uploads\/2019\/08\/nov13_1132-200x105.jpg 200w, https:\/\/nmbiking.de\/wp\/wp-content\/uploads\/2019\/08\/nov13_1132-300x158.jpg 300w, https:\/\/nmbiking.de\/wp\/wp-content\/uploads\/2019\/08\/nov13_1132-768x405.jpg 768w, https:\/\/nmbiking.de\/wp\/wp-content\/uploads\/2019\/08\/nov13_1132.jpg 1400w\" sizes=\"auto, 100vw\" \/><\/a>\n\t\t\t<\/div>\n\t\t\t\t<figcaption class='wp-caption-text gallery-caption' id='gallery-1-58521'>\n\t\t\t\tUrwahlener Kapelle\n\t\t\t\t<\/figcaption><\/figure><figure class='gallery-item'>\n\t\t\t<div class='gallery-icon landscape'>\n\t\t\t\t<a href='https:\/\/nmbiking.de\/wp\/wp-content\/uploads\/2019\/08\/nov13_118.jpg'><img loading=\"lazy\" decoding=\"async\" width=\"200\" height=\"121\" src=\"https:\/\/nmbiking.de\/wp\/wp-content\/uploads\/2019\/08\/nov13_118-200x121.jpg\" class=\"attachment-thumbnail size-thumbnail\" alt=\"\" aria-describedby=\"gallery-1-58517\" srcset=\"https:\/\/nmbiking.de\/wp\/wp-content\/uploads\/2019\/08\/nov13_118-200x121.jpg 200w, https:\/\/nmbiking.de\/wp\/wp-content\/uploads\/2019\/08\/nov13_118-300x182.jpg 300w, https:\/\/nmbiking.de\/wp\/wp-content\/uploads\/2019\/08\/nov13_118-768x465.jpg 768w, https:\/\/nmbiking.de\/wp\/wp-content\/uploads\/2019\/08\/nov13_118.jpg 1200w\" sizes=\"auto, 100vw\" \/><\/a>\n\t\t\t<\/div>\n\t\t\t\t<figcaption class='wp-caption-text gallery-caption' id='gallery-1-58517'>\n\t\t\t\tUrwahlener Kapelle\n\t\t\t\t<\/figcaption><\/figure><figure class='gallery-item'>\n\t\t\t<div class='gallery-icon landscape'>\n\t\t\t\t<a href='https:\/\/nmbiking.de\/wp\/wp-content\/uploads\/2019\/08\/nov13_147.jpg'><img loading=\"lazy\" decoding=\"async\" width=\"200\" height=\"123\" src=\"https:\/\/nmbiking.de\/wp\/wp-content\/uploads\/2019\/08\/nov13_147-200x123.jpg\" class=\"attachment-thumbnail size-thumbnail\" alt=\"\" aria-describedby=\"gallery-1-58518\" srcset=\"https:\/\/nmbiking.de\/wp\/wp-content\/uploads\/2019\/08\/nov13_147-200x123.jpg 200w, https:\/\/nmbiking.de\/wp\/wp-content\/uploads\/2019\/08\/nov13_147-300x184.jpg 300w, https:\/\/nmbiking.de\/wp\/wp-content\/uploads\/2019\/08\/nov13_147-768x471.jpg 768w, https:\/\/nmbiking.de\/wp\/wp-content\/uploads\/2019\/08\/nov13_147.jpg 1200w\" sizes=\"auto, 100vw\" \/><\/a>\n\t\t\t<\/div>\n\t\t\t\t<figcaption class='wp-caption-text gallery-caption' id='gallery-1-58518'>\n\t\t\t\tPressspanwerk Losheim\n\t\t\t\t<\/figcaption><\/figure><figure class='gallery-item'>\n\t\t\t<div class='gallery-icon landscape'>\n\t\t\t\t<a href='https:\/\/nmbiking.de\/wp\/wp-content\/uploads\/2019\/08\/nov13_206.jpg'><img loading=\"lazy\" decoding=\"async\" width=\"200\" height=\"118\" src=\"https:\/\/nmbiking.de\/wp\/wp-content\/uploads\/2019\/08\/nov13_206-200x118.jpg\" class=\"attachment-thumbnail size-thumbnail\" alt=\"\" aria-describedby=\"gallery-1-58519\" srcset=\"https:\/\/nmbiking.de\/wp\/wp-content\/uploads\/2019\/08\/nov13_206-200x118.jpg 200w, https:\/\/nmbiking.de\/wp\/wp-content\/uploads\/2019\/08\/nov13_206-300x176.jpg 300w, https:\/\/nmbiking.de\/wp\/wp-content\/uploads\/2019\/08\/nov13_206-768x451.jpg 768w, https:\/\/nmbiking.de\/wp\/wp-content\/uploads\/2019\/08\/nov13_206.jpg 1200w\" sizes=\"auto, 100vw\" \/><\/a>\n\t\t\t<\/div>\n\t\t\t\t<figcaption class='wp-caption-text gallery-caption' id='gallery-1-58519'>\n\t\t\t\tSaarbr\u00fccken\n\t\t\t\t<\/figcaption><\/figure><figure class='gallery-item'>\n\t\t\t<div class='gallery-icon landscape'>\n\t\t\t\t<a href='https:\/\/nmbiking.de\/wp\/wp-content\/uploads\/2019\/08\/nov13_217.jpg'><img loading=\"lazy\" decoding=\"async\" width=\"200\" height=\"100\" src=\"https:\/\/nmbiking.de\/wp\/wp-content\/uploads\/2019\/08\/nov13_217-200x100.jpg\" class=\"attachment-thumbnail size-thumbnail\" alt=\"\" aria-describedby=\"gallery-1-58520\" srcset=\"https:\/\/nmbiking.de\/wp\/wp-content\/uploads\/2019\/08\/nov13_217-200x100.jpg 200w, https:\/\/nmbiking.de\/wp\/wp-content\/uploads\/2019\/08\/nov13_217-300x151.jpg 300w, https:\/\/nmbiking.de\/wp\/wp-content\/uploads\/2019\/08\/nov13_217-768x385.jpg 768w, https:\/\/nmbiking.de\/wp\/wp-content\/uploads\/2019\/08\/nov13_217.jpg 1200w\" sizes=\"auto, 100vw\" \/><\/a>\n\t\t\t<\/div>\n\t\t\t\t<figcaption class='wp-caption-text gallery-caption' id='gallery-1-58520'>\n\t\t\t\tSaarbr\u00fccken\n\t\t\t\t<\/figcaption><\/figure><figure class='gallery-item'>\n\t\t\t<div class='gallery-icon landscape'>\n\t\t\t\t<a href='https:\/\/nmbiking.de\/wp\/wp-content\/uploads\/2019\/08\/ok12_84.jpg'><img loading=\"lazy\" decoding=\"async\" width=\"200\" height=\"155\" src=\"https:\/\/nmbiking.de\/wp\/wp-content\/uploads\/2019\/08\/ok12_84-200x155.jpg\" class=\"attachment-thumbnail size-thumbnail\" alt=\"\" aria-describedby=\"gallery-1-58522\" srcset=\"https:\/\/nmbiking.de\/wp\/wp-content\/uploads\/2019\/08\/ok12_84-200x155.jpg 200w, https:\/\/nmbiking.de\/wp\/wp-content\/uploads\/2019\/08\/ok12_84-300x233.jpg 300w, https:\/\/nmbiking.de\/wp\/wp-content\/uploads\/2019\/08\/ok12_84-768x597.jpg 768w, https:\/\/nmbiking.de\/wp\/wp-content\/uploads\/2019\/08\/ok12_84.jpg 1000w\" sizes=\"auto, 100vw\" \/><\/a>\n\t\t\t<\/div>\n\t\t\t\t<figcaption class='wp-caption-text gallery-caption' id='gallery-1-58522'>\n\t\t\t\tSchmelz\/Michelbach\n\t\t\t\t<\/figcaption><\/figure><figure class='gallery-item'>\n\t\t\t<div class='gallery-icon landscape'>\n\t\t\t\t<a href='https:\/\/nmbiking.de\/wp\/wp-content\/uploads\/2019\/08\/ok16_213.jpg'><img loading=\"lazy\" decoding=\"async\" width=\"200\" height=\"96\" src=\"https:\/\/nmbiking.de\/wp\/wp-content\/uploads\/2019\/08\/ok16_213-200x96.jpg\" class=\"attachment-thumbnail size-thumbnail\" alt=\"\" aria-describedby=\"gallery-1-58523\" srcset=\"https:\/\/nmbiking.de\/wp\/wp-content\/uploads\/2019\/08\/ok16_213-200x96.jpg 200w, https:\/\/nmbiking.de\/wp\/wp-content\/uploads\/2019\/08\/ok16_213-300x143.jpg 300w, https:\/\/nmbiking.de\/wp\/wp-content\/uploads\/2019\/08\/ok16_213-768x367.jpg 768w, https:\/\/nmbiking.de\/wp\/wp-content\/uploads\/2019\/08\/ok16_213.jpg 1700w\" sizes=\"auto, 100vw\" \/><\/a>\n\t\t\t<\/div>\n\t\t\t\t<figcaption class='wp-caption-text gallery-caption' id='gallery-1-58523'>\n\t\t\t\tSaarbr\u00fccken\n\t\t\t\t<\/figcaption><\/figure><figure class='gallery-item'>\n\t\t\t<div class='gallery-icon landscape'>\n\t\t\t\t<a href='https:\/\/nmbiking.de\/wp\/wp-content\/uploads\/2019\/08\/ok16_214.jpg'><img loading=\"lazy\" decoding=\"async\" width=\"200\" height=\"93\" src=\"https:\/\/nmbiking.de\/wp\/wp-content\/uploads\/2019\/08\/ok16_214-200x93.jpg\" class=\"attachment-thumbnail size-thumbnail\" alt=\"\" aria-describedby=\"gallery-1-58524\" srcset=\"https:\/\/nmbiking.de\/wp\/wp-content\/uploads\/2019\/08\/ok16_214-200x93.jpg 200w, https:\/\/nmbiking.de\/wp\/wp-content\/uploads\/2019\/08\/ok16_214-300x140.jpg 300w, https:\/\/nmbiking.de\/wp\/wp-content\/uploads\/2019\/08\/ok16_214-768x358.jpg 768w, https:\/\/nmbiking.de\/wp\/wp-content\/uploads\/2019\/08\/ok16_214.jpg 1500w\" sizes=\"auto, 100vw\" \/><\/a>\n\t\t\t<\/div>\n\t\t\t\t<figcaption class='wp-caption-text gallery-caption' id='gallery-1-58524'>\n\t\t\t\tSaarbr\u00fccken\n\t\t\t\t<\/figcaption><\/figure><figure class='gallery-item'>\n\t\t\t<div class='gallery-icon landscape'>\n\t\t\t\t<a href='https:\/\/nmbiking.de\/wp\/wp-content\/uploads\/2019\/08\/ok16_215.jpg'><img loading=\"lazy\" decoding=\"async\" width=\"200\" height=\"87\" src=\"https:\/\/nmbiking.de\/wp\/wp-content\/uploads\/2019\/08\/ok16_215-200x87.jpg\" class=\"attachment-thumbnail size-thumbnail\" alt=\"\" aria-describedby=\"gallery-1-58525\" srcset=\"https:\/\/nmbiking.de\/wp\/wp-content\/uploads\/2019\/08\/ok16_215-200x87.jpg 200w, https:\/\/nmbiking.de\/wp\/wp-content\/uploads\/2019\/08\/ok16_215-300x130.jpg 300w, https:\/\/nmbiking.de\/wp\/wp-content\/uploads\/2019\/08\/ok16_215-768x333.jpg 768w, https:\/\/nmbiking.de\/wp\/wp-content\/uploads\/2019\/08\/ok16_215.jpg 1700w\" sizes=\"auto, 100vw\" \/><\/a>\n\t\t\t<\/div>\n\t\t\t\t<figcaption class='wp-caption-text gallery-caption' id='gallery-1-58525'>\n\t\t\t\tSaarbr\u00fccken\n\t\t\t\t<\/figcaption><\/figure><figure class='gallery-item'>\n\t\t\t<div class='gallery-icon landscape'>\n\t\t\t\t<a href='https:\/\/nmbiking.de\/wp\/wp-content\/uploads\/2019\/12\/dez19_144.jpg'><img loading=\"lazy\" decoding=\"async\" width=\"250\" height=\"250\" src=\"https:\/\/nmbiking.de\/wp\/wp-content\/uploads\/2019\/12\/dez19_144-250x250.jpg\" class=\"attachment-thumbnail size-thumbnail\" alt=\"\" aria-describedby=\"gallery-1-61158\" srcset=\"https:\/\/nmbiking.de\/wp\/wp-content\/uploads\/2019\/12\/dez19_144-250x250.jpg 250w, https:\/\/nmbiking.de\/wp\/wp-content\/uploads\/2019\/12\/dez19_144-100x100.jpg 100w\" sizes=\"auto, 100vw\" \/><\/a>\n\t\t\t<\/div>\n\t\t\t\t<figcaption class='wp-caption-text gallery-caption' id='gallery-1-61158'>\n\t\t\t\tSchmelz\/Michelbach\n\t\t\t\t<\/figcaption><\/figure>\n\t\t<\/div>\n\n<div id='gallery-2' class='gallery galleryid-58514 gallery-columns-3 gallery-size-thumbnail'><figure class='gallery-item'>\n\t\t\t<div class='gallery-icon landscape'>\n\t\t\t\t<a href='https:\/\/nmbiking.de\/wp\/wp-content\/uploads\/2022\/11\/bret22_206-3.jpg'><img loading=\"lazy\" decoding=\"async\" width=\"250\" height=\"250\" src=\"https:\/\/nmbiking.de\/wp\/wp-content\/uploads\/2022\/11\/bret22_206-3-250x250.jpg\" class=\"attachment-thumbnail size-thumbnail\" alt=\"\" srcset=\"https:\/\/nmbiking.de\/wp\/wp-content\/uploads\/2022\/11\/bret22_206-3-250x250.jpg 250w, https:\/\/nmbiking.de\/wp\/wp-content\/uploads\/2022\/11\/bret22_206-3-100x100.jpg 100w\" sizes=\"auto, 100vw\" \/><\/a>\n\t\t\t<\/div><\/figure><figure class='gallery-item'>\n\t\t\t<div class='gallery-icon landscape'>\n\t\t\t\t<a href='https:\/\/nmbiking.de\/wp\/wp-content\/uploads\/2022\/11\/bret22_207-1.jpg'><img loading=\"lazy\" decoding=\"async\" width=\"250\" height=\"250\" src=\"https:\/\/nmbiking.de\/wp\/wp-content\/uploads\/2022\/11\/bret22_207-1-250x250.jpg\" class=\"attachment-thumbnail size-thumbnail\" alt=\"\" srcset=\"https:\/\/nmbiking.de\/wp\/wp-content\/uploads\/2022\/11\/bret22_207-1-250x250.jpg 250w, https:\/\/nmbiking.de\/wp\/wp-content\/uploads\/2022\/11\/bret22_207-1-100x100.jpg 100w\" sizes=\"auto, 100vw\" \/><\/a>\n\t\t\t<\/div><\/figure><figure class='gallery-item'>\n\t\t\t<div class='gallery-icon landscape'>\n\t\t\t\t<a href='https:\/\/nmbiking.de\/wp\/wp-content\/uploads\/2022\/11\/bret22_210-1.jpg'><img loading=\"lazy\" decoding=\"async\" width=\"250\" height=\"250\" src=\"https:\/\/nmbiking.de\/wp\/wp-content\/uploads\/2022\/11\/bret22_210-1-250x250.jpg\" class=\"attachment-thumbnail size-thumbnail\" alt=\"\" srcset=\"https:\/\/nmbiking.de\/wp\/wp-content\/uploads\/2022\/11\/bret22_210-1-250x250.jpg 250w, https:\/\/nmbiking.de\/wp\/wp-content\/uploads\/2022\/11\/bret22_210-1-100x100.jpg 100w\" sizes=\"auto, 100vw\" \/><\/a>\n\t\t\t<\/div><\/figure>\n\t\t<\/div>\n\n<p><a href=\"https:\/\/nmbiking.de\/wp\/?page_id=58011\">zur\u00fcck zur <strong>\u00dcbersicht<\/strong><\/a><br \/>\n<a href=\"https:\/\/https:\/\/nmbiking.de\/wp\/\">zur\u00fcck zur <strong>Mountainbiken ist mehr<\/strong><\/a><\/p>\n","protected":false},"excerpt":{"rendered":"<p>zur\u00fcck zur \u00dcbersicht zur\u00fcck zur Mountainbiken ist mehr<\/p>\n","protected":false},"author":65,"featured_media":0,"parent":0,"menu_order":0,"comment_status":"closed","ping_status":"closed","template":"","meta":{"footnotes":""},"class_list":["post-58514","page","type-page","status-publish","hentry"],"_links":{"self":[{"href":"https:\/\/nmbiking.de\/wp\/index.php?rest_route=\/wp\/v2\/pages\/58514","targetHints":{"allow":["GET"]}}],"collection":[{"href":"https:\/\/nmbiking.de\/wp\/index.php?rest_route=\/wp\/v2\/pages"}],"about":[{"href":"https:\/\/nmbiking.de\/wp\/index.php?rest_route=\/wp\/v2\/types\/page"}],"author":[{"embeddable":true,"href":"https:\/\/nmbiking.de\/wp\/index.php?rest_route=\/wp\/v2\/users\/65"}],"replies":[{"embeddable":true,"href":"https:\/\/nmbiking.de\/wp\/index.php?rest_route=%2Fwp%2Fv2%2Fcomments&post=58514"}],"version-history":[{"count":6,"href":"https:\/\/nmbiking.de\/wp\/index.php?rest_route=\/wp\/v2\/pages\/58514\/revisions"}],"predecessor-version":[{"id":81006,"href":"https:\/\/nmbiking.de\/wp\/index.php?rest_route=\/wp\/v2\/pages\/58514\/revisions\/81006"}],"wp:attachment":[{"href":"https:\/\/nmbiking.de\/wp\/index.php?rest_route=%2Fwp%2Fv2%2Fmedia&parent=58514"}],"curies":[{"name":"wp","href":"https:\/\/api.w.org\/{rel}","templated":true}]}}