{"id":58485,"date":"2019-08-22T16:03:25","date_gmt":"2019-08-22T15:03:25","guid":{"rendered":"https:\/\/nmbiking.de\/wp\/?page_id=58485"},"modified":"2020-02-02T07:56:27","modified_gmt":"2020-02-02T06:56:27","slug":"fotoblog-baeume","status":"publish","type":"page","link":"https:\/\/nmbiking.de\/wp\/?page_id=58485","title":{"rendered":"Fotoblog: B\u00e4ume"},"content":{"rendered":"<div id='gallery-1' class='gallery galleryid-58485 gallery-columns-3 gallery-size-thumbnail'><figure class='gallery-item'>\n\t\t\t<div class='gallery-icon landscape'>\n\t\t\t\t<a href='https:\/\/nmbiking.de\/wp\/wp-content\/uploads\/2020\/01\/jan20_46-1.jpg'><img loading=\"lazy\" decoding=\"async\" width=\"250\" height=\"250\" src=\"https:\/\/nmbiking.de\/wp\/wp-content\/uploads\/2020\/01\/jan20_46-1-250x250.jpg\" class=\"attachment-thumbnail size-thumbnail\" alt=\"\" srcset=\"https:\/\/nmbiking.de\/wp\/wp-content\/uploads\/2020\/01\/jan20_46-1-250x250.jpg 250w, https:\/\/nmbiking.de\/wp\/wp-content\/uploads\/2020\/01\/jan20_46-1-100x100.jpg 100w\" sizes=\"auto, 100vw\" \/><\/a>\n\t\t\t<\/div><\/figure><figure class='gallery-item'>\n\t\t\t<div class='gallery-icon landscape'>\n\t\t\t\t<a href='https:\/\/nmbiking.de\/wp\/wp-content\/uploads\/2020\/01\/jan20_49-1.jpg'><img loading=\"lazy\" decoding=\"async\" width=\"250\" height=\"250\" src=\"https:\/\/nmbiking.de\/wp\/wp-content\/uploads\/2020\/01\/jan20_49-1-250x250.jpg\" class=\"attachment-thumbnail size-thumbnail\" alt=\"\" srcset=\"https:\/\/nmbiking.de\/wp\/wp-content\/uploads\/2020\/01\/jan20_49-1-250x250.jpg 250w, https:\/\/nmbiking.de\/wp\/wp-content\/uploads\/2020\/01\/jan20_49-1-100x100.jpg 100w\" sizes=\"auto, 100vw\" \/><\/a>\n\t\t\t<\/div><\/figure><figure class='gallery-item'>\n\t\t\t<div class='gallery-icon landscape'>\n\t\t\t\t<a href='https:\/\/nmbiking.de\/wp\/wp-content\/uploads\/2020\/01\/jan20_23-1.jpg'><img loading=\"lazy\" decoding=\"async\" width=\"250\" height=\"250\" src=\"https:\/\/nmbiking.de\/wp\/wp-content\/uploads\/2020\/01\/jan20_23-1-250x250.jpg\" class=\"attachment-thumbnail size-thumbnail\" alt=\"\" srcset=\"https:\/\/nmbiking.de\/wp\/wp-content\/uploads\/2020\/01\/jan20_23-1-250x250.jpg 250w, https:\/\/nmbiking.de\/wp\/wp-content\/uploads\/2020\/01\/jan20_23-1-100x100.jpg 100w\" sizes=\"auto, 100vw\" \/><\/a>\n\t\t\t<\/div><\/figure>\n\t\t<\/div>\n<div id='gallery-2' class='gallery galleryid-58485 gallery-columns-3 gallery-size-thumbnail'><figure class='gallery-item'>\n\t\t\t<div class='gallery-icon landscape'>\n\t\t\t\t<a href='https:\/\/nmbiking.de\/wp\/wp-content\/uploads\/2019\/08\/april14_9.jpg'><img loading=\"lazy\" decoding=\"async\" width=\"200\" height=\"68\" src=\"https:\/\/nmbiking.de\/wp\/wp-content\/uploads\/2019\/08\/april14_9-200x68.jpg\" class=\"attachment-thumbnail size-thumbnail\" alt=\"\" srcset=\"https:\/\/nmbiking.de\/wp\/wp-content\/uploads\/2019\/08\/april14_9-200x68.jpg 200w, https:\/\/nmbiking.de\/wp\/wp-content\/uploads\/2019\/08\/april14_9-300x102.jpg 300w, https:\/\/nmbiking.de\/wp\/wp-content\/uploads\/2019\/08\/april14_9-768x260.jpg 768w, https:\/\/nmbiking.de\/wp\/wp-content\/uploads\/2019\/08\/april14_9.jpg 1600w\" sizes=\"auto, 100vw\" \/><\/a>\n\t\t\t<\/div><\/figure><figure class='gallery-item'>\n\t\t\t<div class='gallery-icon landscape'>\n\t\t\t\t<a href='https:\/\/nmbiking.de\/wp\/wp-content\/uploads\/2019\/08\/april14_10.jpg'><img loading=\"lazy\" decoding=\"async\" width=\"200\" height=\"119\" src=\"https:\/\/nmbiking.de\/wp\/wp-content\/uploads\/2019\/08\/april14_10-200x119.jpg\" class=\"attachment-thumbnail size-thumbnail\" alt=\"\" srcset=\"https:\/\/nmbiking.de\/wp\/wp-content\/uploads\/2019\/08\/april14_10-200x119.jpg 200w, https:\/\/nmbiking.de\/wp\/wp-content\/uploads\/2019\/08\/april14_10-300x178.jpg 300w, https:\/\/nmbiking.de\/wp\/wp-content\/uploads\/2019\/08\/april14_10-768x455.jpg 768w, https:\/\/nmbiking.de\/wp\/wp-content\/uploads\/2019\/08\/april14_10.jpg 1200w\" sizes=\"auto, 100vw\" \/><\/a>\n\t\t\t<\/div><\/figure><figure class='gallery-item'>\n\t\t\t<div class='gallery-icon landscape'>\n\t\t\t\t<a href='https:\/\/nmbiking.de\/wp\/wp-content\/uploads\/2019\/08\/april14_27.jpg'><img loading=\"lazy\" decoding=\"async\" width=\"200\" height=\"94\" src=\"https:\/\/nmbiking.de\/wp\/wp-content\/uploads\/2019\/08\/april14_27-200x94.jpg\" class=\"attachment-thumbnail size-thumbnail\" alt=\"\" srcset=\"https:\/\/nmbiking.de\/wp\/wp-content\/uploads\/2019\/08\/april14_27-200x94.jpg 200w, https:\/\/nmbiking.de\/wp\/wp-content\/uploads\/2019\/08\/april14_27-300x142.jpg 300w, https:\/\/nmbiking.de\/wp\/wp-content\/uploads\/2019\/08\/april14_27-768x363.jpg 768w, https:\/\/nmbiking.de\/wp\/wp-content\/uploads\/2019\/08\/april14_27.jpg 1400w\" sizes=\"auto, 100vw\" \/><\/a>\n\t\t\t<\/div><\/figure><figure class='gallery-item'>\n\t\t\t<div class='gallery-icon landscape'>\n\t\t\t\t<a href='https:\/\/nmbiking.de\/wp\/wp-content\/uploads\/2019\/08\/april14_138.jpg'><img loading=\"lazy\" decoding=\"async\" width=\"200\" height=\"94\" src=\"https:\/\/nmbiking.de\/wp\/wp-content\/uploads\/2019\/08\/april14_138-200x94.jpg\" class=\"attachment-thumbnail size-thumbnail\" alt=\"\" srcset=\"https:\/\/nmbiking.de\/wp\/wp-content\/uploads\/2019\/08\/april14_138-200x94.jpg 200w, https:\/\/nmbiking.de\/wp\/wp-content\/uploads\/2019\/08\/april14_138-300x142.jpg 300w, https:\/\/nmbiking.de\/wp\/wp-content\/uploads\/2019\/08\/april14_138-768x363.jpg 768w, https:\/\/nmbiking.de\/wp\/wp-content\/uploads\/2019\/08\/april14_138.jpg 1400w\" sizes=\"auto, 100vw\" \/><\/a>\n\t\t\t<\/div><\/figure><figure class='gallery-item'>\n\t\t\t<div class='gallery-icon landscape'>\n\t\t\t\t<a href='https:\/\/nmbiking.de\/wp\/wp-content\/uploads\/2019\/08\/april14_149.jpg'><img loading=\"lazy\" decoding=\"async\" width=\"200\" height=\"90\" src=\"https:\/\/nmbiking.de\/wp\/wp-content\/uploads\/2019\/08\/april14_149-200x90.jpg\" class=\"attachment-thumbnail size-thumbnail\" alt=\"\" srcset=\"https:\/\/nmbiking.de\/wp\/wp-content\/uploads\/2019\/08\/april14_149-200x90.jpg 200w, https:\/\/nmbiking.de\/wp\/wp-content\/uploads\/2019\/08\/april14_149-300x135.jpg 300w, https:\/\/nmbiking.de\/wp\/wp-content\/uploads\/2019\/08\/april14_149-768x345.jpg 768w, https:\/\/nmbiking.de\/wp\/wp-content\/uploads\/2019\/08\/april14_149.jpg 1400w\" sizes=\"auto, 100vw\" \/><\/a>\n\t\t\t<\/div><\/figure><figure class='gallery-item'>\n\t\t\t<div class='gallery-icon landscape'>\n\t\t\t\t<a href='https:\/\/nmbiking.de\/wp\/wp-content\/uploads\/2019\/08\/aug14_99.jpg'><img loading=\"lazy\" decoding=\"async\" width=\"200\" height=\"121\" src=\"https:\/\/nmbiking.de\/wp\/wp-content\/uploads\/2019\/08\/aug14_99-200x121.jpg\" class=\"attachment-thumbnail size-thumbnail\" alt=\"\" srcset=\"https:\/\/nmbiking.de\/wp\/wp-content\/uploads\/2019\/08\/aug14_99-200x121.jpg 200w, https:\/\/nmbiking.de\/wp\/wp-content\/uploads\/2019\/08\/aug14_99-300x181.jpg 300w, https:\/\/nmbiking.de\/wp\/wp-content\/uploads\/2019\/08\/aug14_99-768x463.jpg 768w, https:\/\/nmbiking.de\/wp\/wp-content\/uploads\/2019\/08\/aug14_99.jpg 1200w\" sizes=\"auto, 100vw\" \/><\/a>\n\t\t\t<\/div><\/figure><figure class='gallery-item'>\n\t\t\t<div class='gallery-icon portrait'>\n\t\t\t\t<a href='https:\/\/nmbiking.de\/wp\/wp-content\/uploads\/2019\/08\/aug14_104.jpg'><img loading=\"lazy\" decoding=\"async\" width=\"162\" height=\"200\" src=\"https:\/\/nmbiking.de\/wp\/wp-content\/uploads\/2019\/08\/aug14_104-162x200.jpg\" class=\"attachment-thumbnail size-thumbnail\" alt=\"\" srcset=\"https:\/\/nmbiking.de\/wp\/wp-content\/uploads\/2019\/08\/aug14_104-162x200.jpg 162w, https:\/\/nmbiking.de\/wp\/wp-content\/uploads\/2019\/08\/aug14_104-243x300.jpg 243w, https:\/\/nmbiking.de\/wp\/wp-content\/uploads\/2019\/08\/aug14_104.jpg 600w\" sizes=\"auto, 100vw\" \/><\/a>\n\t\t\t<\/div><\/figure><figure class='gallery-item'>\n\t\t\t<div class='gallery-icon landscape'>\n\t\t\t\t<a href='https:\/\/nmbiking.de\/wp\/wp-content\/uploads\/2019\/08\/aug14_105.jpg'><img loading=\"lazy\" decoding=\"async\" width=\"200\" height=\"117\" src=\"https:\/\/nmbiking.de\/wp\/wp-content\/uploads\/2019\/08\/aug14_105-200x117.jpg\" class=\"attachment-thumbnail size-thumbnail\" alt=\"\" srcset=\"https:\/\/nmbiking.de\/wp\/wp-content\/uploads\/2019\/08\/aug14_105-200x117.jpg 200w, https:\/\/nmbiking.de\/wp\/wp-content\/uploads\/2019\/08\/aug14_105-300x175.jpg 300w, https:\/\/nmbiking.de\/wp\/wp-content\/uploads\/2019\/08\/aug14_105-768x449.jpg 768w, https:\/\/nmbiking.de\/wp\/wp-content\/uploads\/2019\/08\/aug14_105.jpg 1200w\" sizes=\"auto, 100vw\" \/><\/a>\n\t\t\t<\/div><\/figure><figure class='gallery-item'>\n\t\t\t<div class='gallery-icon landscape'>\n\t\t\t\t<a href='https:\/\/nmbiking.de\/wp\/wp-content\/uploads\/2019\/08\/bregenz18_27.jpg'><img loading=\"lazy\" decoding=\"async\" width=\"200\" height=\"180\" src=\"https:\/\/nmbiking.de\/wp\/wp-content\/uploads\/2019\/08\/bregenz18_27-200x180.jpg\" class=\"attachment-thumbnail size-thumbnail\" alt=\"\" srcset=\"https:\/\/nmbiking.de\/wp\/wp-content\/uploads\/2019\/08\/bregenz18_27-200x180.jpg 200w, https:\/\/nmbiking.de\/wp\/wp-content\/uploads\/2019\/08\/bregenz18_27-300x271.jpg 300w, https:\/\/nmbiking.de\/wp\/wp-content\/uploads\/2019\/08\/bregenz18_27-768x693.jpg 768w, https:\/\/nmbiking.de\/wp\/wp-content\/uploads\/2019\/08\/bregenz18_27.jpg 900w\" sizes=\"auto, 100vw\" \/><\/a>\n\t\t\t<\/div><\/figure><figure class='gallery-item'>\n\t\t\t<div class='gallery-icon landscape'>\n\t\t\t\t<a href='https:\/\/nmbiking.de\/wp\/wp-content\/uploads\/2019\/08\/bregenz18_28.jpg'><img loading=\"lazy\" decoding=\"async\" width=\"200\" height=\"144\" src=\"https:\/\/nmbiking.de\/wp\/wp-content\/uploads\/2019\/08\/bregenz18_28-200x144.jpg\" class=\"attachment-thumbnail size-thumbnail\" alt=\"\" srcset=\"https:\/\/nmbiking.de\/wp\/wp-content\/uploads\/2019\/08\/bregenz18_28-200x144.jpg 200w, https:\/\/nmbiking.de\/wp\/wp-content\/uploads\/2019\/08\/bregenz18_28-300x215.jpg 300w, https:\/\/nmbiking.de\/wp\/wp-content\/uploads\/2019\/08\/bregenz18_28-768x551.jpg 768w, https:\/\/nmbiking.de\/wp\/wp-content\/uploads\/2019\/08\/bregenz18_28.jpg 1200w\" sizes=\"auto, 100vw\" \/><\/a>\n\t\t\t<\/div><\/figure><figure class='gallery-item'>\n\t\t\t<div class='gallery-icon landscape'>\n\t\t\t\t<a href='https:\/\/nmbiking.de\/wp\/wp-content\/uploads\/2019\/08\/bregenz18_30.jpg'><img loading=\"lazy\" decoding=\"async\" width=\"200\" height=\"136\" src=\"https:\/\/nmbiking.de\/wp\/wp-content\/uploads\/2019\/08\/bregenz18_30-200x136.jpg\" class=\"attachment-thumbnail size-thumbnail\" alt=\"\" srcset=\"https:\/\/nmbiking.de\/wp\/wp-content\/uploads\/2019\/08\/bregenz18_30-200x136.jpg 200w, https:\/\/nmbiking.de\/wp\/wp-content\/uploads\/2019\/08\/bregenz18_30-300x204.jpg 300w, https:\/\/nmbiking.de\/wp\/wp-content\/uploads\/2019\/08\/bregenz18_30-768x521.jpg 768w, https:\/\/nmbiking.de\/wp\/wp-content\/uploads\/2019\/08\/bregenz18_30.jpg 1200w\" sizes=\"auto, 100vw\" \/><\/a>\n\t\t\t<\/div><\/figure><figure class='gallery-item'>\n\t\t\t<div class='gallery-icon landscape'>\n\t\t\t\t<a href='https:\/\/nmbiking.de\/wp\/wp-content\/uploads\/2019\/08\/dez12_57.jpg'><img loading=\"lazy\" decoding=\"async\" width=\"200\" height=\"90\" src=\"https:\/\/nmbiking.de\/wp\/wp-content\/uploads\/2019\/08\/dez12_57-200x90.jpg\" class=\"attachment-thumbnail size-thumbnail\" alt=\"\" srcset=\"https:\/\/nmbiking.de\/wp\/wp-content\/uploads\/2019\/08\/dez12_57-200x90.jpg 200w, https:\/\/nmbiking.de\/wp\/wp-content\/uploads\/2019\/08\/dez12_57-300x136.jpg 300w, https:\/\/nmbiking.de\/wp\/wp-content\/uploads\/2019\/08\/dez12_57-768x347.jpg 768w, https:\/\/nmbiking.de\/wp\/wp-content\/uploads\/2019\/08\/dez12_57.jpg 1200w\" sizes=\"auto, 100vw\" \/><\/a>\n\t\t\t<\/div><\/figure><figure class='gallery-item'>\n\t\t\t<div class='gallery-icon portrait'>\n\t\t\t\t<a href='https:\/\/nmbiking.de\/wp\/wp-content\/uploads\/2019\/08\/dez13_38.jpg'><img loading=\"lazy\" decoding=\"async\" width=\"175\" height=\"200\" src=\"https:\/\/nmbiking.de\/wp\/wp-content\/uploads\/2019\/08\/dez13_38-175x200.jpg\" class=\"attachment-thumbnail size-thumbnail\" alt=\"\" srcset=\"https:\/\/nmbiking.de\/wp\/wp-content\/uploads\/2019\/08\/dez13_38-175x200.jpg 175w, https:\/\/nmbiking.de\/wp\/wp-content\/uploads\/2019\/08\/dez13_38-262x300.jpg 262w, https:\/\/nmbiking.de\/wp\/wp-content\/uploads\/2019\/08\/dez13_38.jpg 600w\" sizes=\"auto, 100vw\" \/><\/a>\n\t\t\t<\/div><\/figure><figure class='gallery-item'>\n\t\t\t<div class='gallery-icon landscape'>\n\t\t\t\t<a href='https:\/\/nmbiking.de\/wp\/wp-content\/uploads\/2019\/08\/feb11_5.jpg'><img loading=\"lazy\" decoding=\"async\" width=\"200\" height=\"171\" src=\"https:\/\/nmbiking.de\/wp\/wp-content\/uploads\/2019\/08\/feb11_5-200x171.jpg\" class=\"attachment-thumbnail size-thumbnail\" alt=\"\" srcset=\"https:\/\/nmbiking.de\/wp\/wp-content\/uploads\/2019\/08\/feb11_5-200x171.jpg 200w, https:\/\/nmbiking.de\/wp\/wp-content\/uploads\/2019\/08\/feb11_5-300x257.jpg 300w, https:\/\/nmbiking.de\/wp\/wp-content\/uploads\/2019\/08\/feb11_5-768x658.jpg 768w, https:\/\/nmbiking.de\/wp\/wp-content\/uploads\/2019\/08\/feb11_5.jpg 802w\" sizes=\"auto, 100vw\" \/><\/a>\n\t\t\t<\/div><\/figure><figure class='gallery-item'>\n\t\t\t<div class='gallery-icon landscape'>\n\t\t\t\t<a href='https:\/\/nmbiking.de\/wp\/wp-content\/uploads\/2019\/08\/feb11_6.jpg'><img loading=\"lazy\" decoding=\"async\" width=\"200\" height=\"143\" src=\"https:\/\/nmbiking.de\/wp\/wp-content\/uploads\/2019\/08\/feb11_6-200x143.jpg\" class=\"attachment-thumbnail size-thumbnail\" alt=\"\" srcset=\"https:\/\/nmbiking.de\/wp\/wp-content\/uploads\/2019\/08\/feb11_6-200x143.jpg 200w, https:\/\/nmbiking.de\/wp\/wp-content\/uploads\/2019\/08\/feb11_6-300x214.jpg 300w, https:\/\/nmbiking.de\/wp\/wp-content\/uploads\/2019\/08\/feb11_6-768x548.jpg 768w, https:\/\/nmbiking.de\/wp\/wp-content\/uploads\/2019\/08\/feb11_6.jpg 775w\" sizes=\"auto, 100vw\" \/><\/a>\n\t\t\t<\/div><\/figure><figure class='gallery-item'>\n\t\t\t<div class='gallery-icon landscape'>\n\t\t\t\t<a href='https:\/\/nmbiking.de\/wp\/wp-content\/uploads\/2019\/08\/feb14_30.jpg'><img loading=\"lazy\" decoding=\"async\" width=\"200\" height=\"100\" src=\"https:\/\/nmbiking.de\/wp\/wp-content\/uploads\/2019\/08\/feb14_30-200x100.jpg\" class=\"attachment-thumbnail size-thumbnail\" alt=\"\" srcset=\"https:\/\/nmbiking.de\/wp\/wp-content\/uploads\/2019\/08\/feb14_30-200x100.jpg 200w, https:\/\/nmbiking.de\/wp\/wp-content\/uploads\/2019\/08\/feb14_30-300x150.jpg 300w, https:\/\/nmbiking.de\/wp\/wp-content\/uploads\/2019\/08\/feb14_30-768x383.jpg 768w, https:\/\/nmbiking.de\/wp\/wp-content\/uploads\/2019\/08\/feb14_30.jpg 1200w\" sizes=\"auto, 100vw\" \/><\/a>\n\t\t\t<\/div><\/figure><figure class='gallery-item'>\n\t\t\t<div class='gallery-icon landscape'>\n\t\t\t\t<a href='https:\/\/nmbiking.de\/wp\/wp-content\/uploads\/2019\/08\/feb14_109.jpg'><img loading=\"lazy\" decoding=\"async\" width=\"200\" height=\"101\" src=\"https:\/\/nmbiking.de\/wp\/wp-content\/uploads\/2019\/08\/feb14_109-200x101.jpg\" class=\"attachment-thumbnail size-thumbnail\" alt=\"\" srcset=\"https:\/\/nmbiking.de\/wp\/wp-content\/uploads\/2019\/08\/feb14_109-200x101.jpg 200w, https:\/\/nmbiking.de\/wp\/wp-content\/uploads\/2019\/08\/feb14_109-300x152.jpg 300w, https:\/\/nmbiking.de\/wp\/wp-content\/uploads\/2019\/08\/feb14_109-768x388.jpg 768w, https:\/\/nmbiking.de\/wp\/wp-content\/uploads\/2019\/08\/feb14_109.jpg 1400w\" sizes=\"auto, 100vw\" \/><\/a>\n\t\t\t<\/div><\/figure><figure class='gallery-item'>\n\t\t\t<div class='gallery-icon landscape'>\n\t\t\t\t<a href='https:\/\/nmbiking.de\/wp\/wp-content\/uploads\/2019\/08\/feb14_111.jpg'><img loading=\"lazy\" decoding=\"async\" width=\"200\" height=\"105\" src=\"https:\/\/nmbiking.de\/wp\/wp-content\/uploads\/2019\/08\/feb14_111-200x105.jpg\" class=\"attachment-thumbnail size-thumbnail\" alt=\"\" srcset=\"https:\/\/nmbiking.de\/wp\/wp-content\/uploads\/2019\/08\/feb14_111-200x105.jpg 200w, https:\/\/nmbiking.de\/wp\/wp-content\/uploads\/2019\/08\/feb14_111-300x158.jpg 300w, https:\/\/nmbiking.de\/wp\/wp-content\/uploads\/2019\/08\/feb14_111-768x403.jpg 768w, https:\/\/nmbiking.de\/wp\/wp-content\/uploads\/2019\/08\/feb14_111.jpg 1000w\" sizes=\"auto, 100vw\" \/><\/a>\n\t\t\t<\/div><\/figure><figure class='gallery-item'>\n\t\t\t<div class='gallery-icon landscape'>\n\t\t\t\t<a href='https:\/\/nmbiking.de\/wp\/wp-content\/uploads\/2019\/08\/feb14_113.jpg'><img loading=\"lazy\" decoding=\"async\" width=\"200\" height=\"109\" src=\"https:\/\/nmbiking.de\/wp\/wp-content\/uploads\/2019\/08\/feb14_113-200x109.jpg\" class=\"attachment-thumbnail size-thumbnail\" alt=\"\" srcset=\"https:\/\/nmbiking.de\/wp\/wp-content\/uploads\/2019\/08\/feb14_113-200x109.jpg 200w, https:\/\/nmbiking.de\/wp\/wp-content\/uploads\/2019\/08\/feb14_113-300x163.jpg 300w, https:\/\/nmbiking.de\/wp\/wp-content\/uploads\/2019\/08\/feb14_113-768x417.jpg 768w, https:\/\/nmbiking.de\/wp\/wp-content\/uploads\/2019\/08\/feb14_113.jpg 1400w\" sizes=\"auto, 100vw\" \/><\/a>\n\t\t\t<\/div><\/figure><figure class='gallery-item'>\n\t\t\t<div class='gallery-icon portrait'>\n\t\t\t\t<a href='https:\/\/nmbiking.de\/wp\/wp-content\/uploads\/2019\/08\/nov12_110.jpg'><img loading=\"lazy\" decoding=\"async\" width=\"162\" height=\"200\" src=\"https:\/\/nmbiking.de\/wp\/wp-content\/uploads\/2019\/08\/nov12_110-162x200.jpg\" class=\"attachment-thumbnail size-thumbnail\" alt=\"\" srcset=\"https:\/\/nmbiking.de\/wp\/wp-content\/uploads\/2019\/08\/nov12_110-162x200.jpg 162w, https:\/\/nmbiking.de\/wp\/wp-content\/uploads\/2019\/08\/nov12_110-243x300.jpg 243w, https:\/\/nmbiking.de\/wp\/wp-content\/uploads\/2019\/08\/nov12_110.jpg 600w\" sizes=\"auto, 100vw\" \/><\/a>\n\t\t\t<\/div><\/figure><figure class='gallery-item'>\n\t\t\t<div class='gallery-icon landscape'>\n\t\t\t\t<a href='https:\/\/nmbiking.de\/wp\/wp-content\/uploads\/2019\/08\/nov12_136.jpg'><img loading=\"lazy\" decoding=\"async\" width=\"200\" height=\"106\" src=\"https:\/\/nmbiking.de\/wp\/wp-content\/uploads\/2019\/08\/nov12_136-200x106.jpg\" class=\"attachment-thumbnail size-thumbnail\" alt=\"\" srcset=\"https:\/\/nmbiking.de\/wp\/wp-content\/uploads\/2019\/08\/nov12_136-200x106.jpg 200w, https:\/\/nmbiking.de\/wp\/wp-content\/uploads\/2019\/08\/nov12_136-300x159.jpg 300w, https:\/\/nmbiking.de\/wp\/wp-content\/uploads\/2019\/08\/nov12_136-768x406.jpg 768w, https:\/\/nmbiking.de\/wp\/wp-content\/uploads\/2019\/08\/nov12_136.jpg 1200w\" sizes=\"auto, 100vw\" \/><\/a>\n\t\t\t<\/div><\/figure><figure class='gallery-item'>\n\t\t\t<div class='gallery-icon landscape'>\n\t\t\t\t<a href='https:\/\/nmbiking.de\/wp\/wp-content\/uploads\/2019\/08\/nov12_137.jpg'><img loading=\"lazy\" decoding=\"async\" width=\"200\" height=\"100\" src=\"https:\/\/nmbiking.de\/wp\/wp-content\/uploads\/2019\/08\/nov12_137-200x100.jpg\" class=\"attachment-thumbnail size-thumbnail\" alt=\"\" srcset=\"https:\/\/nmbiking.de\/wp\/wp-content\/uploads\/2019\/08\/nov12_137-200x100.jpg 200w, https:\/\/nmbiking.de\/wp\/wp-content\/uploads\/2019\/08\/nov12_137-300x150.jpg 300w, https:\/\/nmbiking.de\/wp\/wp-content\/uploads\/2019\/08\/nov12_137-768x383.jpg 768w, https:\/\/nmbiking.de\/wp\/wp-content\/uploads\/2019\/08\/nov12_137.jpg 1200w\" sizes=\"auto, 100vw\" \/><\/a>\n\t\t\t<\/div><\/figure><figure class='gallery-item'>\n\t\t\t<div class='gallery-icon landscape'>\n\t\t\t\t<a href='https:\/\/nmbiking.de\/wp\/wp-content\/uploads\/2019\/08\/ok11_108.jpg'><img loading=\"lazy\" decoding=\"async\" width=\"200\" height=\"158\" src=\"https:\/\/nmbiking.de\/wp\/wp-content\/uploads\/2019\/08\/ok11_108-200x158.jpg\" class=\"attachment-thumbnail size-thumbnail\" alt=\"\" srcset=\"https:\/\/nmbiking.de\/wp\/wp-content\/uploads\/2019\/08\/ok11_108-200x158.jpg 200w, https:\/\/nmbiking.de\/wp\/wp-content\/uploads\/2019\/08\/ok11_108-300x237.jpg 300w, https:\/\/nmbiking.de\/wp\/wp-content\/uploads\/2019\/08\/ok11_108-768x608.jpg 768w, https:\/\/nmbiking.de\/wp\/wp-content\/uploads\/2019\/08\/ok11_108.jpg 800w\" sizes=\"auto, 100vw\" \/><\/a>\n\t\t\t<\/div><\/figure><figure class='gallery-item'>\n\t\t\t<div class='gallery-icon landscape'>\n\t\t\t\t<a href='https:\/\/nmbiking.de\/wp\/wp-content\/uploads\/2019\/08\/ok12_171.jpg'><img loading=\"lazy\" decoding=\"async\" width=\"200\" height=\"81\" src=\"https:\/\/nmbiking.de\/wp\/wp-content\/uploads\/2019\/08\/ok12_171-200x81.jpg\" class=\"attachment-thumbnail size-thumbnail\" alt=\"\" srcset=\"https:\/\/nmbiking.de\/wp\/wp-content\/uploads\/2019\/08\/ok12_171-200x81.jpg 200w, https:\/\/nmbiking.de\/wp\/wp-content\/uploads\/2019\/08\/ok12_171-300x121.jpg 300w, https:\/\/nmbiking.de\/wp\/wp-content\/uploads\/2019\/08\/ok12_171-768x310.jpg 768w, https:\/\/nmbiking.de\/wp\/wp-content\/uploads\/2019\/08\/ok12_171.jpg 1400w\" sizes=\"auto, 100vw\" \/><\/a>\n\t\t\t<\/div><\/figure><figure class='gallery-item'>\n\t\t\t<div class='gallery-icon landscape'>\n\t\t\t\t<a href='https:\/\/nmbiking.de\/wp\/wp-content\/uploads\/2019\/08\/sep13_7.jpg'><img loading=\"lazy\" decoding=\"async\" width=\"200\" height=\"113\" src=\"https:\/\/nmbiking.de\/wp\/wp-content\/uploads\/2019\/08\/sep13_7-200x113.jpg\" class=\"attachment-thumbnail size-thumbnail\" alt=\"\" srcset=\"https:\/\/nmbiking.de\/wp\/wp-content\/uploads\/2019\/08\/sep13_7-200x113.jpg 200w, https:\/\/nmbiking.de\/wp\/wp-content\/uploads\/2019\/08\/sep13_7-300x169.jpg 300w, https:\/\/nmbiking.de\/wp\/wp-content\/uploads\/2019\/08\/sep13_7-768x433.jpg 768w, https:\/\/nmbiking.de\/wp\/wp-content\/uploads\/2019\/08\/sep13_7.jpg 1400w\" sizes=\"auto, 100vw\" \/><\/a>\n\t\t\t<\/div><\/figure><figure class='gallery-item'>\n\t\t\t<div class='gallery-icon landscape'>\n\t\t\t\t<a href='https:\/\/nmbiking.de\/wp\/wp-content\/uploads\/2019\/08\/sep13_81.jpg'><img loading=\"lazy\" decoding=\"async\" width=\"200\" height=\"114\" src=\"https:\/\/nmbiking.de\/wp\/wp-content\/uploads\/2019\/08\/sep13_81-200x114.jpg\" class=\"attachment-thumbnail size-thumbnail\" alt=\"\" srcset=\"https:\/\/nmbiking.de\/wp\/wp-content\/uploads\/2019\/08\/sep13_81-200x114.jpg 200w, https:\/\/nmbiking.de\/wp\/wp-content\/uploads\/2019\/08\/sep13_81-300x171.jpg 300w, https:\/\/nmbiking.de\/wp\/wp-content\/uploads\/2019\/08\/sep13_81-768x438.jpg 768w, https:\/\/nmbiking.de\/wp\/wp-content\/uploads\/2019\/08\/sep13_81.jpg 1200w\" sizes=\"auto, 100vw\" \/><\/a>\n\t\t\t<\/div><\/figure><figure class='gallery-item'>\n\t\t\t<div class='gallery-icon portrait'>\n\t\t\t\t<a href='https:\/\/nmbiking.de\/wp\/wp-content\/uploads\/2019\/08\/sep17_123-768x787.jpg'><img loading=\"lazy\" decoding=\"async\" width=\"195\" height=\"200\" src=\"https:\/\/nmbiking.de\/wp\/wp-content\/uploads\/2019\/08\/sep17_123-768x787-195x200.jpg\" class=\"attachment-thumbnail size-thumbnail\" alt=\"\" srcset=\"https:\/\/nmbiking.de\/wp\/wp-content\/uploads\/2019\/08\/sep17_123-768x787-195x200.jpg 195w, https:\/\/nmbiking.de\/wp\/wp-content\/uploads\/2019\/08\/sep17_123-768x787-293x300.jpg 293w, https:\/\/nmbiking.de\/wp\/wp-content\/uploads\/2019\/08\/sep17_123-768x787.jpg 768w\" sizes=\"auto, 100vw\" \/><\/a>\n\t\t\t<\/div><\/figure>\n\t\t<\/div>\n\n<p><a href=\"https:\/\/nmbiking.de\/wp\/?page_id=58011\">zur\u00fcck zur <strong>\u00dcbersicht<\/strong><\/a><br \/>\n<a href=\"https:\/\/https:\/\/nmbiking.de\/wp\/\">zur\u00fcck zur <strong>Mountaainbiken ist mehr<\/strong><\/a><\/p>\n","protected":false},"excerpt":{"rendered":"<p>zur\u00fcck zur \u00dcbersicht zur\u00fcck zur Mountaainbiken ist mehr<\/p>\n","protected":false},"author":65,"featured_media":0,"parent":0,"menu_order":0,"comment_status":"closed","ping_status":"closed","template":"","meta":{"footnotes":""},"class_list":["post-58485","page","type-page","status-publish","hentry"],"_links":{"self":[{"href":"https:\/\/nmbiking.de\/wp\/index.php?rest_route=\/wp\/v2\/pages\/58485","targetHints":{"allow":["GET"]}}],"collection":[{"href":"https:\/\/nmbiking.de\/wp\/index.php?rest_route=\/wp\/v2\/pages"}],"about":[{"href":"https:\/\/nmbiking.de\/wp\/index.php?rest_route=\/wp\/v2\/types\/page"}],"author":[{"embeddable":true,"href":"https:\/\/nmbiking.de\/wp\/index.php?rest_route=\/wp\/v2\/users\/65"}],"replies":[{"embeddable":true,"href":"https:\/\/nmbiking.de\/wp\/index.php?rest_route=%2Fwp%2Fv2%2Fcomments&post=58485"}],"version-history":[{"count":4,"href":"https:\/\/nmbiking.de\/wp\/index.php?rest_route=\/wp\/v2\/pages\/58485\/revisions"}],"predecessor-version":[{"id":61855,"href":"https:\/\/nmbiking.de\/wp\/index.php?rest_route=\/wp\/v2\/pages\/58485\/revisions\/61855"}],"wp:attachment":[{"href":"https:\/\/nmbiking.de\/wp\/index.php?rest_route=%2Fwp%2Fv2%2Fmedia&parent=58485"}],"curies":[{"name":"wp","href":"https:\/\/api.w.org\/{rel}","templated":true}]}}