{"id":58375,"date":"2019-08-22T15:54:23","date_gmt":"2019-08-22T14:54:23","guid":{"rendered":"https:\/\/nmbiking.de\/wp\/?page_id=58375"},"modified":"2020-02-02T07:59:28","modified_gmt":"2020-02-02T06:59:28","slug":"fotoblog-burgen","status":"publish","type":"page","link":"https:\/\/nmbiking.de\/wp\/?page_id=58375","title":{"rendered":"Fotoblog: Burgen"},"content":{"rendered":"<div id='gallery-1' class='gallery galleryid-58375 gallery-columns-3 gallery-size-thumbnail'><figure class='gallery-item'>\n\t\t\t<div class='gallery-icon landscape'>\n\t\t\t\t<a href='https:\/\/nmbiking.de\/wp\/wp-content\/uploads\/2019\/08\/april15_96.jpg'><img loading=\"lazy\" decoding=\"async\" width=\"200\" height=\"123\" src=\"https:\/\/nmbiking.de\/wp\/wp-content\/uploads\/2019\/08\/april15_96-200x123.jpg\" class=\"attachment-thumbnail size-thumbnail\" alt=\"\" aria-describedby=\"gallery-1-58376\" srcset=\"https:\/\/nmbiking.de\/wp\/wp-content\/uploads\/2019\/08\/april15_96-200x123.jpg 200w, https:\/\/nmbiking.de\/wp\/wp-content\/uploads\/2019\/08\/april15_96-300x184.jpg 300w, https:\/\/nmbiking.de\/wp\/wp-content\/uploads\/2019\/08\/april15_96-768x472.jpg 768w, https:\/\/nmbiking.de\/wp\/wp-content\/uploads\/2019\/08\/april15_96.jpg 1300w\" sizes=\"auto, 100vw\" \/><\/a>\n\t\t\t<\/div>\n\t\t\t\t<figcaption class='wp-caption-text gallery-caption' id='gallery-1-58376'>\n\t\t\t\tBurg Manderscheid\n\t\t\t\t<\/figcaption><\/figure><figure class='gallery-item'>\n\t\t\t<div class='gallery-icon landscape'>\n\t\t\t\t<a href='https:\/\/nmbiking.de\/wp\/wp-content\/uploads\/2019\/08\/april15_97.jpg'><img loading=\"lazy\" decoding=\"async\" width=\"200\" height=\"112\" src=\"https:\/\/nmbiking.de\/wp\/wp-content\/uploads\/2019\/08\/april15_97-200x112.jpg\" class=\"attachment-thumbnail size-thumbnail\" alt=\"\" aria-describedby=\"gallery-1-58377\" srcset=\"https:\/\/nmbiking.de\/wp\/wp-content\/uploads\/2019\/08\/april15_97-200x112.jpg 200w, https:\/\/nmbiking.de\/wp\/wp-content\/uploads\/2019\/08\/april15_97-300x168.jpg 300w, https:\/\/nmbiking.de\/wp\/wp-content\/uploads\/2019\/08\/april15_97-768x430.jpg 768w, https:\/\/nmbiking.de\/wp\/wp-content\/uploads\/2019\/08\/april15_97.jpg 1500w\" sizes=\"auto, 100vw\" \/><\/a>\n\t\t\t<\/div>\n\t\t\t\t<figcaption class='wp-caption-text gallery-caption' id='gallery-1-58377'>\n\t\t\t\tBurg Manderscheid\n\t\t\t\t<\/figcaption><\/figure><figure class='gallery-item'>\n\t\t\t<div class='gallery-icon landscape'>\n\t\t\t\t<a href='https:\/\/nmbiking.de\/wp\/wp-content\/uploads\/2019\/08\/april15_98.jpg'><img loading=\"lazy\" decoding=\"async\" width=\"200\" height=\"156\" src=\"https:\/\/nmbiking.de\/wp\/wp-content\/uploads\/2019\/08\/april15_98-200x156.jpg\" class=\"attachment-thumbnail size-thumbnail\" alt=\"\" aria-describedby=\"gallery-1-58378\" srcset=\"https:\/\/nmbiking.de\/wp\/wp-content\/uploads\/2019\/08\/april15_98-200x156.jpg 200w, https:\/\/nmbiking.de\/wp\/wp-content\/uploads\/2019\/08\/april15_98-300x235.jpg 300w, https:\/\/nmbiking.de\/wp\/wp-content\/uploads\/2019\/08\/april15_98-768x600.jpg 768w, https:\/\/nmbiking.de\/wp\/wp-content\/uploads\/2019\/08\/april15_98.jpg 1100w\" sizes=\"auto, 100vw\" \/><\/a>\n\t\t\t<\/div>\n\t\t\t\t<figcaption class='wp-caption-text gallery-caption' id='gallery-1-58378'>\n\t\t\t\tBurg Manderscheid\n\t\t\t\t<\/figcaption><\/figure><figure class='gallery-item'>\n\t\t\t<div class='gallery-icon landscape'>\n\t\t\t\t<a href='https:\/\/nmbiking.de\/wp\/wp-content\/uploads\/2019\/08\/aug14_68.jpg'><img loading=\"lazy\" decoding=\"async\" width=\"200\" height=\"140\" src=\"https:\/\/nmbiking.de\/wp\/wp-content\/uploads\/2019\/08\/aug14_68-200x140.jpg\" class=\"attachment-thumbnail size-thumbnail\" alt=\"\" aria-describedby=\"gallery-1-58379\" srcset=\"https:\/\/nmbiking.de\/wp\/wp-content\/uploads\/2019\/08\/aug14_68-200x140.jpg 200w, https:\/\/nmbiking.de\/wp\/wp-content\/uploads\/2019\/08\/aug14_68-300x210.jpg 300w, https:\/\/nmbiking.de\/wp\/wp-content\/uploads\/2019\/08\/aug14_68-768x537.jpg 768w, https:\/\/nmbiking.de\/wp\/wp-content\/uploads\/2019\/08\/aug14_68.jpg 1000w\" sizes=\"auto, 100vw\" \/><\/a>\n\t\t\t<\/div>\n\t\t\t\t<figcaption class='wp-caption-text gallery-caption' id='gallery-1-58379'>\n\t\t\t\tBurg Thallichtenberg\n\t\t\t\t<\/figcaption><\/figure><figure class='gallery-item'>\n\t\t\t<div class='gallery-icon landscape'>\n\t\t\t\t<a href='https:\/\/nmbiking.de\/wp\/wp-content\/uploads\/2019\/08\/aug14_72.jpg'><img loading=\"lazy\" decoding=\"async\" width=\"200\" height=\"133\" src=\"https:\/\/nmbiking.de\/wp\/wp-content\/uploads\/2019\/08\/aug14_72-200x133.jpg\" class=\"attachment-thumbnail size-thumbnail\" alt=\"\" aria-describedby=\"gallery-1-58380\" srcset=\"https:\/\/nmbiking.de\/wp\/wp-content\/uploads\/2019\/08\/aug14_72-200x133.jpg 200w, https:\/\/nmbiking.de\/wp\/wp-content\/uploads\/2019\/08\/aug14_72-300x200.jpg 300w, https:\/\/nmbiking.de\/wp\/wp-content\/uploads\/2019\/08\/aug14_72-768x511.jpg 768w, https:\/\/nmbiking.de\/wp\/wp-content\/uploads\/2019\/08\/aug14_72.jpg 1200w\" sizes=\"auto, 100vw\" \/><\/a>\n\t\t\t<\/div>\n\t\t\t\t<figcaption class='wp-caption-text gallery-caption' id='gallery-1-58380'>\n\t\t\t\tBurg Thallichtenberg\n\t\t\t\t<\/figcaption><\/figure><figure class='gallery-item'>\n\t\t\t<div class='gallery-icon landscape'>\n\t\t\t\t<a href='https:\/\/nmbiking.de\/wp\/wp-content\/uploads\/2019\/08\/aug14_73.jpg'><img loading=\"lazy\" decoding=\"async\" width=\"200\" height=\"140\" src=\"https:\/\/nmbiking.de\/wp\/wp-content\/uploads\/2019\/08\/aug14_73-200x140.jpg\" class=\"attachment-thumbnail size-thumbnail\" alt=\"\" aria-describedby=\"gallery-1-58381\" srcset=\"https:\/\/nmbiking.de\/wp\/wp-content\/uploads\/2019\/08\/aug14_73-200x140.jpg 200w, https:\/\/nmbiking.de\/wp\/wp-content\/uploads\/2019\/08\/aug14_73-300x210.jpg 300w, https:\/\/nmbiking.de\/wp\/wp-content\/uploads\/2019\/08\/aug14_73-768x538.jpg 768w, https:\/\/nmbiking.de\/wp\/wp-content\/uploads\/2019\/08\/aug14_73.jpg 1000w\" sizes=\"auto, 100vw\" \/><\/a>\n\t\t\t<\/div>\n\t\t\t\t<figcaption class='wp-caption-text gallery-caption' id='gallery-1-58381'>\n\t\t\t\tBurg Thallichtenberg\n\t\t\t\t<\/figcaption><\/figure><figure class='gallery-item'>\n\t\t\t<div class='gallery-icon landscape'>\n\t\t\t\t<a href='https:\/\/nmbiking.de\/wp\/wp-content\/uploads\/2019\/08\/aug14_74.jpg'><img loading=\"lazy\" decoding=\"async\" width=\"200\" height=\"150\" src=\"https:\/\/nmbiking.de\/wp\/wp-content\/uploads\/2019\/08\/aug14_74-200x150.jpg\" class=\"attachment-thumbnail size-thumbnail\" alt=\"\" aria-describedby=\"gallery-1-58382\" srcset=\"https:\/\/nmbiking.de\/wp\/wp-content\/uploads\/2019\/08\/aug14_74-200x150.jpg 200w, https:\/\/nmbiking.de\/wp\/wp-content\/uploads\/2019\/08\/aug14_74-300x225.jpg 300w, https:\/\/nmbiking.de\/wp\/wp-content\/uploads\/2019\/08\/aug14_74-768x576.jpg 768w, https:\/\/nmbiking.de\/wp\/wp-content\/uploads\/2019\/08\/aug14_74.jpg 1000w\" sizes=\"auto, 100vw\" \/><\/a>\n\t\t\t<\/div>\n\t\t\t\t<figcaption class='wp-caption-text gallery-caption' id='gallery-1-58382'>\n\t\t\t\tBurg Thallichtenberg\n\t\t\t\t<\/figcaption><\/figure><figure class='gallery-item'>\n\t\t\t<div class='gallery-icon landscape'>\n\t\t\t\t<a href='https:\/\/nmbiking.de\/wp\/wp-content\/uploads\/2019\/08\/aug14_76.jpg'><img loading=\"lazy\" decoding=\"async\" width=\"200\" height=\"200\" src=\"https:\/\/nmbiking.de\/wp\/wp-content\/uploads\/2019\/08\/aug14_76-200x200.jpg\" class=\"attachment-thumbnail size-thumbnail\" alt=\"\" aria-describedby=\"gallery-1-58383\" srcset=\"https:\/\/nmbiking.de\/wp\/wp-content\/uploads\/2019\/08\/aug14_76-200x200.jpg 200w, https:\/\/nmbiking.de\/wp\/wp-content\/uploads\/2019\/08\/aug14_76-300x300.jpg 300w, https:\/\/nmbiking.de\/wp\/wp-content\/uploads\/2019\/08\/aug14_76.jpg 700w\" sizes=\"auto, 100vw\" \/><\/a>\n\t\t\t<\/div>\n\t\t\t\t<figcaption class='wp-caption-text gallery-caption' id='gallery-1-58383'>\n\t\t\t\tBurg Thallichtenberg\n\t\t\t\t<\/figcaption><\/figure><figure class='gallery-item'>\n\t\t\t<div class='gallery-icon landscape'>\n\t\t\t\t<a href='https:\/\/nmbiking.de\/wp\/wp-content\/uploads\/2019\/08\/aug14_77.jpg'><img loading=\"lazy\" decoding=\"async\" width=\"200\" height=\"143\" src=\"https:\/\/nmbiking.de\/wp\/wp-content\/uploads\/2019\/08\/aug14_77-200x143.jpg\" class=\"attachment-thumbnail size-thumbnail\" alt=\"\" aria-describedby=\"gallery-1-58384\" srcset=\"https:\/\/nmbiking.de\/wp\/wp-content\/uploads\/2019\/08\/aug14_77-200x143.jpg 200w, https:\/\/nmbiking.de\/wp\/wp-content\/uploads\/2019\/08\/aug14_77-300x214.jpg 300w, https:\/\/nmbiking.de\/wp\/wp-content\/uploads\/2019\/08\/aug14_77-768x548.jpg 768w, https:\/\/nmbiking.de\/wp\/wp-content\/uploads\/2019\/08\/aug14_77.jpg 1100w\" sizes=\"auto, 100vw\" \/><\/a>\n\t\t\t<\/div>\n\t\t\t\t<figcaption class='wp-caption-text gallery-caption' id='gallery-1-58384'>\n\t\t\t\tBurg Thallichtenberg\n\t\t\t\t<\/figcaption><\/figure><figure class='gallery-item'>\n\t\t\t<div class='gallery-icon landscape'>\n\t\t\t\t<a href='https:\/\/nmbiking.de\/wp\/wp-content\/uploads\/2019\/08\/aug14_80.jpg'><img loading=\"lazy\" decoding=\"async\" width=\"200\" height=\"125\" src=\"https:\/\/nmbiking.de\/wp\/wp-content\/uploads\/2019\/08\/aug14_80-200x125.jpg\" class=\"attachment-thumbnail size-thumbnail\" alt=\"\" aria-describedby=\"gallery-1-58385\" srcset=\"https:\/\/nmbiking.de\/wp\/wp-content\/uploads\/2019\/08\/aug14_80-200x125.jpg 200w, https:\/\/nmbiking.de\/wp\/wp-content\/uploads\/2019\/08\/aug14_80-300x188.jpg 300w, https:\/\/nmbiking.de\/wp\/wp-content\/uploads\/2019\/08\/aug14_80-768x481.jpg 768w, https:\/\/nmbiking.de\/wp\/wp-content\/uploads\/2019\/08\/aug14_80.jpg 1200w\" sizes=\"auto, 100vw\" \/><\/a>\n\t\t\t<\/div>\n\t\t\t\t<figcaption class='wp-caption-text gallery-caption' id='gallery-1-58385'>\n\t\t\t\tBurg Thallichtenberg\n\t\t\t\t<\/figcaption><\/figure><figure class='gallery-item'>\n\t\t\t<div class='gallery-icon landscape'>\n\t\t\t\t<a href='https:\/\/nmbiking.de\/wp\/wp-content\/uploads\/2019\/08\/aug14_81.jpg'><img loading=\"lazy\" decoding=\"async\" width=\"200\" height=\"142\" src=\"https:\/\/nmbiking.de\/wp\/wp-content\/uploads\/2019\/08\/aug14_81-200x142.jpg\" class=\"attachment-thumbnail size-thumbnail\" alt=\"\" aria-describedby=\"gallery-1-58386\" srcset=\"https:\/\/nmbiking.de\/wp\/wp-content\/uploads\/2019\/08\/aug14_81-200x142.jpg 200w, https:\/\/nmbiking.de\/wp\/wp-content\/uploads\/2019\/08\/aug14_81-300x213.jpg 300w, https:\/\/nmbiking.de\/wp\/wp-content\/uploads\/2019\/08\/aug14_81-768x546.jpg 768w, https:\/\/nmbiking.de\/wp\/wp-content\/uploads\/2019\/08\/aug14_81.jpg 1000w\" sizes=\"auto, 100vw\" \/><\/a>\n\t\t\t<\/div>\n\t\t\t\t<figcaption class='wp-caption-text gallery-caption' id='gallery-1-58386'>\n\t\t\t\tBurg Thallichtenberg\n\t\t\t\t<\/figcaption><\/figure><figure class='gallery-item'>\n\t\t\t<div class='gallery-icon landscape'>\n\t\t\t\t<a href='https:\/\/nmbiking.de\/wp\/wp-content\/uploads\/2019\/08\/aug14_89.jpg'><img loading=\"lazy\" decoding=\"async\" width=\"200\" height=\"140\" src=\"https:\/\/nmbiking.de\/wp\/wp-content\/uploads\/2019\/08\/aug14_89-200x140.jpg\" class=\"attachment-thumbnail size-thumbnail\" alt=\"\" aria-describedby=\"gallery-1-58387\" srcset=\"https:\/\/nmbiking.de\/wp\/wp-content\/uploads\/2019\/08\/aug14_89-200x140.jpg 200w, https:\/\/nmbiking.de\/wp\/wp-content\/uploads\/2019\/08\/aug14_89-300x210.jpg 300w, https:\/\/nmbiking.de\/wp\/wp-content\/uploads\/2019\/08\/aug14_89-768x538.jpg 768w, https:\/\/nmbiking.de\/wp\/wp-content\/uploads\/2019\/08\/aug14_89.jpg 1100w\" sizes=\"auto, 100vw\" \/><\/a>\n\t\t\t<\/div>\n\t\t\t\t<figcaption class='wp-caption-text gallery-caption' id='gallery-1-58387'>\n\t\t\t\tBurg Thallichtenberg\n\t\t\t\t<\/figcaption><\/figure><figure class='gallery-item'>\n\t\t\t<div class='gallery-icon landscape'>\n\t\t\t\t<a href='https:\/\/nmbiking.de\/wp\/wp-content\/uploads\/2019\/08\/mai13_170.jpg'><img loading=\"lazy\" decoding=\"async\" width=\"200\" height=\"145\" src=\"https:\/\/nmbiking.de\/wp\/wp-content\/uploads\/2019\/08\/mai13_170-200x145.jpg\" class=\"attachment-thumbnail size-thumbnail\" alt=\"\" aria-describedby=\"gallery-1-58388\" srcset=\"https:\/\/nmbiking.de\/wp\/wp-content\/uploads\/2019\/08\/mai13_170-200x145.jpg 200w, https:\/\/nmbiking.de\/wp\/wp-content\/uploads\/2019\/08\/mai13_170-300x218.jpg 300w, https:\/\/nmbiking.de\/wp\/wp-content\/uploads\/2019\/08\/mai13_170-768x558.jpg 768w, https:\/\/nmbiking.de\/wp\/wp-content\/uploads\/2019\/08\/mai13_170.jpg 1000w\" sizes=\"auto, 100vw\" \/><\/a>\n\t\t\t<\/div>\n\t\t\t\t<figcaption class='wp-caption-text gallery-caption' id='gallery-1-58388'>\n\t\t\t\tFreudenburg\n\t\t\t\t<\/figcaption><\/figure><figure class='gallery-item'>\n\t\t\t<div class='gallery-icon landscape'>\n\t\t\t\t<a href='https:\/\/nmbiking.de\/wp\/wp-content\/uploads\/2019\/08\/mai13_171.jpg'><img loading=\"lazy\" decoding=\"async\" width=\"200\" height=\"180\" src=\"https:\/\/nmbiking.de\/wp\/wp-content\/uploads\/2019\/08\/mai13_171-200x180.jpg\" class=\"attachment-thumbnail size-thumbnail\" alt=\"\" aria-describedby=\"gallery-1-58389\" srcset=\"https:\/\/nmbiking.de\/wp\/wp-content\/uploads\/2019\/08\/mai13_171-200x180.jpg 200w, https:\/\/nmbiking.de\/wp\/wp-content\/uploads\/2019\/08\/mai13_171-300x270.jpg 300w, https:\/\/nmbiking.de\/wp\/wp-content\/uploads\/2019\/08\/mai13_171-768x691.jpg 768w, https:\/\/nmbiking.de\/wp\/wp-content\/uploads\/2019\/08\/mai13_171.jpg 800w\" sizes=\"auto, 100vw\" \/><\/a>\n\t\t\t<\/div>\n\t\t\t\t<figcaption class='wp-caption-text gallery-caption' id='gallery-1-58389'>\n\t\t\t\tFreudenburg\n\t\t\t\t<\/figcaption><\/figure><figure class='gallery-item'>\n\t\t\t<div class='gallery-icon landscape'>\n\t\t\t\t<a href='https:\/\/nmbiking.de\/wp\/wp-content\/uploads\/2019\/08\/mai13_173.jpg'><img loading=\"lazy\" decoding=\"async\" width=\"200\" height=\"102\" src=\"https:\/\/nmbiking.de\/wp\/wp-content\/uploads\/2019\/08\/mai13_173-200x102.jpg\" class=\"attachment-thumbnail size-thumbnail\" alt=\"\" aria-describedby=\"gallery-1-58390\" srcset=\"https:\/\/nmbiking.de\/wp\/wp-content\/uploads\/2019\/08\/mai13_173-200x102.jpg 200w, https:\/\/nmbiking.de\/wp\/wp-content\/uploads\/2019\/08\/mai13_173-300x153.jpg 300w, https:\/\/nmbiking.de\/wp\/wp-content\/uploads\/2019\/08\/mai13_173-768x392.jpg 768w, https:\/\/nmbiking.de\/wp\/wp-content\/uploads\/2019\/08\/mai13_173.jpg 1200w\" sizes=\"auto, 100vw\" \/><\/a>\n\t\t\t<\/div>\n\t\t\t\t<figcaption class='wp-caption-text gallery-caption' id='gallery-1-58390'>\n\t\t\t\tFreudenburg\n\t\t\t\t<\/figcaption><\/figure><figure class='gallery-item'>\n\t\t\t<div class='gallery-icon landscape'>\n\t\t\t\t<a href='https:\/\/nmbiking.de\/wp\/wp-content\/uploads\/2019\/08\/nov12_56-1024x482.jpg'><img loading=\"lazy\" decoding=\"async\" width=\"200\" height=\"94\" src=\"https:\/\/nmbiking.de\/wp\/wp-content\/uploads\/2019\/08\/nov12_56-1024x482-200x94.jpg\" class=\"attachment-thumbnail size-thumbnail\" alt=\"\" aria-describedby=\"gallery-1-58391\" srcset=\"https:\/\/nmbiking.de\/wp\/wp-content\/uploads\/2019\/08\/nov12_56-1024x482-200x94.jpg 200w, https:\/\/nmbiking.de\/wp\/wp-content\/uploads\/2019\/08\/nov12_56-1024x482-300x141.jpg 300w, https:\/\/nmbiking.de\/wp\/wp-content\/uploads\/2019\/08\/nov12_56-1024x482-768x362.jpg 768w, https:\/\/nmbiking.de\/wp\/wp-content\/uploads\/2019\/08\/nov12_56-1024x482.jpg 1024w\" sizes=\"auto, 100vw\" \/><\/a>\n\t\t\t<\/div>\n\t\t\t\t<figcaption class='wp-caption-text gallery-caption' id='gallery-1-58391'>\n\t\t\t\tSiersburg\n\t\t\t\t<\/figcaption><\/figure><figure class='gallery-item'>\n\t\t\t<div class='gallery-icon landscape'>\n\t\t\t\t<a href='https:\/\/nmbiking.de\/wp\/wp-content\/uploads\/2019\/08\/nov12_59.jpg'><img loading=\"lazy\" decoding=\"async\" width=\"200\" height=\"76\" src=\"https:\/\/nmbiking.de\/wp\/wp-content\/uploads\/2019\/08\/nov12_59-200x76.jpg\" class=\"attachment-thumbnail size-thumbnail\" alt=\"\" aria-describedby=\"gallery-1-58392\" srcset=\"https:\/\/nmbiking.de\/wp\/wp-content\/uploads\/2019\/08\/nov12_59-200x76.jpg 200w, https:\/\/nmbiking.de\/wp\/wp-content\/uploads\/2019\/08\/nov12_59-300x115.jpg 300w, https:\/\/nmbiking.de\/wp\/wp-content\/uploads\/2019\/08\/nov12_59-768x293.jpg 768w, https:\/\/nmbiking.de\/wp\/wp-content\/uploads\/2019\/08\/nov12_59.jpg 1400w\" sizes=\"auto, 100vw\" \/><\/a>\n\t\t\t<\/div>\n\t\t\t\t<figcaption class='wp-caption-text gallery-caption' id='gallery-1-58392'>\n\t\t\t\tSiersburg\n\t\t\t\t<\/figcaption><\/figure><figure class='gallery-item'>\n\t\t\t<div class='gallery-icon landscape'>\n\t\t\t\t<a href='https:\/\/nmbiking.de\/wp\/wp-content\/uploads\/2019\/08\/nov12_62.jpg'><img loading=\"lazy\" decoding=\"async\" width=\"200\" height=\"152\" src=\"https:\/\/nmbiking.de\/wp\/wp-content\/uploads\/2019\/08\/nov12_62-200x152.jpg\" class=\"attachment-thumbnail size-thumbnail\" alt=\"\" aria-describedby=\"gallery-1-58393\" srcset=\"https:\/\/nmbiking.de\/wp\/wp-content\/uploads\/2019\/08\/nov12_62-200x152.jpg 200w, https:\/\/nmbiking.de\/wp\/wp-content\/uploads\/2019\/08\/nov12_62-300x228.jpg 300w, https:\/\/nmbiking.de\/wp\/wp-content\/uploads\/2019\/08\/nov12_62-768x583.jpg 768w, https:\/\/nmbiking.de\/wp\/wp-content\/uploads\/2019\/08\/nov12_62.jpg 800w\" sizes=\"auto, 100vw\" \/><\/a>\n\t\t\t<\/div>\n\t\t\t\t<figcaption class='wp-caption-text gallery-caption' id='gallery-1-58393'>\n\t\t\t\tSiersburg\n\t\t\t\t<\/figcaption><\/figure><figure class='gallery-item'>\n\t\t\t<div class='gallery-icon landscape'>\n\t\t\t\t<a href='https:\/\/nmbiking.de\/wp\/wp-content\/uploads\/2019\/08\/nov13_21.jpg'><img loading=\"lazy\" decoding=\"async\" width=\"200\" height=\"136\" src=\"https:\/\/nmbiking.de\/wp\/wp-content\/uploads\/2019\/08\/nov13_21-200x136.jpg\" class=\"attachment-thumbnail size-thumbnail\" alt=\"\" aria-describedby=\"gallery-1-58394\" srcset=\"https:\/\/nmbiking.de\/wp\/wp-content\/uploads\/2019\/08\/nov13_21-200x136.jpg 200w, https:\/\/nmbiking.de\/wp\/wp-content\/uploads\/2019\/08\/nov13_21-300x204.jpg 300w, https:\/\/nmbiking.de\/wp\/wp-content\/uploads\/2019\/08\/nov13_21-768x522.jpg 768w, https:\/\/nmbiking.de\/wp\/wp-content\/uploads\/2019\/08\/nov13_21.jpg 1000w\" sizes=\"auto, 100vw\" \/><\/a>\n\t\t\t<\/div>\n\t\t\t\t<figcaption class='wp-caption-text gallery-caption' id='gallery-1-58394'>\n\t\t\t\tSiersburg\n\t\t\t\t<\/figcaption><\/figure><figure class='gallery-item'>\n\t\t\t<div class='gallery-icon landscape'>\n\t\t\t\t<a href='https:\/\/nmbiking.de\/wp\/wp-content\/uploads\/2019\/08\/ok12_344.jpg'><img loading=\"lazy\" decoding=\"async\" width=\"200\" height=\"97\" src=\"https:\/\/nmbiking.de\/wp\/wp-content\/uploads\/2019\/08\/ok12_344-200x97.jpg\" class=\"attachment-thumbnail size-thumbnail\" alt=\"\" aria-describedby=\"gallery-1-58395\" srcset=\"https:\/\/nmbiking.de\/wp\/wp-content\/uploads\/2019\/08\/ok12_344-200x97.jpg 200w, https:\/\/nmbiking.de\/wp\/wp-content\/uploads\/2019\/08\/ok12_344-300x146.jpg 300w, https:\/\/nmbiking.de\/wp\/wp-content\/uploads\/2019\/08\/ok12_344-768x373.jpg 768w, https:\/\/nmbiking.de\/wp\/wp-content\/uploads\/2019\/08\/ok12_344.jpg 1200w\" sizes=\"auto, 100vw\" \/><\/a>\n\t\t\t<\/div>\n\t\t\t\t<figcaption class='wp-caption-text gallery-caption' id='gallery-1-58395'>\n\t\t\t\tSchloss Malbroux\n\t\t\t\t<\/figcaption><\/figure>\n\t\t<\/div>\n\n<p><a href=\"https:\/\/nmbiking.de\/wp\/?page_id=58011\">zur\u00fcck zur <strong>\u00dcbersicht<\/strong><\/a><br \/>\n<a href=\"https:\/\/https:\/\/nmbiking.de\/wp\/\">zur\u00fcck zur <strong>Mountainbiken ist mehr<\/strong><\/a><\/p>\n","protected":false},"excerpt":{"rendered":"<p>zur\u00fcck zur \u00dcbersicht zur\u00fcck zur Mountainbiken ist mehr<\/p>\n","protected":false},"author":65,"featured_media":0,"parent":0,"menu_order":0,"comment_status":"closed","ping_status":"closed","template":"","meta":{"footnotes":""},"class_list":["post-58375","page","type-page","status-publish","hentry"],"_links":{"self":[{"href":"https:\/\/nmbiking.de\/wp\/index.php?rest_route=\/wp\/v2\/pages\/58375","targetHints":{"allow":["GET"]}}],"collection":[{"href":"https:\/\/nmbiking.de\/wp\/index.php?rest_route=\/wp\/v2\/pages"}],"about":[{"href":"https:\/\/nmbiking.de\/wp\/index.php?rest_route=\/wp\/v2\/types\/page"}],"author":[{"embeddable":true,"href":"https:\/\/nmbiking.de\/wp\/index.php?rest_route=\/wp\/v2\/users\/65"}],"replies":[{"embeddable":true,"href":"https:\/\/nmbiking.de\/wp\/index.php?rest_route=%2Fwp%2Fv2%2Fcomments&post=58375"}],"version-history":[{"count":2,"href":"https:\/\/nmbiking.de\/wp\/index.php?rest_route=\/wp\/v2\/pages\/58375\/revisions"}],"predecessor-version":[{"id":61859,"href":"https:\/\/nmbiking.de\/wp\/index.php?rest_route=\/wp\/v2\/pages\/58375\/revisions\/61859"}],"wp:attachment":[{"href":"https:\/\/nmbiking.de\/wp\/index.php?rest_route=%2Fwp%2Fv2%2Fmedia&parent=58375"}],"curies":[{"name":"wp","href":"https:\/\/api.w.org\/{rel}","templated":true}]}}