{"id":57566,"date":"2019-07-09T18:02:32","date_gmt":"2019-07-09T17:02:32","guid":{"rendered":"https:\/\/nmbiking.de\/wp\/?page_id=57566"},"modified":"2019-07-10T16:45:56","modified_gmt":"2019-07-10T15:45:56","slug":"yoga-im-allgaeu","status":"publish","type":"page","link":"https:\/\/nmbiking.de\/wp\/?page_id=57566","title":{"rendered":"Biken und Yoga im Allg\u00e4u 2019"},"content":{"rendered":"<p>2019 gibt es f\u00fcr uns eine neue Kombination: Mountainbiken und Yoga. Wir sind zu einem Yoga-Seminar im Allg\u00e4u gefahren: in Maria Rain, in der N\u00e4he von Nesselwang, F\u00fcssen. <\/p>\n<ol>\n<a href=\"https:\/\/nmbiking.de\/wp\/?p=57409\">Tag 1:<\/a> Erkundung: am Gr\u00fcntensee<br \/>\n<a href=\"https:\/\/nmbiking.de\/wp\/?p=57428\">Tag 2:<\/a> Biken in der Yogapause: an der Wertach<br \/>\n<a href=\"https:\/\/nmbiking.de\/wp\/?p=57442\">Tag 3:<\/a> Bikes im vorzelt: am Gr\u00fcntensee<br \/>\n<a href=\"https:\/\/nmbiking.de\/wp\/?p=57448\">Tag 4:<\/a> Zur Buronh\u00fctte<br \/>\n<a href=\"https:\/\/nmbiking.de\/wp\/?p=57470\">Tag 5:<\/a> Zwei Seen Blick<\/ol>\n","protected":false},"excerpt":{"rendered":"<p>2019 gibt es f\u00fcr uns eine neue Kombination: Mountainbiken und Yoga. Wir sind zu einem Yoga-Seminar im Allg\u00e4u gefahren: in Maria Rain, in der N\u00e4he von Nesselwang, F\u00fcssen. Tag 1: Erkundung: am Gr\u00fcntensee Tag 2: Biken in der Yogapause: an der Wertach Tag 3: Bikes im vorzelt: am Gr\u00fcntensee Tag 4: Zur Buronh\u00fctte Tag 5: &hellip; <\/p>\n<p class=\"link-more\"><a href=\"https:\/\/nmbiking.de\/wp\/?page_id=57566\" class=\"more-link\"><span class=\"screen-reader-text\">\u201eBiken und Yoga im Allg\u00e4u 2019\u201c <\/span>weiterlesen<\/a><\/p>\n","protected":false},"author":65,"featured_media":0,"parent":0,"menu_order":0,"comment_status":"closed","ping_status":"closed","template":"","meta":{"footnotes":""},"class_list":["post-57566","page","type-page","status-publish","hentry"],"_links":{"self":[{"href":"https:\/\/nmbiking.de\/wp\/index.php?rest_route=\/wp\/v2\/pages\/57566","targetHints":{"allow":["GET"]}}],"collection":[{"href":"https:\/\/nmbiking.de\/wp\/index.php?rest_route=\/wp\/v2\/pages"}],"about":[{"href":"https:\/\/nmbiking.de\/wp\/index.php?rest_route=\/wp\/v2\/types\/page"}],"author":[{"embeddable":true,"href":"https:\/\/nmbiking.de\/wp\/index.php?rest_route=\/wp\/v2\/users\/65"}],"replies":[{"embeddable":true,"href":"https:\/\/nmbiking.de\/wp\/index.php?rest_route=%2Fwp%2Fv2%2Fcomments&post=57566"}],"version-history":[{"count":6,"href":"https:\/\/nmbiking.de\/wp\/index.php?rest_route=\/wp\/v2\/pages\/57566\/revisions"}],"predecessor-version":[{"id":57572,"href":"https:\/\/nmbiking.de\/wp\/index.php?rest_route=\/wp\/v2\/pages\/57566\/revisions\/57572"}],"wp:attachment":[{"href":"https:\/\/nmbiking.de\/wp\/index.php?rest_route=%2Fwp%2Fv2%2Fmedia&parent=57566"}],"curies":[{"name":"wp","href":"https:\/\/api.w.org\/{rel}","templated":true}]}}