{"id":52178,"date":"2018-08-14T15:06:40","date_gmt":"2018-08-14T14:06:40","guid":{"rendered":"https:\/\/nmbiking.de\/wp\/?page_id=52178"},"modified":"2025-09-04T09:03:36","modified_gmt":"2025-09-04T08:03:36","slug":"lieblingsplaetze","status":"publish","type":"page","link":"https:\/\/nmbiking.de\/wp\/?page_id=52178","title":{"rendered":"Lieblingspl\u00e4tze"},"content":{"rendered":"<p>Wenn man jahrelang durch die saarl\u00e4ndische Gegend f\u00e4hrt, bliebt einem die ein oder andere Lokalit\u00e4t im Ged\u00e4chtnis haften und man m\u00f6chte nochmal dorthin. Wiederholt sich das, dann handelt es sich wohl um einen Lieblingsplatz.<br \/>\nIn einer lockeren Reihe m\u00f6chte ich einige meiner Lieblingspl\u00e4tze nochmal konzentriert vorstellen. Meist tauchen sie ja schon in den Tagesberichten auf, aber als Sammlung gibt es sie noch nicht. Alle diese Pl\u00e4tze liegen im Saarland, mal vor der Haust\u00fcr, mal weiter weg. Alle sind gut mit dem MTB zu erreichen. Jeder Platz hat seinen besonderen, unverwechselbaren Reiz und Charakter\u2026<\/p>\n<p>1 <a href=\"https:\/\/nmbiking.de\/wp\/?p=51782\">Primswehr<\/a><br \/>\n2 <a href=\"https:\/\/nmbiking.de\/wp\/?p=52060\">Bank in der N\u00e4he der Michelbacher Gerichtslinde<\/a><br \/>\n3 <a href=\"https:\/\/nmbiking.de\/wp\/?p=52163\">Waldhof Losheim<\/a><br \/>\n4 <a href=\"https:\/\/nmbiking.de\/wp\/?p=52207\">Lannenbachtal<\/a><br \/>\n5 <a href=\"https:\/\/nmbiking.de\/wp\/?p=52310\">Oppigbach-F\u00e4lle<\/a><br \/>\n6 <a href=\"https:\/\/nmbiking.de\/wp\/?p=53950\">Schlittchenwald<\/a><br \/>\n7 <a href=\"https:\/\/nmbiking.de\/wp\/?p=56648\">Holzbach bei Thailen<\/a><br \/>\n8 <a href=\"https:\/\/nmbiking.de\/wp\/?p=84076\">Geisweiler Weiher\u00a0<\/a><br \/>\n9 Hinter Wahlen<br \/>\n10 Zusammenflu\u00df Prims\/ Losheimer Bach, \u00dcberlosheim<\/p>\n","protected":false},"excerpt":{"rendered":"<p>Wenn man jahrelang durch die saarl\u00e4ndische Gegend f\u00e4hrt, bliebt einem die ein oder andere Lokalit\u00e4t im Ged\u00e4chtnis haften und man m\u00f6chte nochmal dorthin. Wiederholt sich das, dann handelt es sich wohl um einen Lieblingsplatz. In einer lockeren Reihe m\u00f6chte ich einige meiner Lieblingspl\u00e4tze nochmal konzentriert vorstellen. Meist tauchen sie ja schon in den Tagesberichten auf, &hellip; <\/p>\n<p class=\"link-more\"><a href=\"https:\/\/nmbiking.de\/wp\/?page_id=52178\" class=\"more-link\"><span class=\"screen-reader-text\">\u201eLieblingspl\u00e4tze\u201c <\/span>weiterlesen<\/a><\/p>\n","protected":false},"author":65,"featured_media":0,"parent":0,"menu_order":0,"comment_status":"closed","ping_status":"closed","template":"","meta":{"footnotes":""},"class_list":["post-52178","page","type-page","status-publish","hentry"],"_links":{"self":[{"href":"https:\/\/nmbiking.de\/wp\/index.php?rest_route=\/wp\/v2\/pages\/52178","targetHints":{"allow":["GET"]}}],"collection":[{"href":"https:\/\/nmbiking.de\/wp\/index.php?rest_route=\/wp\/v2\/pages"}],"about":[{"href":"https:\/\/nmbiking.de\/wp\/index.php?rest_route=\/wp\/v2\/types\/page"}],"author":[{"embeddable":true,"href":"https:\/\/nmbiking.de\/wp\/index.php?rest_route=\/wp\/v2\/users\/65"}],"replies":[{"embeddable":true,"href":"https:\/\/nmbiking.de\/wp\/index.php?rest_route=%2Fwp%2Fv2%2Fcomments&post=52178"}],"version-history":[{"count":19,"href":"https:\/\/nmbiking.de\/wp\/index.php?rest_route=\/wp\/v2\/pages\/52178\/revisions"}],"predecessor-version":[{"id":100488,"href":"https:\/\/nmbiking.de\/wp\/index.php?rest_route=\/wp\/v2\/pages\/52178\/revisions\/100488"}],"wp:attachment":[{"href":"https:\/\/nmbiking.de\/wp\/index.php?rest_route=%2Fwp%2Fv2%2Fmedia&parent=52178"}],"curies":[{"name":"wp","href":"https:\/\/api.w.org\/{rel}","templated":true}]}}