{"id":50087,"date":"2018-03-12T15:44:31","date_gmt":"2018-03-12T14:44:31","guid":{"rendered":"https:\/\/nmbiking.de\/wp\/?page_id=50087"},"modified":"2026-03-31T10:03:33","modified_gmt":"2026-03-31T09:03:33","slug":"inne-halten","status":"publish","type":"page","link":"https:\/\/nmbiking.de\/wp\/?page_id=50087","title":{"rendered":"Inne halten"},"content":{"rendered":"<div class=\"su-note\"  style=\"border-color:#cdcfc6;border-radius:3px;-moz-border-radius:3px;-webkit-border-radius:3px;\"><div class=\"su-note-inner su-u-clearfix su-u-trim\" style=\"background-color:#e7e9e0;border-color:#ffffff;color:#333333;border-radius:3px;-moz-border-radius:3px;-webkit-border-radius:3px;\"><\/div><\/div>\n<p><em>Auch das geh\u00f6rt f\u00fcr uns\/mich zum Mountainbiken: Inne halten, wenn sich die Gelegenheit ergibt, d.h.: anhalten, in den jetzigen Moment eintauchen, die Umgebung wahrnehmen, sich selbst wahrnehmen, die anderen wahrnehmen, still sein, lauschen, auf Ger\u00e4usche h\u00f6ren, auf Vogelgesang - zur Ruhe kommen. All dies, um gest\u00e4rkt weiter zu fahren...<br \/>\nInnehalten kann man aber w\u00e4hrend seines \u00fcblichen Alltags. Achtsam sein hei\u00dft der neue Trend - und es ist ein guter!<\/em><\/p>\n<p>Um mich selber tagt\u00e4glich zu erinnern, gibt es auf nmbiking diese Rubrik, die einen \"weisen\" Spruch enth\u00e4lt, der einen vielleicht zum Nachdenken oder zur Ruhe bringt.<\/p>\n<p>Auf dieser Seite werden diese Gedankenstopps gesammelt:<\/p>\n<p><a href=\"https:\/\/nmbiking.de\/wp\/wp-content\/uploads\/2023\/03\/header19_2.jpg\"><img decoding=\"async\" src=\"https:\/\/nmbiking.de\/wp\/wp-content\/uploads\/2023\/03\/header19_2.jpg\" alt=\"\" width=\"700\" \/><\/a><\/p>\n<p><strong>152<\/strong> \"Der Augenblick ist eine Welle im unwandelbaren Meer der Zeit.\" (Andreas Tenzer)<\/p>\n<p><strong>151<\/strong> \u201eKeine Schneeflocke f\u00e4llt jemals auf den falschen Platz\u201c<br \/>\n(Zen-Weisheit)<\/p>\n<p><strong>150<\/strong> Wenn Du Deiner inneren Freude folgst, betrittst Du einen Weg, der die ganze Zeit schon da war  und auf Dich gewartet hat.<br \/>\n (Joseph Campbell)<\/p>\n<p><strong>149<\/strong> Gl\u00fcck hat keine Eile. Es setzt sich neben Dich und bleibt, solange Du l\u00e4chelst. (Netzfund)<\/p>\n<p><strong>148<\/strong>  \"Freude ist, wenn der Augenblick sich nicht beeilt.\" (Mascha Kal\u00e9ko)<\/p>\n<p><strong>147<\/strong>  \"Wir k\u00f6nnen nicht wirklich sehen, weil wir schon Meinungen dar\u00fcber haben, was wir sehen.\" (Krishnamurti)<\/p>\n<p><strong>146 <\/strong>\"Stille ist unsere h\u00f6chste Form der Aktivit\u00e4t. Jede Idee, jedes echte Gef\u00fchl und jeder Impuls, deren Verwirklichung wir schlie\u00dflich als Aktivit\u00e4t bezeichnen, entsteht in einem Moment tiefer Stille in uns\" (Leonard Bernstein)<\/p>\n<p><strong>145<\/strong> \u201eWer werden will, was er sein sollte, der muss lassen, was er jetzt ist\" (Benediktushof)<\/p>\n<p><strong>144<\/strong> \"Dankbarkeit ist wie ein Zaubertrank, der das Herz \u00f6ffnet und die Seele n\u00e4hrt. Wer dankbar durchs Leben geht, wird Wunder erleben und Sch\u00f6nheit entdecken, die er sonst \u00fcbersehen h\u00e4tte\" (Netzfund)<\/p>\n<p><strong>143 <\/strong>  \"Nimm dir Zeit. Dann vergiss sie. So hast du Ewigkeit.\" (Friedrich Kayssler)<\/p>\n<p><strong>142<\/strong> \u201eDer Herbst ist ein zweiter Fr\u00fchling, wenn jedes Blatt eine Blume ist\u201c (Albert Camus) <\/p>\n<p><strong>141<\/strong> Die wichtigste Stunde ist immer die Gegenwart. Der bedeutendste Mensch ist immer der, der Dir gerade gegen\u00fcbersteht.  Und das notwendigste Werk ist immer die Liebe.\u201c (Meister Eckart)<\/p>\n<p><strong>140<\/strong>  \u201eDas tiefste Geheimnis ist, dass Leben kein Entdeckungsprozess ist, sondern ein Sch\u00f6pfungsprozess.  Du entdeckst dich nicht, du erschaffst dich neu.\u201c (Neale Donald Walsch)<\/p>\n<p><strong>139<\/strong>  \u201eWenn Du das Beste willst, das die Welt zu bieten hat, dann biete der Welt Dein Bestes.\u201c (Neale Donald Walsch)<\/p>\n<p><strong>138<\/strong>  \u201eD\u00f6rfer sind B\u00fccher, die man mit den F\u00fc\u00dfen liest.\u201c (Spanisches Sprichwort)<\/p>\n<p><strong>137<\/strong>  \u201eGef\u00fchle kannst Du nicht denken.\u201c (Maxim Mankevich)<\/p>\n<p><strong>136<\/strong>  \u201eFreiheit bedeutet, keine Angst mehr vor sich selbst  zu haben.\u201c (Adyashanti)<\/p>\n<p><strong>135<\/strong>  \u201eGeduld ist das Schwerste und das Einzige, was zu lernen sich lohnt. Alle Natur, alles Wachstum, aller Friede, alles Gedeihen und Sch\u00f6ne in der Welt beruht auf Geduld,<\/p>\n<p>braucht Zeit, braucht Stille, braucht Vertrauen.\u201c (Hermann Hesse)<\/p>\n<p><strong>134<\/strong>  \u201eErfolg bedeutet f\u00fcr mich, mein Leben so zu gestalten, dass ich jeden Morgen kaum erwarten kann, aufzustehen.\u201c (John Strelecky)<\/p>\n<p><strong>133<\/strong>  \u201eDu musst bereit sein, das Leben loszulassen, das du geplant hast, damit du das Leben findest, das auf dich wartet.\u201c (Joseph Campbell)<\/p>\n<p><strong>132<\/strong>  \u201eDer gro\u00dfe Reichtum unseres Lebens, das sind die kleinen Sonnenstrahlen, die jeden Tag auf unseren Weg fallen.\u201c<br \/>\n(Hans Christian Andersen)<\/p>\n<p><strong>131<\/strong>  \u201eWer nicht in die Welt zu passen scheint, der ist immer nahe dran, sich selbst zu finden.\u201c (Hermann Hesse)<\/p>\n<p><strong>130<\/strong>  \u201eDa wird es hell in unserem Leben, wo man f\u00fcr das Kleinste danken lernt.\u201c<br \/>\n(Friedrich von Bodelschwingh)<\/p>\n<p><strong>129<\/strong>  \u201eWer zugleich seinen Schatten und sein Licht wahrnimmt, sieht sich von zwei Seiten, und kommt damit in die Mitte.\u201c<br \/>\n(Carl Gustav Jung)<\/p>\n<p><strong>128<\/strong> \u201eNicht alles muss gel\u00f6st werden. Manches muss nur gef\u00fchlt werden.\u201c (Genny Rumancik)<\/p>\n<p><strong>127 <\/strong> \u201eJeder Tag bringt seine Geschenke mit. Man braucht sie nur auszupacken.\u201c (Albert Schweitzer)<\/p>\n<p><strong>126<\/strong> \u201eEs ist nicht wichtig, was Du betrachtest, sondern was Du siehst.\u201c (Henry David Thoreau)<\/p>\n<p><strong>125<\/strong> \u201eMan sieht oft etwas hundert Mal, tausend Mal, ehe man es zum allerersten Mal wirklich sieht.\u201c (Christian Morgenstern)<\/p>\n<p><strong>124<\/strong> Mit jedem Morgen, dem Du einen sch\u00f6nen Impuls gibst, und jedem Abend, an dem Du dankbar reflektierst, webst Du still das Muster Deines Lebens.\u201c<br \/>\n(Ann Bischof)<\/p>\n<p><strong>123<\/strong> \u201eDie Dinge sind dazu da, dass man sie benutzt, um das Leben zu gewinnen, und nicht, dass man das Leben benutzt, um die Dinge zu gewinnen.\u201c (Laotse)<\/p>\n<p><strong>122<\/strong> \u201eJeder, den Du triffst, k\u00e4mpft einen Kampf, von dem Du nichts wei\u00dft. Sei freundlich. Immer.\u201c (Robin Williams)<\/p>\n<p><strong>121<\/strong> \u201eLeben ist nicht genug\", sagte der Schmetterling. \"Sonnenschein, Freiheit und eine kleine Blume geh\u00f6ren auch dazu.\u201c<br \/>\n(Hans Christian Andersen)<\/p>\n<p> <strong>120<\/strong> \u201eEs gibt zwei Arten, sein Leben zu leben: entweder so,  als w\u00e4re nichts ein Wunder, oder so, als w\u00e4re alles ein Wunder.\u201c (Albert Einstein)<\/p>\n<p>strong>119 \u201eDeine erste Pflicht ist, dich selbst gl\u00fccklich zu machen. Bist du gl\u00fccklich, so machst du auch andere gl\u00fccklich.\u201c<br \/>\n(Ludwig A. Feuerbach)<\/p>\n<p><strong>118<\/strong> Gebete \u00e4ndern die Welt nicht. Aber Gebete \u00e4ndern die Menschen. Und die Menschen ver\u00e4ndern die Welt.\u201c<br \/>\n(Albert Schweitzer)<\/p>\n<p><strong>117 <\/strong>\u201eUm klar zu sehen, gen\u00fcgt oft ein Wechsel der Blickrichtung.\u201c (Antoine de Saint-Exupery)<\/p>\n<p><strong>116<\/strong> \u201eDas Leben ist wie ein Fahrrad. Man muss sich vorw\u00e4rts bewegen, um das Gleichgewicht nicht zu verlieren.\u201c<br \/>\n(Albert Einstein)<\/p>\n<p><strong>115<\/strong> \u201eJeder, dem wir begegnen, geh\u00f6rt zu unserem g\u00f6ttlichen Plan und wir zu seinem.\u201c (Sven Hilnhagen)<\/p>\n<p><strong>114<\/strong> \u201eIn jeder Schwierigkeit lebt die M\u00f6glichkeit.\u201c (Albert Einstein)<\/p>\n<p><strong> 113<\/strong> \u201eIn der Hoffnung, den Mond zu erreichen, vergisst der Mensch, auf die Blumen zu schauen, die zu seinen F\u00fc\u00dfen bl\u00fchen.\u201c<br \/>\n(Albert Schweitzer)<\/p>\n<p><strong>112<\/strong>  Wenn Du sprichst, wiederholst Du nur das, was Du schon wei\u00dft, doch wenn Du zuh\u00f6rst, kannst Du vielleicht etwas Neues lernen.\u201c<br \/>\n(Dalai Lama)<\/p>\n<p><strong>111 <\/strong> Nichts in diesem Universum geschieht durch Zufall. (Neale Donald Walsch)<\/p>\n<p><strong>110<\/strong> Nichts geht jemals vorbei, bis es uns gelehrt hat, was wir wissen m\u00fcssen.\u201c<br \/>\n(Pema Ch\u00f6dr\u00f6n)<\/p>\n<p><strong>109<\/strong> Dass etwas immer so war, bedeutet nicht, dass du es nicht ver\u00e4ndern kannst.<br \/>\n(Netzfund)<\/p>\n<p><strong>108<\/strong> Wenn wir unseren Blick auf Dinge ver\u00e4ndern, dann ver\u00e4ndern wir auch die Dinge, auf die wir blicken.<br \/>\n(Wayne Dyer)<\/p>\n<p>107 F\u00fchle mit allem Leid der Welt, aber richte Deine Kr\u00e4fte nicht dorthin,\u00a0wo du machtlos bist, sondern zum N\u00e4chsten, dem Du helfen, den Du lieben und erfreuen kannst.<br \/>\n(Hermann Hesse)<\/p>\n<p>106 Alles was wir h\u00f6ren, ist eine Meinung, keine Tatsache. Alles was wir sehen, ist eine Perspektive, nicht die Wahrheit.<br \/>\n(Mark Aurel)<\/p>\n<p>105 Wer zugleich seinen Schatten und sein Licht wahrnimmt, sieht sich von zwei Seiten und kommt damit in die Mitte.<br \/>\n(C. G. Jung)<\/p>\n<p>104 Um zu werden, wie man sein will, muss man erst mal sein wollen, wie man ist.<br \/>\n(Rumi)<\/p>\n<p>103 Alles ist Energie! Gleiche Dich\u00a0der Frequenz der Realit\u00e4t an\u00a0die Du m\u00f6chtest und Du kreierst\u00a0diese Realit\u00e4t. Das ist keine Philosophie. Das ist Physik!<br \/>\n(Albert Einstein)<\/p>\n<p>102 Bei jedem Atemzug stehen wir vor der Wahl, das Leben zu umarmen oder auf das Gl\u00fcck zu warten.<br \/>\n(Andreas Tenzer)<\/p>\n<p>101 Nichts bringt uns auf unserem Weg besser voran als eine Pause.<br \/>\n(Elizabeth Barrett Browning)<\/p>\n<p><strong>100<\/strong> Die kleinen Dinge \u00fcbersieht man h\u00e4ufig. Aber in Wirklichkeit kommt es gerade auf diese an.<br \/>\n(John Strelecky)<\/p>\n<p>99 Wenn Sie wollen, dass die Welt l\u00e4chelt, m\u00fcssen Sie zuerst l\u00e4cheln, denn ein Spiegelbild kann nur l\u00e4cheln, wenn Sie zuerst l\u00e4cheln.<br \/>\nAber wenn Sie l\u00e4cheln, muss ihr Spiegelbild auch l\u00e4cheln, denn ein Spiegelbild hat keine Wahl - Sie schon.<br \/>\n(Kurt Tepperwein)<\/p>\n<p>98 Wenn Du ein Problem hast, versuche es zu l\u00f6sen. Kannst Du es nicht l\u00f6sen, dann mache kein Problem daraus.<br \/>\n(Buddha)<\/p>\n<p>97 Zufriedenheit ist ein stiller Garten, in dem man sich ausruhen kann.<br \/>\n(Ernst Ferstl)<\/p>\n<p>96 Man schafft sich sein Schicksal selbst durch die Kraft der Gedanken.<br \/>\n(Shivananda)<\/p>\n<p>95 Wenn ich loslasse, was ich bin, werde ich zu dem, was ich sein k\u00f6nnte.<br \/>\n(Lao Tzu)<\/p>\n<p>94 Der Weg ist das Ziel.<br \/>\n(Konfuzius)<\/p>\n<p>93 Ohne Raum und Zeit gibt es keine Trennung, sondern nur das intensive Gef\u00fchl, dass alles gut ist.<br \/>\n(Gottfried Sumser)<\/p>\n<p>92 Man soll dem Leib etwas Gutes bieten, damit die Seele Lust hat, darin zu wohnen.\u201c<br \/>\n(Winston Churchill)<\/p>\n<p>91 Die Sch\u00f6nheit der Dinge lebt in der Seele dessen, der sie betrachtet.<br \/>\n(David Hume)<\/p>\n<p>90 Wollen wir unsere Probleme l\u00f6sen, brauchen wir einen Bewusstseinswandel in uns - eine Verlagerung der Aufmerksamkeit vom Kopf zum Herzen.<br \/>\n(Deepak Chopra)<\/p>\n<p>89 Ich beobachte mich und verstehe dadurch die Anderen.<br \/>\n(Laotse)<\/p>\n<p>88 Nichts verschafft mehr Ruhe als ein gefasster Entschluss.<\/p>\n<p>87 Und ich f\u00fchle, dass Kleinigkeiten die Summe des Lebens ausmachen.<br \/>\n(Charles Dickens)<\/p>\n<p>86 Sei geduldig, wenn Du im Dunkeln sitzt. Der Sonnenaufgang kommt.<br \/>\n(Rumi)<\/p>\n<p>85 Tun wir es der Natur gleich und stehen immer wieder auf, in der Aufgabe, das Gute zum Bl\u00fchen zu bringen.(<br \/>\nBeat Jan)<\/p>\n<p>84 Hoffnung ist nicht die \u00dcberzeugung, dass etwas gut ausgeht, sondern dass etwas Sinn hat, egal wie es ausgeht.<\/p>\n<p>83 Es entsteht Stille in genau dem Moment, wenn Dir f\u00fcr das, was Du f\u00fchlst, die Worte fehlen.<\/p>\n<p>82 Wenn wir wirklich lebendig sind, ist alles, was wir tun oder sp\u00fcren, ein Wunder. Achtsamkeit zu \u00fcben bedeutet, zum Leben im gegenw\u00e4rtigen Augenblick zur\u00fcckzukehren.<br \/>\n(Thich Nhat Hanh)<\/p>\n<p>81 Wenn Du das Beste willst, das die Welt zu bieten hat, dann biete der Welt Dein Bestes.<br \/>\n(Neal Donald Walsh)<\/p>\n<p>80 Frieden ist nichts, was Du Dir w\u00fcnschst. Es ist etwas, das Du tust, etwas, das Du bist und etwas, das Du verschenkst.\u201c<br \/>\n(John Lennon)<\/p>\n<p>79 Wir verpassen so viel Sch\u00f6nes, weil wir im richtigen Moment mit den falschen Gedanken besch\u00e4ftigt sind.<br \/>\n(XO, FILOU)<\/p>\n<p>78 Nichts verschwindet jemals, bis es uns das gelehrt hat, was wir zu wissen n\u00f6tig haben.<br \/>\n(Pema Ch\u00f6dr\u00f6n)<\/p>\n<p>77 Tu was Du kannst, mit dem was Du hast, dort wo Du bist.<br \/>\n(Theodore Roosevelt)<\/p>\n<p>76 Hebe nichts f\u00fcr einen besonderen Anlass auf. Am Leben zu sein, ist der besondere Anlass.<br \/>\n(Mary Engelbreit)<\/p>\n<p>75 Du wirst morgen sein, was Du heute denkst. (Buddha)<\/p>\n<p>74 Das Mitgef\u00fchl f\u00fcr Lebewesen in ungleicher Gestalt ist vielleicht die h\u00f6chste Form von emotionaler Intelligenz.<br \/>\n(Simon Gabriel)<\/p>\n<p>73 Du bekommst nicht das, was Du rational willst, sondern das was Du emotional f\u00fchlst.<br \/>\n(Maxim Mankevich)<\/p>\n<p>72 Geh zu den Menschen und den Orten, die einen Funken in Deiner Seele entz\u00fcnden.<br \/>\n(Heraklit)<\/p>\n<p>72 Alles, was uns an anderen st\u00f6rt, kann uns helfen, uns selbst besser zu verstehen.<br \/>\n(Carl Jung)<\/p>\n<p>71 Halte immer an der Gegenwart fest. Jeder Zustand, ja jeder Augenblick ist von unendlichem Wert, denn er ist der Repr\u00e4sentant einer ganzen Ewigkeit.\"<br \/>\n(Johann Wolfgang von Goethe)<\/p>\n<p>70 Zeit, die wir uns nehmen, ist Zeit, die uns etwas gibt. (Ernst Ferstl)<\/p>\n<p>69 Ich ging nur f\u00fcr einen kurzen Spaziergang hinaus und beschloss schlie\u00dflich, bis zum Sonnenuntergang drau\u00dfen zu bleiben...<br \/>\ndenn ich stellte fest, dass das Nach-drau\u00dfen-gehen eigentlich ein Nach-innen -gehen war\u00a0 (John Muir 18338 - 1914)<\/p>\n<p>68 Es ist nicht wichtig, wie schnell Du gehst, solange Du nicht stehen bleibst. (Konfuzius)<\/p>\n<p>67 Der Kopf darf lernen loszulassen, damit die Seele wieder atmen und das Herz zur Ruhe kommen kann.<br \/>\n(Buddha)<\/p>\n<p>66 Alles, was wir f\u00fcr uns tun, tun wir auch f\u00fcr andere, und alles, was wir f\u00fcr andere tun,\u00a0 tun wir auch f\u00fcr uns selbst.<br \/>\n(Thich Nhat Hanh)<\/p>\n<p>65 Wir wissen nicht, wieviel Zeit uns bleibt. Doch in der Magie des Augenblicks sind wir jenseits von Raum und Zeit \u2013 und nichts hat ein Ende.<br \/>\n(Fundst\u00fcck)<\/p>\n<p>64 Der Tag schmeckt so, wie Du ihn am Morgen w\u00fcrzt. (Wolfgang Endres)<\/p>\n<p>63 Der sicherste Ort f\u00fcr ein Schiff ist der Hafen. Doch daf\u00fcr sind Schiffe nicht gemacht!<br \/>\n(Albert Einstein)<\/p>\n<p>62 Nicht die Dinge selbst, sondern nur unsere Vorstellung dar\u00fcber machen uns gl\u00fccklich oder ungl\u00fccklich.\"<br \/>\n(Epikur)<\/p>\n<p>61 Was wir erwarten, werden wir finden. (Netzfund)<\/p>\n<p>60 Ganz gleich, wie beschwerlich das Gestern war, stets kannst Du im Heute von Neuem beginnen.<br \/>\n(Buddha)<\/p>\n<p>59 Es kann nur dann ein L\u00e4cheln aus dem Spiegel schauen, wenn ein L\u00e4chelnder hineinschaut. (Netzfund)<\/p>\n<p>58 Man lebt ruhiger, wenn man nicht alles sagt, was man wei\u00df, nicht alles glaubt, was man h\u00f6rt und \u00fcber den Rest einfach nur l\u00e4chelt.\"<br \/>\n(Netzfund)<\/p>\n<p>57 Alles hat seine Zeit: Sich begegnen und verstehen, sich halten und lieben, sich loslassen und erinnern.<br \/>\n(Robert Louis Stevenson)<\/p>\n<p>56 Man sieht oft etwas hundert Mal, tausend Mal, ehe man es zum ersten Mal wirklich sieht.<br \/>\n(Christian Morgenstern)<\/p>\n<p>55 Die Aufgabe besteht nicht darin, nach dem Sinn zu suchen, sondern jeder Situation, in der Du Dich befindest, Sinn zu verleihen.<br \/>\n(Alberto Villoldo)<\/p>\n<p>54 Sich Sorgen zu machen, verhindert nicht, dass die schlechten Dinge passieren, aber es verhindert, dass Du die guten Dinge genie\u00dfen kannst.\"<\/p>\n<p>53 Indem Du Dich gegen das \u00dcbel wehrst, st\u00e4rkst Du es. Entziehe ihm einfach das Interesse.<br \/>\n(Nisargadatta Maharaj)<\/p>\n<p>52 Ganz egal wie das Wetter dort ist, wo Du hingehst: Bring immer Deinen eigenen Sonnenschein mit.<\/p>\n<p>51 Du bist dort, wo Deine Gedanken sind. Sieh zu, dass Deine Gedanken da sind, wo Du sein m\u00f6chtest.<br \/>\n(Rabbi Nachman von Bratzlaw)<\/p>\n<p><strong>50<\/strong> Manchmal sollte man weder mit noch gegen den Strom schwimmen,<br \/>\nsondern einfach mal aus dem Fluss klettern, sich ans Ufer setzen und eine Pause machen.<\/p>\n<p>49 Nicht was wir erleben, sondern wie wir empfinden, was wir erleben, macht unser Schicksal aus.<br \/>\n(Marie von Ebner-Eschenbach)<\/p>\n<p>48 Frag nicht, was die Welt braucht. Frag, was Dich zum Leben erweckt und dann geh, tu es. Denn das was die Welt braucht, sind Menschen,<br \/>\ndie zum Leben erwacht sind. (Howard Thurman, 1899-1981)<\/p>\n<p>47 Jeder ausgesandte Gedanke ist eine nie endende Schwingung,<br \/>\ndie ihre Bahn durch das Universum zieht, um uns genau das zur\u00fcckzubringen,<br \/>\nwas wir ausgesandt haben. (Jasmuheen)<\/p>\n<p>46 Um zu werden, wie man sein will, muss man erst mal sein wollen, wie man ist. (Rumi)<\/p>\n<p>45 Die F\u00e4higkeit zu beobachten, ohne zu werten, ist die h\u00f6chste Form der Intelligenz. (Jiddu Krishnamurti)<\/p>\n<p>44 Gehe so weit, wie Du sehen kannst.<br \/>\nWenn Du dort ankommst, wirst Du sehen, wie es weitergeht.\u00a0 (Carlyle)<\/p>\n<p>43 Zeitlos sch\u00f6n sind Blumen, wenn sie bl\u00fchen und Menschen, wenn sie\u00a0lachen.<\/p>\n<p>42 Je stiller man ist, desto mehr kann man h\u00f6ren. (chin. Sprichwort)<\/p>\n<p>41 Je weniger Du auf negative Menschen reagierst, umso positiver wird Dein Leben!<\/p>\n<p>40 Ein Vogel hat niemals Angst davor, dass der Ast unter ihm brechen k\u00f6nnte.<br \/>\nNicht, weil er dem Ast vertraut, sondern seinen eigenen Fl\u00fcgeln.<\/p>\n<p>39 Gl\u00fccklich sein bedeutet nicht, von allem das Beste zu haben, sondern aus allem das Beste zu machen.<\/p>\n<p>38 L\u00e4chle in die Welt und die Welt l\u00e4chelt zur\u00fcck. (Chinesische Weisheit)<\/p>\n<p>37 Tausende von Kerzen kann man am Licht einer Kerze anz\u00fcnden ohne dass ihr Licht schw\u00e4cher wird. Freude nimmt nicht ab, wenn sie geteilt wird. (Buddha)<\/p>\n<p>36 Alles hat die Bedeutung, die wir ihm geben...<\/p>\n<p>35 Freundliche Worte k\u00f6nnen kurz und leicht zu sprechen sein, aber ihre Echos sind wirklich endlos. - Mutter Teresa<\/p>\n<p>34 Der Kopf sieht die Welt, das Herz versteht sie. (Walter L\u00fcbeck)<\/p>\n<p>30 Achte gut auf diesen Tag, denn er ist das Leben.<\/p>\n<p>29 Nimm dir jeden Tag die Zeit, still zu sitzen und auf die Dinge zu lauschen. Achte auf die Melodie des Lebens, welche in dir schwingt. (Buddha)<\/p>\n<p>28 Das Leben ist kurz. Brich die Regeln. (happinez)<\/p>\n<p>27 Beziehung ist der Spiegel, in dem wir uns selbst so sehen, wie wir sind. (Krishnamurti)<\/p>\n<p>26 Das blo\u00dfe Verlangen nach der Wiederholung des Vergn\u00fcgens ruft Schmerz hervor, denn es ist nicht mehr das gleiche wie gestern. (Krishnamurti)<\/p>\n<p>25 Wenn ich andere Fragen stelle, bekomme ich andere Antworten. Wenn ich andere Dinge tue, mache ich andere Erfahrungen. Wenn ich andere Entscheidungen treffe, f\u00fchre ich ein anderes Leben. (John Strelecky)<\/p>\n<p>24 Alle Dinge entstehen aus einer Ursache. Wer dies erkennt, der sieht die Wahrheit (Buddha)<\/p>\n<p>23 Ich sitze in freier Natur am See.<br \/>\nDie Wei\u00dfen m\u00f6chten, dass ich wie sie arbeite,<br \/>\nwie sie viel Geld verdiene, wie sie ein Auto kaufe<br \/>\nund wie sie in freier Natur an einem See Urlaub mache ..<br \/>\nAber das tue ich jetzt schon... (Kanadischer Indianer)<\/p>\n<p>22 Mit der Zeit nimmt die Seele die Farbe der Gedanken an (Marc Aurel)<\/p>\n<p>21 Geh einfach in den Raum und stelle einen Stuhl in die Mitte des Raums. \u00d6ffne die T\u00fcren uns Fenster des Raums. Nimm diesen Sitz ein und sieh zu, wer dich besuchen kommt. (Beschreibung von Meditation nach Achaan Chah)<\/p>\n<p>20 Wir sollten niemals versuchen, dem Weg eines anderen zu folgen, denn es ist sein Weg und nicht der unsrige. Hast du erst deinen Weg gefunden, brauchst du nichts weiter zu tun, als die H\u00e4nde in den Scho\u00df zu legen und dich von der Flutwelle zur Befreiung tragen zu lassen. Hast du ihn also gefunden, so entferne dich niemals wieder von ihm. Dein Weg ist der beste f\u00fcr dich, aber er ist nicht unbedingt der beste f\u00fcr andere.<\/p>\n<p>19 In diesem Leben k\u00f6nnen wir keine gro\u00dfen Dinge tun. Wir k\u00f6nnen nur kleine Dinge mit gro\u00dfer Liebe tun. (Mutter Theresa))<\/p>\n<p>18 Als ich mich selbst zu lieben begann, habe ich aufgeh\u00f6rt, mich nach einem anderen Leben zu sehnen und konnte sehen, dass alles um mich herum<br \/>\neine Aufforderung zum Wachsen war. Heute wei\u00df ich, das nennt man REIFE. (Charlie Chaplin)<\/p>\n<p>17 Sch\u00f6n ist eigentlich alles, was man mit Liebe betrachtet. Je mehr jemand die Welt liebt, desto sch\u00f6ner wird er sie finden.<\/p>\n<p>16 B\u00e4ume sind Gedichte, die die Erde in den Himmel schreibt. (Khalil Gibran)<\/p>\n<p>15 Dinge im Leben f\u00fcr selbstverst\u00e4ndlich zu halten, ist der erste Schritt, sie zu verlieren.<\/p>\n<p>14 \u00c4ndere deine Gedanken und du wirst die Bedingungen, in denen du lebst, \u00e4ndern.<\/p>\n<p>13 Man muss selbst ausdauernder sein als die Schwierigkeiten, es gibt keinen anderen Ausweg. (Aurobindo)<\/p>\n<p>12 Nicht das Beginnen wird belohnt, sondern einzig und allein das Durchhalten. (Buddha)<\/p>\n<p>11 Was uns im Leben am meisten durcheinander bringt, ist das Bild in unseren K\u00f6pfen, das uns sagt, wie es auszusehen hat.<\/p>\n<p>10 Tue, was du tust!<\/p>\n<p>09 Der Mensch ist nicht da, um andere zu beherrschen, sondern er soll lernen, sich selbst zu beherrschen.(K. Tepperwein))<\/p>\n<p>08 Es ist besser, eine Lampe anzuz\u00fcnden, als sich \u00fcber die Dunkelheit zu beklagen. (K. Tepperwein))<\/p>\n<p>07 Die meisten Leute sehen die Dinge nicht so, wie sie wirklich sind, sondern so, wie sie nach ihrer Meinung zu sein haben. (K. Tepperwein))<\/p>\n<p>06 Der Mensch ist nicht da, um andere zu beherrschen, sondern er soll lernen, sich selbst zu beherrschen.(K. Tepperwein)<\/p>\n<p>05 Der Geist ist durch seine Aktivit\u00e4t der leitende Architekt des eigenen Gl\u00fccks und Leidens. (Buddha)<\/p>\n<p>04 Das Gegenst\u00fcck zum \u00e4u\u00dferen L\u00e4rm ist der innere L\u00e4rm des Denkens. Das Gegenst\u00fcck zur \u00e4u\u00dferen Stille ist innere Stille jenseits der Gedanken. (Eckhart Tolle)<\/p>\n<p>03 Lerne loszulassen, das ist der Schl\u00fcssel zum Gl\u00fcck. (Buddha)<\/p>\n<p>02 Verweile nicht in der Vergangenheit, tr\u00e4ume nicht von der Zukunft. Konzentriere dich auf den gegenw\u00e4rtigen Moment. (Buddha)<\/p>\n<p><strong>01<\/strong> Eine unangenehme Sache wird erst dann aus unserem Leben verschwinden, wenn sie uns alles gelehrt hat, was es zu lernen gilt. Der schnelle Weg, das zu tun, liegt darin, das, was wir erleben, zu akzeptieren (K. Tepperwein)<\/p>\n","protected":false},"excerpt":{"rendered":"<p>Auch das geh\u00f6rt f\u00fcr uns\/mich zum Mountainbiken: Inne halten, wenn sich die Gelegenheit ergibt, d.h.: anhalten, in den jetzigen Moment eintauchen, die Umgebung wahrnehmen, sich selbst wahrnehmen, die anderen wahrnehmen, still sein, lauschen, auf Ger\u00e4usche h\u00f6ren, auf Vogelgesang &#8211; zur Ruhe kommen. All dies, um gest\u00e4rkt weiter zu fahren&#8230; Innehalten kann man aber w\u00e4hrend seines &hellip; <\/p>\n<p class=\"link-more\"><a href=\"https:\/\/nmbiking.de\/wp\/?page_id=50087\" class=\"more-link\"><span class=\"screen-reader-text\">\u201eInne halten\u201c <\/span>weiterlesen<\/a><\/p>\n","protected":false},"author":65,"featured_media":0,"parent":0,"menu_order":0,"comment_status":"closed","ping_status":"closed","template":"","meta":{"footnotes":""},"class_list":["post-50087","page","type-page","status-publish","hentry"],"_links":{"self":[{"href":"https:\/\/nmbiking.de\/wp\/index.php?rest_route=\/wp\/v2\/pages\/50087","targetHints":{"allow":["GET"]}}],"collection":[{"href":"https:\/\/nmbiking.de\/wp\/index.php?rest_route=\/wp\/v2\/pages"}],"about":[{"href":"https:\/\/nmbiking.de\/wp\/index.php?rest_route=\/wp\/v2\/types\/page"}],"author":[{"embeddable":true,"href":"https:\/\/nmbiking.de\/wp\/index.php?rest_route=\/wp\/v2\/users\/65"}],"replies":[{"embeddable":true,"href":"https:\/\/nmbiking.de\/wp\/index.php?rest_route=%2Fwp%2Fv2%2Fcomments&post=50087"}],"version-history":[{"count":302,"href":"https:\/\/nmbiking.de\/wp\/index.php?rest_route=\/wp\/v2\/pages\/50087\/revisions"}],"predecessor-version":[{"id":105103,"href":"https:\/\/nmbiking.de\/wp\/index.php?rest_route=\/wp\/v2\/pages\/50087\/revisions\/105103"}],"wp:attachment":[{"href":"https:\/\/nmbiking.de\/wp\/index.php?rest_route=%2Fwp%2Fv2%2Fmedia&parent=50087"}],"curies":[{"name":"wp","href":"https:\/\/api.w.org\/{rel}","templated":true}]}}