{"id":47137,"date":"2017-08-13T16:43:56","date_gmt":"2017-08-13T15:43:56","guid":{"rendered":"https:\/\/nmbiking.de\/wp\/?page_id=47137"},"modified":"2017-08-13T16:43:56","modified_gmt":"2017-08-13T15:43:56","slug":"biken-am-bodensee","status":"publish","type":"page","link":"https:\/\/nmbiking.de\/wp\/?page_id=47137","title":{"rendered":"Biken am Bodensee"},"content":{"rendered":"<p>Unser erster Bikeurlaub im  Jahr 2017 f\u00fchrt uns an den Bodensee. Wir k\u00f6nnen also gem\u00fctlich flach fahren und am Wasser entlang &#8230; und wir sind im Allg\u00e4u, also sind die Berge, z.B. die von  Oberstdorf ziemlich nah&#8230;<!--more--><\/p>\n<p>Unser Programm:<br \/>\n1 <a href=\"https:\/\/nmbiking.de\/wp\/?p=45425\">Lindau<\/a><br \/>\n2 <a href=\"https:\/\/nmbiking.de\/wp\/?p=45464\">Meersburg<\/a><br \/>\n3 <a href=\"https:\/\/nmbiking.de\/wp\/?p=45534\">Pf\u00e4nder<\/a><br \/>\n4 <a href=\"https:\/\/nmbiking.de\/wp\/?p=45571\">Oberstdorf<\/a><br \/>\n5 <a href=\"https:\/\/nmbiking.de\/wp\/?p=45594\">Langenargen<\/a><br \/>\n6 <a href=\"https:\/\/nmbiking.de\/wp\/?p=45641\">Hohe Kugel<\/a><\/p>\n","protected":false},"excerpt":{"rendered":"<p>Unser erster Bikeurlaub im Jahr 2017 f\u00fchrt uns an den Bodensee. Wir k\u00f6nnen also gem\u00fctlich flach fahren und am Wasser entlang &#8230; und wir sind im Allg\u00e4u, also sind die Berge, z.B. die von Oberstdorf ziemlich nah&#8230;<\/p>\n","protected":false},"author":65,"featured_media":0,"parent":0,"menu_order":0,"comment_status":"closed","ping_status":"closed","template":"","meta":{"footnotes":""},"class_list":["post-47137","page","type-page","status-publish","hentry"],"_links":{"self":[{"href":"https:\/\/nmbiking.de\/wp\/index.php?rest_route=\/wp\/v2\/pages\/47137","targetHints":{"allow":["GET"]}}],"collection":[{"href":"https:\/\/nmbiking.de\/wp\/index.php?rest_route=\/wp\/v2\/pages"}],"about":[{"href":"https:\/\/nmbiking.de\/wp\/index.php?rest_route=\/wp\/v2\/types\/page"}],"author":[{"embeddable":true,"href":"https:\/\/nmbiking.de\/wp\/index.php?rest_route=\/wp\/v2\/users\/65"}],"replies":[{"embeddable":true,"href":"https:\/\/nmbiking.de\/wp\/index.php?rest_route=%2Fwp%2Fv2%2Fcomments&post=47137"}],"version-history":[{"count":9,"href":"https:\/\/nmbiking.de\/wp\/index.php?rest_route=\/wp\/v2\/pages\/47137\/revisions"}],"predecessor-version":[{"id":47148,"href":"https:\/\/nmbiking.de\/wp\/index.php?rest_route=\/wp\/v2\/pages\/47137\/revisions\/47148"}],"wp:attachment":[{"href":"https:\/\/nmbiking.de\/wp\/index.php?rest_route=%2Fwp%2Fv2%2Fmedia&parent=47137"}],"curies":[{"name":"wp","href":"https:\/\/api.w.org\/{rel}","templated":true}]}}