{"id":4509,"date":"2009-07-17T08:29:29","date_gmt":"2009-07-17T07:29:29","guid":{"rendered":"https:\/\/nmbiking.de\/wp\/?page_id=4509"},"modified":"2012-09-15T07:41:59","modified_gmt":"2012-09-15T06:41:59","slug":"bietzer-berg","status":"publish","type":"page","link":"https:\/\/nmbiking.de\/wp\/?page_id=4509","title":{"rendered":"Bietzer Berg"},"content":{"rendered":"<p><a rel=\"Lightbox\" title=\"Karte\" href=\"https:\/\/nmbiking.de\/wp\/wp-content\/uploads\/2010\/10\/ok10_52.jpg \"><img decoding=\"async\" class=\"img\" src=\"https:\/\/nmbiking.de\/wp\/wp-content\/uploads\/2010\/10\/ok10_52.jpg\" alt=\"\" width=600 \/><\/a> <\/p>\n<ol>\nStart: Schmelz, Michelbach<br \/>\nL\u00e4nge: gute 50 km<br \/>\nStrecke: L\u00fcckner, Oppener Kuppe, Wahlener Platte, Kapelle am Dungweg, Rimlinger H\u00f6he, Kalkofen Hargarten, Panorama-H\u00f6henweg, Merchinger Berg, Parkplatz Munitionsdepot (Start und Ziel Bietzerberger)<br \/>\nR\u00fcckweg \u00fcber Hargarten, Oppen\n<\/ol>\n<p>&nbsp;<\/p>\n<p>&#8230; noch ein kleines Juwel in unserer Tourenschatzkiste &#8222;Sch\u00f6nes Saarland&#8220;, der Bietzerberger.<br \/>\nDie Anfahrt ist in der Tour zum <a href=\"https:\/\/nmbiking.de\/wp\/?page_id=1664\">Fischerberghaus <\/a> beschrieben. Wenn man die H\u00e4lfte des Panormah\u00f6henweges Hausstadter Tal erreicht hat (Bank), f\u00e4hrt man rechts hoch, einen im Sommer etwas zugewachsenen Weg und gelangt auf den breiten Weg, der uns links zur Hauptstra\u00dfe bringt. Wir \u00fcberqueren sie und fahren geradeaus bis zum Parkplatz.<!--more--><\/p>\n<p>&nbsp;<\/p>\n<p>Entscheidet selbst, ob ihr rechts (Wilder Wald) oder links herum (Grenzverlauf) fahrt&#8230;<br \/>\nEr l\u00e4sst sich bis auf wenige Stellen (z.B. den steilen Anstieg zum Kratzenberg fahren nur die K\u00f6nner) sehr fl\u00fcssig fahren. Besonders der erste\/bzw. letzte Teil nach dem Einstieg vorm Munitionsdepot ist ein Genuss&#8230;<\/p>\n<p>&nbsp;<\/p>\n<p>Die wichtigsten und sch\u00f6nsten Stationen:<br \/>\n<strong>Brettertrail Wilder Wald<br \/>\nObstplantage<br \/>\nGeierm\u00fchle<br \/>\nM\u00fchlental mit Rundem Turm<br \/>\nTrails am Katzenberg<br \/>\nAussicht am Fischerberghaus<br \/>\nSonnenstein<br \/>\nTrail deutsch-franz\u00f6sische Grenze (1778)<\/strong><\/p>\n<p>Der Weg ist sehr gut ausgeschildert, torzdem habe ich mich zweimal verfahren (schnarch!)&#8230; F\u00fcr die An- und Abreise \u00fcber Hargarten m\u00fcssen zwei Stunden eingeplant werden und nochmal zwei Stunden f\u00fcr die Runde. Landschaftlich wird viel geboten: lichte W\u00e4lder, urige Bacht\u00e4ler, Panorama, sogar eine Obstplanatage. Auch kulturell kann der Wanderer bzw. Fahrer einiges mitnehmen: alte Grenzsteine, den Runden Turm im M\u00fchlental, die Geierm\u00fchle&#8230;<br \/>\n(Stand: 7\/2009)<\/p>\n<ol>\n<i><br \/>\nInfo <strong>Steinerne Zeugen<\/strong><br \/>\n&#8230; 1778 kam der kurtrierisch-franz\u00f6sische Grenzbereiningungsvertrag zustande&#8230; Die Markierung der Landesgrenze erfolgte mit 137 gro\u00dfen, viereckigen Grenzsteinen aus Sandstein. Eine 1997\/98 durchgef\u00fchrte Bestandsaufnahme hat ergeben,  dass noch ca 95 Steine in unterschiedlichem Erhaltungszustand vorhanden sind&#8230; Der Bietzerberger verl\u00e4uft teilweise auf der historischen Grenze von 1778.<br \/>\n<\/i><\/ol>\n<p>Trotz Sonntagvormittag waren sehr wenige Menschen auf dem Weg unterwegs. Ist er noch nicht so bekannt? Oder ist es Leuten zu hei\u00df? Einem bestimmt nicht! Bei der Abfahrt ins M\u00fchlental h\u00f6rt man schon von weitem ein Waldhorn erklingen. Keines der \u00fcblichen Jagdhalalis, sondern scheinbar frei gespielte Melodien. Am Runden T\u00fcrmchen steht er und bl\u00e4st. Auch ein richtig langes Alphorn hat er dabei&#8230;<\/p>\n<ol>\n<i><br \/>\nInfo <strong>Der Runde Turm im M\u00fchlental<\/strong><br \/>\nDie Bewohner der D\u00f6rfer Bietzen und Menningen betraten normalerweise das M\u00fchlental nicht, da es sich in Privatbesitz (von Boch) befand. Sein Betreten war seitens der Besitzer nicht erw\u00fcnscht, sei es dass die Herrschaften ungest\u00f6rt sein wollten bei ihren Vergn\u00fcgungen wie Schwimmen, Schlittschuhlaufen, Spazierengehen oder bei der Jagd. Ein Privatf\u00f6rster sorgte f\u00fcr Ordnung. Aber was macht schon neugieriger als Verbotenes? Bis heute verbindet sich mit dem M\u00fchlental, das erst 1973 in den Besitz der Kreistadt Merzig kam, die romantische Faszination des Besonderen. Der Runde Turm war Teil der Staumauer (eines Weihers). Sein obergeschoss diente den Besitzern als Umkleideraum. Die Staumauer ist um 1950\/51 bei einem gewaltigen Regenfall zusammengest\u00fcrzt&#8230; (Infotafel)<br \/>\n<\/i><\/ol>\n<ol>\n<i><br \/>\nInfo <strong>Die Geierm\u00fchle<\/strong><br \/>\nDer Flurname &#8222;Auf der Geierm\u00fchle&#8220; am oberen Ohligsbach erinnert daran, dass hier fr\u00fcher eine M\u00fchle gestanden hat. Die Geierm\u00fchle (von gir=hungrig) war die ehemalige Bannm\u00fchle f\u00fcr die Orte Bietzen, Menningen und Harlingen. An ihrem ehemaligen Standort vereinigen sich die B\u00e4che Namborn, Ziehborn und Dellborn und flie\u00dfen als Ohligsbach durch das M\u00fchlental<br \/>\n<\/i><\/ol>\n<p>&nbsp;<\/p>\n<p><a title=\"\u00dcbersicht\" rel=\"Lightbox\" href=\"https:\/\/nmbiking.de\/wp\/wp-content\/uploads\/2009\/07\/juli09_5b.jpg\"><img decoding=\"async\" class=\"img\" src=\"https:\/\/nmbiking.de\/wp\/wp-content\/uploads\/2009\/07\/juli09_5.jpg\" alt=\"\" width=\"200\" \/> <\/a> <a title=\"Stege im Wilden Wald\" rel=\"Lightbox\" href=\"https:\/\/nmbiking.de\/wp\/wp-content\/uploads\/2009\/07\/juli09_6b.jpg\"><img decoding=\"async\" class=\"img\" src=\"https:\/\/nmbiking.de\/wp\/wp-content\/uploads\/2009\/07\/juli09_6.jpg\" alt=\"\" width=\"170\" \/> <\/a> <a title=\"Alte Grenzsteine\" rel=\"Lightbox\" href=\"https:\/\/nmbiking.de\/wp\/wp-content\/uploads\/2009\/07\/juli09_7b.jpg\"><img decoding=\"async\" class=\"img\" src=\"https:\/\/nmbiking.de\/wp\/wp-content\/uploads\/2009\/07\/juli09_7.jpg\" alt=\"\" width=\"180\" \/> <\/a><\/p>\n<p><a title=\"Grenzsteine\" rel=\"Lightbox\" href=\"https:\/\/nmbiking.de\/wp\/wp-content\/uploads\/2009\/07\/juli09_8b.jpg\"><img decoding=\"async\" class=\"img\" src=\"https:\/\/nmbiking.de\/wp\/wp-content\/uploads\/2009\/07\/juli09_8.jpg\" alt=\"\" width=\"200\" \/> <\/a> <a title=\"Abfahrt ins M\u00fchlental\" rel=\"Lightbox\" href=\"https:\/\/nmbiking.de\/wp\/wp-content\/uploads\/2009\/07\/juli09_9b.jpg\"><img decoding=\"async\" class=\"img\" src=\"https:\/\/nmbiking.de\/wp\/wp-content\/uploads\/2009\/07\/juli09_9.jpg\" alt=\"\" width=\"170\" \/> <\/a> <a title=\"Im M\u00dchlental\" rel=\"Lightbox\" href=\"https:\/\/nmbiking.de\/wp\/wp-content\/uploads\/2009\/07\/juli09_10b.jpg\"><img decoding=\"async\" class=\"img\" src=\"https:\/\/nmbiking.de\/wp\/wp-content\/uploads\/2009\/07\/juli09_10.jpg\" alt=\"\" width=\"180\" \/> <\/a><\/p>\n<p><a title=\"Der Runde Turm\" rel=\"Lightbox\" href=\"https:\/\/nmbiking.de\/wp\/wp-content\/uploads\/2009\/07\/juli09_11b.jpg\"><img decoding=\"async\" class=\"img\" src=\"https:\/\/nmbiking.de\/wp\/wp-content\/uploads\/2009\/07\/juli09_11.jpg\" alt=\"\" width=\"200\" \/> <\/a> <a title=\"Der Bl\u00e4ser\" rel=\"Lightbox\" href=\"https:\/\/nmbiking.de\/wp\/wp-content\/uploads\/2009\/07\/juli09_12b.jpg\"><img decoding=\"async\" class=\"img\" src=\"https:\/\/nmbiking.de\/wp\/wp-content\/uploads\/2009\/07\/juli09_12.jpg\" alt=\"\" width=\"170\" \/> <\/a> <a title=\"Ohne Worte\" rel=\"Lightbox\" href=\"https:\/\/nmbiking.de\/wp\/wp-content\/uploads\/2009\/07\/juli09_13b.jpg\"><img decoding=\"async\" class=\"img\" src=\"https:\/\/nmbiking.de\/wp\/wp-content\/uploads\/2009\/07\/juli09_13.jpg\" alt=\"\" width=\"180\" \/> <\/a><\/p>\n<p><a title=\"Durch die Obstplantage\" rel=\"Lightbox\" href=\"https:\/\/nmbiking.de\/wp\/wp-content\/uploads\/2009\/07\/juli09_35b.jpg\"><img decoding=\"async\" class=\"img\" src=\"https:\/\/nmbiking.de\/wp\/wp-content\/uploads\/2009\/07\/juli09_35.jpg\" alt=\"\" width=\"200\" \/> <\/a> <a title=\"Gef\u00e4hrliche Bach\u00fcberquerung an der Geierm\u00fchle\" rel=\"Lightbox\" href=\"https:\/\/nmbiking.de\/wp\/wp-content\/uploads\/2009\/07\/juli09_36b.jpg\"><img decoding=\"async\" class=\"img\" src=\"https:\/\/nmbiking.de\/wp\/wp-content\/uploads\/2009\/07\/juli09_36.jpg\" alt=\"\" width=\"170\" \/> <\/a> <a title=\"Am Fischerberghaus\" rel=\"Lightbox\" href=\"https:\/\/nmbiking.de\/wp\/wp-content\/uploads\/2009\/07\/juli09_37b.jpg\"><img decoding=\"async\" class=\"img\" src=\"https:\/\/nmbiking.de\/wp\/wp-content\/uploads\/2009\/07\/juli09_37.jpg\" alt=\"\" width=\"180\" \/> <\/a><\/p>\n<p><a title=\"Wir haben es trotzdem getan\" rel=\"Lightbox\" href=\"https:\/\/nmbiking.de\/wp\/wp-content\/uploads\/2009\/07\/juli09_38b.jpg\"><img decoding=\"async\" class=\"img\" src=\"https:\/\/nmbiking.de\/wp\/wp-content\/uploads\/2009\/07\/juli09_38.jpg\" alt=\"\" width=\"180\" \/> <\/a> <a title=\"Grenzsteine\" rel=\"Lightbox\" href=\"https:\/\/nmbiking.de\/wp\/wp-content\/uploads\/2009\/07\/juli09_39b.jpg\"><img decoding=\"async\" class=\"img\" src=\"https:\/\/nmbiking.de\/wp\/wp-content\/uploads\/2009\/07\/juli09_39.jpg\" alt=\"\" width=\"170\" \/> <\/a> <a title=\"Trail bei Hargarten\" rel=\"Lightbox\" href=\"https:\/\/nmbiking.de\/wp\/wp-content\/uploads\/2009\/07\/juli09_40b.jpg\"><img decoding=\"async\" class=\"img\" src=\"https:\/\/nmbiking.de\/wp\/wp-content\/uploads\/2009\/07\/juli09_40.jpg\" alt=\"\" width=\"200\" \/> <\/a><\/p>\n","protected":false},"excerpt":{"rendered":"<p>Start: Schmelz, Michelbach L\u00e4nge: gute 50 km Strecke: L\u00fcckner, Oppener Kuppe, Wahlener Platte, Kapelle am Dungweg, Rimlinger H\u00f6he, Kalkofen Hargarten, Panorama-H\u00f6henweg, Merchinger Berg, Parkplatz Munitionsdepot (Start und Ziel Bietzerberger) R\u00fcckweg \u00fcber Hargarten, Oppen &nbsp; &#8230; noch ein kleines Juwel in unserer Tourenschatzkiste &#8222;Sch\u00f6nes Saarland&#8220;, der Bietzerberger. Die Anfahrt ist in der Tour zum Fischerberghaus beschrieben. &hellip; <\/p>\n<p class=\"link-more\"><a href=\"https:\/\/nmbiking.de\/wp\/?page_id=4509\" class=\"more-link\"><span class=\"screen-reader-text\">\u201eBietzer Berg\u201c <\/span>weiterlesen<\/a><\/p>\n","protected":false},"author":65,"featured_media":0,"parent":1435,"menu_order":0,"comment_status":"open","ping_status":"closed","template":"","meta":{"footnotes":""},"class_list":["post-4509","page","type-page","status-publish","hentry"],"_links":{"self":[{"href":"https:\/\/nmbiking.de\/wp\/index.php?rest_route=\/wp\/v2\/pages\/4509","targetHints":{"allow":["GET"]}}],"collection":[{"href":"https:\/\/nmbiking.de\/wp\/index.php?rest_route=\/wp\/v2\/pages"}],"about":[{"href":"https:\/\/nmbiking.de\/wp\/index.php?rest_route=\/wp\/v2\/types\/page"}],"author":[{"embeddable":true,"href":"https:\/\/nmbiking.de\/wp\/index.php?rest_route=\/wp\/v2\/users\/65"}],"replies":[{"embeddable":true,"href":"https:\/\/nmbiking.de\/wp\/index.php?rest_route=%2Fwp%2Fv2%2Fcomments&post=4509"}],"version-history":[{"count":0,"href":"https:\/\/nmbiking.de\/wp\/index.php?rest_route=\/wp\/v2\/pages\/4509\/revisions"}],"up":[{"embeddable":true,"href":"https:\/\/nmbiking.de\/wp\/index.php?rest_route=\/wp\/v2\/pages\/1435"}],"wp:attachment":[{"href":"https:\/\/nmbiking.de\/wp\/index.php?rest_route=%2Fwp%2Fv2%2Fmedia&parent=4509"}],"curies":[{"name":"wp","href":"https:\/\/api.w.org\/{rel}","templated":true}]}}